{"id":1192,"date":"2024-09-13T03:01:53","date_gmt":"2024-09-13T03:01:53","guid":{"rendered":"https:\/\/keweicorten.com\/?post_type=product&#038;p=1192"},"modified":"2025-01-15T06:27:15","modified_gmt":"2025-01-15T06:27:15","slug":"bbq-grill","status":"publish","type":"product","link":"https:\/\/keweicorten.com\/et\/bbq-grill\/","title":{"rendered":"Corten terasest tulekolle"},"content":{"rendered":"<h2>Corten terasest l\u00f5kkekolde eelised:<\/h2>\n<ul>\n<li>Korrosioonikindlus : parem vastupidavus v\u00e4litingimustes kasutamisel.<\/li>\n<li>\u00a0Ilus : Corten teras on ainulaadse roostetava v\u00e4limusega, mis aja jooksul moodustab imelise kontrasti \u00fcmbritseva keskkonnaga, luues loomuliku, kunstilise atmosf\u00e4\u00e4ri, mis sobib erinevatele v\u00e4lismaastikele.<\/li>\n<li>Madalad hoolduskulud : T\u00e4nu oma ilmastikukindlusele ei n\u00f5ua Corten terasest tulekolle sagedast hooldust ja v\u00e4rvimist, v\u00f5rreldes traditsioonilise terasega, pikaajaline kasutamine v\u00f5ib kulusid s\u00e4\u00e4sta.<\/li>\n<li>Keskkonnakaitse : Corten-terase tootmine ja ringlussev\u00f5tt on suhteliselt keskkonnas\u00f5bralik ning kasutamise k\u00e4igus ei eraldu kahjulikke aineid, mis on koosk\u00f5las kaasaegsete inimeste p\u00fc\u00fcdlustega keskkonnahoidliku keskkonnakaitse j\u00e4rele.<\/li>\n<li>Soojapidavus : Corten teras on hea soojusjuhtivusega, suudab t\u00f5husalt hoida soojust, pakkuda pikemat soojust ja mugavust ning sobib v\u00e4ga h\u00e4sti kasutamiseks s\u00fcgisel ja talvel.<\/li>\n<li>Mitmek\u00fclgne disain: Corten terasest saab valmistada mitmesuguseid kujundeid ja suurusi, mis sobivad eri stiilis \u00f5ue v\u00f5i terrassi kujundamiseks, paindlikkus.<\/li>\n<li>Ohutus : Cortenterasest tulekoldekolde projekteerimisel v\u00f5etakse tavaliselt arvesse ohutustegureid, nagu stabiilsus ja kaitsemeetmed, ning selle kasutamine on suhteliselt ohutu.<\/li>\n<\/ul>\n<table class=\"has-title all magic-7\" style=\"height: 242px;\" width=\"717\">\n<tbody>\n<tr>\n<td colspan=\"1\" rowspan=\"1\">\n<div class=\"magic-12\" data-spm-anchor-id=\"a2700.details.0.i40.236d4d79eIl29B\"><span class=\"magic-13\" style=\"color: #000000;\">Toote nimi<\/span><\/div>\n<\/td>\n<td colspan=\"1\" rowspan=\"1\">\n<div class=\"magic-14\"><span class=\"magic-13\" style=\"color: #000000;\">Kortenterterasest kaasaskantav tulekahjude grillimisseadmed grill<\/span><\/div>\n<\/td>\n<\/tr>\n<tr>\n<td colspan=\"1\" rowspan=\"1\">\n<div class=\"magic-12\"><span class=\"magic-13\" style=\"color: #000000;\">Br\u00e4ndi nimi<\/span><\/div>\n<\/td>\n<td colspan=\"1\" rowspan=\"1\"><span class=\"magic-13\" style=\"color: #000000;\">SHKW<\/span><\/td>\n<\/tr>\n<tr>\n<td colspan=\"1\" rowspan=\"1\">\n<div class=\"magic-12\"><span class=\"magic-13\" style=\"color: #000000;\">Mudeli number<\/span><\/div>\n<\/td>\n<td colspan=\"1\" rowspan=\"1\">\n<div class=\"magic-14\"><span class=\"magic-13\" style=\"color: #000000;\">SHKW-BBQ<\/span><span class=\"magic-15\" data-spm-anchor-id=\"a2700.pc-decorate.0.i3.5c623333VNk22J\">07<\/span><\/div>\n<\/td>\n<\/tr>\n<tr>\n<td colspan=\"1\" rowspan=\"1\">\n<div class=\"magic-12\"><span class=\"magic-13\" style=\"color: #000000;\">Materjal<\/span><\/div>\n<\/td>\n<td colspan=\"1\" rowspan=\"1\">\n<div class=\"magic-14\"><span class=\"magic-13\" style=\"color: #000000;\">Corten teras \/ ilmastikutingimustes kasutatav teras<\/span><\/div>\n<\/td>\n<\/tr>\n<tr>\n<td colspan=\"1\" rowspan=\"1\">\n<div class=\"magic-12\"><span class=\"magic-13\" style=\"color: #000000;\">Suurus<\/span><\/div>\n<\/td>\n<td colspan=\"1\" rowspan=\"1\">\n<div class=\"magic-14\"><span class=\"magic-13\" style=\"color: #000000;\">Diameeter: 600\/800\/900\/1000mm, paksus: 2mm.<\/span><\/div>\n<\/td>\n<\/tr>\n<tr>\n<td colspan=\"1\" rowspan=\"1\">\n<div class=\"magic-12\"><span class=\"magic-13\" style=\"color: #000000;\">Pakett<\/span><\/div>\n<\/td>\n<td colspan=\"1\" rowspan=\"1\">\n<div class=\"magic-14\"><span class=\"magic-13\" style=\"color: #000000;\">Seestpoolt: V\u00e4ljaspool: Karbikarp<\/span><\/div>\n<\/td>\n<\/tr>\n<tr>\n<td colspan=\"1\" rowspan=\"1\">\n<div class=\"magic-12\"><span class=\"magic-13\" style=\"color: #000000;\">Pinnat\u00f6\u00f6tlus<\/span><\/div>\n<\/td>\n<td colspan=\"1\" rowspan=\"1\">\n<div class=\"magic-14\"><span class=\"magic-13\" style=\"color: #000000;\">Eelnevalt roostetatud, saab kohandada<\/span><\/div>\n<\/td>\n<\/tr>\n<tr>\n<td colspan=\"1\" rowspan=\"1\">\n<div class=\"magic-12\"><span class=\"magic-13\" style=\"color: #000000;\">MOQ<\/span><\/div>\n<\/td>\n<td colspan=\"1\" rowspan=\"1\">\n<div class=\"magic-14\"><span class=\"magic-13\" style=\"color: #000000;\">10 tk<\/span><\/div>\n<\/td>\n<\/tr>\n<\/tbody>\n<\/table>\n<figure style=\"width: 550px\" class=\"wp-caption alignnone\"><a href=\"https:\/\/keweicorten.com\/et\/votke-meiega-uhendust\/\"><img fetchpriority=\"high\" decoding=\"async\" title=\"tagahoovis tulekolle\" src=\"https:\/\/sc04.alicdn.com\/kf\/H642e390ca630457fb4af493b00d4798fV\/235950374\/H642e390ca630457fb4af493b00d4798fV.jpg\" alt=\"\" width=\"550\" height=\"550\" \/><\/a><figcaption class=\"wp-caption-text\">tagahoovis tulekolle<\/figcaption><\/figure>\n<h2>Ilmastikukindlate terasrestide kasutamine\uff1a<\/h2>\n<h3>Rakenda\uff1a<\/h3>\n<p>V\u00e4ligrill : Ilmastikukindlad terasgrillid sobivad v\u00e4ga h\u00e4sti kasutamiseks v\u00e4litingimustes, n\u00e4iteks tagahoovides, r\u00f5dudel, terrassidel, ning v\u00f5ivad pakkuda mugavat grillimisv\u00f5imalust perekondlikele koosviibimistele ja s\u00f5pradele.<\/p>\n<p>Maastikukujundus : ilmastikutingimustes kasutatava terase ainulaadne roostetunud v\u00e4limus teeb selle populaarseks valikuks kaasaegses aiandus- ja maastikukujunduses, mida saab t\u00e4iuslikult integreerida \u00fcmbritsevasse keskkonda, et suurendada \u00f5ue ilu.<\/p>\n<p>V\u00e4ljas olevad s\u00f6\u00f6gikohad: Restoranid, kohvikud ja muud s\u00f6\u00f6gikohad v\u00e4litingimustes saavad kasutada ilmastikutingimustes kasutatavaid terasgrille, et meelitada kliente nautima toiduvalmistamise ja s\u00f6\u00f6gitegemise l\u00f5bu \u00f5ues.<\/p>\n<p>Telkimine \uff1a Ilmastikukindla terase vastupidavus ja korrosioonikindlus muudavad selle ideaalseks valikuks looduses telkimiseks, mis peab vastu halbadele ilmastikutingimustele.<\/p>\n<p>\u00dcritused ja festivalid : Sobib turgudele, muusikafestivalidele, vaba\u00f5hupidudele ja muudele \u00fcritustele, pakkudes kohapeal grillimist, et lisada tegevusele atmosf\u00e4\u00e4ri.<\/p>\n<figure style=\"width: 695px\" class=\"wp-caption alignnone\"><a href=\"https:\/\/keweicorten.com\/et\/votke-meiega-uhendust\/\"><img decoding=\"async\" title=\"BBQ-grill\" src=\"https:\/\/sc04.alicdn.com\/kf\/H813aeec6354044c9964495c20d84b311D\/235950374\/H813aeec6354044c9964495c20d84b311D.png\" alt=\"\" width=\"695\" height=\"295\" \/><\/a><figcaption class=\"wp-caption-text\">BBQ-grill<\/figcaption><\/figure>\n<h3>Eelis\uff1a<\/h3>\n<ul>\n<li>Tugev ilmastikukindlus<\/li>\n<li>Esteetika<\/li>\n<li>K\u00f5rge temperatuurikindlus<\/li>\n<li>Madalad hooldusn\u00f5uded<\/li>\n<li>Suur tugevus<\/li>\n<li>Keskkonnakaitse<\/li>\n<li>Multifunktsionaalne disain<\/li>\n<\/ul>\n<div class=\"J_module\">\n<div id=\"ali-anchor-AliMagic-4f9wm2\" class=\"magic-3\" data-section=\"AliMagic-4f9wm2\" data-section-title=\"More Details\">Rohkem \u00fcksikasju<\/div>\n<\/div>\n<div class=\"J_module\">\n<div class=\"icbu-pc-images magic-0\">\n<div class=\"flex-layout-h\">\n<div class=\"flex-layout-v magic-18\">\n<div class=\"magic-19\"><\/div>\n<\/div>\n<div class=\"text-wrapper magic-21\">\n<div class=\"text-wrapper-right text-theme-light text-align-left\">\n<div class=\"text-content\">\n<div><span class=\"magic-13\"><a href=\"https:\/\/keweicorten.com\/et\"><img decoding=\"async\" class=\"alignnone\" src=\"https:\/\/keweicorten.com\/wp-content\/uploads\/2024\/09\/%E5%BE%AE%E4%BF%A1%E5%9B%BE%E7%89%87_20240219150940-300x232.jpg\" alt=\"\" width=\"413\" height=\"319\" \/><\/a><\/span>- 5 mm paksust Corten terasest - Min Flat Pack Fire Pit \/ P\u00f5leti - Lihtsalt demonteeritav ja ladustatav 5 tk.<\/div>\n<\/div>\n<\/div>\n<\/div>\n<\/div>\n<\/div>\n<\/div>","protected":false},"excerpt":{"rendered":"<p>Ilmastikukindlast terasest grillid ei paku kasutajatele mitte ainult silmapaistvat toiduvalmistamise kogemust, vaid lisavad ka looduslikku ilu keskkonnale, muutes need ideaalseks v\u00e4litingimustes elamiseks.<\/p>","protected":false},"featured_media":1202,"comment_status":"open","ping_status":"closed","template":"","meta":{"_eb_attr":"","_monsterinsights_skip_tracking":false,"_monsterinsights_sitenote_active":false,"_monsterinsights_sitenote_note":"","_monsterinsights_sitenote_category":0,"_uf_show_specific_survey":0,"_uf_disable_surveys":false},"product_brand":[],"product_cat":[63],"product_tag":[],"class_list":{"0":"post-1192","1":"product","2":"type-product","3":"status-publish","4":"has-post-thumbnail","6":"product_cat-steel-bbq-grill","8":"first","9":"instock","10":"shipping-taxable","11":"product-type-simple"},"_links":{"self":[{"href":"https:\/\/keweicorten.com\/et\/wp-json\/wp\/v2\/product\/1192"}],"collection":[{"href":"https:\/\/keweicorten.com\/et\/wp-json\/wp\/v2\/product"}],"about":[{"href":"https:\/\/keweicorten.com\/et\/wp-json\/wp\/v2\/types\/product"}],"replies":[{"embeddable":true,"href":"https:\/\/keweicorten.com\/et\/wp-json\/wp\/v2\/comments?post=1192"}],"version-history":[{"count":3,"href":"https:\/\/keweicorten.com\/et\/wp-json\/wp\/v2\/product\/1192\/revisions"}],"predecessor-version":[{"id":1203,"href":"https:\/\/keweicorten.com\/et\/wp-json\/wp\/v2\/product\/1192\/revisions\/1203"}],"wp:featuredmedia":[{"embeddable":true,"href":"https:\/\/keweicorten.com\/et\/wp-json\/wp\/v2\/media\/1202"}],"wp:attachment":[{"href":"https:\/\/keweicorten.com\/et\/wp-json\/wp\/v2\/media?parent=1192"}],"wp:term":[{"taxonomy":"product_brand","embeddable":true,"href":"https:\/\/keweicorten.com\/et\/wp-json\/wp\/v2\/product_brand?post=1192"},{"taxonomy":"product_cat","embeddable":true,"href":"https:\/\/keweicorten.com\/et\/wp-json\/wp\/v2\/product_cat?post=1192"},{"taxonomy":"product_tag","embeddable":true,"href":"https:\/\/keweicorten.com\/et\/wp-json\/wp\/v2\/product_tag?post=1192"}],"curies":[{"name":"wp","href":"https:\/\/api.w.org\/{rel}","templated":true}]}}