{"id":1230,"date":"2024-09-14T08:41:19","date_gmt":"2024-09-14T08:41:19","guid":{"rendered":"https:\/\/keweicorten.com\/?post_type=product&#038;p=1230"},"modified":"2025-01-15T06:26:56","modified_gmt":"2025-01-15T06:26:56","slug":"tostetud-voodi-istutuskast","status":"publish","type":"product","link":"https:\/\/keweicorten.com\/et\/tostetud-voodi-istutuskast\/","title":{"rendered":"t\u00f5stetud voodi istutuskast"},"content":{"rendered":"<h2>Ilmastikukindlast terasest t\u00f5stetud voodi istutuskasti omadused\uff1a<\/h2>\n<ul>\n<li><strong>Materjal<\/strong>: Valmistatud 2-4 mm paksusest kortenterterasest, mis tagab nii vastupidavuse kui ka pikaealisuse. See paksus tagab konstruktsiooni terviklikkuse, v\u00f5imaldades samal ajal istutuskastil vastu seista erinevatele ilmastikutingimustele.<\/li>\n<li><strong>Loomulik esteetika<\/strong>: Roostevaba v\u00e4rviline viimistlus areneb aja jooksul, sulandudes kaunilt teie aia loodusliku \u00fcmbrusega. See v\u00e4rv areneb terase vananedes, luues ainulaadse, rustikaalse v\u00e4limuse.<\/li>\n<li><strong>Vastupidavus<\/strong>: Need korrosioonikindlad istutuskastid peavad vastu karmidele keskkonnaelementidele, ilma et need rikneksid, mist\u00f5ttu on need teie haljastuse kauakestev lisa.<\/li>\n<li><strong>Kohandamine<\/strong>: Kohandamisv\u00f5imalused v\u00f5ivad h\u00f5lmata erinevaid suurusi, kujundeid ja viimistlusi, mis sobivad individuaalse maitse ja aiakujunduse jaoks. Kooniline kuju pakub elegantset siluetti, mis paistab silma igas keskkonnas.<\/li>\n<li><strong>Lihtne paigaldada<\/strong>: Neid istutusmahuteid saab t\u00fchjalt v\u00f5rreldes teiste materjalidega kergelt liigutada vastavalt vajadusele erinevatesse kohtadesse teie aias.<\/li>\n<li><strong>Drenaa\u017e<\/strong>: \u00d5ige kuivendamine on taimede tervise seisukohalt \u00fclioluline. Veenduge, et istutuskastidel on drenaa\u017eiaugud v\u00f5i konstruktsioonielemendid, mis v\u00f5imaldavad liigse vee v\u00e4ljap\u00e4\u00e4su.<\/li>\n<\/ul>\n<figure style=\"width: 612px\" class=\"wp-caption alignnone\"><a href=\"https:\/\/keweicorten.com\/et\"><img fetchpriority=\"high\" decoding=\"async\" title=\"t\u00f5stetud aiapeenar\" src=\"https:\/\/sc04.alicdn.com\/kf\/H7b8fa5fba8f640418543df2d00059383B\/232904194\/H7b8fa5fba8f640418543df2d00059383B.jpg\" alt=\"\" width=\"612\" height=\"408\" \/><\/a><figcaption class=\"wp-caption-text\">t\u00f5stetud aiapeenar<\/figcaption><\/figure>\n<p>K\u00f5rghaljastuse kast on kujundatud metallist, mida oskuslikud k\u00e4sit\u00f6\u00f6lised kujundavad, kasutades metalli t\u00e4pset voldimist, et luua neljast paneelist ristk\u00fclikukujuliseks kokkupandav istutusalune. Istutusaluse paneelid lukustuvad omavahel, moodustades uskumatult tugeva taimekonteineri, mis pakub maksimaalset istutuspinda. k\u00f5ige enam on istutusalune lihtne, kaasaegne ja minimalistlik.<\/p>\n<table class=\"is-zebra all magic-10\">\n<tbody>\n<tr>\n<td colspan=\"1\" rowspan=\"1\">\n<div class=\"magic-11\" data-spm-anchor-id=\"a2700.details.0.i39.6b435473fC2YOp\"><b>Toote nimi<\/b><\/div>\n<\/td>\n<td colspan=\"1\" rowspan=\"1\">\n<div class=\"magic-12\">Rusty Metal Raised Garden Bed Corten Steel K\u00f6\u00f6givilja Planter Kastid<\/div>\n<\/td>\n<\/tr>\n<tr>\n<td colspan=\"1\" rowspan=\"1\">\n<div class=\"magic-11\" data-spm-anchor-id=\"a2700.details.0.i41.6b435473fC2YOp\"><b>V\u00e4rv<\/b><\/div>\n<\/td>\n<td colspan=\"1\" rowspan=\"1\">\n<div class=\"magic-12\">Hall v\u00f5i roostepunane<\/div>\n<\/td>\n<\/tr>\n<tr>\n<td colspan=\"1\" rowspan=\"1\">\n<div class=\"magic-11\"><b>Materjal<\/b><\/div>\n<\/td>\n<td colspan=\"1\" rowspan=\"1\">\n<div class=\"magic-12\">Kerge teras, Corten teras<\/div>\n<\/td>\n<\/tr>\n<tr>\n<td colspan=\"1\" rowspan=\"1\">\n<div class=\"magic-11\"><b>Suurus<\/b><\/div>\n<\/td>\n<td colspan=\"1\" rowspan=\"1\">\n<div class=\"magic-12\">\u00a0 L500 x L500x K200 mm\/L800 x L800x K400mm<\/p>\n<div data-spm-anchor-id=\"a2700.pc-decorate.0.i4.26b13333MCzf1x\">\u00a0 L900 x W600 x K300 mm\/ L1200 x W900 x K300 mm \/ L1200 x W900 x K300 mm<br \/>\n( Ole kohandatud)<\/div>\n<\/div>\n<\/td>\n<\/tr>\n<tr>\n<td colspan=\"1\" rowspan=\"1\">\n<div class=\"magic-11\"><b>Paksus<\/b><\/div>\n<\/td>\n<td colspan=\"1\" rowspan=\"1\">\n<div class=\"magic-12\">2-3mm<\/div>\n<\/td>\n<\/tr>\n<tr>\n<td colspan=\"1\" rowspan=\"1\">\n<div class=\"magic-11\"><b>Pinnat\u00f6\u00f6tlus<\/b><\/div>\n<\/td>\n<td colspan=\"1\" rowspan=\"1\">\n<div class=\"magic-12\" data-spm-anchor-id=\"a2700.details.0.i40.6b435473fC2YOp\">Eelnevalt roostetatud, mustaks v\u00e4rvitud, saab kohandada<\/div>\n<\/td>\n<\/tr>\n<tr>\n<td colspan=\"1\" rowspan=\"1\">\n<div class=\"magic-11\"><b>MOQ<\/b><\/div>\n<\/td>\n<td colspan=\"1\" rowspan=\"1\">\n<div class=\"magic-12\">4 tk<\/div>\n<\/td>\n<\/tr>\n<tr>\n<td colspan=\"1\" rowspan=\"1\">\n<div class=\"magic-11\"><b>OEM &amp; ODM<\/b><\/div>\n<\/td>\n<td colspan=\"1\" rowspan=\"1\">\n<div class=\"magic-12\">Saadaval on kohandatud teenus.<\/div>\n<\/td>\n<\/tr>\n<\/tbody>\n<\/table>\n<p class=\"magic-5\"><span style=\"font-size: large;\" data-spm-anchor-id=\"a2700.details.0.i40.722e768ceArIts\">100% rahulolu garantii<\/span><\/p>\n<p class=\"magic-5\" data-spm-anchor-id=\"a2700.details.0.i41.722e768ceArIts\"><span style=\"font-size: large;\"><br \/>\nMaterjal - Corten teras<\/span><\/p>\n<p class=\"magic-5\"><span style=\"font-size: large;\"><br \/>\nEriti s\u00fcgav suuremate taimede jaoks<\/span><\/p>\n<div class=\"text-content\">K\u00f5rgendatud istutusalused on suurep\u00e4rane v\u00f5imalus v\u00e4ltida mulla tihendamist, tagada suurep\u00e4rane kuivendamine ja aidata v\u00e4ltida umbrohtude kinnistumist kasvupinnasesse.Samuti v\u00f5imaldavad need kasvatajad oma aedades kasutada erinevaid mullat\u00fc\u00fcpe, mis t\u00e4hendab, et saab kasvatada terve hulga uusi ja p\u00f5nevaid puu- ja k\u00f6\u00f6givilju.<\/div>\n<figure style=\"width: 613px\" class=\"wp-caption alignnone\"><a href=\"https:\/\/keweicorten.com\/et\"><img decoding=\"async\" title=\"t\u00f5stetud voodi aia voodi\" src=\"https:\/\/sc04.alicdn.com\/kf\/He51239b636024d93b16c341680a98532y\/223026859\/He51239b636024d93b16c341680a98532y.jpg\" alt=\"\" width=\"613\" height=\"439\" \/><\/a><figcaption class=\"wp-caption-text\">t\u00f5stetud voodi aia voodi<\/figcaption><\/figure>","protected":false},"excerpt":{"rendered":"<p>Corten terasplaat (punane kardinaseina terasplaat, maastiku terasplaat, nikerdatud terasplaat) on tavalise terase ja roostevabast terasest odava legeeritud terase seeria vahel; v\u00e4ljas corten terasest kaunistus v\u00f5tab vastu uue tehnoloogia s\u00e4\u00e4stva arengu ja innovatsiooni ning on muutumas maailma tippterasetehnoloogiaks.<\/p>\n<table border=\"1\">\n<tbody>\n<tr>\n<td data-spm-anchor-id=\"a2700.details.0.i40.2eb5646aQ18go6\"><span data-spm-anchor-id=\"a2700.details.0.i39.2eb5646aQ18go6\">Nimi<br \/>\n<\/span><\/td>\n<td>Dekoratiivsed metallist istutusanumad \/ k\u00f5rged ruudukujulised istutusanumad \/ suured v\u00e4litingimustes kasutatavad istutusanumad<\/td>\n<\/tr>\n<tr>\n<td>Pind<\/td>\n<td>Eelroostetatud<\/td>\n<\/tr>\n<tr>\n<td>Tehnoloogia<\/td>\n<td>\u00a0Laserl\u00f5ikus, painutamine, profileerimine, keevitamine.<\/td>\n<\/tr>\n<tr>\n<td>\u00a0Tooted<\/td>\n<td>kortenist lillepotid, kortenist aiakraanid, kortenist tara, kortenist istutuspuud, kortenist trellis, kortenist seinakunst, Cor-Ten terasest tugim\u00fc\u00fcrid.<\/td>\n<\/tr>\n<\/tbody>\n<\/table>","protected":false},"featured_media":1231,"comment_status":"open","ping_status":"closed","template":"","meta":{"_eb_attr":"","_monsterinsights_skip_tracking":false,"_monsterinsights_sitenote_active":false,"_monsterinsights_sitenote_note":"","_monsterinsights_sitenote_category":0,"_uf_show_specific_survey":0,"_uf_disable_surveys":false},"product_brand":[],"product_cat":[59],"product_tag":[],"class_list":{"0":"post-1230","1":"product","2":"type-product","3":"status-publish","4":"has-post-thumbnail","6":"product_cat-flower-pot","8":"first","9":"instock","10":"shipping-taxable","11":"product-type-simple"},"_links":{"self":[{"href":"https:\/\/keweicorten.com\/et\/wp-json\/wp\/v2\/product\/1230"}],"collection":[{"href":"https:\/\/keweicorten.com\/et\/wp-json\/wp\/v2\/product"}],"about":[{"href":"https:\/\/keweicorten.com\/et\/wp-json\/wp\/v2\/types\/product"}],"replies":[{"embeddable":true,"href":"https:\/\/keweicorten.com\/et\/wp-json\/wp\/v2\/comments?post=1230"}],"version-history":[{"count":1,"href":"https:\/\/keweicorten.com\/et\/wp-json\/wp\/v2\/product\/1230\/revisions"}],"predecessor-version":[{"id":1232,"href":"https:\/\/keweicorten.com\/et\/wp-json\/wp\/v2\/product\/1230\/revisions\/1232"}],"wp:featuredmedia":[{"embeddable":true,"href":"https:\/\/keweicorten.com\/et\/wp-json\/wp\/v2\/media\/1231"}],"wp:attachment":[{"href":"https:\/\/keweicorten.com\/et\/wp-json\/wp\/v2\/media?parent=1230"}],"wp:term":[{"taxonomy":"product_brand","embeddable":true,"href":"https:\/\/keweicorten.com\/et\/wp-json\/wp\/v2\/product_brand?post=1230"},{"taxonomy":"product_cat","embeddable":true,"href":"https:\/\/keweicorten.com\/et\/wp-json\/wp\/v2\/product_cat?post=1230"},{"taxonomy":"product_tag","embeddable":true,"href":"https:\/\/keweicorten.com\/et\/wp-json\/wp\/v2\/product_tag?post=1230"}],"curies":[{"name":"wp","href":"https:\/\/api.w.org\/{rel}","templated":true}]}}