{"id":1241,"date":"2024-09-18T07:36:57","date_gmt":"2024-09-18T07:36:57","guid":{"rendered":"https:\/\/keweicorten.com\/?post_type=product&#038;p=1241"},"modified":"2024-09-18T07:36:57","modified_gmt":"2024-09-18T07:36:57","slug":"corten-terasest-leht-q345nh","status":"publish","type":"product","link":"https:\/\/keweicorten.com\/et\/corten-terasest-leht-q345nh\/","title":{"rendered":"corten terasleht Q345NH"},"content":{"rendered":"<p>Corten teras, mida tuntakse ka ilmastikutingimustele vastava terase nime all, on teatud t\u00fc\u00fcpi terasesulam, mis on m\u00f5eldud korrosiooni- ja kulumiskindlaks. Q345NH on konkreetne ilmastikutingimustes tavaliselt kasutatav ilmastikutingimustes kasutatav terase klass. Siin on m\u00f5ned p\u00f5hipunktid seoses Q345NH-ga:<\/p>\n<h2>Q345NH omadused:<\/h2>\n<p>1. Koostis: corten terasleht Q345NH sisaldab tavaliselt t\u00e4iendavaid elemente, nagu kroom, nikkel ja vask, mis suurendavad selle vastupidavust atmosf\u00e4\u00e4rilisele korrosioonile.<br \/>\n2. Korrosioonikindlus: Teras moodustab ilmastikuga kokku puutudes kaitsva patiinakihi, mis takistab edasist korrosiooni.<br \/>\n3. Mehaanilised omadused:<br \/>\n- Mahtuvus: Ligikaudu 345 MPa<br \/>\n- T\u00f5mbetugevus: Tavaliselt vahemikus 470-630 MPa<br \/>\n4. Rakendused: Kasutatakse sageli v\u00e4liskonstruktsioonides, sildades, skulptuurides ja arhitektuurilistes konstruktsioonides, kus ilmastikukindlus on oluline.<\/p>\n<h2>Corten terasest leht Q345NH Eelised:<\/h2>\n<p>Vastupidavus: Pikk eluiga t\u00e4nu korrosioonikindlusele.<br \/>\nV\u00e4hese hooldusega: Kaitsev patina v\u00e4hendab vajadust regulaarse hoolduse j\u00e4rele.<br \/>\nEsteetiline atraktiivsus: pakub ainulaadset rustikaalset v\u00e4limust, mis on soovitav paljudes arhitektuurilistes rakendustes.<\/p>\n<p>Arvestused:<br \/>\nPatina t\u00f5hususe tagamiseks on vajalik n\u00f5uetekohane kujundus.<br \/>\n- V\u00f5ib n\u00f5uda spetsiaalset k\u00e4itlemist ja keevitustehnikat selle sulami koostise t\u00f5ttu.<\/p>\n<figure style=\"width: 606px\" class=\"wp-caption alignnone\"><a href=\"https:\/\/keweicorten.com\/et\/votke-meiega-uhendust\/\"><img fetchpriority=\"high\" decoding=\"async\" title=\"corten-metall\" src=\"https:\/\/sc04.alicdn.com\/kf\/H1bfd17afb11542dd95c1e18de852bb2cJ\/234518937\/H1bfd17afb11542dd95c1e18de852bb2cJ.jpg\" alt=\"\" width=\"606\" height=\"545\" \/><\/a><figcaption class=\"wp-caption-text\">corten-metall<\/figcaption><\/figure>\n<table class=\"has-title all magic-9\" style=\"height: 175px;\" width=\"890\">\n<tbody>\n<tr>\n<td colspan=\"1\" rowspan=\"1\">\n<div class=\"magic-10\" data-spm-anchor-id=\"a2700.details.0.i34.6d627765emMXnq\">Toote nimi<\/div>\n<\/td>\n<td colspan=\"4\" rowspan=\"1\">\n<div class=\"magic-11\">Ilmastikukindel terasplaat<\/div>\n<\/td>\n<\/tr>\n<tr>\n<td colspan=\"1\" rowspan=\"1\">\n<div class=\"magic-10\">Standard<\/div>\n<\/td>\n<td colspan=\"4\" rowspan=\"1\">\n<div class=\"magic-11\">DIN GB JIS BA AISI ASTM<\/div>\n<\/td>\n<\/tr>\n<tr>\n<td colspan=\"1\" rowspan=\"1\">\n<div class=\"magic-10\">Pikkus<\/div>\n<\/td>\n<td colspan=\"4\" rowspan=\"1\">\n<div class=\"magic-11\">Saab kohandada<\/div>\n<\/td>\n<\/tr>\n<tr>\n<td colspan=\"1\" rowspan=\"1\">\n<div class=\"magic-10\">Laius<\/div>\n<\/td>\n<td colspan=\"4\" rowspan=\"1\">\n<div class=\"magic-11\">Saab kohandada<\/div>\n<\/td>\n<\/tr>\n<tr>\n<td colspan=\"1\" rowspan=\"1\">\n<div class=\"magic-10\">Paksus<\/div>\n<\/td>\n<td colspan=\"4\" rowspan=\"1\">\n<div class=\"magic-11\">2-100mm v\u00f5i saab kohandada<\/div>\n<\/td>\n<\/tr>\n<tr>\n<td colspan=\"1\" rowspan=\"1\">\n<div class=\"magic-10\">Materjal<\/div>\n<\/td>\n<td colspan=\"4\" rowspan=\"1\">\n<div class=\"magic-11\">Q345NH<\/div>\n<\/td>\n<\/tr>\n<tr>\n<td colspan=\"1\" rowspan=\"1\">Provice<\/td>\n<td colspan=\"4\" rowspan=\"1\">Henan, Anyang<\/td>\n<\/tr>\n<tr>\n<td colspan=\"1\" rowspan=\"1\">\n<div class=\"magic-10\">Taotlus<\/div>\n<\/td>\n<td colspan=\"4\" rowspan=\"1\">\n<div class=\"magic-11\" data-spm-anchor-id=\"a2700.details.0.i41.6d627765emMXnq\">Ilmastikukindlat terast kasutatakse peamiselt raudtee-, s\u00f5iduki-, sild-, torni-, fotogalvaanika-, kiiretehnika- ja muudes pikaajalistes t\u00f6\u00f6des.<br \/>\nkokkupuude teraskonstruktsioonide kasutamise atmosf\u00e4\u00e4riga. Seda saab kasutada ka konteinerite, raudtee- ja<br \/>\ns\u00f5idukid, naftaplatvormid, sadamahooned, naftaplatvormid ja v\u00e4\u00e4vlit sisaldavate s\u00f6\u00f6vitavate ainete mahutid keemia- ja<br \/>\nnaftaseadmed. Lisaks sellele kasutatakse ilmastikutingimustes kasutatava terase ainulaadse v\u00e4limuse t\u00f5ttu seda sageli ka avaliku kunsti, v\u00e4litingimustes kasutatavate<br \/>\nskulptuur ja hoone v\u00e4lisseinte kaunistamine.<\/div>\n<\/td>\n<\/tr>\n<tr>\n<td colspan=\"1\" rowspan=\"1\">\n<div class=\"magic-10\">Ekspordipakend<\/div>\n<\/td>\n<td colspan=\"4\" rowspan=\"1\">\n<div class=\"magic-11\">Veekindel paber ja terasriba pakitud.<br \/>\nStandard ekspordi merekindel Package.Suit igat liiki transpordi v\u00f5i vastavalt vajadusele<\/div>\n<\/td>\n<\/tr>\n<tr>\n<td colspan=\"1\" rowspan=\"1\">\n<div class=\"magic-10\">Pind<\/div>\n<\/td>\n<td colspan=\"4\" rowspan=\"1\">\n<div class=\"magic-14\">Must, katmine, v\u00e4rviline katmine, roostevaba lakk, roostevaba \u00f5li, v\u00f5re jne.<\/div>\n<\/td>\n<\/tr>\n<\/tbody>\n<\/table>\n<figure style=\"width: 808px\" class=\"wp-caption alignnone\"><a href=\"https:\/\/keweicorten.com\/et\"><img decoding=\"async\" title=\"cor ten ilmastikutingimustes kasutatav teras\" src=\"https:\/\/sc04.alicdn.com\/kf\/Hd90ee00edc574f218534265cd9014001r\/244098142\/Hd90ee00edc574f218534265cd9014001r.jpg\" alt=\"\" width=\"808\" height=\"606\" \/><\/a><figcaption class=\"wp-caption-text\">cor ten ilmastikutingimustes kasutatav teras<\/dd>\n<dd><\/figcaption><\/figure>\n<div class=\"magic-25\">\n<h3 class=\"magic-28\"><span class=\"magic-22\" data-spm-anchor-id=\"a2700.details.0.i44.6d627765emMXnq\">Ilmastikukindel kardinasein<\/span><\/h3>\n<\/div>\n<div class=\"magic-6\">\n<div class=\"magic-7\"><span class=\"magic-8\">Ilmastikukindla terasplaadi pinnale v\u00f5ib moodustuda tihe oksiidikiht, millel on stabiilne ja \u00fchtlane looduslik roostepunane v\u00e4rvus, mis on atraktiivne hoone v\u00e4lisseina materjal.<\/span><\/div>\n<\/div>\n<div><\/div>\n<div>\n<div class=\"J_module\">\n<h2 id=\"ali-anchor-AliMagic-59mjkc\" class=\"magic-0\" data-section=\"AliMagic-59mjkc\" data-section-title=\"Packing and shipping\" data-spm-anchor-id=\"a2700.details.0.i47.6d627765emMXnq\">Pakkimine ja saatmine<\/h2>\n<p>Teie kaupade ohutuse paremaks tagamiseks pakutakse professionaalseid, keskkonnas\u00f5bralikke, mugavaid ja t\u00f5husaid pakendamisteenuseid.<\/p>\n<\/div>\n<\/div>\n<div class=\"magic-6\">\n<div>\n<figure style=\"width: 702px\" class=\"wp-caption alignnone\"><a href=\"https:\/\/keweicorten.com\/et\"><img decoding=\"async\" title=\"cor ten\" src=\"https:\/\/sc04.alicdn.com\/kf\/H7797fd55b837482089a07478ece1cdc1U\/244098142\/H7797fd55b837482089a07478ece1cdc1U.jpg\" alt=\"\" width=\"702\" height=\"437\" \/><\/a><figcaption class=\"wp-caption-text\">cor ten<\/figcaption><\/figure>\n<figure style=\"width: 700px\" class=\"wp-caption alignnone\"><a href=\"https:\/\/keweicorten.com\/et\"><img loading=\"lazy\" decoding=\"async\" title=\"cortenterasest plaatimine\" src=\"https:\/\/sc04.alicdn.com\/kf\/H8a0f8c737f5141c4a353d7772f3f6b566\/244098142\/H8a0f8c737f5141c4a353d7772f3f6b566.jpg\" alt=\"\" width=\"700\" height=\"525\" \/><\/a><figcaption class=\"wp-caption-text\">cortenterasest plaatimine<\/figcaption><\/figure>\n<div class=\"J_module\">\n<h2 id=\"ali-anchor-AliMagic-hdaj54\" class=\"magic-0\" data-section=\"AliMagic-hdaj54\" data-section-title=\"FAQ\">KKK<\/h2>\n<\/div>\n<div class=\"J_module\">\n<div class=\"detail-decorate-json-renderer-container\">\n<div class=\"magic-4\">\n<div class=\"magic-5\">\n<div class=\"magic-6\">\n<div class=\"magic-7\"><b><span class=\"magic-23\">1. KAS MA SAAN M\u00d5NED PROOVID? <\/span><\/b><\/p>\n<div><span class=\"magic-23\">Jah. Me saame pakkuda n\u00e4idiseid, peate eelnevalt maksma n\u00e4idistasu ja saatmiskulud. Me tagastame n\u00e4idistasu p\u00e4rast tellimuse esitamist. Palun andke meile teada oma kullerikonto v\u00f5i saatke meile oma tasud ja me korraldame teile proovi saatmise.<br \/>\n<b class=\"magic-57\">2. KAS SAATE TOOTA VASTAVALT N\u00c4IDISTELE? <\/b><br \/>\nJah, me saame valmistada teie n\u00e4idiseid v\u00f5i tehnilisi jooniseid. Me saame valmistada valuvormid ja kinnitusdetailid.<br \/>\n<b class=\"magic-57\">3. MILLISED ON TEIE MAKSETINGIMUSED? <\/b><br \/>\nMaksmine=1000USD, 30% T\/T ette, saldo enne saatmist. Kui teil on veel \u00fcks k\u00fcsimus, v\u00f5tke meiega julgelt \u00fchendust.<br \/>\n<b class=\"magic-57\">4. MILLISED ON TEIE TARNETINGIMUSED? <\/b><br \/>\nEXW, FOB, CFR, CIF, DDU.<br \/>\n<b class=\"magic-57\">5. KAS ME SAAME TEIE TEHAST K\u00dcLASTADA?<\/b><br \/>\nS\u00fcdamlikult teretulnud. Kui meil on teie ajakava, korraldame, et professionaalne m\u00fc\u00fcgimeeskond teie juhtumiga tegeleb.<br \/>\n<b class=\"magic-57\">6. KUIDAS ON TEIE TARNEAEG? <\/b><br \/>\n\u00dcldiselt 10-25 p\u00e4eva p\u00e4rast ettemaksu saamist. T\u00e4pne tarneaeg s\u00f5ltub tellitud kaubast ja kogusest.<br \/>\n<b class=\"magic-57\">7. M\u00dc\u00dcGIJ\u00c4RGSED EELISED<\/b>.<br \/>\nAasta garantii toodetele; Kui leiate esmakordselt defektseid osi, anname teile j\u00e4rgmises tellimuses uued osad tasuta. Kogenud tootjana v\u00f5ite olla kindel kvaliteedis ja m\u00fc\u00fcgij\u00e4rgses teeninduses.<\/span><\/div>\n<\/div>\n<\/div>\n<\/div>\n<\/div>\n<\/div>\n<\/div>\n<\/div>\n<\/div>","protected":false},"excerpt":{"rendered":"<p>Q345NH kasutatakse laialdaselt ehituses ja kunstis oma ainulaadsete omaduste ja esteetilise v\u00e4limuse t\u00f5ttu. Kui teil on t\u00e4psemaid p\u00e4ringuid v\u00f5i vajate lisateavet, k\u00fcsige julgelt!<\/p>","protected":false},"featured_media":1242,"comment_status":"open","ping_status":"closed","template":"","meta":{"_eb_attr":"","_monsterinsights_skip_tracking":false,"_monsterinsights_sitenote_active":false,"_monsterinsights_sitenote_note":"","_monsterinsights_sitenote_category":0,"_uf_show_specific_survey":0,"_uf_disable_surveys":false},"product_brand":[],"product_cat":[21],"product_tag":[],"class_list":{"0":"post-1241","1":"product","2":"type-product","3":"status-publish","4":"has-post-thumbnail","6":"product_cat-weather-resistant-steel-plate","8":"first","9":"instock","10":"shipping-taxable","11":"product-type-simple"},"_links":{"self":[{"href":"https:\/\/keweicorten.com\/et\/wp-json\/wp\/v2\/product\/1241"}],"collection":[{"href":"https:\/\/keweicorten.com\/et\/wp-json\/wp\/v2\/product"}],"about":[{"href":"https:\/\/keweicorten.com\/et\/wp-json\/wp\/v2\/types\/product"}],"replies":[{"embeddable":true,"href":"https:\/\/keweicorten.com\/et\/wp-json\/wp\/v2\/comments?post=1241"}],"version-history":[{"count":1,"href":"https:\/\/keweicorten.com\/et\/wp-json\/wp\/v2\/product\/1241\/revisions"}],"predecessor-version":[{"id":1243,"href":"https:\/\/keweicorten.com\/et\/wp-json\/wp\/v2\/product\/1241\/revisions\/1243"}],"wp:featuredmedia":[{"embeddable":true,"href":"https:\/\/keweicorten.com\/et\/wp-json\/wp\/v2\/media\/1242"}],"wp:attachment":[{"href":"https:\/\/keweicorten.com\/et\/wp-json\/wp\/v2\/media?parent=1241"}],"wp:term":[{"taxonomy":"product_brand","embeddable":true,"href":"https:\/\/keweicorten.com\/et\/wp-json\/wp\/v2\/product_brand?post=1241"},{"taxonomy":"product_cat","embeddable":true,"href":"https:\/\/keweicorten.com\/et\/wp-json\/wp\/v2\/product_cat?post=1241"},{"taxonomy":"product_tag","embeddable":true,"href":"https:\/\/keweicorten.com\/et\/wp-json\/wp\/v2\/product_tag?post=1241"}],"curies":[{"name":"wp","href":"https:\/\/api.w.org\/{rel}","templated":true}]}}