{"id":1266,"date":"2024-09-19T07:02:47","date_gmt":"2024-09-19T07:02:47","guid":{"rendered":"https:\/\/keweicorten.com\/?post_type=product&#038;p=1266"},"modified":"2025-01-15T06:26:46","modified_gmt":"2025-01-15T06:26:46","slug":"ristkulikukujuline-propaankuttekolde","status":"publish","type":"product","link":"https:\/\/keweicorten.com\/et\/ristkulikukujuline-propaankuttekolde\/","title":{"rendered":"ristk\u00fclikukujuline propaank\u00fcttekolde"},"content":{"rendered":"<p>Ristk\u00fclikukujuline propaank\u00fcttekolde on moodne ja stiilne v\u00e4litingimustes kasutatav k\u00fctteelement, mis on m\u00f5eldud teie v\u00e4lisruumi soojuse ja atmosf\u00e4\u00e4ri loomiseks. Nendel ristk\u00fclikukujulisel propaank\u00fcttekoldel on tavaliselt sile ristk\u00fclikukujuline kuju, mis pakub piisavalt pinda nii soojuse jaotamiseks kui ka kasutamiseks funktsionaalse esemena, n\u00e4iteks lauaplaadina.<\/p>\n<h3>Peamised omadused:<\/h3>\n<ul>\n<li><strong>K\u00fctuse allikas<\/strong>: Kasutatakse propaanimahuteid, mis tagavad puhta ja suitsuvaba tulekahju.<\/li>\n<li><strong>Materjalid<\/strong>: Need on tavaliselt valmistatud vastupidavast materjalist, n\u00e4iteks terasest, betoonist v\u00f5i kivist, mis on kuumakindlalt viimistletud.<\/li>\n<li><strong>Soojusv\u00f5imsus<\/strong>: Vahemikus 40 000 kuni 60 000 BTU, mis tagab piisava soojuse v\u00e4litingimustes toimuvateks koosviibimisteks.<\/li>\n<li><strong>Disain<\/strong>: Paljudel on esteetilisuse huvides kaasas laavakivid v\u00f5i klaasist tulehelmed, m\u00f5nel on ka tuulekaitsed.<\/li>\n<li><strong>Kontroll<\/strong>: Lihtsalt kasutatavad s\u00fc\u00fctes\u00fcsteemid (sageli elektroonilised) ja reguleeritavad leegi juhtimisseadmed.<\/li>\n<li><strong>Turvalisus<\/strong>: Varustatud turvaelementidega, nagu leegi reguleerimise nupud ja termopaarid, mis tagavad gaasi v\u00e4ljal\u00fclitamise, kui leek kustub.<\/li>\n<\/ul>\n<figure style=\"width: 699px\" class=\"wp-caption alignnone\"><a href=\"https:\/\/keweicorten.com\/et\/votke-meiega-uhendust\/\"><img fetchpriority=\"high\" decoding=\"async\" title=\"gaasituliPit\" src=\"https:\/\/sc04.alicdn.com\/kf\/Hcf090efa346e40f1a850432dab472783H\/252624420\/Hcf090efa346e40f1a850432dab472783H.jpg\" alt=\"\" width=\"699\" height=\"466\" \/><\/a><figcaption class=\"wp-caption-text\">gaasituliPit<\/figcaption><\/figure>\n<div class=\"text-title\"><span data-spm-anchor-id=\"a2700.details.0.i39.53387bab8p4IaA\">Materjal: kortenterteras<\/span><\/div>\n<div class=\"text-content\">Corten terast nimetatakse m\u00f5nikord ilmastikukindlaks teraseks. P\u00f5hjus, miks see kestab nii kaua, on see, et esimene korrosioonikiht takistab igasugust<br \/>\nrooste p\u00f5hjustatud edasine halvenemine.<br \/>\nMida rohkem te seda kasutate, seda parem tundub see olevat. M\u00f5ne aja m\u00f6\u00f6dudes tekib terasele ilus ja loomulik patiinakiht.<br \/>\nCorten terasest grilliga l\u00f5kkeplatsi laud koos grilliga saab j\u00e4tta aastaringselt \u00f5ue ilma katte vajaduseta.<\/div>\n<div><\/div>\n<div><b>Omadused<\/b><br \/>\n* Corten terasest konstruktsioon - moodustab stabiilse, ennast kaitsva rooste, mis ei vaja v\u00e4rvimist ega hooldust, et saavutada moes esteetiline v\u00e4limus, mis ei kahjusta konstruktsiooni tugevust.<\/div>\n<div>\n<figure style=\"width: 699px\" class=\"wp-caption alignnone\"><a href=\"https:\/\/keweicorten.com\/et\"><img decoding=\"async\" title=\"terrassil gaasi tulekolle\" src=\"https:\/\/sc04.alicdn.com\/kf\/U2c2403c96e304a709211131f097adac1r\/235950374\/U2c2403c96e304a709211131f097adac1r.jpg\" alt=\"\" width=\"699\" height=\"393\" \/><\/a><figcaption class=\"wp-caption-text\">terrassil gaasi tulekolle<\/figcaption><\/figure>\n<\/div>","protected":false},"excerpt":{"rendered":"<table class=\"has-title all magic-25\">\n<tbody>\n<tr>\n<td colspan=\"1\" rowspan=\"1\">\n<div class=\"magic-26\" data-spm-anchor-id=\"a2700.details.0.i40.53387bab8p4IaA\">Toote nimi<\/div>\n<\/td>\n<td colspan=\"1\" rowspan=\"1\">\n<div class=\"magic-27\">Vastupidav v\u00e4ljas k\u00fcttekeha Fire Charcoal Metal Loodus gaasi Outdoor Fire Pit<\/div>\n<\/td>\n<\/tr>\n<tr>\n<td colspan=\"1\" rowspan=\"1\">\n<div class=\"magic-26\">Materjal<\/div>\n<\/td>\n<td colspan=\"1\" rowspan=\"1\">\n<div class=\"magic-27\">Corten teras, roostevaba teras<\/div>\n<\/td>\n<\/tr>\n<tr>\n<td colspan=\"1\" rowspan=\"1\">\n<div class=\"magic-26\">Suurus<\/div>\n<\/td>\n<td colspan=\"1\" rowspan=\"1\">\n<div class=\"magic-27\">1200*500*600mm v\u00f5i kohandatud<\/div>\n<\/td>\n<\/tr>\n<tr>\n<td colspan=\"1\" rowspan=\"1\">\n<div class=\"magic-26\">Pind<\/div>\n<\/td>\n<td colspan=\"1\" rowspan=\"1\">\n<div class=\"magic-27\">\u00a0eelroostetatud<\/div>\n<\/td>\n<\/tr>\n<tr>\n<td colspan=\"1\" rowspan=\"1\">\n<div class=\"magic-26\">Tehnoloogia<\/div>\n<\/td>\n<td colspan=\"1\" rowspan=\"1\">\n<div class=\"magic-27\">\u00a0Laserl\u00f5ikus, painutamine, stantsimine, keevitamine, ilmastikukujundus<\/div>\n<\/td>\n<\/tr>\n<tr>\n<td colspan=\"1\" rowspan=\"1\">\n<div class=\"magic-26\">Taotlus<\/div>\n<\/td>\n<td colspan=\"1\" rowspan=\"1\">\n<div class=\"magic-27\">V\u00e4ljas v\u00f5i hoovis dekoratsioon<\/div>\n<\/td>\n<\/tr>\n<\/tbody>\n<\/table>","protected":false},"featured_media":1267,"comment_status":"open","ping_status":"closed","template":"","meta":{"_eb_attr":"","_monsterinsights_skip_tracking":false,"_monsterinsights_sitenote_active":false,"_monsterinsights_sitenote_note":"","_monsterinsights_sitenote_category":0,"_uf_show_specific_survey":0,"_uf_disable_surveys":false},"product_brand":[],"product_cat":[55],"product_tag":[],"class_list":{"0":"post-1266","1":"product","2":"type-product","3":"status-publish","4":"has-post-thumbnail","6":"product_cat-gas-fire-pit","8":"first","9":"instock","10":"shipping-taxable","11":"product-type-simple"},"_links":{"self":[{"href":"https:\/\/keweicorten.com\/et\/wp-json\/wp\/v2\/product\/1266"}],"collection":[{"href":"https:\/\/keweicorten.com\/et\/wp-json\/wp\/v2\/product"}],"about":[{"href":"https:\/\/keweicorten.com\/et\/wp-json\/wp\/v2\/types\/product"}],"replies":[{"embeddable":true,"href":"https:\/\/keweicorten.com\/et\/wp-json\/wp\/v2\/comments?post=1266"}],"version-history":[{"count":1,"href":"https:\/\/keweicorten.com\/et\/wp-json\/wp\/v2\/product\/1266\/revisions"}],"predecessor-version":[{"id":1268,"href":"https:\/\/keweicorten.com\/et\/wp-json\/wp\/v2\/product\/1266\/revisions\/1268"}],"wp:featuredmedia":[{"embeddable":true,"href":"https:\/\/keweicorten.com\/et\/wp-json\/wp\/v2\/media\/1267"}],"wp:attachment":[{"href":"https:\/\/keweicorten.com\/et\/wp-json\/wp\/v2\/media?parent=1266"}],"wp:term":[{"taxonomy":"product_brand","embeddable":true,"href":"https:\/\/keweicorten.com\/et\/wp-json\/wp\/v2\/product_brand?post=1266"},{"taxonomy":"product_cat","embeddable":true,"href":"https:\/\/keweicorten.com\/et\/wp-json\/wp\/v2\/product_cat?post=1266"},{"taxonomy":"product_tag","embeddable":true,"href":"https:\/\/keweicorten.com\/et\/wp-json\/wp\/v2\/product_tag?post=1266"}],"curies":[{"name":"wp","href":"https:\/\/api.w.org\/{rel}","templated":true}]}}