{"id":1273,"date":"2024-09-19T07:42:09","date_gmt":"2024-09-19T07:42:09","guid":{"rendered":"https:\/\/keweicorten.com\/?post_type=product&#038;p=1273"},"modified":"2025-01-15T06:26:29","modified_gmt":"2025-01-15T06:26:29","slug":"gaasikuttekoldeid","status":"publish","type":"product","link":"https:\/\/keweicorten.com\/et\/gaasikuttekoldeid\/","title":{"rendered":"aialett koos l\u00f5kkeplatsiga"},"content":{"rendered":"<table class=\"has-title all magic-16\" style=\"height: 272px;\" width=\"773\">\n<tbody>\n<tr>\n<td colspan=\"2\" rowspan=\"1\">\n<div class=\"magic-17\"><b><span class=\"magic-18\" style=\"color: #000000;\" data-spm-anchor-id=\"a2700.details.0.i40.6b724b3bPgup84\">Spetsifikatsioonid<\/span><\/b><\/div>\n<\/td>\n<\/tr>\n<tr>\n<td colspan=\"1\" rowspan=\"1\">\n<div class=\"magic-21\"><span class=\"magic-11\" style=\"color: #000000;\">Toote nimi<\/span><\/div>\n<\/td>\n<td colspan=\"1\" rowspan=\"1\">\n<div class=\"magic-22\"><span class=\"magic-11\" style=\"color: #000000;\">Ristk\u00fclikukujuline metallist tulekahju Pit propaan v\u00e4ljas aias k\u00fctmine Firepit Suur gaasik\u00fcttekeha Corten terasest gaasi tulekahju Pit<\/span><\/div>\n<\/td>\n<\/tr>\n<tr>\n<td colspan=\"1\" rowspan=\"1\">\n<div class=\"magic-21\"><span class=\"magic-11\" style=\"color: #000000;\">Br\u00e4ndi nimi<\/span><\/div>\n<\/td>\n<td colspan=\"1\" rowspan=\"1\">\n<div class=\"magic-22\"><span class=\"magic-11\" style=\"color: #000000;\">SHKW Corten Garden<\/span><\/div>\n<\/td>\n<\/tr>\n<tr>\n<td colspan=\"1\" rowspan=\"1\">\n<div class=\"magic-21\"><span class=\"magic-11\" style=\"color: #000000;\">Mudeli number<\/span><\/div>\n<\/td>\n<td colspan=\"1\" rowspan=\"1\">SHKW-FP-01<\/td>\n<\/tr>\n<tr>\n<td colspan=\"1\" rowspan=\"1\">\n<div class=\"magic-21\"><span class=\"magic-11\" style=\"color: #000000;\">Materjal<\/span><\/div>\n<\/td>\n<td colspan=\"1\" rowspan=\"1\">\n<div class=\"magic-22\"><span class=\"magic-11\" style=\"color: #000000;\">Corten teras \/ ilmastikutingimustes kasutatav teras<\/span><\/div>\n<\/td>\n<\/tr>\n<tr>\n<td colspan=\"1\" rowspan=\"1\">\n<div class=\"magic-21\"><span class=\"magic-11\" style=\"color: #000000;\">Suurus<\/span><\/div>\n<\/td>\n<td colspan=\"1\" rowspan=\"1\">\n<div class=\"magic-22\"><span class=\"magic-11\" style=\"color: #000000;\">60\" X 16\" X 24 \"H (1500X 400 X 600H mm)<\/span><\/div>\n<\/td>\n<\/tr>\n<tr>\n<td colspan=\"1\" rowspan=\"1\">\n<div class=\"magic-21\"><span style=\"color: #000000;\">Kaal<\/span><\/div>\n<\/td>\n<td colspan=\"1\" rowspan=\"1\">\n<div class=\"magic-22\"><span style=\"color: #000000;\">KUNI 108 KG<\/span><\/div>\n<\/td>\n<\/tr>\n<tr>\n<td colspan=\"1\" rowspan=\"1\">\n<div class=\"magic-21\"><span class=\"magic-11\" style=\"color: #000000;\">Pakett<\/span><\/div>\n<\/td>\n<td colspan=\"1\" rowspan=\"1\">\n<div class=\"magic-22\"><span class=\"magic-11\" style=\"color: #000000;\">Seestpoolt: V\u00e4ljaspool: Karbikarp<\/span><\/div>\n<\/td>\n<\/tr>\n<tr>\n<td colspan=\"1\" rowspan=\"1\">\n<div class=\"magic-21\"><span class=\"magic-11\" style=\"color: #000000;\">Pinnat\u00f6\u00f6tlus<\/span><\/div>\n<\/td>\n<td colspan=\"1\" rowspan=\"1\">\n<div class=\"magic-22\"><span class=\"magic-11\" style=\"color: #000000;\">Eelnevalt roostetatud, saab kohandada<\/span><\/div>\n<\/td>\n<\/tr>\n<tr>\n<td colspan=\"1\" rowspan=\"1\">\n<div class=\"magic-21\"><span class=\"magic-11\" style=\"color: #000000;\">MOQ<\/span><\/div>\n<\/td>\n<td colspan=\"1\" rowspan=\"1\">\n<div class=\"magic-22\"><span class=\"magic-11\" style=\"color: #000000;\">1 tk<\/span><\/div>\n<\/td>\n<\/tr>\n<\/tbody>\n<\/table>\n<h2><a href=\"https:\/\/keweicorten.com\/et\/product-category\/lokkeplats\/\">Aia laud koos l\u00f5kkeplatsi funktsioonidega:<\/a><\/h2>\n<p><span style=\"color: #000000;\" data-spm-anchor-id=\"a2700.details.0.i41.6b724b3bPgup84\">Cortenterasest hooldusvaba pind annab maal\u00e4hedase, kuid kaasaegse esteetika, mis on nii praktiline kui ka ilus.<\/span><span style=\"color: #000000;\">See arendab stabiilse roostesarnase kihi, mis pidevalt taastub ja kaitseb terast korrodeerumise eest.<\/span><\/p>\n<p><a href=\"https:\/\/keweicorten.com\/et\/product\/ristkulikukujuline-tulekolle\/\"><strong>Aia laud koos l\u00f5kkeplatsi materjaliga<\/strong><\/a>: Populaarsed materjalid on metall (alumiinium v\u00f5i teras), puit, betoon ja paju, mis k\u00f5ik pakuvad erinevat vastupidavust ja stiili.<\/p>\n<ul>\n<li><strong>Fire Pit Insert<\/strong>: The <a href=\"https:\/\/keweicorten.com\/et\/product\/valitingimustes-kasutatav-gaasiline-tulekahju-laud\/\">aialett koos l\u00f5kkeplatsiga<\/a> asub tavaliselt keskel, mida \u00fcmbritseb lauapind jookide v\u00f5i taldrikute asetamiseks.<\/li>\n<li><strong>K\u00fctuse t\u00fc\u00fcp<\/strong>:<strong>Propaan<\/strong>: Propaanimahutid on tavaliselt peidetud laua alla.\/<strong>Maagaas<\/strong>: N\u00f5uab \u00fchendust gaasitrassiga, mis on p\u00fcsivam paigaldus.<\/li>\n<li><strong>Kaane valikud<\/strong>: Paljudel on kaasas kaas, mis katab tulekolle, kui seda ei kasutata, muutes selle t\u00e4ie\u00f5iguslikuks lauaks.<\/li>\n<li><strong>Fire Media<\/strong>: Dekoratiivsed materjalid, nagu tuleklaas, laavakivid v\u00f5i v\u00f5ltspalgid, mida kasutatakse p\u00f5leti katmiseks ja tule esteetilisuse suurendamiseks.<\/li>\n<li><strong>Tuulekaitsed<\/strong>: M\u00f5ned mudelid on varustatud karastatud klaasist tuulekaitsega, et kaitsta leeke ja suurendada ohutust.<\/li>\n<\/ul>\n<figure style=\"width: 697px\" class=\"wp-caption alignnone\"><a href=\"https:\/\/keweicorten.com\/et\/votke-meiega-uhendust\/\"><img fetchpriority=\"high\" decoding=\"async\" title=\"propaanist v\u00e4lituleplats\" src=\"https:\/\/sc04.alicdn.com\/kf\/H3083ba8bd2604171bff24aba76e05ef1B\/235950374\/H3083ba8bd2604171bff24aba76e05ef1B.jpg\" alt=\"\" width=\"697\" height=\"395\" \/><\/a><figcaption class=\"wp-caption-text\">propaanist v\u00e4lituleplats<\/figcaption><\/figure>\n<figure style=\"width: 698px\" class=\"wp-caption alignnone\"><a href=\"https:\/\/keweicorten.com\/et\"><img decoding=\"async\" title=\"tulega laud\" src=\"https:\/\/sc04.alicdn.com\/kf\/H379da3bd015940f981085f8baef0f0a0E\/252669402\/H379da3bd015940f981085f8baef0f0a0E.jpg\" alt=\"\" width=\"698\" height=\"464\" \/><\/a><figcaption class=\"wp-caption-text\">tulega laud<\/figcaption><\/figure>\n<p><span style=\"color: #000000;\" data-spm-anchor-id=\"a2700.details.0.i44.6b724b3bPgup84\">Vormitud 3 mm paksusest kortenterterasest. Kasutab meie p\u00f5leti komplekti kas maagaasi v\u00f5i propaani konfiguratsioonis.\u00a0<\/span><\/p>\n<div><span style=\"color: #000000;\">\u00a0<\/span><\/div>\n<div><span style=\"color: #000000;\">Gnee Gardenil on ulatuslik kogemus kortenterterasest l\u00f5kkeplatside projekteerimisel ja valmistamisel, mis sobivad paljudele projektidele, nii suurtele kui ka v\u00e4ikestele.<\/span><\/div>\n<p>A <strong>aialaua koos l\u00f5kkeplatsiga<\/strong> on mitmek\u00fclgne v\u00e4litingimustes kasutatav m\u00f6\u00f6bel, mis \u00fchendab endas s\u00f6\u00f6gi- v\u00f5i kohvilaudade funktsionaalsuse ning l\u00f5kkeplatsi soojuse ja hubasuse. See sobib ideaalselt hubase atmosf\u00e4\u00e4ri loomiseks aias, terrassil v\u00f5i terrassil, pakkudes nii stiilset fookuspunkti kui ka praktilist lahendust v\u00e4litingimustes toimuvaks meelelahutuseks.<\/p>","protected":false},"excerpt":{"rendered":"<article class=\"w-full text-token-text-primary focus-visible:outline-2 focus-visible:outline-offset-[-4px]\" dir=\"auto\" data-testid=\"conversation-turn-7\" data-scroll-anchor=\"false\">\n<div class=\"text-base py-[18px] px-3 md:px-4 m-auto w-full md:px-5 lg:px-4 xl:px-5\">\n<div class=\"mx-auto flex flex-1 gap-4 text-base md:gap-5 lg:gap-6 md:max-w-3xl lg:max-w-[40rem] xl:max-w-[48rem]\">\n<div class=\"group\/conversation-turn relative flex w-full min-w-0 flex-col\">\n<div class=\"flex-col gap-1 md:gap-3\">\n<div class=\"flex max-w-full flex-col flex-grow\">\n<div class=\"min-h-[20px] text-message flex w-full flex-col items-end gap-2 whitespace-normal break-words [.text-message+&amp;]:mt-5\" dir=\"auto\" data-message-author-role=\"user\" data-message-id=\"aaa23168-7d7c-42a1-a907-17fd9ddb6c5a\">\n<div class=\"flex w-full flex-col gap-1 empty:hidden items-end rtl:items-start\">\n<div class=\"relative max-w-[70%] rounded-3xl px-5 py-2.5 bg-[#f4f4f4] dark:bg-token-main-surface-secondary\">\n<div class=\"whitespace-pre-wrap\">Ristk\u00fclikukujuline s\u00f6\u00f6gilaud: Need lauad sobivad ideaalselt suuremate koosviibimiste jaoks ja pakuvad samal ajal soojust.<\/div>\n<div class=\"absolute bottom-0 right-full top-0 -mr-3.5 hidden pr-5 pt-1 [.group\\\/conversation-turn:hover_&amp;]:block\"><\/div>\n<\/div>\n<\/div>\n<\/div>\n<\/div>\n<\/div>\n<\/div>\n<\/div>\n<\/div>\n<\/article>\n<article class=\"w-full text-token-text-primary focus-visible:outline-2 focus-visible:outline-offset-[-4px]\" dir=\"auto\" data-testid=\"conversation-turn-8\" data-scroll-anchor=\"true\">\n<h6 class=\"sr-only\"><\/h6>\n<\/article>","protected":false},"featured_media":1275,"comment_status":"open","ping_status":"closed","template":"","meta":{"_eb_attr":"","_monsterinsights_skip_tracking":false,"_monsterinsights_sitenote_active":false,"_monsterinsights_sitenote_note":"","_monsterinsights_sitenote_category":0,"_uf_show_specific_survey":0,"_uf_disable_surveys":false},"product_brand":[],"product_cat":[55],"product_tag":[],"class_list":{"0":"post-1273","1":"product","2":"type-product","3":"status-publish","4":"has-post-thumbnail","6":"product_cat-gas-fire-pit","8":"first","9":"instock","10":"shipping-taxable","11":"product-type-simple"},"_links":{"self":[{"href":"https:\/\/keweicorten.com\/et\/wp-json\/wp\/v2\/product\/1273"}],"collection":[{"href":"https:\/\/keweicorten.com\/et\/wp-json\/wp\/v2\/product"}],"about":[{"href":"https:\/\/keweicorten.com\/et\/wp-json\/wp\/v2\/types\/product"}],"replies":[{"embeddable":true,"href":"https:\/\/keweicorten.com\/et\/wp-json\/wp\/v2\/comments?post=1273"}],"version-history":[{"count":1,"href":"https:\/\/keweicorten.com\/et\/wp-json\/wp\/v2\/product\/1273\/revisions"}],"predecessor-version":[{"id":1276,"href":"https:\/\/keweicorten.com\/et\/wp-json\/wp\/v2\/product\/1273\/revisions\/1276"}],"wp:featuredmedia":[{"embeddable":true,"href":"https:\/\/keweicorten.com\/et\/wp-json\/wp\/v2\/media\/1275"}],"wp:attachment":[{"href":"https:\/\/keweicorten.com\/et\/wp-json\/wp\/v2\/media?parent=1273"}],"wp:term":[{"taxonomy":"product_brand","embeddable":true,"href":"https:\/\/keweicorten.com\/et\/wp-json\/wp\/v2\/product_brand?post=1273"},{"taxonomy":"product_cat","embeddable":true,"href":"https:\/\/keweicorten.com\/et\/wp-json\/wp\/v2\/product_cat?post=1273"},{"taxonomy":"product_tag","embeddable":true,"href":"https:\/\/keweicorten.com\/et\/wp-json\/wp\/v2\/product_tag?post=1273"}],"curies":[{"name":"wp","href":"https:\/\/api.w.org\/{rel}","templated":true}]}}