{"id":1284,"date":"2024-09-20T02:11:37","date_gmt":"2024-09-20T02:11:37","guid":{"rendered":"https:\/\/keweicorten.com\/?post_type=product&#038;p=1284"},"modified":"2025-01-15T06:25:41","modified_gmt":"2025-01-15T06:25:41","slug":"tulekollektsiooni-sfaar","status":"publish","type":"product","link":"https:\/\/keweicorten.com\/et\/tulekollektsiooni-sfaar\/","title":{"rendered":"Firepit Sphere"},"content":{"rendered":"<p>A <strong>tulekollektsiooni sf\u00e4\u00e4r<\/strong> on eriline, sageli skulptuurne kerakujuline v\u00e4lituleplats. Erinevalt traditsioonilistest tulekolletest annab kerakujuline disain tavaliselt kunstilisema ja kaasaegsema esteetika ning 360-kraadise vaate tulele. Need tulekolded on sageli valmistatud sellistest materjalidest nagu teras v\u00f5i kortenterteras, mis omandavad aja jooksul vananenud patina, mis lisab vastupidavust ja visuaalset atraktiivsust.<\/p>\n<p>Paljudel tulekoldepallidel on keerulised v\u00e4ljal\u00f5igatud kujundid (nt puud, loomad v\u00f5i abstraktsed mustrid), mis tekitavad p\u00f5lema lummavaid valgus- ja varjeefekte, kui neid s\u00fc\u00fcdata. Need ei ole mitte ainult funktsionaalne soojusallikas, vaid ka silmatorkav keskpunkt mis tahes v\u00e4liruumis.<\/p>\n<p>Puidust skulptuurse tulekollektsiooni kera loodud kera on ilus t\u00e4iendus teie \u00f5uealale nii valgustatud kui ka valgustamata kujul.<\/p>\n<figure style=\"width: 700px\" class=\"wp-caption alignnone\"><a href=\"https:\/\/keweicorten.com\/et\"><img fetchpriority=\"high\" decoding=\"async\" title=\"tulekera tulekolle\" src=\"https:\/\/sc01.alicdn.com\/kf\/Hb2a7856a3afa4b8db18d6f1e8181c238P\/235950374\/Hb2a7856a3afa4b8db18d6f1e8181c238P.jpg\" alt=\"\" width=\"700\" height=\"350\" \/><\/a><figcaption class=\"wp-caption-text\">tulekera tulekolle<\/figcaption><\/figure>\n<p><span data-spm-anchor-id=\"a2700.details.0.i45.76a768b0FOvccY\">See on 1000mm kera, mis on valmistatud 4mm paksust cortenterasest, millel on roostepatina viimistlus.<\/span><\/p>\n<div>Iga tulekauss on varustatud nummerdatud metallplaadiga, mis tagab, et iga k\u00e4sitsi valmistatud tulekolle on ainulaadne kunstiteos.<\/div>\n<div><\/div>\n<div class=\"J_module\">\n<div class=\"ife-detail-decorate-table\">\n<table class=\"has-title hight-light-first-column all magic-14\">\n<tbody>\n<tr>\n<td colspan=\"2\" rowspan=\"1\">\n<div class=\"magic-15\" data-spm-anchor-id=\"a2700.details.0.i43.76a768b0FOvccY\"><b data-spm-anchor-id=\"a2700.custom-template.0.i150.25223333Ub4BuA\"><span style=\"color: #000000;\">Spetsifikatsioonid<\/span><\/b><\/div>\n<\/td>\n<\/tr>\n<tr>\n<td colspan=\"1\" rowspan=\"1\">\n<div class=\"magic-18\"><span style=\"color: #000000;\">Toote nimi<\/span><\/div>\n<\/td>\n<td colspan=\"1\" rowspan=\"1\">\n<div class=\"magic-19\"><span style=\"color: #000000;\">Puidup\u00f5letus tulekollektsioon K\u00e4sitsi l\u00f5igatud Corten terasest rooste kera tulekollektsiooni kera<\/span><\/div>\n<\/td>\n<\/tr>\n<tr>\n<td colspan=\"1\" rowspan=\"1\">\n<div class=\"magic-18\"><span style=\"color: #000000;\">Br\u00e4ndi nimi<\/span><\/div>\n<\/td>\n<td colspan=\"1\" rowspan=\"1\">\n<div class=\"magic-19\"><span style=\"color: #000000;\">shkw aiandus<\/span><\/div>\n<\/td>\n<\/tr>\n<tr>\n<td colspan=\"1\" rowspan=\"1\">\n<div class=\"magic-18\"><span style=\"color: #000000;\">Materjal<\/span><\/div>\n<\/td>\n<td colspan=\"1\" rowspan=\"1\">\n<div class=\"magic-19\"><span style=\"color: #000000;\">Corten teras \/ ilmastikutingimustes kasutatav teras<\/span><\/div>\n<\/td>\n<\/tr>\n<tr>\n<td colspan=\"1\" rowspan=\"1\">\n<div class=\"magic-18\"><span style=\"color: #000000;\">Suurus<\/span><\/div>\n<\/td>\n<td colspan=\"1\" rowspan=\"1\">\n<div class=\"magic-19\"><span style=\"color: #000000;\">L\u00e4bim\u00f5\u00f5t: 1000mm, paksus: paksus: 4mm<\/span><\/div>\n<\/td>\n<\/tr>\n<tr>\n<td colspan=\"1\" rowspan=\"1\">\n<div class=\"magic-18\"><span style=\"color: #000000;\">Kaal<\/span><\/div>\n<\/td>\n<td colspan=\"1\" rowspan=\"1\">\n<div class=\"magic-19\"><span style=\"color: #000000;\">80 kg<\/span><\/div>\n<\/td>\n<\/tr>\n<tr>\n<td colspan=\"1\" rowspan=\"1\">\n<div class=\"magic-18\"><span style=\"color: #000000;\">Pinnat\u00f6\u00f6tlus<\/span><\/div>\n<\/td>\n<td colspan=\"1\" rowspan=\"1\">\n<div class=\"magic-19\"><span style=\"color: #000000;\" data-spm-anchor-id=\"a2700.details.0.i44.76a768b0FOvccY\">Eelnevalt roostetatud\/eeln\u00f5ustunud, saab kohandada<\/span><\/div>\n<\/td>\n<\/tr>\n<tr>\n<td colspan=\"1\" rowspan=\"1\">\n<div class=\"magic-18\"><span style=\"color: #000000;\">Pakkimine<\/span><\/div>\n<\/td>\n<td colspan=\"1\" rowspan=\"1\">\n<div class=\"magic-19\"><span style=\"color: #000000;\">Sees : kulumisvastane vahtpaber, V\u00e4ljaspool : kartongkarbis<\/span><\/div>\n<\/td>\n<\/tr>\n<tr>\n<td colspan=\"1\" rowspan=\"1\">\n<div class=\"magic-18\"><span style=\"color: #000000;\">MOQ<\/span><\/div>\n<\/td>\n<td colspan=\"1\" rowspan=\"1\">\n<div class=\"magic-19\"><span style=\"color: #000000;\">1 tk<\/span><\/div>\n<\/td>\n<\/tr>\n<tr>\n<td colspan=\"1\" rowspan=\"1\">\n<div class=\"magic-18\"><span style=\"color: #000000;\">OEM &amp; ODM<\/span><\/div>\n<\/td>\n<td colspan=\"1\" rowspan=\"1\">\n<div class=\"magic-19\"><span style=\"color: #000000;\">Saadaval<\/span><\/div>\n<\/td>\n<\/tr>\n<\/tbody>\n<\/table>\n<\/div>\n<\/div>","protected":false},"excerpt":{"rendered":"<p>Round-Up pakub nelja stseeniga rant\u0161ot. Cowboy hobuse seljas, kes k\u00f6idab vasikat. Teine stseen n\u00e4itab v\u00e4ikest poissi, kes seisab aia \u00e4\u00e4res ja vaatab koos vanaisaga tema k\u00f5rval. Samuti on kahes eraldi stseenis kariloomad ja h\u00e4rg.<\/p>","protected":false},"featured_media":1285,"comment_status":"open","ping_status":"closed","template":"","meta":{"_eb_attr":"","_monsterinsights_skip_tracking":false,"_monsterinsights_sitenote_active":false,"_monsterinsights_sitenote_note":"","_monsterinsights_sitenote_category":0,"_uf_show_specific_survey":0,"_uf_disable_surveys":false},"product_brand":[],"product_cat":[54],"product_tag":[],"class_list":{"0":"post-1284","1":"product","2":"type-product","3":"status-publish","4":"has-post-thumbnail","6":"product_cat-wood-fire-pit","8":"first","9":"instock","10":"shipping-taxable","11":"product-type-simple"},"_links":{"self":[{"href":"https:\/\/keweicorten.com\/et\/wp-json\/wp\/v2\/product\/1284"}],"collection":[{"href":"https:\/\/keweicorten.com\/et\/wp-json\/wp\/v2\/product"}],"about":[{"href":"https:\/\/keweicorten.com\/et\/wp-json\/wp\/v2\/types\/product"}],"replies":[{"embeddable":true,"href":"https:\/\/keweicorten.com\/et\/wp-json\/wp\/v2\/comments?post=1284"}],"version-history":[{"count":1,"href":"https:\/\/keweicorten.com\/et\/wp-json\/wp\/v2\/product\/1284\/revisions"}],"predecessor-version":[{"id":1286,"href":"https:\/\/keweicorten.com\/et\/wp-json\/wp\/v2\/product\/1284\/revisions\/1286"}],"wp:featuredmedia":[{"embeddable":true,"href":"https:\/\/keweicorten.com\/et\/wp-json\/wp\/v2\/media\/1285"}],"wp:attachment":[{"href":"https:\/\/keweicorten.com\/et\/wp-json\/wp\/v2\/media?parent=1284"}],"wp:term":[{"taxonomy":"product_brand","embeddable":true,"href":"https:\/\/keweicorten.com\/et\/wp-json\/wp\/v2\/product_brand?post=1284"},{"taxonomy":"product_cat","embeddable":true,"href":"https:\/\/keweicorten.com\/et\/wp-json\/wp\/v2\/product_cat?post=1284"},{"taxonomy":"product_tag","embeddable":true,"href":"https:\/\/keweicorten.com\/et\/wp-json\/wp\/v2\/product_tag?post=1284"}],"curies":[{"name":"wp","href":"https:\/\/api.w.org\/{rel}","templated":true}]}}