{"id":1287,"date":"2024-09-20T02:54:02","date_gmt":"2024-09-20T02:54:02","guid":{"rendered":"https:\/\/keweicorten.com\/?post_type=product&#038;p=1287"},"modified":"2025-01-15T06:25:33","modified_gmt":"2025-01-15T06:25:33","slug":"metallist-aiakuulid","status":"publish","type":"product","link":"https:\/\/keweicorten.com\/et\/metallist-aiakuulid\/","title":{"rendered":"metallist aiakuulid"},"content":{"rendered":"<h2>Ilmastikukindla terase tulekuuli omadused ja kasutusalad:<\/h2>\n<p>Materjali omadused: See ei ole ainult ilus ega vaja erilist hooldust. See muutus muudab tulekera looduskeskkonnaga harmoonilisemaks, n\u00e4idates karget ilu.<br \/>\nNikerdada ja l\u00f5igata mustreid<\/p>\n<p>Mustri valik: Paljude metallist aiakuulide pinnad on laseriga nikerdatud ja neil on keerulised mustrid, n\u00e4iteks lehed, mustrid, loomade kujutised jne. Need \u00f5\u00f5nsad kujundid tekitavad leegi p\u00f5lemisel, eriti \u00f6\u00f6sel, kauni valguse ja varju efekti.<br \/>\nMultifunktsionaalne disain<\/p>\n<p>Tulipalli funktsioon: Metallist aiakuulikesi saab kasutada l\u00f5kkekolonnina, mis p\u00f5letab puitu, s\u00fcsi v\u00f5i maagaasi, muutudes soojaks keskuseks v\u00e4litingimustes toimuvatel seltskondlikel \u00fcritustel. Selle disain on nii funktsionaalne kui ka kunstiline.<br \/>\nValgusefektid: P\u00e4rast \u00f6ist valgustamist saab neid kasutada maastikuvalgustusena, isegi ilma leekideta, et pakkuda pehmet valgustust ja visuaalseid efekte.<\/p>\n<div class=\"J_module\">\n<div class=\"detail-decorate-json-renderer-container\">\n<div class=\"magic-10\">\n<figure style=\"width: 550px\" class=\"wp-caption alignnone\"><a href=\"https:\/\/keweicorten.com\/et\/votke-meiega-uhendust\/\"><img fetchpriority=\"high\" decoding=\"async\" title=\"tulekera\" src=\"https:\/\/sc04.alicdn.com\/kf\/H86b7111d868b4cfa80c1c85b59d4a6fdD\/232904194\/H86b7111d868b4cfa80c1c85b59d4a6fdD.jpg\" alt=\"\" width=\"550\" height=\"550\" \/><\/a><figcaption class=\"wp-caption-text\">tulekera<\/figcaption><\/figure>\n<\/div>\n<\/div>\n<\/div>","protected":false},"excerpt":{"rendered":"<p><strong>Corten terasest metallist aiakuulid<\/strong><\/p>\n<ul>\n<li><strong>Materjal:<\/strong> Corten teras vananeb aja jooksul loomulikult, moodustades kauni roostetunud patina. See lisab teie aiale mahedat, orgaanilist v\u00e4limust.<\/li>\n<li><strong>Disaini kasutamine:<\/strong> Need kerad on suurep\u00e4rased iseseisvate skulptuuridena v\u00f5i neid saab integreerida lillepeenardesse v\u00f5i kiviaedadesse.<\/li>\n<li><strong>Valgustusvalik:<\/strong> M\u00f5ned cortenterasest kerad on \u00f5\u00f5nsad, millel on v\u00e4ljal\u00f5igatud kujundid, mida saab \u00f6\u00f6sel helendava efekti saavutamiseks seestpoolt valgustada.<\/li>\n<\/ul>","protected":false},"featured_media":1288,"comment_status":"open","ping_status":"closed","template":"","meta":{"_eb_attr":"","_monsterinsights_skip_tracking":false,"_monsterinsights_sitenote_active":false,"_monsterinsights_sitenote_note":"","_monsterinsights_sitenote_category":0,"_uf_show_specific_survey":0,"_uf_disable_surveys":false},"product_brand":[],"product_cat":[54],"product_tag":[],"class_list":{"0":"post-1287","1":"product","2":"type-product","3":"status-publish","4":"has-post-thumbnail","6":"product_cat-wood-fire-pit","8":"first","9":"instock","10":"shipping-taxable","11":"product-type-simple"},"_links":{"self":[{"href":"https:\/\/keweicorten.com\/et\/wp-json\/wp\/v2\/product\/1287"}],"collection":[{"href":"https:\/\/keweicorten.com\/et\/wp-json\/wp\/v2\/product"}],"about":[{"href":"https:\/\/keweicorten.com\/et\/wp-json\/wp\/v2\/types\/product"}],"replies":[{"embeddable":true,"href":"https:\/\/keweicorten.com\/et\/wp-json\/wp\/v2\/comments?post=1287"}],"version-history":[{"count":1,"href":"https:\/\/keweicorten.com\/et\/wp-json\/wp\/v2\/product\/1287\/revisions"}],"predecessor-version":[{"id":1289,"href":"https:\/\/keweicorten.com\/et\/wp-json\/wp\/v2\/product\/1287\/revisions\/1289"}],"wp:featuredmedia":[{"embeddable":true,"href":"https:\/\/keweicorten.com\/et\/wp-json\/wp\/v2\/media\/1288"}],"wp:attachment":[{"href":"https:\/\/keweicorten.com\/et\/wp-json\/wp\/v2\/media?parent=1287"}],"wp:term":[{"taxonomy":"product_brand","embeddable":true,"href":"https:\/\/keweicorten.com\/et\/wp-json\/wp\/v2\/product_brand?post=1287"},{"taxonomy":"product_cat","embeddable":true,"href":"https:\/\/keweicorten.com\/et\/wp-json\/wp\/v2\/product_cat?post=1287"},{"taxonomy":"product_tag","embeddable":true,"href":"https:\/\/keweicorten.com\/et\/wp-json\/wp\/v2\/product_tag?post=1287"}],"curies":[{"name":"wp","href":"https:\/\/api.w.org\/{rel}","templated":true}]}}