{"id":1302,"date":"2024-09-20T08:13:16","date_gmt":"2024-09-20T08:13:16","guid":{"rendered":"https:\/\/keweicorten.com\/?post_type=product&#038;p=1302"},"modified":"2025-01-15T06:24:37","modified_gmt":"2025-01-15T06:24:37","slug":"laseriga-loigatud-metallist-ekraanid","status":"publish","type":"product","link":"https:\/\/keweicorten.com\/et\/laseriga-loigatud-metallist-ekraanid\/","title":{"rendered":"laseriga l\u00f5igatud metallist ekraanid"},"content":{"rendered":"<p>Laseriga l\u00f5igatud metallvarjud on stiilne ja funktsionaalne viis lisada privaatsust, varju v\u00f5i dekoratiivseid elemente nii sise- kui ka v\u00e4lisruumidesse. Need luuakse keeruliste mustrite v\u00f5i kujunduste l\u00f5ikamisega metallplaatidesse, kasutades selleks t\u00e4pset lasertehnoloogiat. Need ekraanid on populaarsed aedades, terrassidel ja isegi siseruumides, et luua visuaalset huvi, s\u00e4ilitades samal ajal \u00f5huvoolu ja valguse.<\/p>\n<p><strong>Tavalised kasutusalad:<\/strong><\/p>\n<ol>\n<li><strong>Privaatsusekraanid<\/strong>: Ideaalne piirkondade blokeerimiseks ilma neid t\u00e4ielikult sulgemata.<\/li>\n<li><strong>Dekoratiivsed vaheseinad<\/strong>: Kasutatakse ruumide eraldamiseks v\u00f5i seintele kunstilise puudutuse lisamiseks.<\/li>\n<li><strong>Vehklemine<\/strong>: Saab kasutada kaasaegsete, dekoratiivsete taralahenduste jaoks.<\/li>\n<li><strong>Pergola paneelid<\/strong>: Lisatud v\u00e4liskonstruktsioonidele, nagu n\u00e4iteks pergola, varju ja kaunistamiseks.<\/li>\n<li><strong>Ehitiste katmine<\/strong>: Luua silmatorkavaid geomeetriliste v\u00f5i orgaaniliste kujunditega fassaade.\n<figure style=\"width: 699px\" class=\"wp-caption alignnone\"><a href=\"https:\/\/keweicorten.com\/et\/votke-meiega-uhendust\/\"><img fetchpriority=\"high\" decoding=\"async\" title=\"v\u00e4ljas eraldusekraan\" src=\"https:\/\/sc04.alicdn.com\/kf\/H85266be5e3dc462a85f820c052485447j\/253038816\/H85266be5e3dc462a85f820c052485447j.jpg\" alt=\"\" width=\"699\" height=\"393\" \/><\/a><figcaption class=\"wp-caption-text\">v\u00e4ljas eraldusekraan<\/figcaption><\/figure>\n<p>1. Privaatsus: \u00f5ueala privaatsuspaneelid pakuvad suurt privaatsust, mis muudab k\u00f5rvaliste isikute jaoks v\u00f5imatuks teie ruumi n\u00e4gemise.<br \/>\n2. Vastupidavus: Metallpaneelid on tugevad ja vastupidavad, mis t\u00e4hendab, et nad peavad vastu karmidele ilmastikutingimustele ja on<br \/>\nkauakestev.<br \/>\n3. Madal hooldus: Erinevalt teistest privaatsuse varjestamise v\u00f5imalustest vajavad dekoratiivsed metallist privaatsuspiirdepaneelid v\u00e4ga v\u00e4he hooldust.<br \/>\n4. Esteetiline atraktiivsus: Metallist privaatsusekraanide paneelid on saadaval laias valikus disainilahendusi, v\u00e4rve ja mustreid, mis lihtsustab<br \/>\nleia \u00fcks, mis sobib sinu isikliku stiiliga.<\/li>\n<\/ol>","protected":false},"excerpt":{"rendered":"<p>Corten terasest paneele kasutatakse laialdaselt paljudes v\u00e4litingimustes, sest see moodustab kaitsva roostekihi, mis annab sellele pika eluts\u00fckli, muutes selle v\u00e4hese hooldusega lahenduseks erinevateks kasutusaladeks.<\/p>","protected":false},"featured_media":1303,"comment_status":"open","ping_status":"closed","template":"","meta":{"_eb_attr":"","_monsterinsights_skip_tracking":false,"_monsterinsights_sitenote_active":false,"_monsterinsights_sitenote_note":"","_monsterinsights_sitenote_category":0,"_uf_show_specific_survey":0,"_uf_disable_surveys":false},"product_brand":[],"product_cat":[57],"product_tag":[],"class_list":{"0":"post-1302","1":"product","2":"type-product","3":"status-publish","4":"has-post-thumbnail","6":"product_cat-screen-panel","8":"first","9":"instock","10":"shipping-taxable","11":"product-type-simple"},"_links":{"self":[{"href":"https:\/\/keweicorten.com\/et\/wp-json\/wp\/v2\/product\/1302"}],"collection":[{"href":"https:\/\/keweicorten.com\/et\/wp-json\/wp\/v2\/product"}],"about":[{"href":"https:\/\/keweicorten.com\/et\/wp-json\/wp\/v2\/types\/product"}],"replies":[{"embeddable":true,"href":"https:\/\/keweicorten.com\/et\/wp-json\/wp\/v2\/comments?post=1302"}],"version-history":[{"count":1,"href":"https:\/\/keweicorten.com\/et\/wp-json\/wp\/v2\/product\/1302\/revisions"}],"predecessor-version":[{"id":1304,"href":"https:\/\/keweicorten.com\/et\/wp-json\/wp\/v2\/product\/1302\/revisions\/1304"}],"wp:featuredmedia":[{"embeddable":true,"href":"https:\/\/keweicorten.com\/et\/wp-json\/wp\/v2\/media\/1303"}],"wp:attachment":[{"href":"https:\/\/keweicorten.com\/et\/wp-json\/wp\/v2\/media?parent=1302"}],"wp:term":[{"taxonomy":"product_brand","embeddable":true,"href":"https:\/\/keweicorten.com\/et\/wp-json\/wp\/v2\/product_brand?post=1302"},{"taxonomy":"product_cat","embeddable":true,"href":"https:\/\/keweicorten.com\/et\/wp-json\/wp\/v2\/product_cat?post=1302"},{"taxonomy":"product_tag","embeddable":true,"href":"https:\/\/keweicorten.com\/et\/wp-json\/wp\/v2\/product_tag?post=1302"}],"curies":[{"name":"wp","href":"https:\/\/api.w.org\/{rel}","templated":true}]}}