{"id":1305,"date":"2024-09-20T08:36:04","date_gmt":"2024-09-20T08:36:04","guid":{"rendered":"https:\/\/keweicorten.com\/?post_type=product&#038;p=1305"},"modified":"2025-01-15T06:24:28","modified_gmt":"2025-01-15T06:24:28","slug":"laseriga-loigatud-seinapaneelid","status":"publish","type":"product","link":"https:\/\/keweicorten.com\/et\/laseriga-loigatud-seinapaneelid\/","title":{"rendered":"laseriga l\u00f5igatud seinapaneelid"},"content":{"rendered":"<p>Laseriga l\u00f5igatud seinapaneelid on dekoratiivsed ja funktsionaalsed elemendid, mida kasutatakse sageli nii sise- kui ka v\u00e4lisruumides. Need paneelid on tavaliselt valmistatud sellistest materjalidest nagu metall (n\u00e4iteks cortenterasest, alumiiniumist v\u00f5i roostevabast terasest), puit v\u00f5i komposiitmaterjalid. Need luuakse keeruliste mustrite, kujundite v\u00f5i geomeetriliste kujundite t\u00e4pse l\u00f5ikamisega paneeli pinnale, kasutades selleks lasertehnoloogiat.<\/p>\n<ul>\n<li><strong>Ruumijaoturid:<\/strong> Need paneelid v\u00f5ivad eraldada ruume avatud planeeringuga kodus v\u00f5i kontoris.<\/li>\n<li><strong>Seinakunst:<\/strong> Kunstilise elemendina elutubades, terrassidel v\u00f5i \u00f5uealadel.<\/li>\n<li><strong>Privaatsusekraanid:<\/strong> R\u00f5dude, terrasside v\u00f5i aedade eraldatuse lisamiseks.<\/li>\n<li><strong>Piirdeaiad v\u00f5i v\u00e4ravad:<\/strong> Suuremaks turvalisuseks v\u00f5i kaunistamiseks v\u00e4listingimustes.<\/li>\n<\/ul>\n<p><strong>Laseriga l\u00f5igatud seinapaneelid Eelised:<\/strong><\/p>\n<ul>\n<li><strong>Kohandamine:<\/strong> Disainilahendusi saab isikup\u00e4rastada, et need sobiksid mis tahes esteetikaga.<\/li>\n<li><strong>Vastupidavus:<\/strong> Metallid, nagu kortenterteras, tekitavad aja jooksul kaitsva roostepatina, mis muudab need sobivaks v\u00e4litingimustes kasutamiseks.<\/li>\n<li><strong>Mitmek\u00fclgsus:<\/strong> Saab kasutada moodsas, rustikaalses v\u00f5i traditsioonilises kujunduses.<\/li>\n<\/ul>","protected":false},"excerpt":{"rendered":"<p><span class=\"magic-17\" style=\"color: #f70843;\">100% rahulolu garantii<\/span><\/p>\n<div><span class=\"magic-17\" style=\"color: #f70843;\">Materjal - Corten teras<br \/>\n<\/span><\/div>\n<div><span class=\"magic-17\" style=\"color: #f70843;\">Seda saab kasutada nii sise- kui ka v\u00e4listingimustes.<\/span><\/div>\n<div>\n<table class=\"has-title all magic-9\">\n<tbody>\n<tr>\n<td colspan=\"1\" rowspan=\"1\">\n<div class=\"magic-10\" data-spm-anchor-id=\"a2700.details.0.i39.2f0453fbTWsH9o\">Toote t\u00fc\u00fcp<\/div>\n<\/td>\n<td colspan=\"1\" rowspan=\"1\">\n<div class=\"magic-11\">Metallist ekraanipaneel<\/div>\n<\/td>\n<td colspan=\"1\" rowspan=\"1\">\n<div class=\"magic-12\">Materjal<\/div>\n<\/td>\n<td colspan=\"1\" rowspan=\"1\">\n<div class=\"magic-13\">Corten teras, metall<\/div>\n<\/td>\n<\/tr>\n<tr>\n<td colspan=\"1\" rowspan=\"1\">\n<div class=\"magic-10\">M\u00f5\u00f5tmed<\/div>\n<\/td>\n<td colspan=\"1\" rowspan=\"1\">\n<div class=\"magic-11\">Kohandatud<\/div>\n<\/td>\n<td colspan=\"1\" rowspan=\"1\">\n<div class=\"magic-12\">Muster<\/div>\n<\/td>\n<td colspan=\"1\" rowspan=\"1\">\n<div class=\"magic-13\">Kohandatud<\/div>\n<\/td>\n<\/tr>\n<tr>\n<td colspan=\"1\" rowspan=\"1\">\n<div class=\"magic-10\">Taotlus<\/div>\n<\/td>\n<td colspan=\"3\" rowspan=\"1\">\n<div class=\"magic-14\">Jagatud, privaatsus, kaunistamine jne<\/div>\n<\/td>\n<\/tr>\n<tr>\n<td colspan=\"1\" rowspan=\"1\">\n<div class=\"magic-10\">Pakkimine<\/div>\n<\/td>\n<td colspan=\"3\" rowspan=\"1\">\n<div class=\"magic-14\">Puidust kast, karp, kohandatud<\/div>\n<\/td>\n<\/tr>\n<\/tbody>\n<\/table>\n<\/div>","protected":false},"featured_media":1306,"comment_status":"open","ping_status":"closed","template":"","meta":{"_eb_attr":"","_monsterinsights_skip_tracking":false,"_monsterinsights_sitenote_active":false,"_monsterinsights_sitenote_note":"","_monsterinsights_sitenote_category":0,"_uf_show_specific_survey":0,"_uf_disable_surveys":false},"product_brand":[],"product_cat":[57],"product_tag":[],"class_list":{"0":"post-1305","1":"product","2":"type-product","3":"status-publish","4":"has-post-thumbnail","6":"product_cat-screen-panel","8":"first","9":"instock","10":"shipping-taxable","11":"product-type-simple"},"_links":{"self":[{"href":"https:\/\/keweicorten.com\/et\/wp-json\/wp\/v2\/product\/1305"}],"collection":[{"href":"https:\/\/keweicorten.com\/et\/wp-json\/wp\/v2\/product"}],"about":[{"href":"https:\/\/keweicorten.com\/et\/wp-json\/wp\/v2\/types\/product"}],"replies":[{"embeddable":true,"href":"https:\/\/keweicorten.com\/et\/wp-json\/wp\/v2\/comments?post=1305"}],"version-history":[{"count":1,"href":"https:\/\/keweicorten.com\/et\/wp-json\/wp\/v2\/product\/1305\/revisions"}],"predecessor-version":[{"id":1307,"href":"https:\/\/keweicorten.com\/et\/wp-json\/wp\/v2\/product\/1305\/revisions\/1307"}],"wp:featuredmedia":[{"embeddable":true,"href":"https:\/\/keweicorten.com\/et\/wp-json\/wp\/v2\/media\/1306"}],"wp:attachment":[{"href":"https:\/\/keweicorten.com\/et\/wp-json\/wp\/v2\/media?parent=1305"}],"wp:term":[{"taxonomy":"product_brand","embeddable":true,"href":"https:\/\/keweicorten.com\/et\/wp-json\/wp\/v2\/product_brand?post=1305"},{"taxonomy":"product_cat","embeddable":true,"href":"https:\/\/keweicorten.com\/et\/wp-json\/wp\/v2\/product_cat?post=1305"},{"taxonomy":"product_tag","embeddable":true,"href":"https:\/\/keweicorten.com\/et\/wp-json\/wp\/v2\/product_tag?post=1305"}],"curies":[{"name":"wp","href":"https:\/\/api.w.org\/{rel}","templated":true}]}}