{"id":1308,"date":"2024-09-23T02:48:35","date_gmt":"2024-09-23T02:48:35","guid":{"rendered":"https:\/\/keweicorten.com\/?post_type=product&#038;p=1308"},"modified":"2025-01-15T06:24:20","modified_gmt":"2025-01-15T06:24:20","slug":"corten-terasest-veekaussi","status":"publish","type":"product","link":"https:\/\/keweicorten.com\/et\/corten-terasest-veekaussi\/","title":{"rendered":"corten terasest veekaussi"},"content":{"rendered":"<p>Corten terasest veekausid on populaarne t\u00e4iendus kaasaegsetele aedadele ja v\u00e4litingimustele t\u00e4nu nende ilmastikust v\u00e4ljakujunenud, rustikaalsele v\u00e4limusele, mis kujuneb aja jooksul v\u00e4lja. Teras, mida nimetatakse ka ilmastikutingimustes kasutatavaks teraseks, omandab p\u00e4rast ilmastikutingimustes viibimist stabiilse roostesarnase v\u00e4limuse, mis annab sellele iseloomuliku oran\u017eikaspruuni v\u00e4rvuse. Need kausid v\u00f5ivad olla aedades suurep\u00e4rased fookuspunktid, veeelemendid v\u00f5i isegi linnuvannid.<\/p>\n<h2>Kortenterterasest veekaussi omadused on j\u00e4rgmised:<\/h2>\n<ul>\n<li><strong>Vastupidavus<\/strong>: Corten teras on v\u00e4ga korrosioonikindel, mis t\u00e4hendab, et see kestab v\u00e4litingimustes palju aastaid.<\/li>\n<li><strong>Esteetiline atraktiivsus<\/strong>: Looduslikult oks\u00fcdeeruv pind loob elava patina, mis sobib h\u00e4sti kokku looduse ja kaasaegse disainiga.<\/li>\n<li><strong>Erinevad suurused<\/strong>: Veekausid on erineva suurusega, alates v\u00e4ikestest dekoratiivsetest kaussidest kuni suurte funktsioonideni, mis v\u00f5ivad olla osa suuremast aiamaastikust.<\/li>\n<li><strong>Mitmek\u00fclgsus<\/strong>: Neid kortenterterasest veekausse saab kasutada iseseisva elemendina, osana purskkaevus\u00fcsteemist v\u00f5i koos dekoratiivsete kivide v\u00f5i taimedega.<\/li>\n<\/ul>\n<div class=\"J_module\">\n<div class=\"detail-decorate-json-renderer-container\">\n<div class=\"magic-1\">\n<div class=\"magic-2\">\n<div class=\"magic-3\">\n<div class=\"magic-4\"><span class=\"magic-8\"><span class=\"magic-5\" style=\"font-family: Arial;\">Kortenterterasest veekausse kasutatakse telkimiseks tulekolle v\u00f5i vihmavee purskkaevu aias ja tagahoovis.<span data-spm-anchor-id=\"a2700.details.0.i42.1cc76ac413SX1S\"> Corten terasest materjal on rustikaalne, tugev ja katab end aja jooksul kaitsva roostekihiga.<\/span><\/span><\/span><\/div>\n<\/div>\n<\/div>\n<\/div>\n<\/div>\n<\/div>\n<div class=\"J_module\">\n<div class=\"icbu-pc-images magic-10\">\n<div>\n<div class=\"flex-layout-h\">\n<div class=\"flex-layout-v magic-11\">\n<table class=\"all magic-39\">\n<tbody>\n<tr>\n<td colspan=\"1\" rowspan=\"1\">\n<div class=\"magic-40\" data-spm-anchor-id=\"a2700.details.0.i43.1cc76ac413SX1S\"><b>Toote nimi\u00a0<\/b><\/div>\n<\/td>\n<td colspan=\"1\" rowspan=\"1\">\n<div class=\"magic-41\">Metallist tulekolle<\/div>\n<\/td>\n<\/tr>\n<tr>\n<td colspan=\"1\" rowspan=\"1\">\n<div class=\"magic-40\"><b>Materjal\u00a0<\/b><\/div>\n<\/td>\n<td colspan=\"1\" rowspan=\"1\">\n<div class=\"magic-41\">cortenterasest ,roostevabast terasest ,alumiiniumist ja terasest<\/div>\n<\/td>\n<\/tr>\n<tr>\n<td colspan=\"1\" rowspan=\"1\">\n<div class=\"magic-40\"><b>Suurus<\/b><\/div>\n<\/td>\n<td colspan=\"1\" rowspan=\"1\">\n<div class=\"magic-41\">60cm, 70cm, 80cm, 90cm, 100cm, 120cm, 150cm l\u00e4bim\u00f5\u00f5duga, pakume kohandatud suurust vastavalt teie n\u00f5udmistele.<\/div>\n<\/td>\n<\/tr>\n<tr>\n<td colspan=\"1\" rowspan=\"1\">\n<div class=\"magic-40\"><b>Paksus\u00a0<\/b><\/div>\n<\/td>\n<td colspan=\"1\" rowspan=\"1\">\n<div class=\"magic-41\">2mm, 3mm, 4mm<\/div>\n<\/td>\n<\/tr>\n<tr>\n<td colspan=\"1\" rowspan=\"1\">\n<div class=\"magic-40\"><b>L\u00f5petamine\u00a0<\/b><\/div>\n<\/td>\n<td colspan=\"1\" rowspan=\"1\">\n<div class=\"magic-41\">\u00a0Looduslik rooste \/ must k\u00f5rgtemperatuuriline pulberv\u00e4rvimine<\/div>\n<\/td>\n<\/tr>\n<tr>\n<td colspan=\"1\" rowspan=\"1\">\n<div class=\"magic-40\"><b>Pakkimine<\/b><\/div>\n<\/td>\n<td colspan=\"1\" rowspan=\"1\">\n<div class=\"magic-41\">3K+ k\u00f5va pruun kast, mis on pakendatud v\u00e4rvilise sildiga<\/div>\n<\/td>\n<\/tr>\n<tr>\n<td colspan=\"1\" rowspan=\"1\">\n<div class=\"magic-40\"><b>Kasutamine<\/b><\/div>\n<\/td>\n<td colspan=\"1\" rowspan=\"1\">\n<div class=\"magic-41\">Kodu ja aia kaunistamine<\/div>\n<\/td>\n<\/tr>\n<\/tbody>\n<\/table>\n<\/div>\n<\/div>\n<\/div>\n<\/div>\n<\/div>","protected":false},"excerpt":{"rendered":"<p class=\"magic-47\"><span class=\"magic-43\" style=\"color: #0f0202; font-family: Georgia;\">Meie eelis :<\/span><\/p>\n<p class=\"magic-47\"><span class=\"magic-43\" style=\"color: #0f0202; font-family: Georgia;\">A. Klassikaline disain ja parim kvaliteet konkurentsiv\u00f5imeliste hindadega<\/span><\/p>\n<p class=\"magic-47\"><span class=\"magic-43\" style=\"color: #0f0202; font-family: Georgia;\">B. Sajad erinevad stiilid laia valiku jaoks<\/p>\n<p>C. traditsioonilised v\u00f5i antiikv\u00e4rvi imitatsioonid valikuliselt<\/p>\n<p>D. Usaldusv\u00e4\u00e4rne teenus, kiire ja tihe koost\u00f6\u00f6.<\/span><\/p>","protected":false},"featured_media":1309,"comment_status":"open","ping_status":"closed","template":"","meta":{"_eb_attr":"","_monsterinsights_skip_tracking":false,"_monsterinsights_sitenote_active":false,"_monsterinsights_sitenote_note":"","_monsterinsights_sitenote_category":0,"_uf_show_specific_survey":0,"_uf_disable_surveys":false},"product_brand":[],"product_cat":[54],"product_tag":[],"class_list":{"0":"post-1308","1":"product","2":"type-product","3":"status-publish","4":"has-post-thumbnail","6":"product_cat-wood-fire-pit","8":"first","9":"instock","10":"shipping-taxable","11":"product-type-simple"},"_links":{"self":[{"href":"https:\/\/keweicorten.com\/et\/wp-json\/wp\/v2\/product\/1308"}],"collection":[{"href":"https:\/\/keweicorten.com\/et\/wp-json\/wp\/v2\/product"}],"about":[{"href":"https:\/\/keweicorten.com\/et\/wp-json\/wp\/v2\/types\/product"}],"replies":[{"embeddable":true,"href":"https:\/\/keweicorten.com\/et\/wp-json\/wp\/v2\/comments?post=1308"}],"version-history":[{"count":1,"href":"https:\/\/keweicorten.com\/et\/wp-json\/wp\/v2\/product\/1308\/revisions"}],"predecessor-version":[{"id":1310,"href":"https:\/\/keweicorten.com\/et\/wp-json\/wp\/v2\/product\/1308\/revisions\/1310"}],"wp:featuredmedia":[{"embeddable":true,"href":"https:\/\/keweicorten.com\/et\/wp-json\/wp\/v2\/media\/1309"}],"wp:attachment":[{"href":"https:\/\/keweicorten.com\/et\/wp-json\/wp\/v2\/media?parent=1308"}],"wp:term":[{"taxonomy":"product_brand","embeddable":true,"href":"https:\/\/keweicorten.com\/et\/wp-json\/wp\/v2\/product_brand?post=1308"},{"taxonomy":"product_cat","embeddable":true,"href":"https:\/\/keweicorten.com\/et\/wp-json\/wp\/v2\/product_cat?post=1308"},{"taxonomy":"product_tag","embeddable":true,"href":"https:\/\/keweicorten.com\/et\/wp-json\/wp\/v2\/product_tag?post=1308"}],"curies":[{"name":"wp","href":"https:\/\/api.w.org\/{rel}","templated":true}]}}