{"id":1311,"date":"2024-09-23T03:00:44","date_gmt":"2024-09-23T03:00:44","guid":{"rendered":"https:\/\/keweicorten.com\/?post_type=product&#038;p=1311"},"modified":"2025-01-15T06:24:07","modified_gmt":"2025-01-15T06:24:07","slug":"metallist-vee-funktsioon-kaussi","status":"publish","type":"product","link":"https:\/\/keweicorten.com\/et\/metallist-vee-funktsioon-kaussi\/","title":{"rendered":"metallist vee funktsioon kaussi"},"content":{"rendered":"<h2>Metallist veefunktsiooniga kaussi omadused:<\/h2>\n<p>Korrosioonikindlus: See v\u00f5ib s\u00e4ilitada hea seisundi isegi siis, kui see on pikka aega v\u00e4ljaspool kodu tuule ja vihma k\u00e4es.<br \/>\nLooduslik ilu: Pind n\u00e4itab aja jooksul j\u00e4rk-j\u00e4rgult unikaalset roostet, moodustades oran\u017eikaspruuni loomuliku v\u00e4limuse, mis on v\u00e4ga koosk\u00f5las kaasaegse ja loodusliku disainistiili kombinatsiooniga.<br \/>\nKeskkonnakaitse: Korrodeerunud teras ei vaja t\u00e4iendavat hooldust ja ei m\u00f5juta keskkonda.<br \/>\nMitmek\u00fclgsus: Kauss on ilmastikukindel ja seda saab kasutada sisehoovis veeelemendina, lindude vannina, kalatiigina v\u00f5i maastikukaunistusena v\u00f5i purskkaevu osana.<br \/>\nSuuruse valikud: S\u00f5ltuvalt ruumivajadusest on ilmastikukindlad terasest kausid saadaval eri suurustes, alates v\u00e4ikestest dekoratiivsetest veekausidest kuni suurte haljastatud basseinideni.<br \/>\nKasutamise stsenaarium:<br \/>\n1. Maastikuvesi<br \/>\n2. Purskkaevu disain<br \/>\n3. Hoovi keskuse kaunistamine<\/p>\n<p>Corten terasest metallkaussidel on palju eeliseid, nii esteetilisi kui ka praktilisi.Need on t\u00f6\u00f6stuslikus stiilis, kuid ei ole karmid ega k\u00fclmad, ning nende kaunid vasekarva toonid lisavad kavale s\u00fcgavust ja kontrasti. Corten terasest tulekolle on t\u00e4iuslik madala hooldusega aiaelement. Corten terasest tulekolded. Avastage cortenterasest l\u00f5kkeplatsi vastupidavus ja rustikaalne ilu. Nii puidu- kui ka gaasip\u00f5letuslike variantide puhul areneb igal cortenist tulekoldel v\u00e4lja ainulaadne patina ja see ei ole mitte ainult tulekollektsioon, vaid ka kunstiteos.<\/p>\n<figure style=\"width: 627px\" class=\"wp-caption alignnone\"><a href=\"https:\/\/keweicorten.com\/et\"><img fetchpriority=\"high\" decoding=\"async\" title=\"aia veekaussi\" src=\"https:\/\/sc04.alicdn.com\/kf\/H75f6bcdaad934358a327cd4efdbeb9ae2\/238887437\/H75f6bcdaad934358a327cd4efdbeb9ae2.jpg\" alt=\"\" width=\"627\" height=\"627\" \/><\/a><figcaption class=\"wp-caption-text\">aia veekaussi<\/figcaption><\/figure>\n<p><b><span class=\"magic-15\" data-spm-anchor-id=\"a2700.details.0.i42.7d417f93rLNuig\">L\u00f5kkekoldeid kasutatakse mitmesugustes sise- v\u00f5i v\u00e4litingimustes, n\u00e4iteks v\u00e4litingimustes, aias, peol, grillimisel. <\/span><\/b><\/p>","protected":false},"excerpt":{"rendered":"<p>Corten terasest l\u00f5kkekolded. Avastage cortenterasest l\u00f5kkeplatside vastupidavus ja rustikaalne ilu. Nii puidu- kui ka gaasip\u00f5letusena on iga cortenist l\u00f5kkekolde puhul v\u00f5imalik saada ainulaadne patina ja see ei ole mitte ainult tulekollektsioon, vaid ka kunstiteos.<\/p>","protected":false},"featured_media":1312,"comment_status":"open","ping_status":"closed","template":"","meta":{"_eb_attr":"","_monsterinsights_skip_tracking":false,"_monsterinsights_sitenote_active":false,"_monsterinsights_sitenote_note":"","_monsterinsights_sitenote_category":0,"_uf_show_specific_survey":0,"_uf_disable_surveys":false},"product_brand":[],"product_cat":[54],"product_tag":[],"class_list":{"0":"post-1311","1":"product","2":"type-product","3":"status-publish","4":"has-post-thumbnail","6":"product_cat-wood-fire-pit","8":"first","9":"instock","10":"shipping-taxable","11":"product-type-simple"},"_links":{"self":[{"href":"https:\/\/keweicorten.com\/et\/wp-json\/wp\/v2\/product\/1311"}],"collection":[{"href":"https:\/\/keweicorten.com\/et\/wp-json\/wp\/v2\/product"}],"about":[{"href":"https:\/\/keweicorten.com\/et\/wp-json\/wp\/v2\/types\/product"}],"replies":[{"embeddable":true,"href":"https:\/\/keweicorten.com\/et\/wp-json\/wp\/v2\/comments?post=1311"}],"version-history":[{"count":1,"href":"https:\/\/keweicorten.com\/et\/wp-json\/wp\/v2\/product\/1311\/revisions"}],"predecessor-version":[{"id":1313,"href":"https:\/\/keweicorten.com\/et\/wp-json\/wp\/v2\/product\/1311\/revisions\/1313"}],"wp:featuredmedia":[{"embeddable":true,"href":"https:\/\/keweicorten.com\/et\/wp-json\/wp\/v2\/media\/1312"}],"wp:attachment":[{"href":"https:\/\/keweicorten.com\/et\/wp-json\/wp\/v2\/media?parent=1311"}],"wp:term":[{"taxonomy":"product_brand","embeddable":true,"href":"https:\/\/keweicorten.com\/et\/wp-json\/wp\/v2\/product_brand?post=1311"},{"taxonomy":"product_cat","embeddable":true,"href":"https:\/\/keweicorten.com\/et\/wp-json\/wp\/v2\/product_cat?post=1311"},{"taxonomy":"product_tag","embeddable":true,"href":"https:\/\/keweicorten.com\/et\/wp-json\/wp\/v2\/product_tag?post=1311"}],"curies":[{"name":"wp","href":"https:\/\/api.w.org\/{rel}","templated":true}]}}