{"id":1344,"date":"2024-09-24T07:04:01","date_gmt":"2024-09-24T07:04:01","guid":{"rendered":"https:\/\/keweicorten.com\/?post_type=product&#038;p=1344"},"modified":"2025-01-15T06:23:15","modified_gmt":"2025-01-15T06:23:15","slug":"valitingimustes-toiduvalmistamine-bbq","status":"publish","type":"product","link":"https:\/\/keweicorten.com\/et\/valitingimustes-toiduvalmistamine-bbq\/","title":{"rendered":"\u00d5ues k\u00fcpsetamine BBQ"},"content":{"rendered":"<p>Tundub, et otsite v\u00e4litingimustes grillimisv\u00f5imalusi! Arvestades teie huvi kortenterterasest, roostes grillidest ja l\u00f5kkeplatsidest, kujutan ette, et te tahaksite vastupidavat ja stiilset varianti v\u00e4litingimustes grillimiseks.<\/p>\n<h2>T\u00fc\u00fcbid Outdoor Cooking BBQ:<\/h2>\n<ol>\n<li><strong>Corten terasest grill<\/strong>:\n<ul>\n<li><strong>Materjal<\/strong>: Corten teras (ilmastikutingimustes kasutatav teras) arendab aja jooksul kaitsva roostekihi, mis takistab edasist korrosiooni, mist\u00f5ttu sobib see ideaalselt v\u00e4litingimustes kasutamiseks.<\/li>\n<li><strong>Omadused<\/strong>: Sageli on see multifunktsionaalne, olles nii grill, l\u00f5kkeplats kui ka toiduvalmistamispind. Roostes viimistlus lisab teie \u00f5uealale ka rustikaalset esteetikat.<\/li>\n<li><strong>Populaarsed mudelid<\/strong>: Kaasa arvatud grillilauad, l\u00f5kkekolde grillid v\u00f5i eraldiseisvad kortenterterasest grillid.<\/li>\n<\/ul>\n<\/li>\n<li><strong>S\u00fcsi BBQ<\/strong>:\n<ul>\n<li>On tuntud selle poolest, et annab toidule suitsuse maitse ja seda peetakse sageli traditsioonilisemaks.<\/li>\n<li>Saadaval kaasaskantava v\u00f5i sisseehitatud konstruktsioonina.<\/li>\n<\/ul>\n<\/li>\n<\/ol>\n<table class=\"all magic-8\" style=\"height: 193px;\" width=\"610\">\n<tbody>\n<tr>\n<td colspan=\"1\" rowspan=\"1\">\n<div class=\"magic-9\"><b><span style=\"font-size: medium;\" data-spm-anchor-id=\"a2700.details.0.i40.29453909VZqwlj\">Toote nimi<\/span><\/b><\/div>\n<\/td>\n<td colspan=\"1\" rowspan=\"1\">\n<div class=\"magic-10\"><span style=\"font-size: medium;\">v\u00e4ligrillid<\/span><\/div>\n<\/td>\n<\/tr>\n<tr>\n<td colspan=\"1\" rowspan=\"1\">\n<div class=\"magic-9\"><b><span style=\"font-size: medium;\">Materjal<\/span><\/b><\/div>\n<\/td>\n<td colspan=\"1\" rowspan=\"1\">\n<div class=\"magic-10\"><span style=\"font-size: medium;\">cortenterasest, leebest terasest.<\/span><\/div>\n<\/td>\n<\/tr>\n<tr>\n<td colspan=\"1\" rowspan=\"1\">\n<div class=\"magic-9\"><b><span style=\"font-size: medium;\">V\u00e4rv<\/span><\/b><\/div>\n<\/td>\n<td colspan=\"1\" rowspan=\"1\">\n<div class=\"magic-10\"><span style=\"font-size: medium;\">roostes<\/span><\/div>\n<\/td>\n<\/tr>\n<tr>\n<td colspan=\"1\" rowspan=\"1\">\n<div class=\"magic-9\"><b><span style=\"font-size: medium;\">Brade<\/span><\/b><\/div>\n<\/td>\n<td colspan=\"1\" rowspan=\"1\">\n<div class=\"magic-10\"><span style=\"font-size: medium;\">SHKW aed<\/span><\/div>\n<\/td>\n<\/tr>\n<tr>\n<td colspan=\"1\" rowspan=\"1\">\n<div class=\"magic-9\"><b><span style=\"font-size: medium;\">Suurus ja kuju<\/span><\/b><\/div>\n<\/td>\n<td colspan=\"1\" rowspan=\"1\">\n<div class=\"magic-10\"><span style=\"font-size: medium;\">800mm, 1000mm, standard v\u00f5i kohandatud<\/span><\/div>\n<\/td>\n<\/tr>\n<tr>\n<td colspan=\"1\" rowspan=\"1\">\n<div class=\"magic-9\"><b><span style=\"font-size: medium;\">Paksus:<\/span><\/b><\/div>\n<\/td>\n<td colspan=\"1\" rowspan=\"1\">\n<div class=\"magic-10\"><span style=\"font-size: medium;\">Alus ja kauss: 2 mm. keeduplaat: 10mm<\/span><\/div>\n<\/td>\n<\/tr>\n<\/tbody>\n<\/table>\n<p>Corten terasest v\u00e4ljas toiduvalmistamise BBQ grill<br \/>\nMaterjal: Pindadele moodustub oks\u00fcdatsioonikaitsekiht, millel on loomulik roostet\u00f5rje funktsioon.<br \/>\nOmadused: T\u00e4iuslik aia v\u00f5i terrassi kaunistamise stiiliks, unikaalne v\u00e4limus roostepunase v\u00e4rviga. See ei ole ainult grill, vaid seda saab kasutada ka pliidina.<br \/>\nEelised: Hea ilmastikukindlus, sobib erinevatesse v\u00e4liskeskkondadesse ja aja jooksul atraktiivsem v\u00e4limus.<\/p>\n<figure style=\"width: 700px\" class=\"wp-caption alignnone\"><a href=\"https:\/\/keweicorten.com\/et\/products\/\"><img fetchpriority=\"high\" decoding=\"async\" title=\"bbq  \" src=\"https:\/\/sc04.alicdn.com\/kf\/H43619cdf90fc42779f3408553b38ed204\/227652262\/H43619cdf90fc42779f3408553b38ed204.jpg\" alt=\"\" width=\"700\" height=\"700\" \/><\/a><figcaption class=\"wp-caption-text\">BBQ<\/figcaption><\/figure>\n<figure style=\"width: 699px\" class=\"wp-caption alignnone\"><a href=\"https:\/\/keweicorten.com\/et\/products\/\"><img decoding=\"async\" title=\"grill\" src=\"https:\/\/sc04.alicdn.com\/kf\/H655353c891944ef4b128f7c84bc70d7b2\/227652262\/H655353c891944ef4b128f7c84bc70d7b2.jpg\" alt=\"\" width=\"699\" height=\"699\" \/><\/a><figcaption class=\"wp-caption-text\">grill<\/figcaption><\/figure>","protected":false},"excerpt":{"rendered":"<p>Materjal: kortenterteras<\/p>\n<div><span class=\"magic-16\">Corten terast nimetatakse m\u00f5nikord ilmastikukindlaks teraseks. P\u00f5hjus, miks see kestab nii kaua, on see, et esimene korrosioonikiht takistab igasugust<br \/>\nrooste p\u00f5hjustatud edasine halvenemine.<br \/>\n<\/span><\/div>\n<div><span class=\"magic-16\">Mida rohkem te seda kasutate, seda parem tundub see olevat. M\u00f5ne aja m\u00f6\u00f6dudes tekib terasele ilus ja loomulik patiinakiht.<br \/>\n<\/span><\/div>\n<div><span class=\"magic-16\">Corten terasest grilliga l\u00f5kkeplatsi laud koos grilliga saab j\u00e4tta aastaringselt \u00f5ue ilma katte vajaduseta.<\/span><\/div>","protected":false},"featured_media":1345,"comment_status":"open","ping_status":"closed","template":"","meta":{"_eb_attr":"","_monsterinsights_skip_tracking":false,"_monsterinsights_sitenote_active":false,"_monsterinsights_sitenote_note":"","_monsterinsights_sitenote_category":0,"_uf_show_specific_survey":0,"_uf_disable_surveys":false},"product_brand":[],"product_cat":[63],"product_tag":[],"class_list":{"0":"post-1344","1":"product","2":"type-product","3":"status-publish","4":"has-post-thumbnail","6":"product_cat-steel-bbq-grill","8":"first","9":"instock","10":"shipping-taxable","11":"product-type-simple"},"_links":{"self":[{"href":"https:\/\/keweicorten.com\/et\/wp-json\/wp\/v2\/product\/1344"}],"collection":[{"href":"https:\/\/keweicorten.com\/et\/wp-json\/wp\/v2\/product"}],"about":[{"href":"https:\/\/keweicorten.com\/et\/wp-json\/wp\/v2\/types\/product"}],"replies":[{"embeddable":true,"href":"https:\/\/keweicorten.com\/et\/wp-json\/wp\/v2\/comments?post=1344"}],"version-history":[{"count":1,"href":"https:\/\/keweicorten.com\/et\/wp-json\/wp\/v2\/product\/1344\/revisions"}],"predecessor-version":[{"id":1346,"href":"https:\/\/keweicorten.com\/et\/wp-json\/wp\/v2\/product\/1344\/revisions\/1346"}],"wp:featuredmedia":[{"embeddable":true,"href":"https:\/\/keweicorten.com\/et\/wp-json\/wp\/v2\/media\/1345"}],"wp:attachment":[{"href":"https:\/\/keweicorten.com\/et\/wp-json\/wp\/v2\/media?parent=1344"}],"wp:term":[{"taxonomy":"product_brand","embeddable":true,"href":"https:\/\/keweicorten.com\/et\/wp-json\/wp\/v2\/product_brand?post=1344"},{"taxonomy":"product_cat","embeddable":true,"href":"https:\/\/keweicorten.com\/et\/wp-json\/wp\/v2\/product_cat?post=1344"},{"taxonomy":"product_tag","embeddable":true,"href":"https:\/\/keweicorten.com\/et\/wp-json\/wp\/v2\/product_tag?post=1344"}],"curies":[{"name":"wp","href":"https:\/\/api.w.org\/{rel}","templated":true}]}}