{"id":1347,"date":"2024-09-24T07:19:21","date_gmt":"2024-09-24T07:19:21","guid":{"rendered":"https:\/\/keweicorten.com\/?post_type=product&#038;p=1347"},"modified":"2025-01-15T06:23:06","modified_gmt":"2025-01-15T06:23:06","slug":"valitingimustes-kasutatav-soegrill","status":"publish","type":"product","link":"https:\/\/keweicorten.com\/et\/valitingimustes-kasutatav-soegrill\/","title":{"rendered":"V\u00e4litingimustes kasutatav s\u00f6egrill"},"content":{"rendered":"<h2>Corten terase kasutamine v\u00e4litingimustes kasutatavas s\u00f6egrillis<\/h2>\n<p>Pikaajaline vastupidavus: Corten-terase ilmastikukindlus muudab selle ideaalseks v\u00e4litingimustes kasutatavate grillseadmete jaoks. Erinevalt traditsioonilistest terasgrillidest peab Corten teras vastu pikaajalisele v\u00e4litingimustes kasutamisele ilma sagedase hoolduse v\u00f5i rooste p\u00e4rast muretsemata.<br \/>\nSee sobib eriti h\u00e4sti kasutamiseks niiskes v\u00f5i muutlikus kliimas, kuna see ei korrodeeru kiiresti vihma ja niiskuse m\u00f5jul, nagu tavaline teras.<\/p>\n<p>Soojust\u00f5husus ja soojusjuhtivus: Kuigi Corten teras on peamiselt tuntud oma ilmastikukindluse poolest, on tal ka hea soojusjuhtivus. See t\u00e4hendab, et see suudab grillimise ajal t\u00f5husalt ja \u00fchtlaselt soojust jaotada, nii et toit kuumutatakse \u00fchtlasemalt, parandades seega grillimise efekti.<br \/>\nLisaks on Corten-terase paksus tavaliselt suurem, mis t\u00e4hendab, et see suudab soojust salvestada, s\u00e4ilitades seega pidevalt soojust v\u00e4iksema k\u00fctusekuluga.<\/p>\n<p>Funktsionaalsus ja mitmekesisus: Corten Outdoor Charcoal BBQ grillid on sageli kavandatud multifunktsionaalsete seadmetena, mida saab kasutada nii grilli kui ka s\u00f6egrillidena, mis suurendab veelgi nende kasutusv\u00f5imaluste mitmekesisust. Selle vastupidavus ja korrosioonikindlus v\u00f5imaldavad taluda k\u00f5rgeid temperatuure, samas kui selle esteetilisus muudab selle v\u00e4litingimustes toimuvate koosviibimiste visuaalseks keskpunktiks.<\/p>\n<table class=\"all magic-17\" style=\"height: 250px;\" width=\"734\">\n<tbody>\n<tr>\n<td colspan=\"2\" rowspan=\"1\">\n<div class=\"magic-18\" data-spm-anchor-id=\"a2700.details.0.i39.133e3f8dQmxxUd\">Toote nimi<\/div>\n<\/td>\n<td colspan=\"3\" rowspan=\"1\">\n<div class=\"magic-21\">Garden Party puidust s\u00f6e Corten metallist BBQ grill tulekolle<\/div>\n<\/td>\n<\/tr>\n<tr>\n<td colspan=\"2\" rowspan=\"1\">\n<div class=\"magic-18\">Tooraine<\/div>\n<\/td>\n<td colspan=\"3\" rowspan=\"1\">\n<div class=\"magic-21\">Corten metallplaat, toiduklassi 304 roostevaba teras<\/div>\n<\/td>\n<\/tr>\n<tr>\n<td colspan=\"2\" rowspan=\"1\">\n<div class=\"magic-23\">Suuruse valimine<\/div>\n<\/td>\n<td colspan=\"3\" rowspan=\"1\">\n<div class=\"magic-25\">500*500*1000mm ja \u00fcmmargune t\u00fc\u00fcp, aktsepteerib ka OEM kohandatud<\/div>\n<\/td>\n<\/tr>\n<tr>\n<td colspan=\"2\" rowspan=\"1\">\n<div class=\"magic-18\">K\u00fctuse t\u00fc\u00fcp<\/div>\n<\/td>\n<td colspan=\"3\" rowspan=\"1\">\n<div class=\"magic-21\">Tavaliselt on s\u00f6e puit, v\u00f5ib ka muuta gaasi \/ propaani t\u00fc\u00fcpi<\/div>\n<\/td>\n<\/tr>\n<tr>\n<td colspan=\"2\" rowspan=\"1\">\n<div class=\"magic-23\">Sertifitseerimine<\/div>\n<\/td>\n<td colspan=\"3\" rowspan=\"1\">\n<div class=\"magic-25\">CE\/ 3C\/ CAS<\/div>\n<\/td>\n<\/tr>\n<tr>\n<td colspan=\"2\" rowspan=\"1\">\n<div class=\"magic-23\">Pakett<\/div>\n<\/td>\n<td colspan=\"3\" rowspan=\"1\">\n<div class=\"magic-25\">Kartongpakend koos kaubaalustega<\/div>\n<\/td>\n<\/tr>\n<tr>\n<td colspan=\"2\" rowspan=\"1\">\n<div class=\"magic-23\">MOQ<\/div>\n<\/td>\n<td colspan=\"3\" rowspan=\"1\">\n<div class=\"magic-25\">1tk ja 80tk 20GP konteineri jaoks.<\/div>\n<\/td>\n<\/tr>\n<tr>\n<td colspan=\"2\" rowspan=\"1\">\n<div class=\"magic-23\">Peamine turg<\/div>\n<\/td>\n<td colspan=\"3\" rowspan=\"1\">\n<div class=\"magic-25\">Euroopa\/USA\/ Austraalia<\/div>\n<\/td>\n<\/tr>\n<\/tbody>\n<\/table>\n<figure style=\"width: 700px\" class=\"wp-caption alignnone\"><a href=\"https:\/\/keweicorten.com\/et\"><img fetchpriority=\"high\" decoding=\"async\" title=\"L\u00f5kkekoht\" src=\"https:\/\/sc04.alicdn.com\/kf\/H3251a163a5d842c7bd1860b59de2a48bk\/252624420\/H3251a163a5d842c7bd1860b59de2a48bk.jpg\" alt=\"\" width=\"700\" height=\"700\" \/><\/a><figcaption class=\"wp-caption-text\">L\u00f5kkekoht<\/figcaption><\/figure>\n<figure style=\"width: 700px\" class=\"wp-caption alignnone\"><a href=\"https:\/\/keweicorten.com\/et\/products\/\"><img decoding=\"async\" title=\"Fire pit BBQ Grill\" src=\"https:\/\/sc04.alicdn.com\/kf\/H10865e80ce434dcf8b929e7e39ebec96l\/252624420\/H10865e80ce434dcf8b929e7e39ebec96l.jpg\" alt=\"\" width=\"700\" height=\"700\" \/><\/a><figcaption class=\"wp-caption-text\">Fire pit BBQ Grill<\/figcaption><\/figure>","protected":false},"excerpt":{"rendered":"<p class=\"magic-5\"><span class=\"magic-6\"><span data-spm-anchor-id=\"a2700.details.0.i44.133e3f8dQmxxUd\">Garden Party puidust s\u00f6e Corten metallist BBQ grill tulekolle<\/span><\/span><\/p>\n<p class=\"magic-5\"><span style=\"font-size: 16px;\">Voolavus n\u00e4itab \u00fcksikasju tooraine suuruse ja paksuse kohta:<\/span><\/p>\n<div class=\"magic-7\">\n<div class=\"magic-8\">\n<div class=\"magic-9\">1. tulekahju skaala v\u00f5i koonuse k\u00f5rgus on tavaliselt 27 cm, mis valtsitakse 2,0 mm corten-metallist lehega.<\/p>\n<div>2.K\u00fcpsetusplaat :K\u00fclmvaltsitud 10 mm terasleht l\u00e4bim\u00f5\u00f5t on 100 cm.<br \/>\n3.Tulekamber, milles kasutatakse 2,0 mm paksust Corten terast.<br \/>\n4.The tuhasahtel :2 mm Corten terasest<br \/>\n5.Down keha :Corten terasest paksus :2 mm Suurus:700*500*500 mm<\/div>\n<\/div>\n<\/div>\n<\/div>","protected":false},"featured_media":1348,"comment_status":"open","ping_status":"closed","template":"","meta":{"_eb_attr":"","_monsterinsights_skip_tracking":false,"_monsterinsights_sitenote_active":false,"_monsterinsights_sitenote_note":"","_monsterinsights_sitenote_category":0,"_uf_show_specific_survey":0,"_uf_disable_surveys":false},"product_brand":[],"product_cat":[63],"product_tag":[],"class_list":{"0":"post-1347","1":"product","2":"type-product","3":"status-publish","4":"has-post-thumbnail","6":"product_cat-steel-bbq-grill","8":"first","9":"instock","10":"shipping-taxable","11":"product-type-simple"},"_links":{"self":[{"href":"https:\/\/keweicorten.com\/et\/wp-json\/wp\/v2\/product\/1347"}],"collection":[{"href":"https:\/\/keweicorten.com\/et\/wp-json\/wp\/v2\/product"}],"about":[{"href":"https:\/\/keweicorten.com\/et\/wp-json\/wp\/v2\/types\/product"}],"replies":[{"embeddable":true,"href":"https:\/\/keweicorten.com\/et\/wp-json\/wp\/v2\/comments?post=1347"}],"version-history":[{"count":1,"href":"https:\/\/keweicorten.com\/et\/wp-json\/wp\/v2\/product\/1347\/revisions"}],"predecessor-version":[{"id":1352,"href":"https:\/\/keweicorten.com\/et\/wp-json\/wp\/v2\/product\/1347\/revisions\/1352"}],"wp:featuredmedia":[{"embeddable":true,"href":"https:\/\/keweicorten.com\/et\/wp-json\/wp\/v2\/media\/1348"}],"wp:attachment":[{"href":"https:\/\/keweicorten.com\/et\/wp-json\/wp\/v2\/media?parent=1347"}],"wp:term":[{"taxonomy":"product_brand","embeddable":true,"href":"https:\/\/keweicorten.com\/et\/wp-json\/wp\/v2\/product_brand?post=1347"},{"taxonomy":"product_cat","embeddable":true,"href":"https:\/\/keweicorten.com\/et\/wp-json\/wp\/v2\/product_cat?post=1347"},{"taxonomy":"product_tag","embeddable":true,"href":"https:\/\/keweicorten.com\/et\/wp-json\/wp\/v2\/product_tag?post=1347"}],"curies":[{"name":"wp","href":"https:\/\/api.w.org\/{rel}","templated":true}]}}