{"id":1353,"date":"2024-09-24T07:28:46","date_gmt":"2024-09-24T07:28:46","guid":{"rendered":"https:\/\/keweicorten.com\/?post_type=product&#038;p=1353"},"modified":"2025-01-15T06:22:57","modified_gmt":"2025-01-15T06:22:57","slug":"lokkekolde-grill","status":"publish","type":"product","link":"https:\/\/keweicorten.com\/et\/lokkekolde-grill\/","title":{"rendered":"l\u00f5kkekolde grill"},"content":{"rendered":"<p>Me aktsepteerime igasugust OEM disain tulekahju pit tulekahju pit bbq grill, ja OEM disainilahendusi ei n\u00e4idata \u00fchelgi avalikul veebisaidil, ja me aktsepteerime ka v\u00e4ikeseid tellimusi olemasolevate esemete jaoks.<\/p>\n<table class=\"all magic-17\">\n<tbody>\n<tr>\n<td colspan=\"2\" rowspan=\"1\">\n<div class=\"magic-18\" data-spm-anchor-id=\"a2700.details.0.i42.69593f8dt8y1yG\">Toote nimi<\/div>\n<\/td>\n<td colspan=\"3\" rowspan=\"1\">\n<div class=\"magic-21\">Garden Party puidust s\u00f6e Corten metallist BBQ grill tulekolle<\/div>\n<\/td>\n<\/tr>\n<tr>\n<td colspan=\"2\" rowspan=\"1\">\n<div class=\"magic-18\">Tooraine<\/div>\n<\/td>\n<td colspan=\"3\" rowspan=\"1\">\n<div class=\"magic-21\">Corten metallplaat, toiduklassi 304 roostevaba teras<\/div>\n<\/td>\n<\/tr>\n<tr>\n<td colspan=\"2\" rowspan=\"1\">\n<div class=\"magic-23\">Suuruse valimine<\/div>\n<\/td>\n<td colspan=\"3\" rowspan=\"1\">\n<div class=\"magic-25\">500*500*1000mm ja \u00fcmmargune t\u00fc\u00fcp, aktsepteerib ka OEM kohandatud<\/div>\n<\/td>\n<\/tr>\n<tr>\n<td colspan=\"2\" rowspan=\"1\">\n<div class=\"magic-18\">K\u00fctuse t\u00fc\u00fcp<\/div>\n<\/td>\n<td colspan=\"3\" rowspan=\"1\">\n<div class=\"magic-21\">Tavaliselt on s\u00f6e puit, v\u00f5ib ka muuta gaasi \/ propaani t\u00fc\u00fcpi<\/div>\n<\/td>\n<\/tr>\n<tr>\n<td colspan=\"2\" rowspan=\"1\">\n<div class=\"magic-23\">Sertifitseerimine<\/div>\n<\/td>\n<td colspan=\"3\" rowspan=\"1\">\n<div class=\"magic-25\">CE\/ 3C\/ CAS<\/div>\n<\/td>\n<\/tr>\n<tr>\n<td colspan=\"2\" rowspan=\"1\">\n<div class=\"magic-23\">Pakett<\/div>\n<\/td>\n<td colspan=\"3\" rowspan=\"1\">\n<div class=\"magic-25\">Kartongpakend koos kaubaalustega<\/div>\n<\/td>\n<\/tr>\n<tr>\n<td colspan=\"2\" rowspan=\"1\">\n<div class=\"magic-23\">MOQ<\/div>\n<\/td>\n<td colspan=\"3\" rowspan=\"1\">\n<div class=\"magic-25\">1tk ja 80tk 20GP konteineri jaoks.<\/div>\n<\/td>\n<\/tr>\n<tr>\n<td colspan=\"2\" rowspan=\"1\">\n<div class=\"magic-23\">Peamine turg<\/div>\n<\/td>\n<td colspan=\"3\" rowspan=\"1\">\n<div class=\"magic-25\">Euroopa\/USA\/ Austraalia<\/div>\n<\/td>\n<\/tr>\n<\/tbody>\n<\/table>\n<figure style=\"width: 697px\" class=\"wp-caption alignnone\"><a href=\"https:\/\/keweicorten.com\/et\"><img fetchpriority=\"high\" decoding=\"async\" title=\"firebbq\" src=\"https:\/\/sc04.alicdn.com\/kf\/He0ed5e93b12c40358fb48f957cefcb69S\/252624420\/He0ed5e93b12c40358fb48f957cefcb69S.jpg\" alt=\"\" width=\"697\" height=\"697\" \/><\/a><figcaption class=\"wp-caption-text\">firebbq<\/figcaption><\/figure>\n<figure style=\"width: 700px\" class=\"wp-caption alignnone\"><a href=\"https:\/\/keweicorten.com\/et\/votke-meiega-uhendust\/\"><img decoding=\"async\" title=\"grillid\" src=\"https:\/\/sc04.alicdn.com\/kf\/H3251a163a5d842c7bd1860b59de2a48bk\/252624420\/H3251a163a5d842c7bd1860b59de2a48bk.jpg\" alt=\"\" width=\"700\" height=\"700\" \/><\/a><figcaption class=\"wp-caption-text\">grillid<\/figcaption><\/figure>\n<figure style=\"width: 698px\" class=\"wp-caption alignnone\"><a href=\"https:\/\/keweicorten.com\/et\/products\/\"><img decoding=\"async\" title=\"grill\" src=\"https:\/\/sc04.alicdn.com\/kf\/H10865e80ce434dcf8b929e7e39ebec96l\/252624420\/H10865e80ce434dcf8b929e7e39ebec96l.jpg\" alt=\"\" width=\"698\" height=\"698\" \/><\/a><figcaption class=\"wp-caption-text\">grill<\/figcaption><\/figure>","protected":false},"excerpt":{"rendered":"<p>Meie grill on oma lihtsate, klassikaliste joontega praktilisem ja stiilsem kui traditsiooniline grill ning sobib ideaalselt igasse ruumi, alates aiast kuni restorani terrassini.<\/p>","protected":false},"featured_media":1354,"comment_status":"open","ping_status":"closed","template":"","meta":{"_eb_attr":"","_monsterinsights_skip_tracking":false,"_monsterinsights_sitenote_active":false,"_monsterinsights_sitenote_note":"","_monsterinsights_sitenote_category":0,"_uf_show_specific_survey":0,"_uf_disable_surveys":false},"product_brand":[],"product_cat":[63],"product_tag":[],"class_list":{"0":"post-1353","1":"product","2":"type-product","3":"status-publish","4":"has-post-thumbnail","6":"product_cat-steel-bbq-grill","8":"first","9":"instock","10":"shipping-taxable","11":"product-type-simple"},"_links":{"self":[{"href":"https:\/\/keweicorten.com\/et\/wp-json\/wp\/v2\/product\/1353"}],"collection":[{"href":"https:\/\/keweicorten.com\/et\/wp-json\/wp\/v2\/product"}],"about":[{"href":"https:\/\/keweicorten.com\/et\/wp-json\/wp\/v2\/types\/product"}],"replies":[{"embeddable":true,"href":"https:\/\/keweicorten.com\/et\/wp-json\/wp\/v2\/comments?post=1353"}],"version-history":[{"count":1,"href":"https:\/\/keweicorten.com\/et\/wp-json\/wp\/v2\/product\/1353\/revisions"}],"predecessor-version":[{"id":1355,"href":"https:\/\/keweicorten.com\/et\/wp-json\/wp\/v2\/product\/1353\/revisions\/1355"}],"wp:featuredmedia":[{"embeddable":true,"href":"https:\/\/keweicorten.com\/et\/wp-json\/wp\/v2\/media\/1354"}],"wp:attachment":[{"href":"https:\/\/keweicorten.com\/et\/wp-json\/wp\/v2\/media?parent=1353"}],"wp:term":[{"taxonomy":"product_brand","embeddable":true,"href":"https:\/\/keweicorten.com\/et\/wp-json\/wp\/v2\/product_brand?post=1353"},{"taxonomy":"product_cat","embeddable":true,"href":"https:\/\/keweicorten.com\/et\/wp-json\/wp\/v2\/product_cat?post=1353"},{"taxonomy":"product_tag","embeddable":true,"href":"https:\/\/keweicorten.com\/et\/wp-json\/wp\/v2\/product_tag?post=1353"}],"curies":[{"name":"wp","href":"https:\/\/api.w.org\/{rel}","templated":true}]}}