{"id":1356,"date":"2024-09-24T07:39:02","date_gmt":"2024-09-24T07:39:02","guid":{"rendered":"https:\/\/keweicorten.com\/?post_type=product&#038;p=1356"},"modified":"2024-09-24T07:39:02","modified_gmt":"2024-09-24T07:39:02","slug":"astm-a242-corten-terasest-lehed","status":"publish","type":"product","link":"https:\/\/keweicorten.com\/et\/astm-a242-corten-terasest-lehed\/","title":{"rendered":"ASTM A242 Corten terasest lehed"},"content":{"rendered":"<p>ASTM A242 Corten terasest lehed on k\u00f5rge tugevusega, madala legeeriga teras, mida tavaliselt nimetatakse Corten-teraseks. See on loodud nii, et sellel on paremad korrosioonikindlusomadused, eriti atmosf\u00e4\u00e4ritingimustes, v\u00f5rreldes tavaliste s\u00fcsinikterastega. ASTM A242 Corten Steel Sheets saavutatakse t\u00e4nu selle ainulaadsele keemilisele koostisele, mis moodustab p\u00e4rast ilmastikuga kokkupuutumist stabiilse roostetava v\u00e4limuse, mis kaitseb terast edasise korrosiooni eest.<\/p>\n<h2>ASTM A242 Corten terasest lehtede omadused:<\/h2>\n<ol>\n<li><strong>Korrosioonikindlus<\/strong>: V\u00e4lja areneb kaitsev oksiidikiht (patina), kui see puutub kokku ilmastikuga, mis takistab edasist roostetamist.<\/li>\n<li><strong>K\u00f5rge tugevus<\/strong>: Sellel on hea t\u00f5mbetugevus, mist\u00f5ttu sobib see konstruktsioonilisteks rakendusteks.<\/li>\n<li><strong>Vastupidavus<\/strong>: Vastupidav karmidele ilmastikutingimustele, mist\u00f5ttu sobib see ideaalselt v\u00e4litingimustes kasutamiseks, n\u00e4iteks arhitektuursete fassaadide, skulptuuride ja aiatuleplatside puhul.<\/li>\n<\/ol>\n<figure style=\"width: 650px\" class=\"wp-caption alignnone\"><a href=\"https:\/\/keweicorten.com\/et\"><img fetchpriority=\"high\" decoding=\"async\" title=\"corten lehed\" src=\"https:\/\/image.made-in-china.com\/2f0j00LkoVQuIcOqRb\/ASTM-A242-Steel-Corten-a-Provides-ASTM-A242-Steel-Plate-and-Customized-Steel-Profiles.jpg\" alt=\"ASTM A242 Steel Corten a pakub ASTM A242 terasplaati ja kohandatud ...\" width=\"650\" height=\"650\" \/><\/a><figcaption class=\"wp-caption-text\">corten lehed<\/figcaption><\/figure>\n<figure style=\"width: 651px\" class=\"wp-caption alignnone\"><a href=\"https:\/\/keweicorten.com\/et\"><img decoding=\"async\" title=\"kortenplaat\" src=\"https:\/\/www.amardeepsteel.com\/images\/corten-steel-irsm-41-97-steel-plates.jpg\" alt=\"IRSM 41-97 Corten terasest plaadid ja lehtede tarnija\" width=\"651\" height=\"367\" \/><\/a><figcaption class=\"wp-caption-text\">kortenplaat<\/figcaption><\/figure>\n<table style=\"height: 285px;\" border=\"1\" width=\"959\" cellspacing=\"1\" cellpadding=\"1\">\n<tbody>\n<tr>\n<td>Terastoru t\u00fc\u00fcp<\/td>\n<td>Sirge \u00f5mbluskeevitatud toru cs terastoru ehitusmaterjalide jaoks<\/td>\n<\/tr>\n<tr>\n<td>V\u00e4line l\u00e4bim\u00f5\u00f5t (mm)<\/td>\n<td>10.3-1219mm<\/td>\n<\/tr>\n<tr>\n<td>Seina paksus (mm)<\/td>\n<td>1.5-30mm<\/td>\n<\/tr>\n<tr>\n<td>Pikkus<\/td>\n<td>Juhuslik pikkus: 5-12m<\/td>\n<\/tr>\n<tr>\n<td>Standard<\/td>\n<td>API5L , ASTM A106 Gr.B, ASTM A53 Gr.B,<br \/>\nASTMA179\/A192\/A213\/A210\/370WP91,WP11,WP22 GB5310-2009,GB3087-2008,GB6479-2013,GB9948-2013,<br \/>\nGB\/T8163-2008, GB8162-2008,GB\/T17396-2009<\/td>\n<\/tr>\n<tr>\n<td>Materjal<\/td>\n<td>20#, A53B, A106B, API 5L<br \/>\nST37.0,ST35.8,St37.2,St35.4\/8,St42,St45,St52,St52.4<br \/>\nSTP G38,STP G42,STPT42,STB42,STS42,STPT49,STS49<\/td>\n<\/tr>\n<tr>\n<td>Pind<\/td>\n<td>Must v\u00e4rvimine, lakkv\u00e4rv, rooste\u00f5li, kuumtsingitud, k\u00fclmtsingitud, 3PE, jne.<\/td>\n<\/tr>\n<tr>\n<td>Pakend<\/td>\n<td>Lahtine pakend, pakendatud kimpudesse (3Ton Max), komplekteeritud torud kahe rihmaga m\u00f5lemas otsas, et neid oleks lihtne laadida ja t\u00fchjendada, End<br \/>\nplastikust korkidega v\u00f5i vastavalt vajadusele<\/td>\n<\/tr>\n<tr>\n<td>Taotlus<\/td>\n<td>API5L ISO 9001:2008 TUV SGS BV jne.<\/td>\n<\/tr>\n<\/tbody>\n<\/table>","protected":false},"excerpt":{"rendered":"<p>10mm paks a242 corten terasest plaat ASTM A242 corten terasest lehed<\/p>\n<p>&nbsp;<\/p>\n<div><\/div>","protected":false},"featured_media":1357,"comment_status":"open","ping_status":"closed","template":"","meta":{"_eb_attr":"","_monsterinsights_skip_tracking":false,"_monsterinsights_sitenote_active":false,"_monsterinsights_sitenote_note":"","_monsterinsights_sitenote_category":0,"_uf_show_specific_survey":0,"_uf_disable_surveys":false},"product_brand":[],"product_cat":[21],"product_tag":[],"class_list":{"0":"post-1356","1":"product","2":"type-product","3":"status-publish","4":"has-post-thumbnail","6":"product_cat-weather-resistant-steel-plate","8":"first","9":"instock","10":"shipping-taxable","11":"product-type-simple"},"_links":{"self":[{"href":"https:\/\/keweicorten.com\/et\/wp-json\/wp\/v2\/product\/1356"}],"collection":[{"href":"https:\/\/keweicorten.com\/et\/wp-json\/wp\/v2\/product"}],"about":[{"href":"https:\/\/keweicorten.com\/et\/wp-json\/wp\/v2\/types\/product"}],"replies":[{"embeddable":true,"href":"https:\/\/keweicorten.com\/et\/wp-json\/wp\/v2\/comments?post=1356"}],"version-history":[{"count":1,"href":"https:\/\/keweicorten.com\/et\/wp-json\/wp\/v2\/product\/1356\/revisions"}],"predecessor-version":[{"id":1358,"href":"https:\/\/keweicorten.com\/et\/wp-json\/wp\/v2\/product\/1356\/revisions\/1358"}],"wp:featuredmedia":[{"embeddable":true,"href":"https:\/\/keweicorten.com\/et\/wp-json\/wp\/v2\/media\/1357"}],"wp:attachment":[{"href":"https:\/\/keweicorten.com\/et\/wp-json\/wp\/v2\/media?parent=1356"}],"wp:term":[{"taxonomy":"product_brand","embeddable":true,"href":"https:\/\/keweicorten.com\/et\/wp-json\/wp\/v2\/product_brand?post=1356"},{"taxonomy":"product_cat","embeddable":true,"href":"https:\/\/keweicorten.com\/et\/wp-json\/wp\/v2\/product_cat?post=1356"},{"taxonomy":"product_tag","embeddable":true,"href":"https:\/\/keweicorten.com\/et\/wp-json\/wp\/v2\/product_tag?post=1356"}],"curies":[{"name":"wp","href":"https:\/\/api.w.org\/{rel}","templated":true}]}}