{"id":1359,"date":"2024-09-24T07:49:55","date_gmt":"2024-09-24T07:49:55","guid":{"rendered":"https:\/\/keweicorten.com\/?post_type=product&#038;p=1359"},"modified":"2024-09-24T07:49:55","modified_gmt":"2024-09-24T07:49:55","slug":"a588-corten-ilmastikutingimuste-terasplaat","status":"publish","type":"product","link":"https:\/\/keweicorten.com\/et\/a588-corten-ilmastikutingimuste-terasplaat\/","title":{"rendered":"A588 CORTEN ilmastikukindlad terasplaadid"},"content":{"rendered":"<h2>A588 CORTENi ilmastikutingimuste terasplaadi omadused <span style=\"font-size: 16px;\">:<\/span><\/h2>\n<ol>\n<li><strong>Suurendatud korrosioonikindlus<\/strong>: Nagu A242, moodustab ka A588 ilmastikuga kokku puutudes kaitsva oksiidikihi, mis v\u00e4hendab edasist korrosiooni.<\/li>\n<li><strong>K\u00f5rge tugevus<\/strong>: Tagab suurep\u00e4rase struktuurilise tugevuse ja peab vastu karmidele keskkonnatingimustele.<\/li>\n<li><strong>Keevitatavus<\/strong>: A588 terast saab h\u00f5lpsasti keevitada, mist\u00f5ttu sobib see erinevate konstruktsiooniprojektide jaoks.<\/li>\n<li><strong>Vastupidavus<\/strong>: Vastupidav \u00e4\u00e4rmuslikele temperatuuridele, mist\u00f5ttu sobib see ideaalselt v\u00e4litingimustes kasutamiseks ja pikaajaliseks paigaldamiseks.<\/li>\n<\/ol>\n<h3>Koostis:<\/h3>\n<p>A588 teras sisaldab tavaliselt v\u00e4ikestes kogustes vaske, kroomi, niklit ja fosforit, mis aitavad kaasa selle ilmastikutingimustele.<\/p>\n<p>A588 Corten terasplaadiga on seotud mitmeid eeliseid, mis v\u00f5imaldavad seda kasutada t\u00f6\u00f6stuslikes rakendustes kogu maailmas. A588 ilmastikukindla terasplaadi eelised on j\u00e4rgmised:<\/p>\n<ul>\n<li>Madal hoolduskoormus<\/li>\n<li>Kulude kokkuhoid<\/li>\n<li>Ehituse kiirus<\/li>\n<li>Turvaline<\/li>\n<li>Keskkonnas\u00f5bralik<\/li>\n<li>Esteetiliselt ahvatlev<\/li>\n<\/ul>\n<p>Spetsifikatsioon A588 CORTEN Weathering Steel Plate on m\u00f5eldud peamiselt kasutamiseks v\u00e4rvimata rakendustes, kus lisaks pikemale elueale on oluline kaalu kokkuhoid v\u00f5i t\u00e4iendav vastupidavus t\u00e4nu korrosioonikindlatele omadustele ja\/v\u00f5i esteetiliselt meeldiva v\u00e4limuse saavutamiseks.<\/p>\n<figure style=\"width: 650px\" class=\"wp-caption alignnone\"><a href=\"https:\/\/keweicorten.com\/et\/products\/\"><img fetchpriority=\"high\" decoding=\"async\" title=\"A588 CORTEN ilmastikukindlad terasplaadid \" src=\"https:\/\/www.csteelindia.com\/images\/astm-a242-corten-plates.jpg\" alt=\"Corten terasest Corten terasest plaat ilmastikutingimuste teras - vrogue.co\" width=\"650\" height=\"366\" \/><\/a><figcaption class=\"wp-caption-text\">A588 CORTEN ilmastikukindlad terasplaadid<\/figcaption><\/figure>\n<figure style=\"width: 650px\" class=\"wp-caption alignnone\"><a href=\"https:\/\/keweicorten.com\/et\/votke-meiega-uhendust\/\"><img decoding=\"async\" title=\"corten lehed\" src=\"https:\/\/www.cortensteels.com\/uploads\/202130314\/weathering-corten-steel-plate-a58823590722739.jpg\" alt=\"Hiina ilmastikutingimuste Corten terasest plaat A588 tootjad, tarnijad ...\" width=\"650\" height=\"650\" \/><\/a><figcaption class=\"wp-caption-text\">corten lehed<\/figcaption><\/figure>\n<figure style=\"width: 650px\" class=\"wp-caption alignnone\"><a href=\"https:\/\/keweicorten.com\/et\/products\/\"><img decoding=\"async\" title=\"corten terasest plaat\" src=\"https:\/\/th.bing.com\/th\/id\/R.40d0e63328c61babd24d04e063856bdb?rik=NpoNYTQbDSmrgQ&amp;riu=http%3a%2f%2fwww.gescosteel.com%2fphoto%2fpt32409668-a387_gr_5_steel_plate_a387_pressure_vessel_plates_a387_hot_rolled_steel_sheet_10_mm_thickness_a387_11_alloy_steel_plate.jpg&amp;ehk=B1K4358OD3RHH2%2fZ8nb4DSuUIux5ccqh8DKyh0EV76Y%3d&amp;risl=&amp;pid=ImgRaw&amp;r=0\" alt=\"A387 Gr.5 terasplaat A387 surveanumate plaadid A387 kuumvaltsitud teras ...\" width=\"650\" height=\"463\" \/><\/a><figcaption class=\"wp-caption-text\">corten terasest plaat<\/figcaption><\/figure>","protected":false},"excerpt":{"rendered":"<p>A588 Corten ilmastikukindla terase plaat on veel \u00fcks k\u00f5rge tugevusega, madala legeeritud struktuuriterase t\u00fc\u00fcp, millel on parem atmosf\u00e4\u00e4riline korrosioonikindlus. Seda nimetatakse sageli \"ilmastikukindlaks teraseks\" ja seda kasutatakse laialdaselt v\u00e4litingimustes, kuna see moodustab sarnaselt ASTM A242-le kaitsva roostekihi.<\/p>","protected":false},"featured_media":1360,"comment_status":"open","ping_status":"closed","template":"","meta":{"_eb_attr":"","_monsterinsights_skip_tracking":false,"_monsterinsights_sitenote_active":false,"_monsterinsights_sitenote_note":"","_monsterinsights_sitenote_category":0,"_uf_show_specific_survey":0,"_uf_disable_surveys":false},"product_brand":[],"product_cat":[21],"product_tag":[],"class_list":{"0":"post-1359","1":"product","2":"type-product","3":"status-publish","4":"has-post-thumbnail","6":"product_cat-weather-resistant-steel-plate","8":"first","9":"instock","10":"shipping-taxable","11":"product-type-simple"},"_links":{"self":[{"href":"https:\/\/keweicorten.com\/et\/wp-json\/wp\/v2\/product\/1359"}],"collection":[{"href":"https:\/\/keweicorten.com\/et\/wp-json\/wp\/v2\/product"}],"about":[{"href":"https:\/\/keweicorten.com\/et\/wp-json\/wp\/v2\/types\/product"}],"replies":[{"embeddable":true,"href":"https:\/\/keweicorten.com\/et\/wp-json\/wp\/v2\/comments?post=1359"}],"version-history":[{"count":1,"href":"https:\/\/keweicorten.com\/et\/wp-json\/wp\/v2\/product\/1359\/revisions"}],"predecessor-version":[{"id":1361,"href":"https:\/\/keweicorten.com\/et\/wp-json\/wp\/v2\/product\/1359\/revisions\/1361"}],"wp:featuredmedia":[{"embeddable":true,"href":"https:\/\/keweicorten.com\/et\/wp-json\/wp\/v2\/media\/1360"}],"wp:attachment":[{"href":"https:\/\/keweicorten.com\/et\/wp-json\/wp\/v2\/media?parent=1359"}],"wp:term":[{"taxonomy":"product_brand","embeddable":true,"href":"https:\/\/keweicorten.com\/et\/wp-json\/wp\/v2\/product_brand?post=1359"},{"taxonomy":"product_cat","embeddable":true,"href":"https:\/\/keweicorten.com\/et\/wp-json\/wp\/v2\/product_cat?post=1359"},{"taxonomy":"product_tag","embeddable":true,"href":"https:\/\/keweicorten.com\/et\/wp-json\/wp\/v2\/product_tag?post=1359"}],"curies":[{"name":"wp","href":"https:\/\/api.w.org\/{rel}","templated":true}]}}