{"id":1365,"date":"2024-09-24T08:26:42","date_gmt":"2024-09-24T08:26:42","guid":{"rendered":"https:\/\/keweicorten.com\/?post_type=product&#038;p=1365"},"modified":"2024-09-24T08:49:31","modified_gmt":"2024-09-24T08:49:31","slug":"wtst52-3-corten-terasest-toru","status":"publish","type":"product","link":"https:\/\/keweicorten.com\/et\/wtst52-3-corten-terasest-toru\/","title":{"rendered":"WTSt52-3 Corten terasest toru"},"content":{"rendered":"<p>WTSt52-3 Corten terastorud on ilmastikukindel teraseklass, mis kuulub Corten teraste perekonda. Sarnaselt teiste Corten-terastega, nagu A242 ja A588, on WTSt52-3 kavandatud nii, et sellel on suurep\u00e4rane korrosioonikindlus, moodustades oma pinnale ilmastikutingimustega kokku puutudes kaitsva patina. Patiin toimib t\u00f5kkena, mis takistab s\u00fcgavamat korrosiooni ja v\u00f5imaldab terast kasutada karmides tingimustes ilma kaitsekatteta.<\/p>\n<p>Nagu teised ilmastikukindlad terased, sisaldab WTSt52-3 Corten Steel Pipe v\u00e4ikestes kogustes legeerivaid elemente, nagu:<\/p>\n<ul>\n<li><strong>Vask<\/strong><\/li>\n<li><strong>Kroom<\/strong><\/li>\n<li><strong>Nikkel<\/strong><\/li>\n<li><strong>Fosfor<\/strong> Need elemendid suurendavad selle korrosioonikindlust ja v\u00f5imaldavad keskkonnaga kokku puutudes moodustada stabiilse patina.<\/li>\n<\/ul>\n<h3>Eelised:<\/h3>\n<ul>\n<li><strong>Esteetiline atraktiivsus<\/strong>: Patina annab t\u00f6\u00f6stusliku, rustikaalse v\u00e4limuse, mida kasutatakse sageli kaasaegsetes arhitektuurilahendustes.<\/li>\n<li><strong>Vastupidavus<\/strong>: Pakub pikaajalist toimivust v\u00e4litingimustes, ilma et oleks vaja sageli \u00fcle v\u00e4rvida v\u00f5i remontida.<\/li>\n<li><strong>Kulut\u00f5hus<\/strong>: V\u00e4hendab vajadust kaitsvate kattematerjalide ja regulaarse hoolduse j\u00e4rele, mis v\u00e4hendab \u00fcldisi eluts\u00fckli kulusid.<\/li>\n<\/ul>\n<table style=\"height: 91px;\" width=\"772\">\n<tbody>\n<tr>\n<th>OD vahemik<\/th>\n<td>12-150mm<\/td>\n<\/tr>\n<tr>\n<th>Thk vahemik<\/th>\n<td>1,5-8mm<\/td>\n<\/tr>\n<tr>\n<th>Pikkus<\/th>\n<td>\u00dchekordne juhuslik, kahekordne juhuslik ja l\u00f5igatud pikkus<\/td>\n<\/tr>\n<tr>\n<th>T\u00fc\u00fcp<\/th>\n<td>\u00dcmmargune, ruudukujuline, ristk\u00fclikukujuline<\/td>\n<\/tr>\n<tr>\n<th>Standard<\/th>\n<td>GB, ASTM, EL<\/td>\n<\/tr>\n<tr>\n<th>Hinne<\/th>\n<td>Q235NH,Q295NH,Q355NH,09CUPGENI-A,09CUPGENI-B,CORTEN A, CORTEN B, ASTM A423 KLASS 1,<br \/>\nASTM A847, ASTM A588, ASTM A242, ASTM A606, S355JOW, S355JOWP, S355J2W, S355J2WP<\/td>\n<\/tr>\n<\/tbody>\n<\/table>\n<figure style=\"width: 559px\" class=\"wp-caption alignnone\"><a href=\"https:\/\/keweicorten.com\/et\/votke-meiega-uhendust\/\"><img fetchpriority=\"high\" decoding=\"async\" title=\"corten terasest plaat\" src=\"https:\/\/www.offersteels.com\/uploads\/allimg\/corten-steel-pipe.jpg\" alt=\"Corten terastorude tarnijad, korrosioonikindlad torud\" width=\"559\" height=\"419\" \/><\/a><figcaption class=\"wp-caption-text\">corten terasest plaat<\/figcaption><\/figure>\n<figure style=\"width: 560px\" class=\"wp-caption alignnone\"><a href=\"https:\/\/keweicorten.com\/et\/products\/\"><img decoding=\"async\" title=\"corten terasest plaat\" src=\"https:\/\/www.offersteels.com\/uploads\/allimg\/Corten-steel-pipe-productive-process.jpg\" alt=\"Corten terastorude tootmisprotsess\" width=\"560\" height=\"441\" \/><\/a><figcaption class=\"wp-caption-text\">corten terasest plaat<\/figcaption><\/figure>\n<figure style=\"width: 559px\" class=\"wp-caption alignnone\"><a href=\"https:\/\/keweicorten.com\/et\/products\/\"><img decoding=\"async\" title=\"Corten terasest toru\" src=\"https:\/\/www.offersteels.com\/uploads\/allimg\/What-is-Corten-Steel-Pipe.jpg\" alt=\"Corten terastorude tarnijad, korrosioonikindlad torud\" width=\"559\" height=\"419\" \/><\/a><figcaption class=\"wp-caption-text\">Corten terasest toru<\/figcaption><\/figure>","protected":false},"excerpt":{"rendered":"<p>Cortenterast kasutatakse peamiselt raudteedel, s\u00f5idukites, sildades, p\u00fcloonides, fotogalvaanikas, kiirtehnikas ja muudes teraskonstruktsioonides, mis on pikka aega atmosf\u00e4\u00e4rile avatud.<\/p>","protected":false},"featured_media":1366,"comment_status":"open","ping_status":"closed","template":"","meta":{"_eb_attr":"","_monsterinsights_skip_tracking":false,"_monsterinsights_sitenote_active":false,"_monsterinsights_sitenote_note":"","_monsterinsights_sitenote_category":0,"_uf_show_specific_survey":0,"_uf_disable_surveys":false},"product_brand":[],"product_cat":[21],"product_tag":[],"class_list":{"0":"post-1365","1":"product","2":"type-product","3":"status-publish","4":"has-post-thumbnail","6":"product_cat-weather-resistant-steel-plate","8":"first","9":"instock","10":"shipping-taxable","11":"product-type-simple"},"_links":{"self":[{"href":"https:\/\/keweicorten.com\/et\/wp-json\/wp\/v2\/product\/1365"}],"collection":[{"href":"https:\/\/keweicorten.com\/et\/wp-json\/wp\/v2\/product"}],"about":[{"href":"https:\/\/keweicorten.com\/et\/wp-json\/wp\/v2\/types\/product"}],"replies":[{"embeddable":true,"href":"https:\/\/keweicorten.com\/et\/wp-json\/wp\/v2\/comments?post=1365"}],"version-history":[{"count":1,"href":"https:\/\/keweicorten.com\/et\/wp-json\/wp\/v2\/product\/1365\/revisions"}],"predecessor-version":[{"id":1367,"href":"https:\/\/keweicorten.com\/et\/wp-json\/wp\/v2\/product\/1365\/revisions\/1367"}],"wp:featuredmedia":[{"embeddable":true,"href":"https:\/\/keweicorten.com\/et\/wp-json\/wp\/v2\/media\/1366"}],"wp:attachment":[{"href":"https:\/\/keweicorten.com\/et\/wp-json\/wp\/v2\/media?parent=1365"}],"wp:term":[{"taxonomy":"product_brand","embeddable":true,"href":"https:\/\/keweicorten.com\/et\/wp-json\/wp\/v2\/product_brand?post=1365"},{"taxonomy":"product_cat","embeddable":true,"href":"https:\/\/keweicorten.com\/et\/wp-json\/wp\/v2\/product_cat?post=1365"},{"taxonomy":"product_tag","embeddable":true,"href":"https:\/\/keweicorten.com\/et\/wp-json\/wp\/v2\/product_tag?post=1365"}],"curies":[{"name":"wp","href":"https:\/\/api.w.org\/{rel}","templated":true}]}}