{"id":1396,"date":"2024-09-25T08:14:45","date_gmt":"2024-09-25T08:14:45","guid":{"rendered":"https:\/\/keweicorten.com\/?post_type=product&#038;p=1396"},"modified":"2024-09-25T08:51:21","modified_gmt":"2024-09-25T08:51:21","slug":"korge-q450nqr1-teras","status":"publish","type":"product","link":"https:\/\/keweicorten.com\/et\/korge-q450nqr1-teras\/","title":{"rendered":"k\u00f5rge q450nqr1 teras"},"content":{"rendered":"<p>K\u00f5rge q450nqr1 teras on v\u00e4listingimustes kasutamiseks m\u00f5eldud ilmastikutingimustes kasutatav teraset\u00fc\u00fcp. See pakub head korrosioonikindlust t\u00e4nu oma v\u00f5imele moodustada ilmastikutingimustega kokku puutudes kaitsev roostekihi, mis aitab pikendada selle kasutusiga. Seda terast kasutatakse sageli sellistes rakendustes nagu sillad, hooned ja v\u00e4lisskulptuurid.<\/p>\n<p style=\"font-weight: 400;\">TB\/T 1979 Q450NQR1 teraspleki tehniline omadus<\/p>\n<table style=\"font-weight: 400;\">\n<tbody>\n<tr>\n<td colspan=\"4\">Q450NQR1 terasplaadi mehaaniline omadus<\/td>\n<\/tr>\n<tr>\n<td>Paksus (mm)<\/td>\n<td>Voolavuspiir (\u2265Mpa)<\/td>\n<td>T\u00f5mbetugevus (Mpa)<\/td>\n<td>Pikendus % \u2265<\/td>\n<\/tr>\n<tr>\n<td>T\u22646<\/td>\n<td rowspan=\"3\">450<\/td>\n<td rowspan=\"3\">550<\/td>\n<td>22<\/td>\n<\/tr>\n<tr>\n<td>6&lt;T\u226414<\/td>\n<td>20<\/td>\n<\/tr>\n<tr>\n<td>14&lt;T\u226420<\/td>\n<td>19<\/td>\n<\/tr>\n<\/tbody>\n<\/table>\n<p>kohaldatakse<br \/>\n1) soojuselektrijaam<br \/>\n2) S\u00f6ehoidla.<br \/>\n3) Tsemenditehas<br \/>\n4) Laadimismasinad<br \/>\n5) Kaevandusmasinad<br \/>\n6) Ehitusmasinad<br \/>\n7) metallurgilised masinad<\/p>\n<table>\n<tbody>\n<tr>\n<td><b>Terase klass:<\/b><\/td>\n<td>09CuPCrNi-A, Q450NQR1, SPA-H B480GNQR, Q345NQR2, Q355GNHD, Q355NH , 09CuP,S355J2WP<br \/>\nMonel 600\/625\/718\/725<\/td>\n<\/tr>\n<tr>\n<td><b>Standard:<\/b><\/td>\n<td>GB,ASME,ASTM,JIS,BS<\/td>\n<\/tr>\n<tr>\n<td><b>Paksus:<\/b><\/td>\n<td>1.0-300mm<\/td>\n<\/tr>\n<tr>\n<td><b>Laius:<\/b><\/td>\n<td>100-4500mm v\u00f5i vastavalt kliendi erisoovile<\/td>\n<\/tr>\n<tr>\n<td><b>Pikkus:<\/b><\/td>\n<td>1-20 meetrit v\u00f5i vastavalt kliendi erisoovile<\/td>\n<\/tr>\n<tr>\n<td><b>Pakett:<\/b><\/td>\n<td>Ekspordi standardpakett<\/td>\n<\/tr>\n<tr>\n<td><b>Taotlus:<\/b><\/td>\n<td>1.Machinery, surveanumat\u00f6\u00f6stus.<br \/>\n2.Laevaehitus, masinaehitus.<br \/>\n3.Automobile, sillad, ehitised.<br \/>\n4. mehaaniline tootmine, k\u00f5nniteeplaat, jne.<\/td>\n<\/tr>\n<tr>\n<td><b>Mill MTC:<\/b><\/td>\n<td>Tarnitakse enne saatmist<\/td>\n<\/tr>\n<tr>\n<td><b>Kontrollimine:<\/b><\/td>\n<td>Kolmanda osapoole kontrolli v\u00f5ib aktsepteerida, SGS, BV, TUV<\/td>\n<\/tr>\n<tr>\n<td><b>Mount Port:<\/b><\/td>\n<td>Mis tahes sadam Hiinas<\/td>\n<\/tr>\n<tr>\n<td><b>Kaubandustermin:<\/b><\/td>\n<td>FOB, CIF, CFR, EXW jne.<\/td>\n<\/tr>\n<tr>\n<td><b>Hinnatingimus:<\/b><\/td>\n<td>TT v\u00f5i LC silmapiiril<\/td>\n<\/tr>\n<tr>\n<td><b>Meie teenused:<\/b><\/td>\n<td>Saame l\u00f5igata ja painutada terasplaati vastavalt kliendi soovile v\u00f5i joonisele, pakendame vastavalt kliendi soovile.<\/td>\n<\/tr>\n<\/tbody>\n<\/table>\n<p><img fetchpriority=\"high\" decoding=\"async\" class=\"\" src=\"https:\/\/th.bing.com\/th\/id\/OIP.cuuVN_PKBjrQa4SYwoQCpwHaHa?rs=1&amp;pid=ImgDetMain\" alt=\"Q450NQR1 ilmastikukindlate terasplaatide tootja - Shandong Kuaima Steel Co., Ltd.\" width=\"522\" height=\"522\" \/><\/p>\n<p><img decoding=\"async\" src=\"https:\/\/www.researchgate.net\/publication\/378755215\/figure\/tbl1\/AS:11431281227659895@1709733620825\/Chemical-composition-of-Q450NQR1-high-strength-weathering-steel-and-HTW-55.png\" alt=\"Q450NQR1 k\u00f5rgtugeva ilmastikukindla terase ja HTW-55 keemiline koostis.\" \/><\/p>\n<div class=\"nova-legacy-o-stack nova-legacy-o-stack--gutter-s nova-legacy-o-stack--spacing-none nova-legacy-o-stack--no-gutter-outside figure-details-image\">\n<div class=\"nova-legacy-o-stack__item\">\n<p class=\"nova-legacy-e-text nova-legacy-e-text--size-m nova-legacy-e-text--family-display nova-legacy-e-text--spacing-none nova-legacy-e-text--color-inherit\">Q450NQR1 k\u00f5rgtugeva ilmastikukindla terase ja HTW-55 keemiline koostis.<\/p>\n<p><img decoding=\"async\" class=\"\" src=\"https:\/\/sc02.alicdn.com\/kf\/Hb877ac80a07643c090166781b8ac95cbB\/228156491\/Hb877ac80a07643c090166781b8ac95cbB.jpg\" width=\"522\" height=\"522\" \/><\/p>\n<\/div>\n<\/div>","protected":false},"excerpt":{"rendered":"<p>Kulumiskindel terasplaat koosneb kahest osast: madala s\u00fcsinikusisaldusega terasplaat ja sulamist kulumiskindel kiht. Sulamiga kulumiskindel kiht moodustab \u00fcldjuhul 1\/3~1\/2 kogupaksusest. T\u00f6\u00f6tamisel tagab p\u00f5hiteraal terviklikud omadused, nagu tugevus, sitkus ja plastilisus, ning sulamiga kulumiskindel kiht tagab kulumiskindluse, et t\u00e4ita kindlaksm\u00e4\u00e4ratud t\u00f6\u00f6tingimuste n\u00f5udeid.<\/p>","protected":false},"featured_media":1397,"comment_status":"open","ping_status":"closed","template":"","meta":{"_eb_attr":"","_monsterinsights_skip_tracking":false,"_monsterinsights_sitenote_active":false,"_monsterinsights_sitenote_note":"","_monsterinsights_sitenote_category":0,"_uf_show_specific_survey":0,"_uf_disable_surveys":false},"product_brand":[],"product_cat":[21],"product_tag":[],"class_list":{"0":"post-1396","1":"product","2":"type-product","3":"status-publish","4":"has-post-thumbnail","6":"product_cat-weather-resistant-steel-plate","8":"first","9":"instock","10":"shipping-taxable","11":"product-type-simple"},"_links":{"self":[{"href":"https:\/\/keweicorten.com\/et\/wp-json\/wp\/v2\/product\/1396"}],"collection":[{"href":"https:\/\/keweicorten.com\/et\/wp-json\/wp\/v2\/product"}],"about":[{"href":"https:\/\/keweicorten.com\/et\/wp-json\/wp\/v2\/types\/product"}],"replies":[{"embeddable":true,"href":"https:\/\/keweicorten.com\/et\/wp-json\/wp\/v2\/comments?post=1396"}],"version-history":[{"count":1,"href":"https:\/\/keweicorten.com\/et\/wp-json\/wp\/v2\/product\/1396\/revisions"}],"predecessor-version":[{"id":1398,"href":"https:\/\/keweicorten.com\/et\/wp-json\/wp\/v2\/product\/1396\/revisions\/1398"}],"wp:featuredmedia":[{"embeddable":true,"href":"https:\/\/keweicorten.com\/et\/wp-json\/wp\/v2\/media\/1397"}],"wp:attachment":[{"href":"https:\/\/keweicorten.com\/et\/wp-json\/wp\/v2\/media?parent=1396"}],"wp:term":[{"taxonomy":"product_brand","embeddable":true,"href":"https:\/\/keweicorten.com\/et\/wp-json\/wp\/v2\/product_brand?post=1396"},{"taxonomy":"product_cat","embeddable":true,"href":"https:\/\/keweicorten.com\/et\/wp-json\/wp\/v2\/product_cat?post=1396"},{"taxonomy":"product_tag","embeddable":true,"href":"https:\/\/keweicorten.com\/et\/wp-json\/wp\/v2\/product_tag?post=1396"}],"curies":[{"name":"wp","href":"https:\/\/api.w.org\/{rel}","templated":true}]}}