{"id":1538,"date":"2024-09-26T08:58:30","date_gmt":"2024-09-26T08:58:30","guid":{"rendered":"https:\/\/keweicorten.com\/?post_type=product&#038;p=1538"},"modified":"2025-01-15T06:22:11","modified_gmt":"2025-01-15T06:22:11","slug":"koduaiakomplekt","status":"publish","type":"product","link":"https:\/\/keweicorten.com\/et\/koduaiakomplekt\/","title":{"rendered":"koduaiakomplekt"},"content":{"rendered":"<p>Kodune aiandus v\u00f5ib olla l\u00f5bus ja rahuldust pakkuv kogemus, kuid m\u00f5nikord v\u00f5ib olla raske teada, kust alustada v\u00f5i milliseid tarvikuid kasutada. Siinkohal v\u00f5ib kodune aiakomplekt olla suurep\u00e4rane investeering. Need komplektid sisaldavad tavaliselt k\u00f5iki koduaia rajamiseks vajalikke t\u00f6\u00f6riistu ja materjale, mis lihtsustavad algajatel kohe alustamist.<\/p>\n<p>\u00dcks koduse aiakomplekti kasutamise eeliseid on see, et see aitab teil pikemas perspektiivis raha s\u00e4\u00e4sta. Selle asemel, et osta iga t\u00f6\u00f6riist eraldi, sisaldab komplekt tavaliselt p\u00f5hit\u00f6\u00f6riistade komplekti, nagu labidas, oksak\u00e4\u00e4r ja kastmisn\u00f5u, mis on iga aia jaoks h\u00e4davajalikud. Lisaks on nende komplektidega sageli kaasas seemned v\u00f5i alustavad taimed, nii et te ei pea kulutama lisaraha taimede v\u00f5i seemnete ostmiseks puukoolist.<\/p>\n<p><b data-spm-anchor-id=\"a2700.details.0.i35.79516fccEpXinR\">AED NAGU PRO-PAREMAST KASTIST V\u00c4LJA: <\/b>\u00d5igete t\u00f6\u00f6riistadega on aiat\u00f6\u00f6 palju l\u00f5busam. T\u00e4itsime selle valmis komplekti kaatriga meie k\u00f5ige uuenduslikumate ja k\u00f5ige vastupidavamate rooste vastu v\u00f5itlevate alumiiniumist t\u00f6\u00f6riistadega. Iga osa on loodud selleks, et pidada sammu teie k\u00f5ige innukama aia- ja haljastust\u00f6\u00f6 graafikuga, olles samas piisavalt kerge kogu p\u00e4eva t\u00f6\u00f6ks.<\/p>\n<div class=\"J_module\">\n<div class=\"detail-decorate-json-renderer-container\">\n<div class=\"magic-1\">\n<div class=\"magic-6\" data-spm-anchor-id=\"a2700.details.0.i43.79516fccEpXinR\">\n<div class=\"magic-7\">\n<div class=\"magic-8\" data-spm-anchor-id=\"a2700.details.0.i46.79516fccEpXinR\"><span class=\"magic-9\" style=\"font-family: Arial;\"><span data-spm-anchor-id=\"a2700.details.0.i42.79516fccEpXinR\"><b data-spm-anchor-id=\"a2700.details.0.i45.79516fccEpXinR\">KAITSTA OMA K\u00c4SI: <\/b>Me armastame oma k\u00e4tega t\u00f6\u00f6d teha, kuid me ei taha, et meie k\u00e4ed selle eest kannataksid. Seep\u00e4rast kasutame materjale, mis kestavad. Sleek Series pulgad meie uute muru\u00f5ue bambusest kinnastega pakuvad t\u00e4iustatud kaitset nahahaavade, l\u00f5ikehaavade ja mustuse eest. L\u00f5petage nende suurte, kohmakate kinnaste kasutamine kodut\u00f6\u00f6de tegemisel. T\u00e4nu k\u00f5rgtehnoloogilisele mugavusele ja stiilile muutub iga t\u00f6\u00f6 lihtsamaks: Siseruumides tehtavad garaa\u017eit\u00f6\u00f6d kuni \u00f5ues tehtavate aiat\u00f6\u00f6deni ja palju muud! Need on aiat\u00f6\u00f6kindad, mida armastavad naised ja ka isa! Parim kingitus! <\/span><\/span><span class=\"magic-9\" style=\"font-family: Arial;\"><br \/>\n<\/span><\/div>\n<\/div>\n<\/div>\n<\/div>\n<\/div>\n<\/div>\n<div class=\"J_module\">\n<div class=\"icbu-pc-detailManyImage magic-10\"><\/div>\n<\/div>\n<p><img fetchpriority=\"high\" decoding=\"async\" class=\"\" src=\"https:\/\/sc04.alicdn.com\/kf\/Hbc2591bcee4745e0b4aabf3538f8f051r\/277646274\/Hbc2591bcee4745e0b4aabf3538f8f051r.jpg\" width=\"694\" height=\"694\" \/><\/p>","protected":false},"excerpt":{"rendered":"<p>Teine eelis koduse aiakomplekti kasutamisel on see, et see aitab teil organiseeruda. Kui k\u00f5ik t\u00f6\u00f6riistad ja materjalid on \u00fches kohas, ei pea te muretsema nende kaotamise v\u00f5i \u00e4rapanemise p\u00e4rast. Lisaks sellele on paljude koduaedade komplektidega kaasas \u00fcksikasjalikud juhised v\u00f5i n\u00e4pun\u00e4ited, kuidas oma aeda istutada ja hooldada, nii et v\u00f5ite olla kindel, et suudate kasvatada terveid taimi.<\/p>","protected":false},"featured_media":1539,"comment_status":"open","ping_status":"closed","template":"","meta":{"_eb_attr":"","_monsterinsights_skip_tracking":false,"_monsterinsights_sitenote_active":false,"_monsterinsights_sitenote_note":"","_monsterinsights_sitenote_category":0,"_uf_show_specific_survey":0,"_uf_disable_surveys":false},"product_brand":[],"product_cat":[50],"product_tag":[],"class_list":{"0":"post-1538","1":"product","2":"type-product","3":"status-publish","4":"has-post-thumbnail","6":"product_cat-flower-assessories","8":"first","9":"instock","10":"shipping-taxable","11":"product-type-simple"},"_links":{"self":[{"href":"https:\/\/keweicorten.com\/et\/wp-json\/wp\/v2\/product\/1538"}],"collection":[{"href":"https:\/\/keweicorten.com\/et\/wp-json\/wp\/v2\/product"}],"about":[{"href":"https:\/\/keweicorten.com\/et\/wp-json\/wp\/v2\/types\/product"}],"replies":[{"embeddable":true,"href":"https:\/\/keweicorten.com\/et\/wp-json\/wp\/v2\/comments?post=1538"}],"version-history":[{"count":1,"href":"https:\/\/keweicorten.com\/et\/wp-json\/wp\/v2\/product\/1538\/revisions"}],"predecessor-version":[{"id":1542,"href":"https:\/\/keweicorten.com\/et\/wp-json\/wp\/v2\/product\/1538\/revisions\/1542"}],"wp:featuredmedia":[{"embeddable":true,"href":"https:\/\/keweicorten.com\/et\/wp-json\/wp\/v2\/media\/1539"}],"wp:attachment":[{"href":"https:\/\/keweicorten.com\/et\/wp-json\/wp\/v2\/media?parent=1538"}],"wp:term":[{"taxonomy":"product_brand","embeddable":true,"href":"https:\/\/keweicorten.com\/et\/wp-json\/wp\/v2\/product_brand?post=1538"},{"taxonomy":"product_cat","embeddable":true,"href":"https:\/\/keweicorten.com\/et\/wp-json\/wp\/v2\/product_cat?post=1538"},{"taxonomy":"product_tag","embeddable":true,"href":"https:\/\/keweicorten.com\/et\/wp-json\/wp\/v2\/product_tag?post=1538"}],"curies":[{"name":"wp","href":"https:\/\/api.w.org\/{rel}","templated":true}]}}