{"id":1543,"date":"2024-09-26T09:05:52","date_gmt":"2024-09-26T09:05:52","guid":{"rendered":"https:\/\/keweicorten.com\/?post_type=product&#038;p=1543"},"modified":"2025-01-15T06:22:01","modified_gmt":"2025-01-15T06:22:01","slug":"corten-light-2","status":"publish","type":"product","link":"https:\/\/keweicorten.com\/et\/corten-light-2\/","title":{"rendered":"kortenvalgusti"},"content":{"rendered":"<p>Corten terasest valgustid (v\u00f5i Corten valgustid) \u00fchendavad Corten terase vastupidavuse ja ilmastikukindluse omadused v\u00e4lis- ja dekoratiivse valgustuse funktsionaalsusega. Corten-teras, mis on tuntud oma v\u00f5ime poolest moodustada kaitsvat roostekihti, annab valgustite disainile ainulaadse esteetika, mis muudab selle populaarseks maastikuarhitektuuris, linnadisainis ja kaasaegses kodukujunduses.<\/p>\n<h3><strong>Corten terasest tulede peamised omadused:<\/strong><\/h3>\n<ol>\n<li><strong>Ilmastikukindlus<\/strong>:\n<ul>\n<li>Corten terasest valgustite looduslikult moodustuv roostekihi kaitseb materjali edasise korrosiooni eest, muutes need v\u00e4ga vastupidavaks v\u00e4litingimustes kasutamiseks erinevates ilmastikutingimustes.<\/li>\n<\/ul>\n<\/li>\n<li><strong>Unikaalne esteetika<\/strong>:\n<ul>\n<li>Corten terase rikkalik, soe patina loob rustikaalse, t\u00f6\u00f6stusliku v\u00e4limuse, mis muudab selle ideaalseks nii kaasaegsete kui ka traditsiooniliste disainiprojektide jaoks. Roostes ja mahedates toonides sobib harmooniliselt kokku looduslike elementidega, nagu kivi, puit ja haljastus.<\/li>\n<\/ul>\n<\/li>\n<li><strong>Madal hooldus<\/strong>:\n<ul>\n<li>Erinevalt teistest materjalidest, mis v\u00f5ivad vajada v\u00e4rvimist v\u00f5i t\u00f6\u00f6tlemist, on Corten terasest tuled isekaitsevad. Kui patina on tekkinud, vajab valgusti minimaalset hooldust.<\/li>\n<\/ul>\n<\/li>\n<li><strong>Kohandamine<\/strong>:\n<ul>\n<li>Corten terasest valgustid on saadaval erinevates kujundustes, sealhulgas pollarid, teevalgustid, seinavalgustid ja rippvalgustid. Neid saab laseriga l\u00f5igata keeruliste mustritega, mis tekitavad huvitavaid valguse ja varju efekte.<\/li>\n<\/ul>\n<\/li>\n<\/ol>\n<table style=\"height: 194px;\" border=\"1\" width=\"627\">\n<tbody>\n<tr>\n<td><span data-spm-anchor-id=\"a2700.details.0.i39.11b8133fdmfbId\">Toote nimi\u00a0\u00a0<\/span><\/td>\n<td>\u00a0Hotellid Corten terasest kohandatud v\u00e4litingimustes aiatuled<\/td>\n<\/tr>\n<tr>\n<td>Pakett<\/td>\n<td>\u00a0Vineer<\/td>\n<\/tr>\n<tr>\n<td>Mudeli number<\/td>\n<td>SHKW-CL-01<\/td>\n<\/tr>\n<tr>\n<td>Materjal<\/td>\n<td>\u00a0Corten terasest<\/td>\n<\/tr>\n<tr>\n<td>Suurus<\/td>\n<td>\u00a0120*120*450mm\/120*120*120*600mm\/120*120*750mm<\/td>\n<\/tr>\n<\/tbody>\n<\/table>\n<p><a href=\"https:\/\/keweicorten.com\/et\"><img fetchpriority=\"high\" decoding=\"async\" class=\"alignnone\" title=\"kerge\" src=\"https:\/\/sc04.alicdn.com\/kf\/Hbfd36546659b40b8b1012ec41b13121bi\/235950374\/Hbfd36546659b40b8b1012ec41b13121bi.jpg\" alt=\" corten v\u00e4rvi pollar valgus corten aiatuled corten v\u00e4lisseinatuled\" width=\"696\" height=\"348\" \/><\/a><\/p>\n<p><a href=\"https:\/\/keweicorten.com\/et\/products\/\"><img decoding=\"async\" class=\"alignnone\" title=\"kerge\" src=\"https:\/\/sc04.alicdn.com\/kf\/Ha485a993273c4a1abf4c34b1993865875\/235950374\/Ha485a993273c4a1abf4c34b1993865875.jpg\" alt=\"Keskkond-frendly corten v\u00e4rvi pollar valgus corten aiatuled corten v\u00e4ljas seinatuled\" width=\"700\" height=\"350\" \/><\/a><\/p>","protected":false},"excerpt":{"rendered":"<p>Cortenvalgustus on uskumatult ilus ja mitmek\u00fclgne valgustust\u00fc\u00fcp, mis muutub kaasaegses disainis \u00fcha populaarsemaks. Corten-teras, mida tuntakse ka ilmastikutingimustes kasutatava terase nime all, on ainulaadse ja maal\u00e4hedase v\u00e4limusega, mida ei saa v\u00f5rrelda \u00fchegi teise materjalit\u00fc\u00fcbiga.<\/p>","protected":false},"featured_media":1544,"comment_status":"open","ping_status":"closed","template":"","meta":{"_eb_attr":"","_monsterinsights_skip_tracking":false,"_monsterinsights_sitenote_active":false,"_monsterinsights_sitenote_note":"","_monsterinsights_sitenote_category":0,"_uf_show_specific_survey":0,"_uf_disable_surveys":false},"product_brand":[],"product_cat":[61],"product_tag":[],"class_list":{"0":"post-1543","1":"product","2":"type-product","3":"status-publish","4":"has-post-thumbnail","6":"product_cat-light-post","8":"first","9":"instock","10":"shipping-taxable","11":"product-type-simple"},"_links":{"self":[{"href":"https:\/\/keweicorten.com\/et\/wp-json\/wp\/v2\/product\/1543"}],"collection":[{"href":"https:\/\/keweicorten.com\/et\/wp-json\/wp\/v2\/product"}],"about":[{"href":"https:\/\/keweicorten.com\/et\/wp-json\/wp\/v2\/types\/product"}],"replies":[{"embeddable":true,"href":"https:\/\/keweicorten.com\/et\/wp-json\/wp\/v2\/comments?post=1543"}],"version-history":[{"count":1,"href":"https:\/\/keweicorten.com\/et\/wp-json\/wp\/v2\/product\/1543\/revisions"}],"predecessor-version":[{"id":1548,"href":"https:\/\/keweicorten.com\/et\/wp-json\/wp\/v2\/product\/1543\/revisions\/1548"}],"wp:featuredmedia":[{"embeddable":true,"href":"https:\/\/keweicorten.com\/et\/wp-json\/wp\/v2\/media\/1544"}],"wp:attachment":[{"href":"https:\/\/keweicorten.com\/et\/wp-json\/wp\/v2\/media?parent=1543"}],"wp:term":[{"taxonomy":"product_brand","embeddable":true,"href":"https:\/\/keweicorten.com\/et\/wp-json\/wp\/v2\/product_brand?post=1543"},{"taxonomy":"product_cat","embeddable":true,"href":"https:\/\/keweicorten.com\/et\/wp-json\/wp\/v2\/product_cat?post=1543"},{"taxonomy":"product_tag","embeddable":true,"href":"https:\/\/keweicorten.com\/et\/wp-json\/wp\/v2\/product_tag?post=1543"}],"curies":[{"name":"wp","href":"https:\/\/api.w.org\/{rel}","templated":true}]}}