{"id":1575,"date":"2024-09-27T07:50:11","date_gmt":"2024-09-27T07:50:11","guid":{"rendered":"https:\/\/keweicorten.com\/?post_type=product&#038;p=1575"},"modified":"2024-09-27T07:50:11","modified_gmt":"2024-09-27T07:50:11","slug":"astm-a588-plaat","status":"publish","type":"product","link":"https:\/\/keweicorten.com\/et\/astm-a588-plaat\/","title":{"rendered":"astm A588 plaat"},"content":{"rendered":"<p>ASTM A588 terasplaadi omadused:<\/p>\n<p>Ilmastikukindlus: A588 teras on suurep\u00e4rase korrosioonikindlusega ja v\u00f5ib v\u00e4liskeskkonnas moodustada kaitsva roostekihi, mis aeglustab edasist korrosiooni.<\/p>\n<p>Suur tugevus: Materjalil on k\u00f5rge t\u00f5mbetugevus ja voolavuspiir, mist\u00f5ttu see sobib suurte koormuste talumiseks.<\/p>\n<p>Keevitatavus: A588 terasplaat on h\u00e4sti keevitatav ja seda saab kasutada mitmesuguste keevitusmeetoditega.<\/p>\n<p>T\u00f6\u00f6deldavus: Materjal on kergesti l\u00f5igatav, vormitav ja t\u00f6\u00f6deldav, sobib erinevateks tootmisprotsessideks.<\/p>\n<p>Kuumakindlus: See v\u00f5ib s\u00e4ilitada h\u00e4id mehaanilisi omadusi k\u00f5rge temperatuuriga keskkonnas.<\/p>\n<p>Esteetika: Looduslikult roostetanud v\u00e4limus annab arhitektuurile ja maastikukujundusele ainulaadse esteetilise efekti.<\/p>\n<p>&nbsp;<\/p>\n<p>ASTM standardid:<\/p>\n<p>A6\/A6M Spetsifikatsioon valtsitud konstruktsiooniterasest varraste, plaatide, profiilide ja lehtterase \u00fcldn\u00f5uete kohta<\/p>\n<p>G101 Madala legeerterase atmosf\u00e4\u00e4rilise korrosioonikindluse hindamise juhend<\/p>\n<p><a href=\"https:\/\/keweicorten.com\/et\/votke-meiega-uhendust\/\"><img fetchpriority=\"high\" decoding=\"async\" class=\"alignnone\" title=\"ASTM A588 Corten terasest plaat \" src=\"https:\/\/www.gescosteel.com\/photo\/ps32365646-astm_a588_corten_steel_plate.jpg\" alt=\"ASTM A588 Corten Steel Plate Factory, Hiina, hind, tootjad-keweicorten\" width=\"700\" height=\"499\" \/><\/a><\/p>\n<p><a href=\"https:\/\/keweicorten.com\/et\/votke-meiega-uhendust\/\"><img decoding=\"async\" class=\"alignnone\" title=\"ASTM A588 plaadid\" src=\"https:\/\/www.cortensteels.com\/uploads\/202130314\/weather-resistance-astm-a588-plates33271787318.jpg\" alt=\"Hiina ilmastikukindlus ASTM A588 plaatide tootjad, tarnijad -keweicorten\" width=\"700\" height=\"700\" \/><\/a><\/p>","protected":false},"excerpt":{"rendered":"<p>ASTM A588 on k\u00f5rge tugevusega, madala legeeriga konstruktsiooniterasest plaat, mida kasutatakse tavaliselt v\u00e4litingimustes, n\u00e4iteks sildades ja hoonetes. See plaat on v\u00e4ga korrosioonikindel ja suurep\u00e4rase tugevuse ja kaalu suhtega, mist\u00f5ttu sobib see ideaalselt karmidesse keskkondadesse ja \u00e4\u00e4rmuslikesse ilmastikutingimustesse.<\/p>","protected":false},"featured_media":1576,"comment_status":"open","ping_status":"closed","template":"","meta":{"_eb_attr":"","_monsterinsights_skip_tracking":false,"_monsterinsights_sitenote_active":false,"_monsterinsights_sitenote_note":"","_monsterinsights_sitenote_category":0,"_uf_show_specific_survey":0,"_uf_disable_surveys":false},"product_brand":[],"product_cat":[21],"product_tag":[],"class_list":{"0":"post-1575","1":"product","2":"type-product","3":"status-publish","4":"has-post-thumbnail","6":"product_cat-weather-resistant-steel-plate","8":"first","9":"instock","10":"shipping-taxable","11":"product-type-simple"},"_links":{"self":[{"href":"https:\/\/keweicorten.com\/et\/wp-json\/wp\/v2\/product\/1575"}],"collection":[{"href":"https:\/\/keweicorten.com\/et\/wp-json\/wp\/v2\/product"}],"about":[{"href":"https:\/\/keweicorten.com\/et\/wp-json\/wp\/v2\/types\/product"}],"replies":[{"embeddable":true,"href":"https:\/\/keweicorten.com\/et\/wp-json\/wp\/v2\/comments?post=1575"}],"version-history":[{"count":1,"href":"https:\/\/keweicorten.com\/et\/wp-json\/wp\/v2\/product\/1575\/revisions"}],"predecessor-version":[{"id":1577,"href":"https:\/\/keweicorten.com\/et\/wp-json\/wp\/v2\/product\/1575\/revisions\/1577"}],"wp:featuredmedia":[{"embeddable":true,"href":"https:\/\/keweicorten.com\/et\/wp-json\/wp\/v2\/media\/1576"}],"wp:attachment":[{"href":"https:\/\/keweicorten.com\/et\/wp-json\/wp\/v2\/media?parent=1575"}],"wp:term":[{"taxonomy":"product_brand","embeddable":true,"href":"https:\/\/keweicorten.com\/et\/wp-json\/wp\/v2\/product_brand?post=1575"},{"taxonomy":"product_cat","embeddable":true,"href":"https:\/\/keweicorten.com\/et\/wp-json\/wp\/v2\/product_cat?post=1575"},{"taxonomy":"product_tag","embeddable":true,"href":"https:\/\/keweicorten.com\/et\/wp-json\/wp\/v2\/product_tag?post=1575"}],"curies":[{"name":"wp","href":"https:\/\/api.w.org\/{rel}","templated":true}]}}