{"id":1613,"date":"2024-09-29T01:53:19","date_gmt":"2024-09-29T01:53:19","guid":{"rendered":"https:\/\/keweicorten.com\/?post_type=product&#038;p=1613"},"modified":"2024-09-29T01:53:19","modified_gmt":"2024-09-29T01:53:19","slug":"klass-b-corten-terasest-plaat","status":"publish","type":"product","link":"https:\/\/keweicorten.com\/et\/klass-b-corten-terasest-plaat\/","title":{"rendered":"Hinne B Corten terasest plaat"},"content":{"rendered":"<div>\n<p>B-klassi Corten terasplaat on k\u00f5rge tugevusega, madala legeeriga struktuuriteras, mis on tuntud oma ilmastikukindlate omaduste poolest, mist\u00f5ttu on see ideaalne v\u00e4litingimustes kasutamiseks. Siin on m\u00f5ned p\u00f5hiomadused:<\/p>\n<ol>\n<li><strong>Ilmastikukindlus<\/strong>: Corten teras moodustab kaitsva roostekihi, mis takistab edasist korrosiooni, mist\u00f5ttu seda kasutatakse sageli arhitektuurirakendustes ja v\u00e4liskonstruktsioonides.<\/li>\n<li><strong>Mehaanilised omadused<\/strong>: Tavaliselt on selle voolavuspiir umbes 50 ksi (345 MPa) ja t\u00f5mbetugevus 70 ksi (483 MPa).<\/li>\n<li><strong>Rakendused<\/strong>: Kasutatakse tavaliselt sildade, hoonete ja skulptuuride, samuti v\u00e4lism\u00f6\u00f6bli ja kunstiinstallatsioonide puhul.<\/li>\n<li><strong>Keevitus ja valmistamine<\/strong>: Seda saab keevitada tavaliste keevitusmeetoditega, kuid m\u00f5nel juhul v\u00f5ib olla vajalik eelsoojendamine, et v\u00e4ltida pragunemist.<\/li>\n<li><strong>L\u00f5peta<\/strong>: Looduslik roostev\u00e4rv annab esteetilise atraktiivsuse, mida sageli soovitakse moodsas arhitektuuris.<\/li>\n<\/ol>\n<h3 data-fontsize=\"19\" data-lineheight=\"26.79px\">Spetsifikatsioon Corten terasest ASTM A588 klassi B plaat ja leht<\/h3>\n<\/div>\n<div>\n<table style=\"height: 494px;\" border=\"1\" width=\"716\" cellspacing=\"0\" cellpadding=\"0\">\n<tbody>\n<tr>\n<td>\n<h4 data-fontsize=\"14\" data-lineheight=\"20.02px\">Punkti<\/h4>\n<\/td>\n<td>\n<h4 data-fontsize=\"14\" data-lineheight=\"20.02px\">Corten terasest<\/h4>\n<\/td>\n<\/tr>\n<tr>\n<td>\n<h4 data-fontsize=\"14\" data-lineheight=\"20.02px\">Standard<\/h4>\n<\/td>\n<td>\n<h4 data-fontsize=\"14\" data-lineheight=\"20.02px\">ASTM A588, A242, EN 10027-1, CR 10260 &amp; IRSM<\/h4>\n<\/td>\n<\/tr>\n<tr>\n<td>\n<h4 data-fontsize=\"14\" data-lineheight=\"20.02px\">Materjal<\/h4>\n<\/td>\n<td>\n<h4 data-fontsize=\"14\" data-lineheight=\"20.02px\">Corten A , Corten B , S235J0W , S235J2W , S355J0WP , S355J0W , S355J2W , S355K2W , A588 klass A , A588 klass B , A588 klass C , A242 t\u00fc\u00fcp 1 , A 588 Gr. K , A 242 t\u00fc\u00fcp 2 , IRSM-41.<\/h4>\n<\/td>\n<\/tr>\n<tr>\n<td>\n<h4 data-fontsize=\"14\" data-lineheight=\"20.02px\">Paksus<\/h4>\n<\/td>\n<td>\n<h4 data-fontsize=\"14\" data-lineheight=\"20.02px\">0.3-500mm<\/h4>\n<\/td>\n<\/tr>\n<tr>\n<td>\n<h4 data-fontsize=\"14\" data-lineheight=\"20.02px\">Laius<\/h4>\n<\/td>\n<td>\n<h4 data-fontsize=\"14\" data-lineheight=\"20.02px\">1000-3500 mm<\/h4>\n<\/td>\n<\/tr>\n<tr>\n<td>\n<h4 data-fontsize=\"14\" data-lineheight=\"20.02px\">Pikkus<\/h4>\n<\/td>\n<td>\n<h4 data-fontsize=\"14\" data-lineheight=\"20.02px\">1000 - 12000 mm<\/h4>\n<\/td>\n<\/tr>\n<\/tbody>\n<\/table>\n<div class=\"uvc-main-heading ult-responsive\" data-ultimate-target=\".uvc-heading.ultimate-heading-772166f8b0eb826fe h2\" data-responsive-json-new=\"{&quot;font-size&quot;:&quot;&quot;,&quot;line-height&quot;:&quot;&quot;}\">\n<p><strong>Corten B plaadi ekvivalentne klass<\/strong><\/p>\n<\/div>\n<div class=\"uvc-sub-heading ult-responsive\" data-ultimate-target=\".uvc-heading.ultimate-heading-772166f8b0eb826fe .uvc-sub-heading \" data-responsive-json-new=\"{&quot;font-size&quot;:&quot;&quot;,&quot;line-height&quot;:&quot;&quot;}\">\n<table style=\"height: 46px;\" width=\"715\">\n<tbody>\n<tr>\n<td width=\"308\"><strong>Terase klass<\/strong><\/td>\n<td width=\"308\"><strong>EN 10025-5:2004<\/strong><\/td>\n<\/tr>\n<tr>\n<td width=\"308\">COR-TEN B<\/td>\n<td width=\"308\">S355J0W ja S355J2W<\/td>\n<\/tr>\n<\/tbody>\n<\/table>\n<div class=\"three\">ASTM A588 gr.B plaadi suurusvahemik<\/div>\n<div class=\"table-responsive\">\n<table class=\"table table-bordered table-striped table-hover\" style=\"height: 190px;\" width=\"712\">\n<thead>\n<tr>\n<th colspan=\"1\">GRADE<\/th>\n<th colspan=\"1\">TOOTE T\u00dc\u00dcP<\/th>\n<th colspan=\"1\">LAIUS<br \/>\n(in)<\/th>\n<th colspan=\"1\">PAKSUS<br \/>\n(in)<\/th>\n<th colspan=\"1\">PIKKUS<br \/>\n(in)<\/th>\n<\/tr>\n<\/thead>\n<tbody>\n<tr data-index=\"1\" data-offset=\"0\">\n<td rowspan=\"1\">Hinne B<\/td>\n<td rowspan=\"1\">Plaat<\/td>\n<td rowspan=\"1\">72 - 120<\/td>\n<td rowspan=\"1\">0.250 - 2.000<\/td>\n<td rowspan=\"1\">240 - 1020<\/td>\n<\/tr>\n<tr data-index=\"0\" data-offset=\"0\">\n<td rowspan=\"1\">Hinne B<\/td>\n<td rowspan=\"1\">Plaat<\/td>\n<td rowspan=\"1\">72 - 96<\/td>\n<td rowspan=\"1\">0.188 - 0.500<\/td>\n<td rowspan=\"1\">240 - 720<\/td>\n<\/tr>\n<tr data-index=\"2\" data-offset=\"0\">\n<td rowspan=\"1\">Hinne B<\/td>\n<td rowspan=\"1\">Plaat<\/td>\n<td rowspan=\"1\">72 - 131.9<\/td>\n<td rowspan=\"1\">2.01 - 4.90<\/td>\n<td rowspan=\"1\">240 - 1020<\/td>\n<\/tr>\n<\/tbody>\n<\/table>\n<p><a href=\"https:\/\/keweicorten.com\/et\/products\/\"><img fetchpriority=\"high\" decoding=\"async\" class=\"alignnone\" title=\" ASTM A588 klass B \" src=\"https:\/\/th.bing.com\/th\/id\/OIP.ejT7J32EJYNbQj05jy0v0AAAAA?rs=1&amp;pid=ImgDetMain\" alt=\"ASTM A588 klassi B cortenterasest plaatide kasutamine maastikukujunduses\" width=\"573\" height=\"370\" \/><\/a><\/p>\n<p><a href=\"https:\/\/keweicorten.com\/et\/votke-meiega-uhendust\/\"><img decoding=\"async\" class=\"alignnone\" title=\" ASTM A588 klass B \" src=\"https:\/\/www.gescosteel.com\/photo\/ps32365492-grade_b_corten_steel_plate.jpg\" alt=\"Hinne B Corten terasest plaat\" width=\"700\" height=\"499\" \/><\/a><\/p>\n<\/div>\n<\/div>\n<\/div>","protected":false},"excerpt":{"rendered":"<p>ASTM A588 klassi B Corten terasplaat on k\u00f5rge tugevusega, madala legeeriga struktuuriteras, mis on m\u00f5eldud rakendusteks, kus vastupidavus atmosf\u00e4\u00e4rilisele korrosioonile on \u00fclioluline.<\/p>","protected":false},"featured_media":1614,"comment_status":"open","ping_status":"closed","template":"","meta":{"_eb_attr":"","_monsterinsights_skip_tracking":false,"_monsterinsights_sitenote_active":false,"_monsterinsights_sitenote_note":"","_monsterinsights_sitenote_category":0,"_uf_show_specific_survey":0,"_uf_disable_surveys":false},"product_brand":[],"product_cat":[21],"product_tag":[],"class_list":{"0":"post-1613","1":"product","2":"type-product","3":"status-publish","4":"has-post-thumbnail","6":"product_cat-weather-resistant-steel-plate","8":"first","9":"instock","10":"shipping-taxable","11":"product-type-simple"},"_links":{"self":[{"href":"https:\/\/keweicorten.com\/et\/wp-json\/wp\/v2\/product\/1613"}],"collection":[{"href":"https:\/\/keweicorten.com\/et\/wp-json\/wp\/v2\/product"}],"about":[{"href":"https:\/\/keweicorten.com\/et\/wp-json\/wp\/v2\/types\/product"}],"replies":[{"embeddable":true,"href":"https:\/\/keweicorten.com\/et\/wp-json\/wp\/v2\/comments?post=1613"}],"version-history":[{"count":1,"href":"https:\/\/keweicorten.com\/et\/wp-json\/wp\/v2\/product\/1613\/revisions"}],"predecessor-version":[{"id":1615,"href":"https:\/\/keweicorten.com\/et\/wp-json\/wp\/v2\/product\/1613\/revisions\/1615"}],"wp:featuredmedia":[{"embeddable":true,"href":"https:\/\/keweicorten.com\/et\/wp-json\/wp\/v2\/media\/1614"}],"wp:attachment":[{"href":"https:\/\/keweicorten.com\/et\/wp-json\/wp\/v2\/media?parent=1613"}],"wp:term":[{"taxonomy":"product_brand","embeddable":true,"href":"https:\/\/keweicorten.com\/et\/wp-json\/wp\/v2\/product_brand?post=1613"},{"taxonomy":"product_cat","embeddable":true,"href":"https:\/\/keweicorten.com\/et\/wp-json\/wp\/v2\/product_cat?post=1613"},{"taxonomy":"product_tag","embeddable":true,"href":"https:\/\/keweicorten.com\/et\/wp-json\/wp\/v2\/product_tag?post=1613"}],"curies":[{"name":"wp","href":"https:\/\/api.w.org\/{rel}","templated":true}]}}