{"id":1616,"date":"2024-09-29T02:11:45","date_gmt":"2024-09-29T02:11:45","guid":{"rendered":"https:\/\/keweicorten.com\/?post_type=product&#038;p=1616"},"modified":"2024-09-29T02:11:45","modified_gmt":"2024-09-29T02:11:45","slug":"kuumvaltsitud-corten-terasleht","status":"publish","type":"product","link":"https:\/\/keweicorten.com\/et\/kuumvaltsitud-corten-terasleht\/","title":{"rendered":"Kuumvaltsitud Corten terasest leht"},"content":{"rendered":"<p><strong>Kuumvaltsitud Corten teraslehe (Corten terasplaat) spetsifikatsioonid h\u00f5lmavad tavaliselt j\u00e4rgmisi aspekte:<\/strong><\/p>\n<p>Paksus: paksus: \u00dcldine paksus on vahemikus 3 mm kuni 25 mm.<br \/>\nSuurus: x 2000mm, 1250mm x 2500mm jne.<br \/>\nKeemiline koostis: Tavaliselt sisaldab rauda, vaske, niklit, kroomi ja muid elemente, mis suurendavad korrosioonikindlust.<br \/>\nStandard: A242 ja muudele standarditele.<\/p>\n<table border=\"1\" cellspacing=\"0\">\n<tbody>\n<tr>\n<td>Toode<\/td>\n<td>Kuumvaltsitud Corten terasest leht<\/td>\n<\/tr>\n<tr>\n<td>Paksus<\/td>\n<td>2-100mm v\u00f5i kliendi soovil<\/td>\n<\/tr>\n<tr>\n<td>Suurus<\/td>\n<td>1000-3000mm 1250mm 1500mm 2000mm ja vastavalt kliendile<\/td>\n<\/tr>\n<tr>\n<td>Taotlus<\/td>\n<td>s\u00f5idukid, konteinerid, hooned, tornid ja muud konstruktsioonid, mille konstruktsiooniosade poltimine, neetimine ja keevitamine on v\u00f5imalik.<\/td>\n<\/tr>\n<tr>\n<td>Pind<\/td>\n<td>Must v\u00f5i h\u00f5bedane<\/td>\n<\/tr>\n<tr>\n<td>Materjal<\/td>\n<td>SPA-H,Q235NH,Q355NH,Q355GNH,09CuPCrNiA,Corten A,CortenB,SMA400AW\/BW\/CW,SAM490AW\/BW\/CW\/,SAM570W\/P<\/td>\n<\/tr>\n<tr>\n<td>P\u00e4ritolu<\/td>\n<td>POSCO, JISCO, TISCO, LISCO, BAOSTEEL jne.<\/td>\n<\/tr>\n<tr>\n<td>Pakkimisviis<\/td>\n<td>PVC + veekindel paber + tugev merekindel puidust pakend<\/td>\n<\/tr>\n<tr>\n<td>Peamine turg<\/td>\n<td>L\u00e4his-Ida, Aafrika, P\u00f5hja- ja L\u00f5una-Ameerika, Ida- ja L\u00e4\u00e4ne-Euroopa.<\/td>\n<\/tr>\n<tr>\n<td>Deliver Port<\/td>\n<td>Qingdao, Tianjin, Shanghai<\/td>\n<\/tr>\n<tr>\n<td>Tarneperiood<\/td>\n<td>FOB\/CIF\/CFR<\/td>\n<\/tr>\n<tr>\n<td>Tarneaeg<\/td>\n<td>10-15 p\u00e4eva p\u00e4rast hoiuse saamist<\/td>\n<\/tr>\n<\/tbody>\n<\/table>\n<p><strong>Kuumvaltsitud Corten teraslehe omadused on j\u00e4rgmised:<\/strong><\/p>\n<p>Korrosioonikindlus:<\/p>\n<p>Corten terasest pind moodustab stabiilse roostekihi, mis suudab t\u00f5husalt vastu seista edasisele korrosioonile, sobib v\u00e4litingimustes kasutamiseks.<br \/>\nSuur tugevus:<\/p>\n<p>Sellel on suur t\u00f5mbetugevus ja voolavuspiir ja see peab vastu suurtele koormustele.<br \/>\nSuurep\u00e4rane keevitatavus:<\/p>\n<p>Seda saab t\u00f6\u00f6delda keevitamise ja muude t\u00f6\u00f6tlemismeetoditega, et vastata erinevatele kasutusn\u00f5uetele.<br \/>\nHea plastilisus:<\/p>\n<p>Hea plastilisusega, mis sobib vormimise t\u00f6\u00f6tlemiseks.<br \/>\nIlus v\u00e4limus:<\/p>\n<p>Aja jooksul muutub looduslik v\u00e4rvus, mis on tingitud pinna roostetamisest, andes sellele ainulaadse kunstilise ilme.<br \/>\nKuumt\u00f6\u00f6tluse tulemuslikkus:<\/p>\n<p>Erilist kuumt\u00f6\u00f6tlemist ei ole vaja, kuid head mehaanilised omadused s\u00e4ilivad ka p\u00e4rast t\u00f6\u00f6tlemist.<br \/>\nKulumiskindlus:<\/p>\n<p>See n\u00e4itab m\u00f5nes rakenduses head kulumiskindlust.<\/p>\n<p><a href=\"https:\/\/keweicorten.com\/et\/products\/\"><img fetchpriority=\"high\" decoding=\"async\" class=\"alignnone\" title=\"Kuumvaltsitud Corten terasest leht\" src=\"https:\/\/th.bing.com\/th\/id\/OIP.jzXn_qdaUc_AuFmyzx-ysgHaHa?rs=1&amp;pid=ImgDetMain\" alt=\"Kuumvaltsitud Corten terasest lehtmetallist kaetud pinna hind\" width=\"550\" height=\"550\" \/><\/a><\/p>\n<p><a href=\"https:\/\/keweicorten.com\/et\/products\/\"><img decoding=\"async\" class=\"alignnone\" title=\"Kuumvaltsitud Corten terasest leht\" src=\"https:\/\/th.bing.com\/th\/id\/OIP.PGlPvUX5GtZLs4uk-2FJewHaHa?rs=1&amp;pid=ImgDetMain\" alt=\" Kuumvaltsitud Corten terasest lehtede tarnijad ja tootjad - Hiina ...\" width=\"550\" height=\"550\" \/><\/a><\/p>","protected":false},"excerpt":{"rendered":"<p>Pakume kvaliteetset kuumvaltsitud ilmastikukindlat terasplekki mitmesuguste inseneriprojektide jaoks, tagades suurep\u00e4rase vastupidavuse ja esteetilisuse. Hankige n\u00fc\u00fcd lisateavet.<\/p>","protected":false},"featured_media":1617,"comment_status":"open","ping_status":"closed","template":"","meta":{"_eb_attr":"","_monsterinsights_skip_tracking":false,"_monsterinsights_sitenote_active":false,"_monsterinsights_sitenote_note":"","_monsterinsights_sitenote_category":0,"_uf_show_specific_survey":0,"_uf_disable_surveys":false},"product_brand":[],"product_cat":[21],"product_tag":[],"class_list":{"0":"post-1616","1":"product","2":"type-product","3":"status-publish","4":"has-post-thumbnail","6":"product_cat-weather-resistant-steel-plate","8":"first","9":"instock","10":"shipping-taxable","11":"product-type-simple"},"_links":{"self":[{"href":"https:\/\/keweicorten.com\/et\/wp-json\/wp\/v2\/product\/1616"}],"collection":[{"href":"https:\/\/keweicorten.com\/et\/wp-json\/wp\/v2\/product"}],"about":[{"href":"https:\/\/keweicorten.com\/et\/wp-json\/wp\/v2\/types\/product"}],"replies":[{"embeddable":true,"href":"https:\/\/keweicorten.com\/et\/wp-json\/wp\/v2\/comments?post=1616"}],"version-history":[{"count":1,"href":"https:\/\/keweicorten.com\/et\/wp-json\/wp\/v2\/product\/1616\/revisions"}],"predecessor-version":[{"id":1618,"href":"https:\/\/keweicorten.com\/et\/wp-json\/wp\/v2\/product\/1616\/revisions\/1618"}],"wp:featuredmedia":[{"embeddable":true,"href":"https:\/\/keweicorten.com\/et\/wp-json\/wp\/v2\/media\/1617"}],"wp:attachment":[{"href":"https:\/\/keweicorten.com\/et\/wp-json\/wp\/v2\/media?parent=1616"}],"wp:term":[{"taxonomy":"product_brand","embeddable":true,"href":"https:\/\/keweicorten.com\/et\/wp-json\/wp\/v2\/product_brand?post=1616"},{"taxonomy":"product_cat","embeddable":true,"href":"https:\/\/keweicorten.com\/et\/wp-json\/wp\/v2\/product_cat?post=1616"},{"taxonomy":"product_tag","embeddable":true,"href":"https:\/\/keweicorten.com\/et\/wp-json\/wp\/v2\/product_tag?post=1616"}],"curies":[{"name":"wp","href":"https:\/\/api.w.org\/{rel}","templated":true}]}}