{"id":1648,"date":"2024-09-30T06:36:19","date_gmt":"2024-09-30T06:36:19","guid":{"rendered":"https:\/\/keweicorten.com\/?post_type=product&#038;p=1648"},"modified":"2024-09-30T06:36:19","modified_gmt":"2024-09-30T06:36:19","slug":"q295nh-corten-terasest-paneelid-ilmastikukindlad","status":"publish","type":"product","link":"https:\/\/keweicorten.com\/et\/q295nh-corten-terasest-paneelid-ilmastikukindlad\/","title":{"rendered":"Q295NH Corten terasest paneelid ilmastikukindlad"},"content":{"rendered":"<p><strong>Q295NH Corten terasest paneelide omadused:<\/strong><\/p>\n<p>1. Ilmastikukindlus:<br \/>\nEnesekaitsev roostekihi:<br \/>\nQ295NH moodustab atmosf\u00e4\u00e4ritingimustele kokkupuutel stabiilse oksiidikihi (patina), mis takistab edasist korrosiooni. See patina areneb aja jooksul, muutes materjali v\u00e4ga vastupidavaks ilmastikutingimustele, ilma et oleks vaja v\u00e4rvimist v\u00f5i lisakatteid.<br \/>\nKorrosioonikindlus:<br \/>\nV\u00f5rreldes tavalise terasega on terasel parem vastupidavus atmosf\u00e4\u00e4rilisele korrosioonile, eriti erineva niiskuse ja m\u00e4rja-kuiva ts\u00fckliga keskkondades.<\/p>\n<p>2. Mehaanilised omadused:<br \/>\nT\u00f5mbetugevus: \u2265 490 MPa<br \/>\nVoolavuspiir: \u2265 295 MPa<br \/>\nPikendus:\u2265 20%<br \/>\nT\u00e4nu nendele mehaanilistele omadustele sobib Q295NH k\u00f5rge koormusega keskkondadesse, s\u00e4ilitades samal ajal paindlikkuse ja sitkuse.<\/p>\n<p>3. L\u00f6\u00f6gikindlus:<br \/>\nL\u00f6\u00f6gienergia:\u2265 27J temperatuuril -20\u00b0C<br \/>\nSee k\u00f5rge l\u00f6\u00f6gikindlus madalatel temperatuuridel tagab, et teras j\u00e4\u00e4b vastupidavaks ka karmides ilmastikutingimustes.4. K\u00f5rge vastupidavus:**<br \/>\nPikk eluiga:<br \/>\nLooduslik roostekihi pakub pikaajalist kaitset, mist\u00f5ttu sobib see v\u00e4litingimustes kasutamiseks, n\u00e4iteks fassaadidel, sildadel ja arhitektuurielementidel.<br \/>\nV\u00e4hese hooldusega:<br \/>\nT\u00e4nu isetekkelisele kaitsekihile on v\u00e4rvimis- ja hooldusvajadus minimaalne.<\/p>\n<p>5. Keevitatavus:<br \/>\nQ295NH on h\u00e4sti keevitatav, mist\u00f5ttu seda on lihtne valmistada ja integreerida suurtesse struktuuridesse. Ilmastikukindlate omaduste s\u00e4ilitamiseks tuleb kasutada \u00f5igeid keevitustehnikaid.<\/p>\n<p>6. Atmosf\u00e4\u00e4ri kohanemisv\u00f5ime:<br \/>\nKohaneb karmi kliimaga:<br \/>\nTeras toimib h\u00e4sti nii kuivas kui ka m\u00e4rjas keskkonnas ning talub UV-kiirgust ja reostust.<br \/>\nPatina arendamine:<br \/>\nPatina areneb kiiremini vaheldumisi m\u00e4rjas ja kuivas keskkonnas, pakkudes aja jooksul paremat kaitset.<\/p>\n<p>7. Esteetiline atraktiivsus:<br \/>\nLooduslik ilmastikumuutusega v\u00e4limus:<br \/>\nRoostetanud pinnal on atraktiivne, rustikaalne v\u00e4limus, mis on v\u00e4ga soovitav arhitektuuri- ja maastikukujunduses.<\/p>\n<p>8. Keskkonnaalased eelised:<br \/>\nJ\u00e4tkusuutlikkus:<br \/>\nKuna Q295NH ei vaja enam v\u00e4rvi ega pinnakatteid, peetakse seda keskkonnas\u00f5bralikumaks. Patina v\u00e4hendab terase lagunemist, pikendades selle eluts\u00fcklit ja v\u00e4hendades asendamise vajadust.<\/p>\n<p><a href=\"https:\/\/keweicorten.com\/et\"><img fetchpriority=\"high\" decoding=\"async\" class=\"alignnone\" title=\"Q295NH Corten terasest paneelid ilmastikukindlad \" src=\"https:\/\/th.bing.com\/th\/id\/OIP._-rX8x76XtiJCvzh5ULlWwAAAA?rs=1&amp;pid=ImgDetMain\" alt=\"Q295NH Corten terasest paneelide ilmastikukindel tehas, Hiina, hind, tootjad, \" width=\"600\" height=\"600\" \/><\/a><\/p>\n<p><a href=\"https:\/\/keweicorten.com\/et\/product\/cortenist-aiaekraanid\/\"><img decoding=\"async\" class=\"alignnone\" title=\"Q295NH Corten terasest paneelid ilmastikukindlad \" src=\"https:\/\/th.bing.com\/th\/id\/R.b85b66e6f1a03b187a7a190e3c04c310?rik=kKtgu8fkuFUPLA&amp;riu=http%3a%2f%2fwww.sdxawy.com%2fUploadFiles%2fOthers%2f201507081113359580278.jpg&amp;ehk=TFvcfO%2fBsrEHg0n7Qm9ZVT9EjVarZKMOBTpSW3Gm2LY%3d&amp;risl=&amp;pid=ImgRaw&amp;r=0\" alt=\"Q295NH Corten terasest paneelide ilmastikukindel tehas, Hiina, hind, tootjad, \" width=\"601\" height=\"413\" \/><\/a><\/p>","protected":false},"excerpt":{"rendered":"<ul>\n<li><strong>Materjali nimi:<\/strong> Q295NH Corten terasest<\/li>\n<li><strong>T\u00fc\u00fcp:<\/strong> Ilmastikukindel teras<\/li>\n<li><strong>Taotlus:<\/strong> Ehituspaneelid, v\u00e4liskonstruktsioonid, sillad, aiam\u00f6\u00f6bel jne.<\/li>\n<\/ul>","protected":false},"featured_media":1649,"comment_status":"open","ping_status":"closed","template":"","meta":{"_eb_attr":"","_monsterinsights_skip_tracking":false,"_monsterinsights_sitenote_active":false,"_monsterinsights_sitenote_note":"","_monsterinsights_sitenote_category":0,"_uf_show_specific_survey":0,"_uf_disable_surveys":false},"product_brand":[],"product_cat":[21],"product_tag":[],"class_list":{"0":"post-1648","1":"product","2":"type-product","3":"status-publish","4":"has-post-thumbnail","6":"product_cat-weather-resistant-steel-plate","8":"first","9":"instock","10":"shipping-taxable","11":"product-type-simple"},"_links":{"self":[{"href":"https:\/\/keweicorten.com\/et\/wp-json\/wp\/v2\/product\/1648"}],"collection":[{"href":"https:\/\/keweicorten.com\/et\/wp-json\/wp\/v2\/product"}],"about":[{"href":"https:\/\/keweicorten.com\/et\/wp-json\/wp\/v2\/types\/product"}],"replies":[{"embeddable":true,"href":"https:\/\/keweicorten.com\/et\/wp-json\/wp\/v2\/comments?post=1648"}],"version-history":[{"count":1,"href":"https:\/\/keweicorten.com\/et\/wp-json\/wp\/v2\/product\/1648\/revisions"}],"predecessor-version":[{"id":1650,"href":"https:\/\/keweicorten.com\/et\/wp-json\/wp\/v2\/product\/1648\/revisions\/1650"}],"wp:featuredmedia":[{"embeddable":true,"href":"https:\/\/keweicorten.com\/et\/wp-json\/wp\/v2\/media\/1649"}],"wp:attachment":[{"href":"https:\/\/keweicorten.com\/et\/wp-json\/wp\/v2\/media?parent=1648"}],"wp:term":[{"taxonomy":"product_brand","embeddable":true,"href":"https:\/\/keweicorten.com\/et\/wp-json\/wp\/v2\/product_brand?post=1648"},{"taxonomy":"product_cat","embeddable":true,"href":"https:\/\/keweicorten.com\/et\/wp-json\/wp\/v2\/product_cat?post=1648"},{"taxonomy":"product_tag","embeddable":true,"href":"https:\/\/keweicorten.com\/et\/wp-json\/wp\/v2\/product_tag?post=1648"}],"curies":[{"name":"wp","href":"https:\/\/api.w.org\/{rel}","templated":true}]}}