{"id":1729,"date":"2024-10-08T07:19:38","date_gmt":"2024-10-08T07:19:38","guid":{"rendered":"https:\/\/keweicorten.com\/?post_type=product&#038;p=1729"},"modified":"2025-01-15T06:19:42","modified_gmt":"2025-01-15T06:19:42","slug":"grill-2","status":"publish","type":"product","link":"https:\/\/keweicorten.com\/et\/grill-2\/","title":{"rendered":"Corten terasest v\u00f5rega"},"content":{"rendered":"<h2><strong>Corten terasest v\u00f5rede omadused<\/strong>:<\/h2>\n<ol>\n<li><strong>Ilmastikukindlus<\/strong>:\n<ul>\n<li>Corten teras on spetsiaalselt loodud korrosioonile vastu seisma, moodustades kaitsva roostekihi. See muudab selle ideaalseks kasutamiseks v\u00e4litingimustes, kus grillid puutuvad kokku erinevate ilmastikutingimustega. Roostekihi ei suurenda mitte ainult grilli vastupidavust, vaid annab sellele ka aja jooksul ainulaadse v\u00e4limuse.<\/li>\n<\/ul>\n<\/li>\n<li><strong>Esteetiline atraktiivsus<\/strong>:\n<ul>\n<li>Rikkalikud, mahedad toonid, mis on p\u00e4rit ilmastikutingimustes kasutatavast terasest, sobituvad sujuvalt loodusliku v\u00e4liskeskkonnaga. Corten terasest grillid valitakse sageli nende rustikaalse ja t\u00f6\u00f6stusliku v\u00e4limuse t\u00f5ttu, mis areneb, kui teras vananeb ja s\u00fcveneb v\u00e4rvuselt.<\/li>\n<\/ul>\n<\/li>\n<li><strong>Vastupidavus<\/strong>:\n<ul>\n<li>Corten teras on v\u00e4ga vastupidav ja vastupidav ilmastikule. Roostet kaitsev kiht takistab s\u00fcgavamat korrosiooni, mis tagab, et grill kestab kauem kui tavalisest terasest v\u00f5i rauast valmistatud grillid.<\/li>\n<\/ul>\n<\/li>\n<li><strong>Madal hooldus<\/strong>:\n<ul>\n<li>Erinevalt v\u00e4rvitud v\u00f5i kaetud v\u00f5restikestest, mis v\u00f5ivad vajada parandamist, vajavad Corten terasest v\u00f5restikud minimaalset hooldust. Looduslik roostekihi on isemajandav ja seda ei ole vaja \u00fcle v\u00e4rvida ega tihendada.<\/li>\n<\/ul>\n<\/li>\n<li><strong>Soojuse s\u00e4ilitamine<\/strong>:\n<ul>\n<li>Corten teras on hea soojapidavusega, mist\u00f5ttu on see suurep\u00e4rane materjal grillide jaoks. See aitab jaotada kuumust \u00fchtlaselt kogu k\u00fcpsetuspinnal, tagades toidu korraliku k\u00fcpsemise.<\/li>\n<\/ul>\n<\/li>\n<\/ol>\n<p><a href=\"https:\/\/keweicorten.com\/et\"><img fetchpriority=\"high\" decoding=\"async\" class=\"alignnone\" title=\"corten terasest grill\" src=\"https:\/\/sc04.alicdn.com\/kf\/H753466d0919a44c58cdec2fa46b567c7r\/253038816\/H753466d0919a44c58cdec2fa46b567c7r.jpg\" alt=\"corten terasest bbq grill Hiina tehase hind -keweicorten\" width=\"650\" height=\"650\" \/><\/a><\/p>\n<p><strong>Corten terasest tulekollete rakendused:<\/strong><\/p>\n<ol>\n<li><strong>Tagahoovis ja aias kasutatavad grillid<\/strong><\/li>\n<li><strong>Kaubanduslik ja restoranikasutus<\/strong><\/li>\n<li><strong>Grillidega l\u00f5kkeplatsid<\/strong><\/li>\n<li><strong>Kaasaskantavad grillid<\/strong>:<\/li>\n<\/ol>\n<p><a href=\"https:\/\/keweicorten.com\/et\/product\/cortenist-aiaekraanid\/\"><img decoding=\"async\" class=\"alignnone\" title=\"corten bbq grill\" src=\"https:\/\/sc04.alicdn.com\/kf\/Ha38b145b3aba45c79d67d0d9f2bc2d83B\/253038816\/Ha38b145b3aba45c79d67d0d9f2bc2d83B.jpg\" alt=\"corten bbq grill\" width=\"650\" height=\"650\" \/><\/a><\/p>\n<p><strong>Corten terasest v\u00f5rede eelised<\/strong>:<strong>Kauakestev materjal<\/strong>: Corten terasele omased ilmastikutingimustele vastavad omadused pikendavad grilli kasutusiga, v\u00e4hendades vajadust selle v\u00e4ljavahetamiseks.<strong>Loomulik esteetika<\/strong>: Corten terasest grillid on loodusliku ja karmi v\u00e4limusega, mis parandab v\u00e4litingimustes toiduvalmistamise keskkonda, pakkudes nii funktsionaalsust kui ka stiili.<strong>Keskkonnas\u00f5bralik<\/strong>: Kuna Corten teras arendab ise oma kaitsekihi, ei ole vaja kasutada keskkonnale kahjulikke v\u00e4rve v\u00f5i pinnakatteid.<strong>Kohandamine<\/strong>: Paljud kortenterterasest restid on kohandatavad, v\u00f5imaldades unikaalseid kujundeid, suurusi ja kujundusi, mis sobivad isiklike eelistuste v\u00f5i maastikukujunduse jaoks.<\/p>\n<p><strong>Hooldusn\u00f5uanded <\/strong>Corten terasest grill:<\/p>\n<p><strong>Puhastage k\u00fcpsetusrestid regulaarselt<\/strong>:Kuigi Corten teras vajab v\u00e4liselt v\u00e4he hooldust, tuleb toiduvalmistamisrestid (mis on sageli valmistatud roostevabast terasest v\u00f5i malmist) p\u00e4rast iga kasutamist puhastada, et eemaldada toiduj\u00e4\u00e4gid ja rasv.<\/p>\n<p><strong>V\u00e4ltida vee seisakut<\/strong>:Veenduge, et grill ei j\u00e4\u00e4ks pikaks ajaks seisvasse vette, kuna pikaajaline veega kokkupuude v\u00f5ib m\u00f5jutada Corten terase loomulikku roostetamisprotsessi. Kuigi see on ilmastikukindel, v\u00f5ib liigne niiskus kiirendada roostetamist \u00fcle etten\u00e4htud kaitsekihi.<\/p>\n<p><strong>\u00d5litage toiduvalmistamise pind<\/strong>:Enne grillimist m\u00e4\u00e4rige restidele \u00f5huke kiht \u00f5li, et v\u00e4ltida toidu kleepumist ja kaitsta metalli otsese kuumuse eest.<\/p>\n<p><strong>Kasutage katet, kui seda ei kasutata<\/strong>:Kuigi Corten teras on vastupidav, aitab grilli katte kasutamine pikendada selle eluiga, kaitstes seda vihma ja lume eest, eriti karmides kliimatingimustes.<\/p>","protected":false},"excerpt":{"rendered":"<p>\u00dclemisel k\u00fcpsetusplaadil on erinevad k\u00fcpsetamistemperatuurid, kasutades puidup\u00f5letust. Kortenterterasest grillplaadi keskel on temperatuur palju k\u00f5rgem ja v\u00e4lisk\u00fclgedel veidi madalam.<\/p>","protected":false},"featured_media":1731,"comment_status":"open","ping_status":"closed","template":"","meta":{"_eb_attr":"","_monsterinsights_skip_tracking":false,"_monsterinsights_sitenote_active":false,"_monsterinsights_sitenote_note":"","_monsterinsights_sitenote_category":0,"_uf_show_specific_survey":0,"_uf_disable_surveys":false},"product_brand":[],"product_cat":[63],"product_tag":[],"class_list":{"0":"post-1729","1":"product","2":"type-product","3":"status-publish","4":"has-post-thumbnail","6":"product_cat-steel-bbq-grill","8":"first","9":"instock","10":"shipping-taxable","11":"product-type-simple"},"_links":{"self":[{"href":"https:\/\/keweicorten.com\/et\/wp-json\/wp\/v2\/product\/1729"}],"collection":[{"href":"https:\/\/keweicorten.com\/et\/wp-json\/wp\/v2\/product"}],"about":[{"href":"https:\/\/keweicorten.com\/et\/wp-json\/wp\/v2\/types\/product"}],"replies":[{"embeddable":true,"href":"https:\/\/keweicorten.com\/et\/wp-json\/wp\/v2\/comments?post=1729"}],"version-history":[{"count":1,"href":"https:\/\/keweicorten.com\/et\/wp-json\/wp\/v2\/product\/1729\/revisions"}],"predecessor-version":[{"id":1736,"href":"https:\/\/keweicorten.com\/et\/wp-json\/wp\/v2\/product\/1729\/revisions\/1736"}],"wp:featuredmedia":[{"embeddable":true,"href":"https:\/\/keweicorten.com\/et\/wp-json\/wp\/v2\/media\/1731"}],"wp:attachment":[{"href":"https:\/\/keweicorten.com\/et\/wp-json\/wp\/v2\/media?parent=1729"}],"wp:term":[{"taxonomy":"product_brand","embeddable":true,"href":"https:\/\/keweicorten.com\/et\/wp-json\/wp\/v2\/product_brand?post=1729"},{"taxonomy":"product_cat","embeddable":true,"href":"https:\/\/keweicorten.com\/et\/wp-json\/wp\/v2\/product_cat?post=1729"},{"taxonomy":"product_tag","embeddable":true,"href":"https:\/\/keweicorten.com\/et\/wp-json\/wp\/v2\/product_tag?post=1729"}],"curies":[{"name":"wp","href":"https:\/\/api.w.org\/{rel}","templated":true}]}}