{"id":1744,"date":"2024-10-18T02:15:15","date_gmt":"2024-10-18T02:15:15","guid":{"rendered":"https:\/\/keweicorten.com\/?post_type=product&#038;p=1744"},"modified":"2025-01-15T06:19:50","modified_gmt":"2025-01-15T06:19:50","slug":"ilmastikumojuga-terasest-laternapost","status":"publish","type":"product","link":"https:\/\/keweicorten.com\/et\/ilmastikumojuga-terasest-laternapost\/","title":{"rendered":"Ilmastikukahjustused terasest laternapost"},"content":{"rendered":"<p>Corten terasest valguskast - vastupidav, isikup\u00e4rastatud, v\u00e4hese hooldusega ideaalne<\/p>\n<p>V\u00e4lisvalgustuse valdkonnas on oluline valida valguskast, mis on nii ilus kui ka vastupidav. T\u00e4nu oma suurep\u00e4rastele omadustele lahendab Corten terasest valguskast ** traditsiooniliste valguskastide tavalised valupunktid ja saab teie projekti jaoks esimeseks valikuks.<\/p>\n<p>1. Ei ole lihtne korrodeeruda, vastupidav<br \/>\nCorten-terase suurim eelis on selle suurep\u00e4rane korrosioonikindlus. \u00d5hu ja veega kokku puutudes moodustab Corten teras ainulaadse oks\u00fcdatsioonikaitsekihi, mis takistab t\u00f5husalt edasist korrosiooni. See s\u00e4ilitab stabiilse struktuuri ja v\u00e4ljan\u00e4gemise, olenemata sellest, kas see puutub kokku vihma, lume, niiskuse v\u00f5i p\u00e4ikesega. See looduslikult moodustunud roostetoon mitte ainult ei t\u00f5sta valguskasti ilu, vaid annab sellele ka pikaajalise korrosioonikindluse, k\u00f5rvaldades sagedase vahetamise vaeva.<\/p>\n<p>2. Erinevad stiilid, toetus kohandamine<br \/>\nPakume ilmastikutingimustes terasest laternaposti erinevaid stiile, toetame isikup\u00e4rastatud kohandamist **. Kas vajate lihtsat ja kaasaegset disaini v\u00f5i keerulist mustrit v\u00f5i kaubam\u00e4rgi identiteedi nikerdamist, Corten terasest valguskastid v\u00f5ivad teie n\u00f5uetele vastata. Selle paindlik disain ja tootmisprotsess v\u00f5imaldab luua teile ainulaadse valguskasti vastavalt erinevatele stseenidele ja vajadustele, aidates parandada br\u00e4ndi kuvandit v\u00f5i luua ainulaadset ruumi atmosf\u00e4\u00e4ri.<\/p>\n<p>3. Madalad hoolduskulud<br \/>\nIlmastikukindlast terasest laternapostidel on \u00e4\u00e4rmiselt madalad hoolduskulud. See materjal ei vaja t\u00e4iendavat v\u00e4rvimist ega kaitset\u00f6\u00f6tlust ning oksiidikiht ise on selle parim kaitsebarj\u00e4\u00e4r. Te peate teostama ainult lihtsat igap\u00e4evast puhastamist, saate s\u00e4ilitada valguskasti funktsiooni ja ilu, v\u00e4hendades seega oluliselt hoolduskulusid hilisemal perioodil.<\/p>\n<p>4 Pikk kasutusiga<br \/>\nT\u00e4nu k\u00f5rgeimale vastupidavusele on Weathering steel'i laternapostide kasutusiga palju pikem kui tavalistel materjalidel. Corten terase vastupidavus ja vastupidavus ilmastikutingimustele muudavad selle v\u00e4litingimustes pika aja jooksul stabiilseks omaduseks, mis teeb sellest pikaajalise investeeringu, mis ei ole mitte ainult ilus ja praktiline, vaid teenib teid veel aastaid.<\/p>\n<p><a href=\"https:\/\/keweicorten.com\/et\"><img fetchpriority=\"high\" decoding=\"async\" class=\"alignnone\" title=\"kortenvalgusti\" src=\"https:\/\/sc04.alicdn.com\/kf\/Hbfd36546659b40b8b1012ec41b13121bi\/235950374\/Hbfd36546659b40b8b1012ec41b13121bi.jpg\" alt=\"Keskkond-frendly corten v\u00e4rvi pollar valgus corten aiatuled corten v\u00e4ljas seinatuled\" width=\"650\" height=\"325\" \/><\/a><\/p>\n<p>&nbsp;<\/p>","protected":false},"excerpt":{"rendered":"<p>Kui otsite vastupidavat, kohandatud, v\u00e4hese hooldusega ja pika elueaga v\u00e4litingimustes kasutatavat valguskasti, on Corten terasest valguskast kahtlemata ideaalne valik. Selle suurep\u00e4rane j\u00f5udlus ja stiilne disain toovad teie projektile p\u00fcsiva ilu ja funktsionaalsuse.<\/p>","protected":false},"featured_media":1745,"comment_status":"open","ping_status":"closed","template":"","meta":{"_eb_attr":"","_monsterinsights_skip_tracking":false,"_monsterinsights_sitenote_active":false,"_monsterinsights_sitenote_note":"","_monsterinsights_sitenote_category":0,"_uf_show_specific_survey":0,"_uf_disable_surveys":false},"product_brand":[],"product_cat":[61],"product_tag":[],"class_list":{"0":"post-1744","1":"product","2":"type-product","3":"status-publish","4":"has-post-thumbnail","6":"product_cat-light-post","8":"first","9":"instock","10":"shipping-taxable","11":"product-type-simple"},"_links":{"self":[{"href":"https:\/\/keweicorten.com\/et\/wp-json\/wp\/v2\/product\/1744"}],"collection":[{"href":"https:\/\/keweicorten.com\/et\/wp-json\/wp\/v2\/product"}],"about":[{"href":"https:\/\/keweicorten.com\/et\/wp-json\/wp\/v2\/types\/product"}],"replies":[{"embeddable":true,"href":"https:\/\/keweicorten.com\/et\/wp-json\/wp\/v2\/comments?post=1744"}],"version-history":[{"count":1,"href":"https:\/\/keweicorten.com\/et\/wp-json\/wp\/v2\/product\/1744\/revisions"}],"predecessor-version":[{"id":1746,"href":"https:\/\/keweicorten.com\/et\/wp-json\/wp\/v2\/product\/1744\/revisions\/1746"}],"wp:featuredmedia":[{"embeddable":true,"href":"https:\/\/keweicorten.com\/et\/wp-json\/wp\/v2\/media\/1745"}],"wp:attachment":[{"href":"https:\/\/keweicorten.com\/et\/wp-json\/wp\/v2\/media?parent=1744"}],"wp:term":[{"taxonomy":"product_brand","embeddable":true,"href":"https:\/\/keweicorten.com\/et\/wp-json\/wp\/v2\/product_brand?post=1744"},{"taxonomy":"product_cat","embeddable":true,"href":"https:\/\/keweicorten.com\/et\/wp-json\/wp\/v2\/product_cat?post=1744"},{"taxonomy":"product_tag","embeddable":true,"href":"https:\/\/keweicorten.com\/et\/wp-json\/wp\/v2\/product_tag?post=1744"}],"curies":[{"name":"wp","href":"https:\/\/api.w.org\/{rel}","templated":true}]}}