{"id":1867,"date":"2024-10-29T02:29:39","date_gmt":"2024-10-29T02:29:39","guid":{"rendered":"https:\/\/keweicorten.com\/?post_type=product&#038;p=1867"},"modified":"2024-10-29T02:31:51","modified_gmt":"2024-10-29T02:31:51","slug":"astm-a606-a588-ilmastikutingimuste-corten-a-terasplaat","status":"publish","type":"product","link":"https:\/\/keweicorten.com\/et\/astm-a606-a588-ilmastikutingimuste-corten-a-terasplaat\/","title":{"rendered":"ASTM A606 A588 Corten a terasplaadi ilmastikukahjustused"},"content":{"rendered":"<table>\n<thead>\n<tr>\n<th><strong>Kinnisvara<\/strong><\/th>\n<th><strong>ASTM A606<\/strong><\/th>\n<th><strong>ASTM A588 (Corten A)<\/strong><\/th>\n<\/tr>\n<\/thead>\n<tbody>\n<tr>\n<td><strong>Standard<\/strong><\/td>\n<td>ASTM A606-4<\/td>\n<td>ASTM A588 klass A<\/td>\n<\/tr>\n<tr>\n<td><strong>T\u00fc\u00fcp<\/strong><\/td>\n<td>K\u00f5rgtugev madala legeeritud teras<\/td>\n<td>Ilmastikukindlad terased<\/td>\n<\/tr>\n<tr>\n<td><strong>Korrosioonikindlus<\/strong><\/td>\n<td>Hea<\/td>\n<td>Suurep\u00e4rane; vastupidav atmosf\u00e4\u00e4rikorrosioonile<\/td>\n<\/tr>\n<tr>\n<td><strong>T\u00f5mbetugevus<\/strong><\/td>\n<td>Min 70 ksi (485 MPa)<\/td>\n<td>Min 70 ksi (485 MPa)<\/td>\n<\/tr>\n<tr>\n<td><strong>Mahtuvuspiirang<\/strong><\/td>\n<td>Min 50 ksi (345 MPa)<\/td>\n<td>Min 50 ksi (345 MPa)<\/td>\n<\/tr>\n<tr>\n<td><strong>Pikendus<\/strong><\/td>\n<td>Varieerub paksuse j\u00e4rgi<\/td>\n<td>Varieerub paksuse j\u00e4rgi<\/td>\n<\/tr>\n<tr>\n<td><strong>Paksuse vahemik<\/strong><\/td>\n<td>Tavaliselt kuni 2 tolli (50 mm)<\/td>\n<td>Tavaliselt kuni 2 tolli (50 mm)<\/td>\n<\/tr>\n<tr>\n<td><strong>Vorm\u00f5eldavus<\/strong><\/td>\n<td>Hea<\/td>\n<td>Hea<\/td>\n<\/tr>\n<tr>\n<td><strong>Keevitatavus<\/strong><\/td>\n<td>Hea koos asjakohaste ettevaatusabin\u00f5udega<\/td>\n<td>Hea koos asjakohaste ettevaatusabin\u00f5udega<\/td>\n<\/tr>\n<tr>\n<td><strong>Rakendused<\/strong><\/td>\n<td>Ehitus, sillad, struktuuritoed<\/td>\n<td>Sillad, ehitus, merendusrakendused<\/td>\n<\/tr>\n<tr>\n<td><strong>Pinna viimistlus<\/strong><\/td>\n<td>Mill viimistlus v\u00f5i vastavalt spetsifikatsioonile<\/td>\n<td>Mill viimistlus v\u00f5i vastavalt spetsifikatsioonile<\/td>\n<\/tr>\n<tr>\n<td><strong>Keemiline koostis<\/strong><\/td>\n<td>Varieerub veidi vastavalt erin\u00f5uetele<\/td>\n<td>Sisaldab elemente nagu vask, mis tagavad parema vastupidavuse ilmastikutingimustele.<\/td>\n<\/tr>\n<\/tbody>\n<\/table>\n<p><a href=\"https:\/\/keweicorten.com\/et\"><img fetchpriority=\"high\" decoding=\"async\" class=\"alignnone\" title=\"ASTM A588 terasplaat \" src=\"https:\/\/i.ytimg.com\/vi\/5OTJne5mkO0\/maxresdefault.jpg\" alt=\"ASTM A588 terasplaat \" width=\"556\" height=\"313\" \/><\/a><\/p>\n<p><a href=\"https:\/\/keweicorten.com\/et\"><img decoding=\"async\" class=\"alignnone\" title=\"ASTM A588 ASTM A606 4 Corten terasest plaat \" src=\"https:\/\/image.made-in-china.com\/2f0j00rkpiaVFIheYJ\/ASTM-A588-ASTM-A606-4-Corten-Steel-Plate-Gr-a-Gr-B-Corrosion-Resistance-Weathering-Steel-Sheet-for-Outdoor-Metal-Sheet.jpg\" alt=\"ASTM A588 ASTM A606 4 Corten terasest plaat \" width=\"556\" height=\"556\" \/><\/a><\/p>\n<p><a href=\"https:\/\/keweicorten.com\/et\"><img decoding=\"async\" class=\"alignnone\" title=\"ASTM A588 Gr.B Corten terasest plaadid \" src=\"https:\/\/www.csteelindia.com\/images\/astm-588-type2-steel-plates.jpg\" alt=\"ASTM A588 Gr.B Corten terasest plaadid Hiina hind | keweicorten\" width=\"559\" height=\"315\" \/><\/a><\/p>","protected":false},"excerpt":{"rendered":"<p>Hiina ASTM A606 ja A588 ilmastikukindlate teraslehtede hinna selge arusaamine p\u00f5hilistest omadustest ja rakendusskeemidest aitab valida \u00f5ige materjali teie konkreetsete tehniliste vajaduste jaoks.<\/p>","protected":false},"featured_media":1868,"comment_status":"open","ping_status":"closed","template":"","meta":{"_eb_attr":"","_monsterinsights_skip_tracking":false,"_monsterinsights_sitenote_active":false,"_monsterinsights_sitenote_note":"","_monsterinsights_sitenote_category":0,"_uf_show_specific_survey":0,"_uf_disable_surveys":false},"product_brand":[],"product_cat":[21],"product_tag":[],"class_list":{"0":"post-1867","1":"product","2":"type-product","3":"status-publish","4":"has-post-thumbnail","6":"product_cat-weather-resistant-steel-plate","8":"first","9":"instock","10":"shipping-taxable","11":"product-type-simple"},"_links":{"self":[{"href":"https:\/\/keweicorten.com\/et\/wp-json\/wp\/v2\/product\/1867"}],"collection":[{"href":"https:\/\/keweicorten.com\/et\/wp-json\/wp\/v2\/product"}],"about":[{"href":"https:\/\/keweicorten.com\/et\/wp-json\/wp\/v2\/types\/product"}],"replies":[{"embeddable":true,"href":"https:\/\/keweicorten.com\/et\/wp-json\/wp\/v2\/comments?post=1867"}],"version-history":[{"count":2,"href":"https:\/\/keweicorten.com\/et\/wp-json\/wp\/v2\/product\/1867\/revisions"}],"predecessor-version":[{"id":1870,"href":"https:\/\/keweicorten.com\/et\/wp-json\/wp\/v2\/product\/1867\/revisions\/1870"}],"wp:featuredmedia":[{"embeddable":true,"href":"https:\/\/keweicorten.com\/et\/wp-json\/wp\/v2\/media\/1868"}],"wp:attachment":[{"href":"https:\/\/keweicorten.com\/et\/wp-json\/wp\/v2\/media?parent=1867"}],"wp:term":[{"taxonomy":"product_brand","embeddable":true,"href":"https:\/\/keweicorten.com\/et\/wp-json\/wp\/v2\/product_brand?post=1867"},{"taxonomy":"product_cat","embeddable":true,"href":"https:\/\/keweicorten.com\/et\/wp-json\/wp\/v2\/product_cat?post=1867"},{"taxonomy":"product_tag","embeddable":true,"href":"https:\/\/keweicorten.com\/et\/wp-json\/wp\/v2\/product_tag?post=1867"}],"curies":[{"name":"wp","href":"https:\/\/api.w.org\/{rel}","templated":true}]}}