{"id":1910,"date":"2024-11-05T07:46:19","date_gmt":"2024-11-05T07:46:19","guid":{"rendered":"https:\/\/keweicorten.com\/?post_type=product&#038;p=1910"},"modified":"2025-01-15T06:20:40","modified_gmt":"2025-01-15T06:20:40","slug":"valitingimustes-grill-corten-bbq","status":"publish","type":"product","link":"https:\/\/keweicorten.com\/et\/valitingimustes-grill-corten-bbq\/","title":{"rendered":"V\u00e4ligrill Corten BBQ"},"content":{"rendered":"<p>V\u00e4lisgrill Corten BBQ on 10 mm paksuse toiduvalmistamise lauaga ja selle l\u00e4bim\u00f5\u00f5t v\u00f5ib olla 1000 mm v\u00f5i 850 mm. Kuumuta laud umbes 300\u02daC-ni l\u00e4bi puidutule kuuma poti (ka kivis\u00fcsi on v\u00f5imalik, kuid v\u00e4hem huvitav, sest see ei anna leeki ja ei haise suitsu). Alustage plangu \u00f5liga ja k\u00fcpsetage. Suur toiduvalmistamispind.<\/p>\n<table>\n<tbody>\n<tr>\n<td>Kaubam\u00e4rk<\/td>\n<td>SHKW aed<\/td>\n<td>Taotlus<\/td>\n<td>V\u00e4litingimustes kasutatav tulekahju laudakauss<\/td>\n<\/tr>\n<tr>\n<td>Tootmisv\u00f5imsus<\/td>\n<td>10000 komplekt \/kuu<\/td>\n<td>M\u00e4rks\u00f5nad<\/td>\n<td>Barbeque s\u00f6egrill<\/td>\n<\/tr>\n<tr>\n<td>P\u00e4ritolu<\/td>\n<td>Hiina<\/td>\n<td>Grilli t\u00fc\u00fcp<\/td>\n<td>S\u00fcsi grillid<\/td>\n<\/tr>\n<tr>\n<td>Toote nimi<\/td>\n<td>V\u00e4ligrill Corten BBQ<\/td>\n<td>Ohutusseade<\/td>\n<td>Leegi ohutusseade<\/td>\n<\/tr>\n<tr>\n<td>Metallist t\u00fc\u00fcp<\/td>\n<td>Teras<\/td>\n<td>Materjal<\/td>\n<td>Corten<\/td>\n<\/tr>\n<tr>\n<td>Funktsioon<\/td>\n<td>Lihtsalt kokkupandav, kergesti puhastatav, k\u00e4ru<\/td>\n<td>Kasutamine<\/td>\n<td>K\u00f6\u00f6k toiduvalmistamine\\ k\u00fcpsetamine\\BBQ<\/td>\n<\/tr>\n<tr>\n<td>K\u00fctus<\/td>\n<td>Puus\u00fcsi<\/td>\n<td>Kirjeldus<\/td>\n<td>Grilligrill Charcoal Bbq Grill<\/td>\n<\/tr>\n<\/tbody>\n<\/table>\n<p><a href=\"https:\/\/keweicorten.com\/et\/product-category\/lokkeplats\/\"><img fetchpriority=\"high\" decoding=\"async\" class=\"alignnone\" title=\"V\u00e4ligrill Corten BBQ\" src=\"https:\/\/sc04.alicdn.com\/kf\/Habd862920bd5488eab74e502cd481a56f\/276463663\/Habd862920bd5488eab74e502cd481a56f.jpg\" alt=\"Outdoor Grill Corten BBQ kohandatud, hulgim\u00fc\u00fck, odav-keweicorten\" width=\"517\" height=\"517\" \/><\/a><\/p>\n<p>Kruusaga \u00fcmbritsetud v\u00e4rskeid k\u00f6\u00f6givilju sisaldav grill pakub kaunist stseeni v\u00e4litingimustes toimuvaks grillimiseks.<\/p>\n<div class=\"sr-txt-title\">\n<p class=\"sr-txt-h2\">Pakendamine ja kohaletoimetamine<\/p>\n<\/div>\n<div class=\"sr-layout-content\">\n<div class=\"basic-info-list\">\n<div class=\"bsc-item full cf\">\n<div class=\"bac-item-label fl\">Pakendi suurus: 100.00cm * 100.00cm * 100.00cm<\/div>\n<\/div>\n<div class=\"bsc-item full cf\">\n<div class=\"bac-item-label fl\">Pakendi brutokaal: 50.000kg<\/div>\n<div><a href=\"https:\/\/keweicorten.com\/et\/product-category\/lokkeplats\/\"><img decoding=\"async\" class=\"alignnone wp-image-1914 size-full\" title=\" corten bbq grill\" src=\"https:\/\/keweicorten.com\/wp-content\/uploads\/2024\/11\/\u5fae\u4fe1\u56fe\u7247_20241105154209.jpg\" alt=\" corten bbq grill hulgim\u00fc\u00fck, odav, m\u00fc\u00fcgiks, laos.\" width=\"700\" height=\"300\" srcset=\"https:\/\/keweicorten.com\/wp-content\/uploads\/2024\/11\/\u5fae\u4fe1\u56fe\u7247_20241105154209.jpg 700w, https:\/\/keweicorten.com\/wp-content\/uploads\/2024\/11\/\u5fae\u4fe1\u56fe\u7247_20241105154209-300x129.jpg 300w, https:\/\/keweicorten.com\/wp-content\/uploads\/2024\/11\/\u5fae\u4fe1\u56fe\u7247_20241105154209-18x8.jpg 18w, https:\/\/keweicorten.com\/wp-content\/uploads\/2024\/11\/\u5fae\u4fe1\u56fe\u7247_20241105154209-600x257.jpg 600w\" sizes=\"(max-width: 700px) 100vw, 700px\" \/><\/a><\/div>\n<p><strong>V\u00e4lisgrill Corten BBQ Peamised omadused:<\/strong><\/p>\n<p>Ilmastikukindel teras<br \/>\nKaasaskantav disain<br \/>\nKompaktne struktuur<br \/>\nLihtne puhastada<br \/>\nK\u00f5rge turvalisus<br \/>\nTugev vastupidavus<br \/>\nMadalad \u00fclalpidamiskulud<br \/>\nKeskkonnakaitse ja energias\u00e4\u00e4st<br \/>\nMultifunktsionaalne kasutamine<\/p>\n<p><a href=\"https:\/\/keweicorten.com\/et\/product-category\/lokkeplats\/\"><img decoding=\"async\" class=\"alignnone wp-image-1915 size-full\" title=\"V\u00e4ligrill Corten BBQ\" src=\"https:\/\/keweicorten.com\/wp-content\/uploads\/2024\/11\/\u5fae\u4fe1\u56fe\u7247_20241105154214.jpg\" alt=\" Outdoor Grill Corten BBQ hulgim\u00fc\u00fck, odav, m\u00fc\u00fcgiks, stock.-keweicorten\" width=\"700\" height=\"300\" srcset=\"https:\/\/keweicorten.com\/wp-content\/uploads\/2024\/11\/\u5fae\u4fe1\u56fe\u7247_20241105154214.jpg 700w, https:\/\/keweicorten.com\/wp-content\/uploads\/2024\/11\/\u5fae\u4fe1\u56fe\u7247_20241105154214-300x129.jpg 300w, https:\/\/keweicorten.com\/wp-content\/uploads\/2024\/11\/\u5fae\u4fe1\u56fe\u7247_20241105154214-18x8.jpg 18w, https:\/\/keweicorten.com\/wp-content\/uploads\/2024\/11\/\u5fae\u4fe1\u56fe\u7247_20241105154214-600x257.jpg 600w\" sizes=\"(max-width: 700px) 100vw, 700px\" \/><\/a><\/p>\n<\/div>\n<\/div>\n<\/div>","protected":false},"excerpt":{"rendered":"<p>Kaasaskantav v\u00e4ligrill Corten BBQ on v\u00e4litingimustes kasutamiseks m\u00f5eldud grillimisseade. Corten terast kasutatakse laialdaselt v\u00e4litingimustes kasutatavate seadmete valmistamisel selle korrosioonikindluse ja ilmastikukindluse t\u00f5ttu.<\/p>","protected":false},"featured_media":1912,"comment_status":"open","ping_status":"closed","template":"","meta":{"_eb_attr":"","_monsterinsights_skip_tracking":false,"_monsterinsights_sitenote_active":false,"_monsterinsights_sitenote_note":"","_monsterinsights_sitenote_category":0,"_uf_show_specific_survey":0,"_uf_disable_surveys":false},"product_brand":[],"product_cat":[63],"product_tag":[],"class_list":{"0":"post-1910","1":"product","2":"type-product","3":"status-publish","4":"has-post-thumbnail","6":"product_cat-steel-bbq-grill","8":"first","9":"instock","10":"shipping-taxable","11":"product-type-simple"},"_links":{"self":[{"href":"https:\/\/keweicorten.com\/et\/wp-json\/wp\/v2\/product\/1910"}],"collection":[{"href":"https:\/\/keweicorten.com\/et\/wp-json\/wp\/v2\/product"}],"about":[{"href":"https:\/\/keweicorten.com\/et\/wp-json\/wp\/v2\/types\/product"}],"replies":[{"embeddable":true,"href":"https:\/\/keweicorten.com\/et\/wp-json\/wp\/v2\/comments?post=1910"}],"version-history":[{"count":1,"href":"https:\/\/keweicorten.com\/et\/wp-json\/wp\/v2\/product\/1910\/revisions"}],"predecessor-version":[{"id":1916,"href":"https:\/\/keweicorten.com\/et\/wp-json\/wp\/v2\/product\/1910\/revisions\/1916"}],"wp:featuredmedia":[{"embeddable":true,"href":"https:\/\/keweicorten.com\/et\/wp-json\/wp\/v2\/media\/1912"}],"wp:attachment":[{"href":"https:\/\/keweicorten.com\/et\/wp-json\/wp\/v2\/media?parent=1910"}],"wp:term":[{"taxonomy":"product_brand","embeddable":true,"href":"https:\/\/keweicorten.com\/et\/wp-json\/wp\/v2\/product_brand?post=1910"},{"taxonomy":"product_cat","embeddable":true,"href":"https:\/\/keweicorten.com\/et\/wp-json\/wp\/v2\/product_cat?post=1910"},{"taxonomy":"product_tag","embeddable":true,"href":"https:\/\/keweicorten.com\/et\/wp-json\/wp\/v2\/product_tag?post=1910"}],"curies":[{"name":"wp","href":"https:\/\/api.w.org\/{rel}","templated":true}]}}