{"id":1943,"date":"2024-11-13T07:55:20","date_gmt":"2024-11-13T07:55:20","guid":{"rendered":"https:\/\/keweicorten.com\/?post_type=product&#038;p=1943"},"modified":"2024-11-13T07:56:55","modified_gmt":"2024-11-13T07:56:55","slug":"corten-a-terasleht","status":"publish","type":"product","link":"https:\/\/keweicorten.com\/et\/corten-a-terasleht\/","title":{"rendered":"Corten A terasleht"},"content":{"rendered":"<p class=\"!whitespace-pre-wrap\"><strong>Peamised omadused ja eelised\uff1a<\/strong><\/p>\n<ol>\n<li>\n<p class=\"!whitespace-pre-wrap\"><strong>K\u00f5rge tugevus ja vastupidavus<\/strong>: Corten A terasleht pakub suurep\u00e4raseid mehaanilisi omadusi, sealhulgas suurt t\u00f5mbetugevust ja voolavuspiiri. See muudab selle sobivaks rakendusteks, mis n\u00f5uavad tugevat struktuurilist terviklikkust.<\/p>\n<\/li>\n<li>\n<p class=\"!whitespace-pre-wrap\"><strong>Ilmastikukindlus<\/strong>: Corten A \u00fcks silmapaistvamaid omadusi on selle suurep\u00e4rane vastupidavus atmosf\u00e4\u00e4rilisele korrosioonile. Kui see puutub kokku niiskuse ja \u00f5huga, moodustab see stabiilse roostesarnase patina, mis kaitseb alusp\u00f5hja terast edasise oks\u00fcdeerumise ja kahjustuste eest.<\/p>\n<\/li>\n<li>\n<p class=\"!whitespace-pre-wrap\"><strong>Kulut\u00f5husus<\/strong>: Hoolimata oma k\u00f5rgetasemelistest omadustest on Corten A pikemas perspektiivis kuluefektiivne. V\u00e4henenud vajadus hoolduse, v\u00e4rvimise ja kaitsekatete j\u00e4rele t\u00e4hendab aja jooksul m\u00e4rkimisv\u00e4\u00e4rset kokkuhoidu.<\/p>\n<\/li>\n<li>\n<p class=\"!whitespace-pre-wrap\"><strong>Esteetiline atraktiivsus<\/strong>: Corten A terase looduslik, rustikaalne v\u00e4limus lisab arhitektuuri- ja haljastusprojektidele esteetilist atraktiivsust. Selle ainulaadne v\u00e4limus v\u00f5ib suurendada mis tahes konstruktsiooni visuaalset m\u00f5ju.<\/p>\n<\/li>\n<\/ol>\n<p><strong>F\u00fc\u00fcsilised omadused\uff1a<\/strong><br \/>\nPaksus: \u00dcldiselt vahemikus 8mm kuni 450mm.<br \/>\nLaius: tavaliselt vahemikus 1500 mm kuni 4500 mm.<br \/>\nPikkus: v\u00f5ib ulatuda 3000mm kuni 18000mm.<\/p>\n<p><strong>Rakendusvaldkond\uff1a<\/strong><br \/>\nEhitus- ja ehitustehnika: Seda kasutatakse sageli sildade, hoonete fassaadide ja mahutite puhul, kuna see on ilmastikukindel.<br \/>\nTranspordivahendid: n\u00e4iteks raudteeveeremid, veoautode kere jne.<br \/>\nDekoratiivne kasutamine: T\u00e4nu oma ainulaadsele v\u00e4limusele ja ilmastikukindlusele kasutatakse seda tavaliselt ka maastikukujunduses ja kunstskulptuurides.<\/p>\n<table>\n<tbody>\n<tr>\n<td colspan=\"1\" rowspan=\"1\">\n<div><b>Materjal<\/b><\/div>\n<\/td>\n<td colspan=\"4\" rowspan=\"1\">\n<div>Q355NH Q460NH Q345GNH Q295NH Q295GNH Q235NH 09CuPCrNi-A 05CuPCrNi-A SPA-H B460GNQR B480GNQR Q400NQRI Q450NQRI<br \/>\nCorten A\/B, 09CuCrPNi-A, A588 Gr A\/B\/C\/D, ASTM A242, SPA-H, SPA-C, Q235NH, Q295NH, Q355NH, Q460NH, Q295GNH, Q295GNHL, Q345GNH, Q345GNHL, Q390GNH.<\/div>\n<\/td>\n<\/tr>\n<tr>\n<td colspan=\"1\" rowspan=\"1\">\n<div><b>Laius<\/b><\/div>\n<\/td>\n<td colspan=\"4\" rowspan=\"1\">\n<div>1000mm 1250mm 1500mm 2000mm 2500mm 3000mm 3000mm<\/div>\n<\/td>\n<\/tr>\n<tr>\n<td colspan=\"1\" rowspan=\"1\">\n<div><b>T\u00f6\u00f6tlemisteenus<\/b><\/div>\n<\/td>\n<td colspan=\"4\" rowspan=\"1\">\n<div>Painutamine, keevitamine, keevitamine, dekopeerimine, l\u00f5ikamine, stantsimine<\/div>\n<\/td>\n<\/tr>\n<tr>\n<td colspan=\"1\" rowspan=\"1\">\n<div><b>Paksus<\/b><\/div>\n<\/td>\n<td colspan=\"4\" rowspan=\"1\">\n<div>1.5mm~70mm<\/div>\n<\/td>\n<\/tr>\n<tr>\n<td colspan=\"1\" rowspan=\"2\">\n<div><b>Pakkimise \u00fcksikasjad<\/b><\/div>\n<\/td>\n<td colspan=\"4\" rowspan=\"1\">\n<div>Standardne ekspordipakend: puidust kaubaalus + papp + terasriba<\/div>\n<\/td>\n<\/tr>\n<tr>\n<td colspan=\"4\" rowspan=\"1\">\n<div>Kohandatud n\u00f5uded on aktsepteeritud<\/div>\n<\/td>\n<\/tr>\n<tr>\n<td colspan=\"1\" rowspan=\"1\">\n<div><b>Tehnika protsess<\/b><\/div>\n<\/td>\n<td colspan=\"4\" rowspan=\"1\">\n<div>Laserl\u00f5ikus &gt; perforeerimine v\u00f5i painutamine &gt; keevitamine ja poleerimine &gt; pinnat\u00f6\u00f6tlus &gt; pakendamine<\/div>\n<\/td>\n<\/tr>\n<tr>\n<td colspan=\"1\" rowspan=\"1\">\n<div><b>Taotlus<\/b><\/div>\n<\/td>\n<td colspan=\"4\" rowspan=\"1\">\n<div>Kasutatakse fassaadi, ekraanide, ruumi vaheseinte ja muude kaunistuste jaoks<\/div>\n<\/td>\n<\/tr>\n<\/tbody>\n<\/table>\n<p><a href=\"https:\/\/keweicorten.com\/et\"><img fetchpriority=\"high\" decoding=\"async\" class=\"alignnone\" title=\"Corten terasest plaadid\" src=\"https:\/\/www.csteelindia.com\/images\/irsm-41-97-corten-steel-plates.jpg\" alt=\"Corten terasest plaadid Factory, Hiina, hind, tootjad, tarnijad - keweicorten\" width=\"699\" height=\"394\" \/><\/a><\/p>\n<p><a href=\"https:\/\/keweicorten.com\/et\/products\/\"><img decoding=\"async\" class=\"alignnone\" title=\"Astm A588 terasplaat \" src=\"https:\/\/sc01.alicdn.com\/kf\/H52b92eceae0a400495623962a04b0d9bG\/234518937\/H52b92eceae0a400495623962a04b0d9bG.jpg\" alt=\"Astm A588 terasplaat Factory,Hiina,hind,tootjad,tarnijad-keweicorten\" width=\"699\" height=\"524\" \/><\/a><\/p>","protected":false},"excerpt":{"rendered":"<p>Corten A terasplaadi hind pakub tugevuse, vastupidavuse ja esteetilise v\u00e4limuse kombinatsiooni, mis teeb sellest suurep\u00e4rase valiku paljude rakenduste jaoks. \u00dcksk\u00f5ik, kas olete seotud ehituse, transpordi v\u00f5i tootmisega,<\/p>","protected":false},"featured_media":1944,"comment_status":"open","ping_status":"closed","template":"","meta":{"_eb_attr":"","_monsterinsights_skip_tracking":false,"_monsterinsights_sitenote_active":false,"_monsterinsights_sitenote_note":"","_monsterinsights_sitenote_category":0,"_uf_show_specific_survey":0,"_uf_disable_surveys":false},"product_brand":[],"product_cat":[21],"product_tag":[],"class_list":{"0":"post-1943","1":"product","2":"type-product","3":"status-publish","4":"has-post-thumbnail","6":"product_cat-weather-resistant-steel-plate","8":"first","9":"instock","10":"shipping-taxable","11":"product-type-simple"},"_links":{"self":[{"href":"https:\/\/keweicorten.com\/et\/wp-json\/wp\/v2\/product\/1943"}],"collection":[{"href":"https:\/\/keweicorten.com\/et\/wp-json\/wp\/v2\/product"}],"about":[{"href":"https:\/\/keweicorten.com\/et\/wp-json\/wp\/v2\/types\/product"}],"replies":[{"embeddable":true,"href":"https:\/\/keweicorten.com\/et\/wp-json\/wp\/v2\/comments?post=1943"}],"version-history":[{"count":2,"href":"https:\/\/keweicorten.com\/et\/wp-json\/wp\/v2\/product\/1943\/revisions"}],"predecessor-version":[{"id":1949,"href":"https:\/\/keweicorten.com\/et\/wp-json\/wp\/v2\/product\/1943\/revisions\/1949"}],"wp:featuredmedia":[{"embeddable":true,"href":"https:\/\/keweicorten.com\/et\/wp-json\/wp\/v2\/media\/1944"}],"wp:attachment":[{"href":"https:\/\/keweicorten.com\/et\/wp-json\/wp\/v2\/media?parent=1943"}],"wp:term":[{"taxonomy":"product_brand","embeddable":true,"href":"https:\/\/keweicorten.com\/et\/wp-json\/wp\/v2\/product_brand?post=1943"},{"taxonomy":"product_cat","embeddable":true,"href":"https:\/\/keweicorten.com\/et\/wp-json\/wp\/v2\/product_cat?post=1943"},{"taxonomy":"product_tag","embeddable":true,"href":"https:\/\/keweicorten.com\/et\/wp-json\/wp\/v2\/product_tag?post=1943"}],"curies":[{"name":"wp","href":"https:\/\/api.w.org\/{rel}","templated":true}]}}