{"id":2432,"date":"2024-11-26T02:47:59","date_gmt":"2024-11-26T02:47:59","guid":{"rendered":"https:\/\/keweicorten.com\/?post_type=product&#038;p=2432"},"modified":"2025-01-15T06:14:28","modified_gmt":"2025-01-15T06:14:28","slug":"vahesein-metallist-aiaekraan","status":"publish","type":"product","link":"https:\/\/keweicorten.com\/et\/vahesein-metallist-aiaekraan\/","title":{"rendered":"Vahesein metallist aiaekraan"},"content":{"rendered":"<h2><a href=\"https:\/\/keweicorten.com\/et\/votke-meiega-uhendust\/\"><strong>Vahesein metallist aiaekraan: T\u00e4iuslik segu stiilist ja funktsionaalsusest teie v\u00e4liruumi jaoks: T\u00e4iuslik segu stiilist ja funktsionaalsusest<\/strong><\/a><\/h2>\n<p>Metallist aiapiirded on muutumas kaasaegse haljastuse p\u00f5hiliseks osaks, pakkudes nii praktilist kasu kui ka esteetilist atraktiivsust. Need mitmek\u00fclgsed ekraanid on ideaalne lahendus, kui soovite lisada privaatsust, piiritleda ruume v\u00f5i luua uimastavaid fookuspunkte, olenemata sellest, kas soovite lisada privaatsust, m\u00e4\u00e4ratleda ruume v\u00f5i luua uimastavaid fookuspunkte. Siin on k\u00f5ik, mida peate teadma metallist aiasirmide lisamise kohta oma v\u00e4liskujundusse.<\/p>\n<h3><strong>Mis on vahesein metallist aiakraan?<\/strong><\/h3>\n<p>Vahesein metallist aiaekraan on dekoratiivne paneel, mis on valmistatud vastupidavast materjalist, n\u00e4iteks cortenterasest, alumiiniumist v\u00f5i pulberv\u00e4rvitud metallist. Need ekraanid on sageli varustatud keeruliste laserl\u00f5ikega mustritega, mis ulatuvad abstraktsetest kujunditest kuni loodusest inspireeritud motiivideni, muutes need stiilseks t\u00e4ienduseks igale aiale v\u00f5i terrassile.<\/p>\n<div style=\"width: 800px;\" class=\"wp-video\"><!--[if lt IE 9]><script>document.createElement('video');<\/script><![endif]-->\n<video class=\"wp-video-shortcode\" id=\"video-2432-1\" width=\"800\" height=\"450\" loop=\"1\" autoplay=\"1\" preload=\"metadata\" controls=\"controls\"><source type=\"video\/mp4\" src=\"https:\/\/keweicorten.com\/wp-content\/uploads\/2024\/11\/decorative-garden-screens-1.mp4?_=1\" \/><a href=\"https:\/\/keweicorten.com\/wp-content\/uploads\/2024\/11\/decorative-garden-screens-1.mp4\">https:\/\/keweicorten.com\/wp-content\/uploads\/2024\/11\/decorative-garden-screens-1.mp4<\/a><\/video><\/div>\n<h3><strong>Vaheseinte metallist aiaekraanide eelised<\/strong><\/h3>\n<ol>\n<li><strong>Privaatsus ilma stiili ohverdamata<\/strong><br \/>\nNeed dekoratiivsed aiakaitsed on \u0161ikk viis, kuidas s\u00e4ilitada privaatsust teie \u00f5uealal. R\u00f5dule v\u00f5i tagahoovi paigutatuna toimivad need t\u00f5kkena, kuid lasevad t\u00e4nu oma ainulaadsele perforeeritud disainile valgust ja \u00f5huvoolu l\u00e4bi.<\/li>\n<li><strong>Kosmoseosakond<\/strong><br \/>\nKasutage \u00f5ues privaatsusekraane, et piiritleda oma aias erinevaid alasid, n\u00e4iteks eraldada s\u00f6\u00f6gikohad m\u00e4ngualadest v\u00f5i luua hubaseid nurgakesi l\u00f5\u00f5gastumiseks.<\/li>\n<li><strong>Vastupidavus ja v\u00e4hene hooldus<\/strong><br \/>\nNeed ekraanid peavad vastu karmidele v\u00e4litingimustele minimaalse hooldusega ja on valmistatud ilmastikukindlatest materjalidest, nagu cortenterasest v\u00f5i pulberv\u00e4rvitud alumiiniumist.<\/li>\n<li><strong>Esteetiline atraktiivsus<\/strong><br \/>\nKohandatava disaini ja viimistlusega laserl\u00f5ikega aiapaneelid lisavad kunstilise puudutuse, muutes tavalised ruumid lummavateks \u00f5uealusteks puhkekohtadeks.<\/li>\n<li><strong>Keskkonnas\u00f5bralikud valikud<\/strong><br \/>\nPaljud metallvarjud on valmistatud taaskasutatavatest materjalidest, mis muudab need keskkonnateadlike majaomanike jaoks j\u00e4tkusuutlikuks valikuks.<\/li>\n<\/ol>\n<h3><a href=\"https:\/\/keweicorten.com\/et\/product\/cortenist-aiaekraanid\/\"><strong>Populaarsed rakendused metallist aiakraanidele<\/strong><\/a><\/h3>\n<ul>\n<li><strong>Privaatsuspaneelid:<\/strong> Sobib ideaalselt terrasside, r\u00f5dude v\u00f5i mullivannide varjamiseks.<\/li>\n<li><strong>Aia omadused:<\/strong> Kasutage taimedele v\u00f5i veeelementidele taustaks, et luua uimastavat visuaalset efekti.<\/li>\n<li><strong>Pergola seinad:<\/strong> Parandage pergolade v\u00f5i vaatetornide kujundust dekoratiivsete paneelidega.<\/li>\n<li><strong>Seinakunst:<\/strong> Paigaldage v\u00e4iksemad ekraanid kaasaegse v\u00e4limuse saavutamiseks seinakunstina.<\/li>\n<\/ul>\n<p><a href=\"https:\/\/keweicorten.com\/et\/votke-meiega-uhendust\/\"><img fetchpriority=\"high\" decoding=\"async\" class=\"alignnone wp-image-2437 size-full\" title=\" kaasaegne maastikukujundus ekraanid\" src=\"https:\/\/keweicorten.com\/wp-content\/uploads\/2024\/11\/photobank-93.jpg\" alt=\" kaasaegne maastikukujundus ekraanid hulgim\u00fc\u00fck, odav, m\u00fc\u00fcgiks, laos-keweicorten\" width=\"750\" height=\"750\" srcset=\"https:\/\/keweicorten.com\/wp-content\/uploads\/2024\/11\/photobank-93.jpg 750w, https:\/\/keweicorten.com\/wp-content\/uploads\/2024\/11\/photobank-93-300x300.jpg 300w, https:\/\/keweicorten.com\/wp-content\/uploads\/2024\/11\/photobank-93-150x150.jpg 150w, https:\/\/keweicorten.com\/wp-content\/uploads\/2024\/11\/photobank-93-12x12.jpg 12w, https:\/\/keweicorten.com\/wp-content\/uploads\/2024\/11\/photobank-93-600x600.jpg 600w, https:\/\/keweicorten.com\/wp-content\/uploads\/2024\/11\/photobank-93-100x100.jpg 100w\" sizes=\"(max-width: 750px) 100vw, 750px\" \/><\/a><\/p>\n<h3><a href=\"https:\/\/keweicorten.com\/et\/product\/corten-garden-screen-panels\/\"><strong>Miks valida Corten teras oma aiakraani jaoks?<\/strong><\/a><\/h3>\n<p>Corten teras on populaarne materjal metallist aiaekraanide valmistamiseks t\u00e4nu oma ainulaadsele roostesarnasele v\u00e4ljan\u00e4gemisele ja erakordsele vastupidavusele. Aja jooksul tekib kaitsev patiin, mis suurendab selle ilmastikukindlust, mist\u00f5ttu on see ideaalne valik v\u00e4litingimustes kasutamiseks.<\/p>\n<h3><strong>N\u00e4pun\u00e4iteid \u00f5ige vaheseinte valimiseks Metallist aiaekraan<\/strong><\/h3>\n<ul>\n<li><strong>Materjal:<\/strong> Valige materjal, mis sobib teie kliima- ja hoolduseelistustega.<\/li>\n<li><strong>Disain:<\/strong> Valige moodne, klassikaline v\u00f5i maal\u00e4hedane muster, mis t\u00e4iendab teie aia stiili.<\/li>\n<li><strong>Suurus:<\/strong> Veenduge, et ekraan sobib etten\u00e4htud ruumi ja t\u00e4idab oma eesm\u00e4rki, olgu selleks siis privaatsus v\u00f5i kaunistus.<\/li>\n<li><strong>Paigaldamine:<\/strong> M\u00f5ned ekraanid on vabalt seisvad, teised vajavad paigaldamist. Kaaluge, mis sobib teie vajadustele k\u00f5ige paremini.<\/li>\n<\/ul>\n<p><a href=\"https:\/\/keweicorten.com\/et\/votke-meiega-uhendust\/\"><img decoding=\"async\" class=\"alignnone wp-image-2438 size-full\" title=\" laseriga l\u00f5igatud aiapaneelid\" src=\"https:\/\/keweicorten.com\/wp-content\/uploads\/2024\/11\/\u5fae\u4fe1\u56fe\u7247_20230704114302.jpg\" alt=\" laseriga l\u00f5igatud aiapaneelid Factory, Hiina, hind, tootjad, tarnijad, kohandatud-keweicorten\" width=\"750\" height=\"624\" srcset=\"https:\/\/keweicorten.com\/wp-content\/uploads\/2024\/11\/\u5fae\u4fe1\u56fe\u7247_20230704114302.jpg 750w, https:\/\/keweicorten.com\/wp-content\/uploads\/2024\/11\/\u5fae\u4fe1\u56fe\u7247_20230704114302-300x250.jpg 300w, https:\/\/keweicorten.com\/wp-content\/uploads\/2024\/11\/\u5fae\u4fe1\u56fe\u7247_20230704114302-14x12.jpg 14w, https:\/\/keweicorten.com\/wp-content\/uploads\/2024\/11\/\u5fae\u4fe1\u56fe\u7247_20230704114302-600x499.jpg 600w\" sizes=\"(max-width: 750px) 100vw, 750px\" \/><\/a><\/p>","protected":false},"excerpt":{"rendered":"<p>Metallist aiapiirded on mitmek\u00fclgne ja stiilne lahendus v\u00e4lisruumide kaunistamiseks. Alates privaatsuse loomisest kuni uimastavate dekoratiivsete elementideni toovad need ekraanid ilu ja funktsionaalsust aedadesse, terrassidele ja mujale.<\/p>","protected":false},"featured_media":2442,"comment_status":"open","ping_status":"closed","template":"","meta":{"_eb_attr":"","_monsterinsights_skip_tracking":false,"_monsterinsights_sitenote_active":false,"_monsterinsights_sitenote_note":"","_monsterinsights_sitenote_category":0,"_uf_show_specific_survey":0,"_uf_disable_surveys":false},"product_brand":[],"product_cat":[57],"product_tag":[],"class_list":{"0":"post-2432","1":"product","2":"type-product","3":"status-publish","4":"has-post-thumbnail","6":"product_cat-screen-panel","8":"first","9":"instock","10":"shipping-taxable","11":"product-type-simple"},"_links":{"self":[{"href":"https:\/\/keweicorten.com\/et\/wp-json\/wp\/v2\/product\/2432"}],"collection":[{"href":"https:\/\/keweicorten.com\/et\/wp-json\/wp\/v2\/product"}],"about":[{"href":"https:\/\/keweicorten.com\/et\/wp-json\/wp\/v2\/types\/product"}],"replies":[{"embeddable":true,"href":"https:\/\/keweicorten.com\/et\/wp-json\/wp\/v2\/comments?post=2432"}],"version-history":[{"count":1,"href":"https:\/\/keweicorten.com\/et\/wp-json\/wp\/v2\/product\/2432\/revisions"}],"predecessor-version":[{"id":2443,"href":"https:\/\/keweicorten.com\/et\/wp-json\/wp\/v2\/product\/2432\/revisions\/2443"}],"wp:featuredmedia":[{"embeddable":true,"href":"https:\/\/keweicorten.com\/et\/wp-json\/wp\/v2\/media\/2442"}],"wp:attachment":[{"href":"https:\/\/keweicorten.com\/et\/wp-json\/wp\/v2\/media?parent=2432"}],"wp:term":[{"taxonomy":"product_brand","embeddable":true,"href":"https:\/\/keweicorten.com\/et\/wp-json\/wp\/v2\/product_brand?post=2432"},{"taxonomy":"product_cat","embeddable":true,"href":"https:\/\/keweicorten.com\/et\/wp-json\/wp\/v2\/product_cat?post=2432"},{"taxonomy":"product_tag","embeddable":true,"href":"https:\/\/keweicorten.com\/et\/wp-json\/wp\/v2\/product_tag?post=2432"}],"curies":[{"name":"wp","href":"https:\/\/api.w.org\/{rel}","templated":true}]}}