{"id":2644,"date":"2024-12-02T02:50:12","date_gmt":"2024-12-02T02:50:12","guid":{"rendered":"https:\/\/keweicorten.com\/?post_type=product&#038;p=2644"},"modified":"2025-01-15T06:14:19","modified_gmt":"2025-01-15T06:14:19","slug":"pelletipuru","status":"publish","type":"product","link":"https:\/\/keweicorten.com\/et\/pelletipuru\/","title":{"rendered":"Pelletipuru"},"content":{"rendered":"<p>Rocket Pelletipliidid on t\u00f5husad ja keskkonnas\u00f5bralikud p\u00f5letusseadmed, mida kasutatakse tavaliselt kodude k\u00fctmiseks ja v\u00e4litingimustes kasutamiseks. See \u00fchendab endas raketip\u00f5letusahjude t\u00f5hususe ning pelletik\u00fctuse \u00f6konoomsuse ja j\u00e4tkusuutlikkuse.<\/p>\n<h2>Millised on raketipelleti ahju omadused\uff1f<\/h2>\n<ul>\n<li>T\u00f5hus p\u00f5lemine:<br \/>\nRaketiahju konstruktsiooniga saab p\u00f5lemiskambris toota v\u00e4ga k\u00f5rgeid temperatuure, nii et k\u00fctus p\u00f5leb t\u00e4ielikult ja suitsugaaside heitkogused v\u00e4henevad.<\/li>\n<li>Pelletk\u00fctuse kasutamine:<br \/>\nP\u00f5letada saab taastuvat biok\u00fctust, nagu puit- ja teraviljapelletid, mis on \u00f6konoomne ja keskkonnas\u00f5bralik.<\/li>\n<li>Madal emissioon:<br \/>\nV\u00e4hendavad s\u00fcsinikdioksiidi ja kahjulike ainete heitkoguseid, mis sobivad v\u00e4ga h\u00e4sti k\u00f5rge keskkonnakaitse n\u00f5udega piirkondadesse.<\/li>\n<li>Kaasaskantavus:<br \/>\nM\u00f5ned mudelid on v\u00e4ikesed, neid on lihtne kaasas kanda ja paigaldada, need sobivad telkimiseks ja h\u00e4daolukorras kasutamiseks.<\/li>\n<li>Mitmeotstarbeline:<br \/>\nSeda saab kasutada k\u00fctmiseks, toiduvalmistamiseks, vee keetmiseks jne.<\/li>\n<\/ul>\n<p><a href=\"https:\/\/keweicorten.com\/et\/votke-meiega-uhendust\/\"><img fetchpriority=\"high\" decoding=\"async\" class=\"alignnone wp-image-2645\" title=\"Pelletipuru\" src=\"https:\/\/keweicorten.com\/wp-content\/uploads\/2024\/12\/Pellet-torch-.jpg\" alt=\"pellet tourch Factory, Hiina, hind, tootjad, tarnijad, kohandatud, hulgim\u00fc\u00fck, odav, m\u00fc\u00fcgiks, laos.-keweicorten \" width=\"678\" height=\"678\" srcset=\"https:\/\/keweicorten.com\/wp-content\/uploads\/2024\/12\/Pellet-torch-.jpg 899w, https:\/\/keweicorten.com\/wp-content\/uploads\/2024\/12\/Pellet-torch--300x300.jpg 300w, https:\/\/keweicorten.com\/wp-content\/uploads\/2024\/12\/Pellet-torch--150x150.jpg 150w, https:\/\/keweicorten.com\/wp-content\/uploads\/2024\/12\/Pellet-torch--768x768.jpg 768w, https:\/\/keweicorten.com\/wp-content\/uploads\/2024\/12\/Pellet-torch--12x12.jpg 12w, https:\/\/keweicorten.com\/wp-content\/uploads\/2024\/12\/Pellet-torch--600x600.jpg 600w, https:\/\/keweicorten.com\/wp-content\/uploads\/2024\/12\/Pellet-torch--100x100.jpg 100w\" sizes=\"(max-width: 678px) 100vw, 678px\" \/><\/a><\/p>\n<p>Rakendusstsenaarium<br \/>\nKoduk\u00fcte: Sobib v\u00e4ikeste majade, puitmajade v\u00f5i garaa\u017eide jaoks k\u00fclmal aastaajal.<br \/>\nV\u00e4litegevused: telkimine, grillimine jne.<\/p>\n<p>Ostusoovitus<br \/>\nK\u00fctuse \u00fchilduvus: Valige mudel, mis sobib kohaliku biok\u00fctuse jaoks.<br \/>\nAhjumaterjal: kvaliteetne k\u00f5rge temperatuurikindlusega teras v\u00f5i roostevabast terasest materjal on vastupidavam.<br \/>\nOhutu kasutamine: Kontrollige suitsu filtreerimist ja leegi kontrollimist.<br \/>\nBranding ja m\u00fc\u00fcgij\u00e4rgne teenindus: Valige mainekas tootja v\u00f5i tarnija.<\/p>\n<p><a href=\"https:\/\/keweicorten.com\/et\/votke-meiega-uhendust\/\"><img decoding=\"async\" class=\"alignnone wp-image-2646 size-full\" title=\"puitpelletk\u00fctteseade\" src=\"https:\/\/keweicorten.com\/wp-content\/uploads\/2024\/12\/s-l500.jpg\" alt=\"puitpelleti k\u00fcttekeha hind, tootjad, tarnijad, kohandatud, hulgim\u00fc\u00fck, odav, m\u00fc\u00fcgiks, laos.-keweicorten\" width=\"375\" height=\"500\" srcset=\"https:\/\/keweicorten.com\/wp-content\/uploads\/2024\/12\/s-l500.jpg 375w, https:\/\/keweicorten.com\/wp-content\/uploads\/2024\/12\/s-l500-225x300.jpg 225w, https:\/\/keweicorten.com\/wp-content\/uploads\/2024\/12\/s-l500-9x12.jpg 9w\" sizes=\"(max-width: 375px) 100vw, 375px\" \/><\/a><\/p>","protected":false},"excerpt":{"rendered":"<p>Pelletipliidid on kaasaegsed p\u00f5letusseadmed, mis kasutavad biomassi pelletik\u00fctust (n\u00e4iteks puupelletid) ja mida kasutatakse laialdaselt kodude k\u00fctmisel ja \u00e4riruumides.<\/p>","protected":false},"featured_media":2647,"comment_status":"open","ping_status":"closed","template":"","meta":{"_eb_attr":"","_monsterinsights_skip_tracking":false,"_monsterinsights_sitenote_active":false,"_monsterinsights_sitenote_note":"","_monsterinsights_sitenote_category":0,"_uf_show_specific_survey":0,"_uf_disable_surveys":false},"product_brand":[],"product_cat":[52],"product_tag":[],"class_list":{"0":"post-2644","1":"product","2":"type-product","3":"status-publish","4":"has-post-thumbnail","6":"product_cat-wood-pellet-tourch","8":"first","9":"instock","10":"shipping-taxable","11":"product-type-simple"},"_links":{"self":[{"href":"https:\/\/keweicorten.com\/et\/wp-json\/wp\/v2\/product\/2644"}],"collection":[{"href":"https:\/\/keweicorten.com\/et\/wp-json\/wp\/v2\/product"}],"about":[{"href":"https:\/\/keweicorten.com\/et\/wp-json\/wp\/v2\/types\/product"}],"replies":[{"embeddable":true,"href":"https:\/\/keweicorten.com\/et\/wp-json\/wp\/v2\/comments?post=2644"}],"version-history":[{"count":1,"href":"https:\/\/keweicorten.com\/et\/wp-json\/wp\/v2\/product\/2644\/revisions"}],"predecessor-version":[{"id":2650,"href":"https:\/\/keweicorten.com\/et\/wp-json\/wp\/v2\/product\/2644\/revisions\/2650"}],"wp:featuredmedia":[{"embeddable":true,"href":"https:\/\/keweicorten.com\/et\/wp-json\/wp\/v2\/media\/2647"}],"wp:attachment":[{"href":"https:\/\/keweicorten.com\/et\/wp-json\/wp\/v2\/media?parent=2644"}],"wp:term":[{"taxonomy":"product_brand","embeddable":true,"href":"https:\/\/keweicorten.com\/et\/wp-json\/wp\/v2\/product_brand?post=2644"},{"taxonomy":"product_cat","embeddable":true,"href":"https:\/\/keweicorten.com\/et\/wp-json\/wp\/v2\/product_cat?post=2644"},{"taxonomy":"product_tag","embeddable":true,"href":"https:\/\/keweicorten.com\/et\/wp-json\/wp\/v2\/product_tag?post=2644"}],"curies":[{"name":"wp","href":"https:\/\/api.w.org\/{rel}","templated":true}]}}