{"id":2665,"date":"2024-12-09T07:22:12","date_gmt":"2024-12-09T07:22:12","guid":{"rendered":"https:\/\/keweicorten.com\/?post_type=product&#038;p=2665"},"modified":"2025-01-15T06:13:57","modified_gmt":"2025-01-15T06:13:57","slug":"moodsad-rippkaminad","status":"publish","type":"product","link":"https:\/\/keweicorten.com\/et\/moodsad-rippkaminad\/","title":{"rendered":"Kaasaegsed rippkaminad"},"content":{"rendered":"<p>Kaasaegsed rippkaminad on silmatorkav t\u00e4iendus kaasaegsetele sise- ja v\u00e4lisruumidele. Need kaminaid riputatakse laest, sageli on need elegantse ja minimalistliku disainiga. Nende ainulaadne h\u00f5ljuv v\u00e4limus muudab need nii funktsionaalseks k\u00fctteallikaks kui ka kunstiliselt atraktiivseks fookuspunktiks.<\/p>\n<h2>Rippkaminate omadus:<\/h2>\n<ol>\n<li><strong>Uuenduslik disain<\/strong>:\n<ul>\n<li>Kamin n\u00e4ib \"h\u00f5ljuvat\", luues silmatorkava, kaasaegse esteetika.<\/li>\n<li>Kujundid ulatuvad silindrilistest ja koonilistest kuni abstraktsemate ja geomeetriliste vormideni.<\/li>\n<\/ul>\n<\/li>\n<li><strong>360-kraadine soojusjaotus<\/strong>:\n<ul>\n<li>Paljud kujundused v\u00f5imaldavad kaminat p\u00f6\u00f6rata, tagades, et soojus j\u00f5uab k\u00f5ikidesse ruumi v\u00f5i \u00f5uealale.<\/li>\n<\/ul>\n<\/li>\n<li><strong>Kvaliteetsed materjalid<\/strong>:\n<ul>\n<li>Sageli valmistatud terasest, malmist v\u00f5i muudest vastupidavatest materjalidest.<\/li>\n<li>M\u00f5nel neist on mattmust viimistlus v\u00f5i poleeritud pinnad, mis tagavad k\u00f5rgekvaliteedilise v\u00e4limuse.<\/li>\n<\/ul>\n<\/li>\n<li><strong>K\u00fctuse valikud<\/strong>:\n<ul>\n<li><strong>Puiduk\u00fcttel<\/strong>: Tagab traditsioonilise, maal\u00e4hedase atmosf\u00e4\u00e4ri.<\/li>\n<li><strong>Gaasimootoriga<\/strong>: Mugav ja puhas, sageli kaugjuhtimispuldi v\u00f5i nutikate juhtimispuldiga.<\/li>\n<li><strong>Etanool<\/strong>: Keskkonnas\u00f5bralik ja suitsuvaba, ideaalne siseruumidesse.<\/li>\n<\/ul>\n<\/li>\n<li><strong>Ruumis\u00e4\u00e4stlik<\/strong>:\n<ul>\n<li>Kuna need on paigaldatud laest, vabastavad nad p\u00f5randapinda, mist\u00f5ttu sobivad need v\u00e4iksematesse ruumidesse v\u00f5i terrassidele.<\/li>\n<\/ul>\n<\/li>\n<li><strong>Mitmek\u00fclgsus<\/strong>:\n<ul>\n<li>Sobib ideaalselt nii sise- kui ka v\u00e4litingimustes kasutamiseks, s\u00f5ltuvalt mudelist ja paigaldusest.<\/li>\n<\/ul>\n<\/li>\n<\/ol>\n<p><a href=\"https:\/\/keweicorten.com\/et\/votke-meiega-uhendust\/\"><img fetchpriority=\"high\" decoding=\"async\" class=\"alignnone wp-image-2666 size-full\" title=\"rippuv kamin\" src=\"https:\/\/keweicorten.com\/wp-content\/uploads\/2024\/12\/\u5fae\u4fe1\u56fe\u7247_20241031152117.jpg\" alt=\"rippuv kamin kohandatud, hulgim\u00fc\u00fck, odav, m\u00fc\u00fcgiks, laos-keweicorten\" width=\"624\" height=\"607\" srcset=\"https:\/\/keweicorten.com\/wp-content\/uploads\/2024\/12\/\u5fae\u4fe1\u56fe\u7247_20241031152117.jpg 624w, https:\/\/keweicorten.com\/wp-content\/uploads\/2024\/12\/\u5fae\u4fe1\u56fe\u7247_20241031152117-300x292.jpg 300w, https:\/\/keweicorten.com\/wp-content\/uploads\/2024\/12\/\u5fae\u4fe1\u56fe\u7247_20241031152117-12x12.jpg 12w, https:\/\/keweicorten.com\/wp-content\/uploads\/2024\/12\/\u5fae\u4fe1\u56fe\u7247_20241031152117-600x584.jpg 600w\" sizes=\"(max-width: 624px) 100vw, 624px\" \/><\/a><\/p>\n<h2>Rippkaminate eelised:<\/h2>\n<ul>\n<li><strong>Esteetiline atraktiivsus<\/strong>: Parandab moodsaid ja t\u00f6\u00f6stuslikus stiilis interj\u00f6\u00f6re.<\/li>\n<li><strong>Funktsionaalsus<\/strong>: Annab soojust ja atmosf\u00e4\u00e4ri ilma p\u00f5randapinda h\u00f5ivamata.<\/li>\n<li><strong>Keskkonnas\u00f5bralikud valikud<\/strong>: Etanooli- ja gaasimudelid on puhtamad alternatiivid traditsioonilistele kaminatele.<\/li>\n<\/ul>\n<p><a href=\"https:\/\/keweicorten.com\/et\/votke-meiega-uhendust\/\"><img decoding=\"async\" class=\"alignnone wp-image-2667\" title=\"peatada kamin\" src=\"https:\/\/keweicorten.com\/wp-content\/uploads\/2024\/12\/\u7f51\u7ea2\u58c1\u7089\u771f\u706b\u7089\u6728\u67f4\u5ba4\u5185\u60ac\u6302\u58c1\u7089\u7535\u5b50\u71c3\u6728\u9152\u7cbe\u88c5\u9970\u58c1\u7089\u98de\u789f\u540a\u7089_53ecb058.jpg\" alt=\"riputada kamin kohandatud, hulgim\u00fc\u00fck, odav, m\u00fc\u00fcgiks, laos-keweicorten\" width=\"627\" height=\"627\" srcset=\"https:\/\/keweicorten.com\/wp-content\/uploads\/2024\/12\/\u7f51\u7ea2\u58c1\u7089\u771f\u706b\u7089\u6728\u67f4\u5ba4\u5185\u60ac\u6302\u58c1\u7089\u7535\u5b50\u71c3\u6728\u9152\u7cbe\u88c5\u9970\u58c1\u7089\u98de\u789f\u540a\u7089_53ecb058.jpg 700w, https:\/\/keweicorten.com\/wp-content\/uploads\/2024\/12\/\u7f51\u7ea2\u58c1\u7089\u771f\u706b\u7089\u6728\u67f4\u5ba4\u5185\u60ac\u6302\u58c1\u7089\u7535\u5b50\u71c3\u6728\u9152\u7cbe\u88c5\u9970\u58c1\u7089\u98de\u789f\u540a\u7089_53ecb058-300x300.jpg 300w, https:\/\/keweicorten.com\/wp-content\/uploads\/2024\/12\/\u7f51\u7ea2\u58c1\u7089\u771f\u706b\u7089\u6728\u67f4\u5ba4\u5185\u60ac\u6302\u58c1\u7089\u7535\u5b50\u71c3\u6728\u9152\u7cbe\u88c5\u9970\u58c1\u7089\u98de\u789f\u540a\u7089_53ecb058-150x150.jpg 150w, https:\/\/keweicorten.com\/wp-content\/uploads\/2024\/12\/\u7f51\u7ea2\u58c1\u7089\u771f\u706b\u7089\u6728\u67f4\u5ba4\u5185\u60ac\u6302\u58c1\u7089\u7535\u5b50\u71c3\u6728\u9152\u7cbe\u88c5\u9970\u58c1\u7089\u98de\u789f\u540a\u7089_53ecb058-12x12.jpg 12w, https:\/\/keweicorten.com\/wp-content\/uploads\/2024\/12\/\u7f51\u7ea2\u58c1\u7089\u771f\u706b\u7089\u6728\u67f4\u5ba4\u5185\u60ac\u6302\u58c1\u7089\u7535\u5b50\u71c3\u6728\u9152\u7cbe\u88c5\u9970\u58c1\u7089\u98de\u789f\u540a\u7089_53ecb058-600x600.jpg 600w, https:\/\/keweicorten.com\/wp-content\/uploads\/2024\/12\/\u7f51\u7ea2\u58c1\u7089\u771f\u706b\u7089\u6728\u67f4\u5ba4\u5185\u60ac\u6302\u58c1\u7089\u7535\u5b50\u71c3\u6728\u9152\u7cbe\u88c5\u9970\u58c1\u7089\u98de\u789f\u540a\u7089_53ecb058-100x100.jpg 100w\" sizes=\"(max-width: 627px) 100vw, 627px\" \/><\/a><\/p>\n<h2>Rippkaminate rakendused:<\/h2>\n<ul>\n<li><strong>Eluruumid siseruumides<\/strong>: Lisab elegantsust elutubadesse, s\u00f6\u00f6gitubadesse v\u00f5i p\u00f6\u00f6ningutesse.<\/li>\n<li><strong>V\u00e4lisplatsid<\/strong>: See loob hubase atmosf\u00e4\u00e4ri vaba\u00f5hu s\u00f6\u00f6gitegemiseks v\u00f5i l\u00f5\u00f5gastumiseks.<\/li>\n<li><strong>Kommertsruumid<\/strong>: Stiilne valik k\u00f5rgkvaliteediliste restoranide, kuurortide v\u00f5i salongide jaoks.<\/li>\n<\/ul>\n<p><a href=\"https:\/\/keweicorten.com\/et\/votke-meiega-uhendust\/\"><img decoding=\"async\" class=\"alignnone wp-image-2668\" title=\"Kaasaegsed rippkaminad\" src=\"https:\/\/keweicorten.com\/wp-content\/uploads\/2024\/12\/\u5fae\u4fe1\u56fe\u7247_20231024101015.jpg\" alt=\"Kaasaegsed riputatud kaminad kohandatud, hulgim\u00fc\u00fck, odav, m\u00fc\u00fcgiks, laos-keweicorten\" width=\"635\" height=\"488\" srcset=\"https:\/\/keweicorten.com\/wp-content\/uploads\/2024\/12\/\u5fae\u4fe1\u56fe\u7247_20231024101015.jpg 700w, https:\/\/keweicorten.com\/wp-content\/uploads\/2024\/12\/\u5fae\u4fe1\u56fe\u7247_20231024101015-300x231.jpg 300w, https:\/\/keweicorten.com\/wp-content\/uploads\/2024\/12\/\u5fae\u4fe1\u56fe\u7247_20231024101015-16x12.jpg 16w, https:\/\/keweicorten.com\/wp-content\/uploads\/2024\/12\/\u5fae\u4fe1\u56fe\u7247_20231024101015-600x461.jpg 600w\" sizes=\"(max-width: 635px) 100vw, 635px\" \/><\/a><\/p>","protected":false},"excerpt":{"rendered":"<table class=\"is-zebra all magic-13\">\n<tbody>\n<tr>\n<td colspan=\"1\" rowspan=\"1\"><strong>v\u00e4rv<\/strong><\/td>\n<td colspan=\"1\" rowspan=\"1\">Must\/valge<\/td>\n<\/tr>\n<tr>\n<td colspan=\"1\" rowspan=\"1\">\n<div class=\"magic-14\"><strong>Materjal<\/strong><\/div>\n<\/td>\n<td colspan=\"1\" rowspan=\"1\">\n<div class=\"magic-15\">S\u00fcsinikteras,<\/div>\n<\/td>\n<\/tr>\n<tr>\n<td colspan=\"1\" rowspan=\"1\">\n<div class=\"magic-14\"><strong data-spm-anchor-id=\"a2700.pc-decorate.0.i13.149e3333MpJQKB\">\u00a0Suurus<\/strong><\/div>\n<\/td>\n<td colspan=\"1\" rowspan=\"1\">\n<div class=\"magic-15\" data-spm-anchor-id=\"a2700.details.0.i65.1bf23ebeeFLn42\">L\u00e4bim\u00f5\u00f5t: 600mm-1200mm v\u00f5i kohandatud<\/div>\n<\/td>\n<\/tr>\n<tr>\n<td colspan=\"1\" rowspan=\"1\">\n<div class=\"magic-14\"><strong>Paksus<\/strong><\/div>\n<\/td>\n<td colspan=\"1\" rowspan=\"1\">\n<div class=\"magic-15\">3-5mm<\/div>\n<\/td>\n<\/tr>\n<tr>\n<td colspan=\"1\" rowspan=\"1\">\n<div class=\"magic-14\"><strong>Korsten<\/strong><\/div>\n<\/td>\n<td colspan=\"1\" rowspan=\"1\">\n<div class=\"magic-15\">Diameeter 159-219 mm, standardk\u00f5rgus 2000-3000 mm<\/div>\n<\/td>\n<\/tr>\n<\/tbody>\n<\/table>","protected":false},"featured_media":2670,"comment_status":"open","ping_status":"closed","template":"","meta":{"_eb_attr":"","_monsterinsights_skip_tracking":false,"_monsterinsights_sitenote_active":false,"_monsterinsights_sitenote_note":"","_monsterinsights_sitenote_category":0,"_uf_show_specific_survey":0,"_uf_disable_surveys":false},"product_brand":[],"product_cat":[51],"product_tag":[],"class_list":{"0":"post-2665","1":"product","2":"type-product","3":"status-publish","4":"has-post-thumbnail","6":"product_cat-hanging-fireplace","8":"first","9":"instock","10":"shipping-taxable","11":"product-type-simple"},"_links":{"self":[{"href":"https:\/\/keweicorten.com\/et\/wp-json\/wp\/v2\/product\/2665"}],"collection":[{"href":"https:\/\/keweicorten.com\/et\/wp-json\/wp\/v2\/product"}],"about":[{"href":"https:\/\/keweicorten.com\/et\/wp-json\/wp\/v2\/types\/product"}],"replies":[{"embeddable":true,"href":"https:\/\/keweicorten.com\/et\/wp-json\/wp\/v2\/comments?post=2665"}],"version-history":[{"count":1,"href":"https:\/\/keweicorten.com\/et\/wp-json\/wp\/v2\/product\/2665\/revisions"}],"predecessor-version":[{"id":2674,"href":"https:\/\/keweicorten.com\/et\/wp-json\/wp\/v2\/product\/2665\/revisions\/2674"}],"wp:featuredmedia":[{"embeddable":true,"href":"https:\/\/keweicorten.com\/et\/wp-json\/wp\/v2\/media\/2670"}],"wp:attachment":[{"href":"https:\/\/keweicorten.com\/et\/wp-json\/wp\/v2\/media?parent=2665"}],"wp:term":[{"taxonomy":"product_brand","embeddable":true,"href":"https:\/\/keweicorten.com\/et\/wp-json\/wp\/v2\/product_brand?post=2665"},{"taxonomy":"product_cat","embeddable":true,"href":"https:\/\/keweicorten.com\/et\/wp-json\/wp\/v2\/product_cat?post=2665"},{"taxonomy":"product_tag","embeddable":true,"href":"https:\/\/keweicorten.com\/et\/wp-json\/wp\/v2\/product_tag?post=2665"}],"curies":[{"name":"wp","href":"https:\/\/api.w.org\/{rel}","templated":true}]}}