{"id":2675,"date":"2024-12-09T07:59:41","date_gmt":"2024-12-09T07:59:41","guid":{"rendered":"https:\/\/keweicorten.com\/?post_type=product&#038;p=2675"},"modified":"2025-01-15T06:13:47","modified_gmt":"2025-01-15T06:13:47","slug":"riputatud-vastupidav-rippkamin","status":"publish","type":"product","link":"https:\/\/keweicorten.com\/et\/riputatud-vastupidav-rippkamin\/","title":{"rendered":"Riputatav vastupidav rippuv kamin"},"content":{"rendered":"<h3><strong>Rippkaminate omadused:<\/strong><\/h3>\n<ol>\n<li><strong>Vastupidavad materjalid:<\/strong>\n<ul>\n<li><strong>Corten terasest<\/strong>: Ilmastikukindel ja omandab aja jooksul roostesarnase patina, mis on ideaalne v\u00e4litingimustes kasutamiseks.<\/li>\n<li><strong>Roostevaba teras<\/strong>: Korrosioonikindel ja elegantne, sobib ideaalselt moodsasse interj\u00f6\u00f6ri.<\/li>\n<li><strong>Valuraua<\/strong>: Vastupidav ja hoiab h\u00e4sti soojust, mis tagab t\u00f5husa soojendamise.<\/li>\n<li><strong>K\u00f5rgtemperatuuriline kaetud teras<\/strong>: Tagab pikaealisuse isegi sagedase kasutamise korral.<\/li>\n<\/ul>\n<\/li>\n<li><strong>Vedrustuse disain:<\/strong>\n<ul>\n<li>Lagi on paigaldatud h\u00f5ljuvaks esteetiliseks.<\/li>\n<li>Saadaval on p\u00f6\u00f6ratavad (360\u00b0) mudelid parema soojusjaotuse tagamiseks.<\/li>\n<li>Sobib k\u00f5rgete lagede ja avatud ruumide jaoks.<\/li>\n<\/ul>\n<\/li>\n<li><strong>Kaminat\u00fc\u00fcbid:<\/strong>\n<ul>\n<li><strong>Puiduk\u00fcttel<\/strong>: Traditsiooniline v\u00f5lu koos t\u00f5elise tule ja praksuvate helidega.<\/li>\n<li><strong>Bioetanool<\/strong>: Puhtalt p\u00f5lev, korstnat ei ole vaja, minimaalne hooldus.<\/li>\n<li><strong>Elektriline<\/strong>: LED-p\u00f5hised leegiefektid ja valikuline k\u00fctmine, v\u00e4ga mitmek\u00fclgne.<\/li>\n<li><strong>Gaas<\/strong>: Realistlik leek, t\u00f5hus k\u00fctmine ja puhtam t\u00f6\u00f6 kui puit.<\/li>\n<\/ul>\n<\/li>\n<li><strong>Kohandamisv\u00f5imalused:<\/strong>\n<ul>\n<li>Kuju: \u00dcmmargune, ovaalne v\u00f5i nurgeline disain.<\/li>\n<li>Suurus: Kompaktne v\u00e4ikestesse ruumidesse v\u00f5i suurde ruumi.<\/li>\n<li>Viimistlus Matte must, harjatud metall v\u00f5i kortenist roostetatud viimistlus.<\/li>\n<\/ul>\n<\/li>\n<\/ol>\n<p><img fetchpriority=\"high\" decoding=\"async\" class=\"alignnone wp-image-2676 size-medium\" title=\"luksuslik siseruumide puuk\u00fcttega kamin\" src=\"https:\/\/keweicorten.com\/wp-content\/uploads\/2024\/12\/\u60ac\u6302\u98de\u789f\u58c1\u7089\u5ba2\u5385\u58c1\u7089\u7535\u5b50\u60ac\u6302\u9152\u7cbe3d\u96fe\u5316\u540a\u7089\u771f\u706b\u71c3\u6728\u67f4\u98de\u789f\u522b\u5885-300x300.jpg\" alt=\"luksuslik siseruumide puuk\u00fcttega kamin hind, tootjad, tarnijad-keweicorten\" width=\"300\" height=\"300\" srcset=\"https:\/\/keweicorten.com\/wp-content\/uploads\/2024\/12\/\u60ac\u6302\u98de\u789f\u58c1\u7089\u5ba2\u5385\u58c1\u7089\u7535\u5b50\u60ac\u6302\u9152\u7cbe3d\u96fe\u5316\u540a\u7089\u771f\u706b\u71c3\u6728\u67f4\u98de\u789f\u522b\u5885-300x300.jpg 300w, https:\/\/keweicorten.com\/wp-content\/uploads\/2024\/12\/\u60ac\u6302\u98de\u789f\u58c1\u7089\u5ba2\u5385\u58c1\u7089\u7535\u5b50\u60ac\u6302\u9152\u7cbe3d\u96fe\u5316\u540a\u7089\u771f\u706b\u71c3\u6728\u67f4\u98de\u789f\u522b\u5885-150x150.jpg 150w, https:\/\/keweicorten.com\/wp-content\/uploads\/2024\/12\/\u60ac\u6302\u98de\u789f\u58c1\u7089\u5ba2\u5385\u58c1\u7089\u7535\u5b50\u60ac\u6302\u9152\u7cbe3d\u96fe\u5316\u540a\u7089\u771f\u706b\u71c3\u6728\u67f4\u98de\u789f\u522b\u5885-12x12.jpg 12w, https:\/\/keweicorten.com\/wp-content\/uploads\/2024\/12\/\u60ac\u6302\u98de\u789f\u58c1\u7089\u5ba2\u5385\u58c1\u7089\u7535\u5b50\u60ac\u6302\u9152\u7cbe3d\u96fe\u5316\u540a\u7089\u771f\u706b\u71c3\u6728\u67f4\u98de\u789f\u522b\u5885-600x600.jpg 600w, https:\/\/keweicorten.com\/wp-content\/uploads\/2024\/12\/\u60ac\u6302\u98de\u789f\u58c1\u7089\u5ba2\u5385\u58c1\u7089\u7535\u5b50\u60ac\u6302\u9152\u7cbe3d\u96fe\u5316\u540a\u7089\u771f\u706b\u71c3\u6728\u67f4\u98de\u789f\u522b\u5885-100x100.jpg 100w, https:\/\/keweicorten.com\/wp-content\/uploads\/2024\/12\/\u60ac\u6302\u98de\u789f\u58c1\u7089\u5ba2\u5385\u58c1\u7089\u7535\u5b50\u60ac\u6302\u9152\u7cbe3d\u96fe\u5316\u540a\u7089\u771f\u706b\u71c3\u6728\u67f4\u98de\u789f\u522b\u5885.jpg 750w\" sizes=\"(max-width: 300px) 100vw, 300px\" \/> <a href=\"https:\/\/keweicorten.com\/et\/votke-meiega-uhendust\/\"><img decoding=\"async\" class=\"alignnone wp-image-2677 size-medium\" title=\"luksuslik siseruumide puuk\u00fcttega kamin\" src=\"https:\/\/keweicorten.com\/wp-content\/uploads\/2024\/12\/\u60ac\u6302\u5f0f\u58c1\u7089\u771f\u706b\u71c3\u6728\u67f4\u9152\u7cbe\u53d6\u6696\u7535\u5b50\u96fe\u5316\u5bb6\u7528\u522b\u5885\u7f51\u7ea2\u98de\u789f\u540a\u7089-300x300.jpg\" alt=\"luksuslik siseruumide puuk\u00fcttega kamin hind, tootjad, tarnijad-keweicorten\" width=\"300\" height=\"300\" srcset=\"https:\/\/keweicorten.com\/wp-content\/uploads\/2024\/12\/\u60ac\u6302\u5f0f\u58c1\u7089\u771f\u706b\u71c3\u6728\u67f4\u9152\u7cbe\u53d6\u6696\u7535\u5b50\u96fe\u5316\u5bb6\u7528\u522b\u5885\u7f51\u7ea2\u98de\u789f\u540a\u7089-300x300.jpg 300w, https:\/\/keweicorten.com\/wp-content\/uploads\/2024\/12\/\u60ac\u6302\u5f0f\u58c1\u7089\u771f\u706b\u71c3\u6728\u67f4\u9152\u7cbe\u53d6\u6696\u7535\u5b50\u96fe\u5316\u5bb6\u7528\u522b\u5885\u7f51\u7ea2\u98de\u789f\u540a\u7089-150x150.jpg 150w, https:\/\/keweicorten.com\/wp-content\/uploads\/2024\/12\/\u60ac\u6302\u5f0f\u58c1\u7089\u771f\u706b\u71c3\u6728\u67f4\u9152\u7cbe\u53d6\u6696\u7535\u5b50\u96fe\u5316\u5bb6\u7528\u522b\u5885\u7f51\u7ea2\u98de\u789f\u540a\u7089-12x12.jpg 12w, https:\/\/keweicorten.com\/wp-content\/uploads\/2024\/12\/\u60ac\u6302\u5f0f\u58c1\u7089\u771f\u706b\u71c3\u6728\u67f4\u9152\u7cbe\u53d6\u6696\u7535\u5b50\u96fe\u5316\u5bb6\u7528\u522b\u5885\u7f51\u7ea2\u98de\u789f\u540a\u7089-600x600.jpg 600w, https:\/\/keweicorten.com\/wp-content\/uploads\/2024\/12\/\u60ac\u6302\u5f0f\u58c1\u7089\u771f\u706b\u71c3\u6728\u67f4\u9152\u7cbe\u53d6\u6696\u7535\u5b50\u96fe\u5316\u5bb6\u7528\u522b\u5885\u7f51\u7ea2\u98de\u789f\u540a\u7089-100x100.jpg 100w, https:\/\/keweicorten.com\/wp-content\/uploads\/2024\/12\/\u60ac\u6302\u5f0f\u58c1\u7089\u771f\u706b\u71c3\u6728\u67f4\u9152\u7cbe\u53d6\u6696\u7535\u5b50\u96fe\u5316\u5bb6\u7528\u522b\u5885\u7f51\u7ea2\u98de\u789f\u540a\u7089.jpg 750w\" sizes=\"(max-width: 300px) 100vw, 300px\" \/><\/a> <a href=\"https:\/\/keweicorten.com\/et\/products\/\"><img decoding=\"async\" class=\"alignnone wp-image-2678 size-medium\" title=\" puuk\u00fcttega kamin \" src=\"https:\/\/keweicorten.com\/wp-content\/uploads\/2024\/12\/\u827a\u672f\u60ac\u6302\u5f0f\u5bb6\u7528\u71c3\u6728\u67f4\u706b\u9152\u7cbe\u58c1\u7089\u88c5\u9970\u91d1\u5c5e\u5706\u5f62\u522b\u58853D\u96fe\u5316\u58c1\u7089\u82af_55ec10e0-300x300.jpg\" alt=\"siseruumide puuk\u00fcttega kamin hind, tootjad, tarnijad-keweicorten\" width=\"300\" height=\"300\" srcset=\"https:\/\/keweicorten.com\/wp-content\/uploads\/2024\/12\/\u827a\u672f\u60ac\u6302\u5f0f\u5bb6\u7528\u71c3\u6728\u67f4\u706b\u9152\u7cbe\u58c1\u7089\u88c5\u9970\u91d1\u5c5e\u5706\u5f62\u522b\u58853D\u96fe\u5316\u58c1\u7089\u82af_55ec10e0-300x300.jpg 300w, https:\/\/keweicorten.com\/wp-content\/uploads\/2024\/12\/\u827a\u672f\u60ac\u6302\u5f0f\u5bb6\u7528\u71c3\u6728\u67f4\u706b\u9152\u7cbe\u58c1\u7089\u88c5\u9970\u91d1\u5c5e\u5706\u5f62\u522b\u58853D\u96fe\u5316\u58c1\u7089\u82af_55ec10e0-150x150.jpg 150w, https:\/\/keweicorten.com\/wp-content\/uploads\/2024\/12\/\u827a\u672f\u60ac\u6302\u5f0f\u5bb6\u7528\u71c3\u6728\u67f4\u706b\u9152\u7cbe\u58c1\u7089\u88c5\u9970\u91d1\u5c5e\u5706\u5f62\u522b\u58853D\u96fe\u5316\u58c1\u7089\u82af_55ec10e0-12x12.jpg 12w, https:\/\/keweicorten.com\/wp-content\/uploads\/2024\/12\/\u827a\u672f\u60ac\u6302\u5f0f\u5bb6\u7528\u71c3\u6728\u67f4\u706b\u9152\u7cbe\u58c1\u7089\u88c5\u9970\u91d1\u5c5e\u5706\u5f62\u522b\u58853D\u96fe\u5316\u58c1\u7089\u82af_55ec10e0-600x600.jpg 600w, https:\/\/keweicorten.com\/wp-content\/uploads\/2024\/12\/\u827a\u672f\u60ac\u6302\u5f0f\u5bb6\u7528\u71c3\u6728\u67f4\u706b\u9152\u7cbe\u58c1\u7089\u88c5\u9970\u91d1\u5c5e\u5706\u5f62\u522b\u58853D\u96fe\u5316\u58c1\u7089\u82af_55ec10e0-100x100.jpg 100w, https:\/\/keweicorten.com\/wp-content\/uploads\/2024\/12\/\u827a\u672f\u60ac\u6302\u5f0f\u5bb6\u7528\u71c3\u6728\u67f4\u706b\u9152\u7cbe\u58c1\u7089\u88c5\u9970\u91d1\u5c5e\u5706\u5f62\u522b\u58853D\u96fe\u5316\u58c1\u7089\u82af_55ec10e0.jpg 750w\" sizes=\"(max-width: 300px) 100vw, 300px\" \/><img loading=\"lazy\" decoding=\"async\" class=\"alignnone wp-image-2686 size-medium\" title=\" toas rippuv kamin\" src=\"https:\/\/keweicorten.com\/wp-content\/uploads\/2024\/12\/room-hanging-fireplace-300x300.jpg\" alt=\" tuba rippuv kamin hind-keweicorten\" width=\"300\" height=\"300\" srcset=\"https:\/\/keweicorten.com\/wp-content\/uploads\/2024\/12\/room-hanging-fireplace-300x300.jpg 300w, https:\/\/keweicorten.com\/wp-content\/uploads\/2024\/12\/room-hanging-fireplace-150x150.jpg 150w, https:\/\/keweicorten.com\/wp-content\/uploads\/2024\/12\/room-hanging-fireplace-12x12.jpg 12w, https:\/\/keweicorten.com\/wp-content\/uploads\/2024\/12\/room-hanging-fireplace-100x100.jpg 100w, https:\/\/keweicorten.com\/wp-content\/uploads\/2024\/12\/room-hanging-fireplace.jpg 564w\" sizes=\"(max-width: 300px) 100vw, 300px\" \/><\/a><\/p>\n<hr \/>\n<h3><strong>Eelised:<\/strong><\/h3>\n<ul>\n<li><strong>Kaasaegne esteetika<\/strong>: Parandab kaasaegset v\u00f5i maal\u00e4hedast sise- ja v\u00e4lisdisaini.<\/li>\n<li><strong>Ruumis\u00e4\u00e4stlik<\/strong>: Ripppaigaldus hoiab p\u00f5randa puhtana.<\/li>\n<li><strong>T\u00f5hus k\u00fcte<\/strong>: Pakub soojust ja atmosf\u00e4\u00e4ri, millel on v\u00f5imalus suunata soojust.<\/li>\n<li><strong>Mitmek\u00fclgsus<\/strong>: Sobib nii elu- kui ka \u00e4riruumidesse.<\/li>\n<\/ul>\n<p><img loading=\"lazy\" decoding=\"async\" class=\"\" title=\"toode-324-243\" src=\"https:\/\/www.hiflame-stove.com\/Content\/uploads\/2023175255\/20231211151637b3c8fc20a2974e7ea1c59a43402177b3.jpg\" alt=\"toode-324-243\" width=\"299\" height=\"224\" \/><img loading=\"lazy\" decoding=\"async\" class=\"\" title=\"toode-926-694\" src=\"https:\/\/www.hiflame-stove.com\/Content\/uploads\/2023175255\/20231211151645199476a2f4a44456ac67002af98aaad3.jpg\" alt=\"toode-926-694\" width=\"301\" height=\"226\" \/><img loading=\"lazy\" decoding=\"async\" class=\"\" title=\"toode-404-303\" src=\"https:\/\/www.hiflame-stove.com\/Content\/uploads\/2023175255\/20231211151657a6fa1ae05927450eafd2c2a811001603.jpg\" alt=\"toode-404-303\" width=\"300\" height=\"225\" \/><img loading=\"lazy\" decoding=\"async\" class=\"alignnone size-medium wp-image-2684\" src=\"https:\/\/keweicorten.com\/wp-content\/uploads\/2024\/12\/\u5fae\u4fe1\u56fe\u7247_20240411141839-300x225.jpg\" alt=\"\" width=\"300\" height=\"225\" srcset=\"https:\/\/keweicorten.com\/wp-content\/uploads\/2024\/12\/\u5fae\u4fe1\u56fe\u7247_20240411141839-300x225.jpg 300w, https:\/\/keweicorten.com\/wp-content\/uploads\/2024\/12\/\u5fae\u4fe1\u56fe\u7247_20240411141839-1024x768.jpg 1024w, https:\/\/keweicorten.com\/wp-content\/uploads\/2024\/12\/\u5fae\u4fe1\u56fe\u7247_20240411141839-768x576.jpg 768w, https:\/\/keweicorten.com\/wp-content\/uploads\/2024\/12\/\u5fae\u4fe1\u56fe\u7247_20240411141839-1536x1152.jpg 1536w, https:\/\/keweicorten.com\/wp-content\/uploads\/2024\/12\/\u5fae\u4fe1\u56fe\u7247_20240411141839-16x12.jpg 16w, https:\/\/keweicorten.com\/wp-content\/uploads\/2024\/12\/\u5fae\u4fe1\u56fe\u7247_20240411141839-600x450.jpg 600w, https:\/\/keweicorten.com\/wp-content\/uploads\/2024\/12\/\u5fae\u4fe1\u56fe\u7247_20240411141839.jpg 1706w\" sizes=\"(max-width: 300px) 100vw, 300px\" \/><\/p>","protected":false},"excerpt":{"rendered":"<h3><strong>Rakendused:<\/strong><\/h3>\n<ul>\n<li><strong>Siseruumides<\/strong>: Elutoad, s\u00f6\u00f6gikohad ja avatud planeeringuga ruumid.<\/li>\n<li><strong>\u00d5ues<\/strong>: Terrassid, aiad ja basseini\u00e4\u00e4rsed lounge'id.<\/li>\n<li><strong>Commercial<\/strong>: Luksushotellid, restoranid ja kuurordid.<\/li>\n<\/ul>","protected":false},"featured_media":2679,"comment_status":"open","ping_status":"closed","template":"","meta":{"_eb_attr":"","_monsterinsights_skip_tracking":false,"_monsterinsights_sitenote_active":false,"_monsterinsights_sitenote_note":"","_monsterinsights_sitenote_category":0,"_uf_show_specific_survey":0,"_uf_disable_surveys":false},"product_brand":[],"product_cat":[51],"product_tag":[],"class_list":{"0":"post-2675","1":"product","2":"type-product","3":"status-publish","4":"has-post-thumbnail","6":"product_cat-hanging-fireplace","8":"first","9":"instock","10":"shipping-taxable","11":"product-type-simple"},"_links":{"self":[{"href":"https:\/\/keweicorten.com\/et\/wp-json\/wp\/v2\/product\/2675"}],"collection":[{"href":"https:\/\/keweicorten.com\/et\/wp-json\/wp\/v2\/product"}],"about":[{"href":"https:\/\/keweicorten.com\/et\/wp-json\/wp\/v2\/types\/product"}],"replies":[{"embeddable":true,"href":"https:\/\/keweicorten.com\/et\/wp-json\/wp\/v2\/comments?post=2675"}],"version-history":[{"count":3,"href":"https:\/\/keweicorten.com\/et\/wp-json\/wp\/v2\/product\/2675\/revisions"}],"predecessor-version":[{"id":2687,"href":"https:\/\/keweicorten.com\/et\/wp-json\/wp\/v2\/product\/2675\/revisions\/2687"}],"wp:featuredmedia":[{"embeddable":true,"href":"https:\/\/keweicorten.com\/et\/wp-json\/wp\/v2\/media\/2679"}],"wp:attachment":[{"href":"https:\/\/keweicorten.com\/et\/wp-json\/wp\/v2\/media?parent=2675"}],"wp:term":[{"taxonomy":"product_brand","embeddable":true,"href":"https:\/\/keweicorten.com\/et\/wp-json\/wp\/v2\/product_brand?post=2675"},{"taxonomy":"product_cat","embeddable":true,"href":"https:\/\/keweicorten.com\/et\/wp-json\/wp\/v2\/product_cat?post=2675"},{"taxonomy":"product_tag","embeddable":true,"href":"https:\/\/keweicorten.com\/et\/wp-json\/wp\/v2\/product_tag?post=2675"}],"curies":[{"name":"wp","href":"https:\/\/api.w.org\/{rel}","templated":true}]}}