{"id":2959,"date":"2024-12-18T08:36:47","date_gmt":"2024-12-18T08:36:47","guid":{"rendered":"https:\/\/keweicorten.com\/?post_type=product&#038;p=2959"},"modified":"2025-01-15T06:13:19","modified_gmt":"2025-01-15T06:13:19","slug":"propaani-tulekahju-komplekt","status":"publish","type":"product","link":"https:\/\/keweicorten.com\/et\/propaani-tulekahju-komplekt\/","title":{"rendered":"propaani tulekahju komplekt"},"content":{"rendered":"<h2 data-pm-slice=\"1 3 []\"><strong>Propaank\u00fcttekomplektid: K\u00fcttekolded: Ultimate Guide to Enhancing Your Outdoor Space: The Ultimate Guide to Enhancing Your Outdoor Space: The Ultimate Guide to Enhancing Your Outdoor Space<\/strong><\/h2>\n<p>Kui tegemist on hubase ja kutsuva v\u00e4lisruumi loomisega, siis on v\u00e4he asju, mis suudavad konkureerida propaaniga l\u00f5kkeplatsi v\u00f5lu. Propaank\u00fcttekomplekt on ideaalne lahendus koduomanikele ja \u00f5ues\u00f5pradele, kes soovivad ehitada oma kohandatud l\u00f5kkeplatsi ilma nullist alustamisega kaasnevate probleemideta. Selles juhendis tutvustame k\u00f5ike, mida peate teadma propaank\u00fcttekomplektide kohta, nende eeliseid, paigaldusn\u00f5uandeid ja seda, kuidas valida just teie vajadustele vastav komplekt.<\/p>\n<div style=\"width: 800px;\" class=\"wp-video\"><!--[if lt IE 9]><script>document.createElement('video');<\/script><![endif]-->\n<video class=\"wp-video-shortcode\" id=\"video-2959-1\" width=\"800\" height=\"453\" preload=\"metadata\" controls=\"controls\"><source type=\"video\/mp4\" src=\"https:\/\/keweicorten.com\/wp-content\/uploads\/2024\/12\/WeChat_20241210164550.mp4?_=1\" \/><a href=\"https:\/\/keweicorten.com\/wp-content\/uploads\/2024\/12\/WeChat_20241210164550.mp4\">https:\/\/keweicorten.com\/wp-content\/uploads\/2024\/12\/WeChat_20241210164550.mp4<\/a><\/video><\/div>\n<h3><strong>Mis on propaank\u00fcttekomplekt?<\/strong><\/h3>\n<p>Propaank\u00fcttekomplekt sisaldab k\u00f5iki olulisi komponente, mis on vajalikud funktsionaalse ja stiilse l\u00f5kkek\u00fcna kokkupanekuks. Need komplektid sisaldavad tavaliselt j\u00e4rgmist:<\/p>\n<ul data-spread=\"false\">\n<li><strong>P\u00f5leti r\u00f5ngas v\u00f5i pann<\/strong>: Keskosa, mis jaotab propaangaasi \u00fchtlaselt, et saavutada ilus leek.<\/li>\n<li><strong>Juhtpaneel<\/strong>: V\u00f5imaldab reguleerida leegi k\u00f5rgust ja l\u00fclitada tulekolle sisse v\u00f5i v\u00e4lja.<\/li>\n<li><strong>S\u00fc\u00fctes\u00fcsteem<\/strong>: Tagab ohutu ja usaldusv\u00e4\u00e4rse s\u00fcttimise, kas k\u00e4sitsi v\u00f5i elektrooniliselt.<\/li>\n<li><strong>Gaasivoolik ja regulaator<\/strong>: \u00dchendab l\u00f5kkekolde propaanipaagiga, et tagada ohutu t\u00f6\u00f6.<\/li>\n<li><strong>Valikulised lisaseadmed<\/strong>: Esemed nagu laavakivid, tuleklaas v\u00f5i katted lisafunktsionaalsuse ja esteetilisuse lisamiseks.<\/li>\n<\/ul>\n<p>Propaank\u00fcttekomplektid on kavandatud kasutajas\u00f5bralikuks ja mitmek\u00fclgseks, mist\u00f5ttu sobivad need nii omatehtud projektide kui ka professionaalsete paigalduste jaoks.<\/p>\n<p><a href=\"https:\/\/keweicorten.com\/et\/votke-meiega-uhendust\/\"><img fetchpriority=\"high\" decoding=\"async\" class=\"alignnone wp-image-2965\" title=\"propaani tulekahju komplekt\" src=\"https:\/\/keweicorten.com\/wp-content\/uploads\/2024\/12\/Gas-fire-pit-pan-3-300x225.jpg\" alt=\"propaani tulekahju komplekt\" width=\"368\" height=\"276\" srcset=\"https:\/\/keweicorten.com\/wp-content\/uploads\/2024\/12\/Gas-fire-pit-pan-3-300x225.jpg 300w, https:\/\/keweicorten.com\/wp-content\/uploads\/2024\/12\/Gas-fire-pit-pan-3-768x576.jpg 768w, https:\/\/keweicorten.com\/wp-content\/uploads\/2024\/12\/Gas-fire-pit-pan-3-16x12.jpg 16w, https:\/\/keweicorten.com\/wp-content\/uploads\/2024\/12\/Gas-fire-pit-pan-3-600x450.jpg 600w, https:\/\/keweicorten.com\/wp-content\/uploads\/2024\/12\/Gas-fire-pit-pan-3.jpg 960w\" sizes=\"(max-width: 368px) 100vw, 368px\" \/><\/a> <a href=\"https:\/\/keweicorten.com\/et\/votke-meiega-uhendust\/\"><img decoding=\"async\" class=\"alignnone wp-image-2966\" title=\"propaani tulekahju komplekt\" src=\"https:\/\/keweicorten.com\/wp-content\/uploads\/2024\/12\/Gas-fire-pit-pan-4-300x225.jpg\" alt=\"propaani tulekahju komplekt\" width=\"364\" height=\"273\" srcset=\"https:\/\/keweicorten.com\/wp-content\/uploads\/2024\/12\/Gas-fire-pit-pan-4-300x225.jpg 300w, https:\/\/keweicorten.com\/wp-content\/uploads\/2024\/12\/Gas-fire-pit-pan-4-768x576.jpg 768w, https:\/\/keweicorten.com\/wp-content\/uploads\/2024\/12\/Gas-fire-pit-pan-4-16x12.jpg 16w, https:\/\/keweicorten.com\/wp-content\/uploads\/2024\/12\/Gas-fire-pit-pan-4-600x450.jpg 600w, https:\/\/keweicorten.com\/wp-content\/uploads\/2024\/12\/Gas-fire-pit-pan-4.jpg 960w\" sizes=\"(max-width: 364px) 100vw, 364px\" \/><\/a><\/p>\n<h3><strong>Propaani tulekahjude komplekti eelised<\/strong><\/h3>\n<ol start=\"1\" data-spread=\"false\">\n<li><strong>Kasutamise lihtsus<\/strong>: Propaanist tulekolded s\u00fcttivad nupulevajutusega, mist\u00f5ttu ei ole vaja k\u00fcttepuid v\u00f5i s\u00fc\u00fctepuid.<\/li>\n<li><strong>Puhas p\u00f5letamine<\/strong>: Propaan on puhtalt p\u00f5lev k\u00fctus, mis tekitab minimaalselt suitsu ja tuhka.<\/li>\n<li><strong>Kohandatavad kujundused<\/strong>: Komplektid pakuvad paindlikkust, et luua teie v\u00e4lisdekoratsiooniga sobiv l\u00f5kkekolle.<\/li>\n<li><strong>Kaasaskantavus<\/strong>: Paljud komplektid on \u00fchilduvad kaasaskantavate konstruktsioonidega, mist\u00f5ttu on need ideaalsed terrassidele, tekkidele v\u00f5i telkimisreisidele.<\/li>\n<li><strong>Energiat\u00f5husus<\/strong>: Propaan on t\u00f5hus k\u00fctuseallikas, mis annab \u00fchtlast soojust.<\/li>\n<\/ol>","protected":false},"excerpt":{"rendered":"<p data-pm-slice=\"1 1 []\">Propaaniga l\u00f5kkekomplektid pakuvad h\u00f5lpsat v\u00f5imalust nautida l\u00f5kkek\u00fcna soojust ja atmosf\u00e4\u00e4ri.<\/p>","protected":false},"featured_media":2960,"comment_status":"open","ping_status":"closed","template":"","meta":{"_eb_attr":"","_monsterinsights_skip_tracking":false,"_monsterinsights_sitenote_active":false,"_monsterinsights_sitenote_note":"","_monsterinsights_sitenote_category":0,"_uf_show_specific_survey":0,"_uf_disable_surveys":false},"product_brand":[],"product_cat":[53],"product_tag":[],"class_list":{"0":"post-2959","1":"product","2":"type-product","3":"status-publish","4":"has-post-thumbnail","6":"product_cat-gas-fire-pit-burner","8":"first","9":"instock","10":"shipping-taxable","11":"product-type-simple"},"_links":{"self":[{"href":"https:\/\/keweicorten.com\/et\/wp-json\/wp\/v2\/product\/2959"}],"collection":[{"href":"https:\/\/keweicorten.com\/et\/wp-json\/wp\/v2\/product"}],"about":[{"href":"https:\/\/keweicorten.com\/et\/wp-json\/wp\/v2\/types\/product"}],"replies":[{"embeddable":true,"href":"https:\/\/keweicorten.com\/et\/wp-json\/wp\/v2\/comments?post=2959"}],"version-history":[{"count":1,"href":"https:\/\/keweicorten.com\/et\/wp-json\/wp\/v2\/product\/2959\/revisions"}],"predecessor-version":[{"id":2967,"href":"https:\/\/keweicorten.com\/et\/wp-json\/wp\/v2\/product\/2959\/revisions\/2967"}],"wp:featuredmedia":[{"embeddable":true,"href":"https:\/\/keweicorten.com\/et\/wp-json\/wp\/v2\/media\/2960"}],"wp:attachment":[{"href":"https:\/\/keweicorten.com\/et\/wp-json\/wp\/v2\/media?parent=2959"}],"wp:term":[{"taxonomy":"product_brand","embeddable":true,"href":"https:\/\/keweicorten.com\/et\/wp-json\/wp\/v2\/product_brand?post=2959"},{"taxonomy":"product_cat","embeddable":true,"href":"https:\/\/keweicorten.com\/et\/wp-json\/wp\/v2\/product_cat?post=2959"},{"taxonomy":"product_tag","embeddable":true,"href":"https:\/\/keweicorten.com\/et\/wp-json\/wp\/v2\/product_tag?post=2959"}],"curies":[{"name":"wp","href":"https:\/\/api.w.org\/{rel}","templated":true}]}}