{"id":2972,"date":"2024-12-19T01:47:45","date_gmt":"2024-12-19T01:47:45","guid":{"rendered":"https:\/\/keweicorten.com\/?post_type=product&#038;p=2972"},"modified":"2025-01-15T06:12:58","modified_gmt":"2025-01-15T06:12:58","slug":"corten-terasest-kaminaruut","status":"publish","type":"product","link":"https:\/\/keweicorten.com\/et\/corten-terasest-kaminaruut\/","title":{"rendered":"corten terasest kaminaruut"},"content":{"rendered":"<h2 data-pm-slice=\"1 1 []\">Corten terasest kaminagrill: T\u00e4iuslik t\u00e4iendus teie eluruumile \u00f5ues<\/h2>\n<p>V\u00e4he on selliseid mitmek\u00fclgseid ja visuaalselt silmatorkavaid elemente, mis on teie \u00f5ueala kaunistamiseks nii mitmek\u00fclgsed ja silmatorkavad kui kortenterterasest kaminaruut. Kombineerides l\u00f5kkeplatsi soojuse ja grilli funktsionaalsuse, t\u00f5stab see uuenduslik funktsioon teie tagahoovi koosviibimisi, lisades samal ajal kaasaegset rustikaalset v\u00f5lu.<\/p>\n<h3>Mis on Corten terasest kaminagrill?<\/h3>\n<p>Cortenterasest kaminaruut on kaheotstarbeline v\u00e4litingimustes kasutatav seade, mis on valmistatud ilmastikutingimustes kasutatavast terasest, nn cortenterasest. See materjal omandab aja jooksul kaitsva roostesarnase patina, mis loob ainulaadse, pidevalt muutuva v\u00e4limuse, mis sulandub sujuvalt loodusliku \u00fcmbrusega. Nii esteetiliseks kui ka praktiliseks kasutamiseks kavandatud cortenterasest kaminagrillid on vastupidavad, v\u00e4he hooldatavad ja vastupidavad karmidele ilmastikutingimustele.<\/p>\n<p><a href=\"https:\/\/keweicorten.com\/et\/votke-meiega-uhendust\/\"><img fetchpriority=\"high\" decoding=\"async\" class=\"alignnone wp-image-2977 size-full\" title=\"corten tulekahju pit bbq \" src=\"https:\/\/keweicorten.com\/wp-content\/uploads\/2024\/12\/\u5fae\u4fe1\u56fe\u7247_20241105151017.png\" alt=\"corten fire pit bbq Factory, Hiina, hind, tootjad, tarnijad, kohandatud, hulgim\u00fc\u00fck, odav, m\u00fc\u00fcgiks, laos.-keweicorten\" width=\"517\" height=\"517\" srcset=\"https:\/\/keweicorten.com\/wp-content\/uploads\/2024\/12\/\u5fae\u4fe1\u56fe\u7247_20241105151017.png 517w, https:\/\/keweicorten.com\/wp-content\/uploads\/2024\/12\/\u5fae\u4fe1\u56fe\u7247_20241105151017-300x300.png 300w, https:\/\/keweicorten.com\/wp-content\/uploads\/2024\/12\/\u5fae\u4fe1\u56fe\u7247_20241105151017-150x150.png 150w, https:\/\/keweicorten.com\/wp-content\/uploads\/2024\/12\/\u5fae\u4fe1\u56fe\u7247_20241105151017-12x12.png 12w, https:\/\/keweicorten.com\/wp-content\/uploads\/2024\/12\/\u5fae\u4fe1\u56fe\u7247_20241105151017-100x100.png 100w\" sizes=\"(max-width: 517px) 100vw, 517px\" \/><\/a><\/p>\n<h3>Corten terasest kaminagrillide omadused<\/h3>\n<ol start=\"1\" data-spread=\"true\">\n<li><strong>Vastupidavus:<\/strong> Corten teras on tuntud oma tugevuse ja korrosioonikindluse poolest. Selle iseparanev pind tagab pikaajalise toimivuse, mist\u00f5ttu on see ideaalne materjal v\u00e4litingimustes kasutamiseks.<\/li>\n<li><strong>Rustiline esteetika:<\/strong> Looduslik patiin annab grillile ainulaadse, maal\u00e4hedase v\u00e4limuse, mis kaunistab iga v\u00e4litingimust. Patina ka areneb, lisades iseloomu ja individuaalsust.<\/li>\n<li><strong>Mitmek\u00fclgsus:<\/strong> See v\u00f5ib olla nii kaminaks soojuse ja meeleolu loomiseks kui ka grilliks toiduvalmistamiseks. T\u00e4nu sellele kahele funktsioonile sobib see ideaalselt v\u00e4litingimustes toimuvate pidude ja perekondlike koosviibimiste korraldamiseks.<\/li>\n<li><strong>V\u00e4hese hooldusega:<\/strong> Erinevalt traditsioonilistest grillidest n\u00f5uab cortenterasest minimaalset hooldust. Kaitsev patina v\u00e4listab vajaduse v\u00e4rvimise v\u00f5i tihendamise j\u00e4rele.<\/li>\n<\/ol>\n<p><a href=\"https:\/\/keweicorten.com\/et\/votke-meiega-uhendust\/\"><img decoding=\"async\" class=\"alignnone wp-image-2978\" title=\"corten firepit bbq \" src=\"https:\/\/keweicorten.com\/wp-content\/uploads\/2024\/12\/photobank-1.png\" alt=\"fire pit bbq Factory, Hiina, hind, tootjad, tarnijad, kohandatud, hulgim\u00fc\u00fck, odav, m\u00fc\u00fcgiks, laos.-keweicorten\" width=\"463\" height=\"496\" srcset=\"https:\/\/keweicorten.com\/wp-content\/uploads\/2024\/12\/photobank-1.png 624w, https:\/\/keweicorten.com\/wp-content\/uploads\/2024\/12\/photobank-1-280x300.png 280w, https:\/\/keweicorten.com\/wp-content\/uploads\/2024\/12\/photobank-1-11x12.png 11w, https:\/\/keweicorten.com\/wp-content\/uploads\/2024\/12\/photobank-1-600x642.png 600w\" sizes=\"(max-width: 463px) 100vw, 463px\" \/><\/a><a href=\"https:\/\/keweicorten.com\/et\/votke-meiega-uhendust\/\"><img decoding=\"async\" class=\"alignnone wp-image-2980\" title=\"l\u00f5kkekolde grillimine\" src=\"https:\/\/keweicorten.com\/wp-content\/uploads\/2024\/12\/1.jpg\" alt=\"fire pit bbq Factory, Hiina, hind, tootjad, tarnijad, kohandatud, hulgim\u00fc\u00fck, odav, m\u00fc\u00fcgiks, laos.-keweicorten\" width=\"472\" height=\"472\" srcset=\"https:\/\/keweicorten.com\/wp-content\/uploads\/2024\/12\/1.jpg 819w, https:\/\/keweicorten.com\/wp-content\/uploads\/2024\/12\/1-300x300.jpg 300w, https:\/\/keweicorten.com\/wp-content\/uploads\/2024\/12\/1-150x150.jpg 150w, https:\/\/keweicorten.com\/wp-content\/uploads\/2024\/12\/1-768x768.jpg 768w, https:\/\/keweicorten.com\/wp-content\/uploads\/2024\/12\/1-12x12.jpg 12w, https:\/\/keweicorten.com\/wp-content\/uploads\/2024\/12\/1-600x600.jpg 600w, https:\/\/keweicorten.com\/wp-content\/uploads\/2024\/12\/1-100x100.jpg 100w\" sizes=\"(max-width: 472px) 100vw, 472px\" \/><\/a><\/p>\n<h3>Corten terasest kaminagrilli valimise eelised<\/h3>\n<h4>1. T\u00e4iustatud v\u00e4litingimustes viibimise kogemus<\/h4>\n<p>Kortenterterasest kaminagrill muudab teie tagahoovi hubaseks ja funktsionaalseks ruumiks, mida saab nautida aastaringselt. Olenemata sellest, kas k\u00fcpsetate k\u00fclmemal \u00f5htul vahukommi v\u00f5i grillidate suvel grillimise ajal praade, on see meeldej\u00e4\u00e4vate koosviibimiste keskpunktiks.<\/p>\n<h4>2. Keskkonnas\u00f5bralik materjal<\/h4>\n<p>Corten teras on 100% ringlussev\u00f5etav ja pika elueaga, mis muudab selle keskkonnateadlike majaomanike jaoks j\u00e4tkusuutlikuks valikuks.<\/p>\n<h4>3. Kohandatavad kujundused<\/h4>\n<p>Erineva kuju ja suurusega cortenterasest kaminar\u00f5dasid saab kohandada vastavalt teie v\u00e4lisdekoratsioonile. Alates elegantsetest moodsatest kujundustest kuni traditsioonilisemate stiilideni on valikuv\u00f5imalus igale maitsele.<\/p>\n<h4>4. Ilmastikukindlus<\/h4>\n<p>Erinevalt tavalistest restidest, mis v\u00f5ivad aja jooksul roostetada v\u00f5i laguneda, toimib kortenterterase patina kaitsekihina, mis tagab vastupidavuse isegi karmides ilmastikutingimustes.<\/p>\n<p><a href=\"https:\/\/keweicorten.com\/et\/products\/\"><img loading=\"lazy\" decoding=\"async\" class=\"alignnone wp-image-2981 size-full\" title=\"corten terasest tulekahju bbq \" src=\"https:\/\/keweicorten.com\/wp-content\/uploads\/2024\/12\/\u672a\u547d\u540d.jpg\" alt=\"fire pit bbq Factory, Hiina, hind, tootjad, tarnijad, kohandatud, hulgim\u00fc\u00fck, odav, m\u00fc\u00fcgiks, laos.-keweicorten\" width=\"750\" height=\"750\" srcset=\"https:\/\/keweicorten.com\/wp-content\/uploads\/2024\/12\/\u672a\u547d\u540d.jpg 750w, https:\/\/keweicorten.com\/wp-content\/uploads\/2024\/12\/\u672a\u547d\u540d-300x300.jpg 300w, https:\/\/keweicorten.com\/wp-content\/uploads\/2024\/12\/\u672a\u547d\u540d-150x150.jpg 150w, https:\/\/keweicorten.com\/wp-content\/uploads\/2024\/12\/\u672a\u547d\u540d-12x12.jpg 12w, https:\/\/keweicorten.com\/wp-content\/uploads\/2024\/12\/\u672a\u547d\u540d-600x600.jpg 600w, https:\/\/keweicorten.com\/wp-content\/uploads\/2024\/12\/\u672a\u547d\u540d-100x100.jpg 100w\" sizes=\"(max-width: 750px) 100vw, 750px\" \/><\/a><\/p>\n<h3>N\u00e4pun\u00e4iteid Corten terasest grilli kasutamiseks ja hooldamiseks<\/h3>\n<ul data-spread=\"false\">\n<li><strong>Esialgne seadistamine:<\/strong> Grilli kokkupuude v\u00e4litingimustega v\u00f5imaldab patina loomulikul viisil areneda.<\/li>\n<li><strong>Puhastamine:<\/strong> Kasutage prahi v\u00f5i tuha eemaldamiseks pehmet harja. V\u00e4ltige karmide kemikaalide kasutamist, sest need v\u00f5ivad h\u00e4irida loomulikku patineerimisprotsessi.<\/li>\n<li><strong>Toiduvalmistamise pinna hooldus:<\/strong> H\u00fcgieeni s\u00e4ilitamiseks ja toiduj\u00e4\u00e4kide kogunemise v\u00e4ltimiseks puhastage grillrest korrap\u00e4raselt.<\/li>\n<\/ul>","protected":false},"excerpt":{"rendered":"<p>Kortenterterasest kaminaruut on rohkem kui lihtsalt v\u00e4litingimustes kasutatav aksessuaar - see on investeering sooja ja kutsuva ruumi loomiseks perekonnale ja s\u00f5pradele.<\/p>","protected":false},"featured_media":2977,"comment_status":"open","ping_status":"closed","template":"","meta":{"_eb_attr":"","_monsterinsights_skip_tracking":false,"_monsterinsights_sitenote_active":false,"_monsterinsights_sitenote_note":"","_monsterinsights_sitenote_category":0,"_uf_show_specific_survey":0,"_uf_disable_surveys":false},"product_brand":[],"product_cat":[63],"product_tag":[],"class_list":{"0":"post-2972","1":"product","2":"type-product","3":"status-publish","4":"has-post-thumbnail","6":"product_cat-steel-bbq-grill","8":"first","9":"instock","10":"shipping-taxable","11":"product-type-simple"},"_links":{"self":[{"href":"https:\/\/keweicorten.com\/et\/wp-json\/wp\/v2\/product\/2972"}],"collection":[{"href":"https:\/\/keweicorten.com\/et\/wp-json\/wp\/v2\/product"}],"about":[{"href":"https:\/\/keweicorten.com\/et\/wp-json\/wp\/v2\/types\/product"}],"replies":[{"embeddable":true,"href":"https:\/\/keweicorten.com\/et\/wp-json\/wp\/v2\/comments?post=2972"}],"version-history":[{"count":1,"href":"https:\/\/keweicorten.com\/et\/wp-json\/wp\/v2\/product\/2972\/revisions"}],"predecessor-version":[{"id":2982,"href":"https:\/\/keweicorten.com\/et\/wp-json\/wp\/v2\/product\/2972\/revisions\/2982"}],"wp:featuredmedia":[{"embeddable":true,"href":"https:\/\/keweicorten.com\/et\/wp-json\/wp\/v2\/media\/2977"}],"wp:attachment":[{"href":"https:\/\/keweicorten.com\/et\/wp-json\/wp\/v2\/media?parent=2972"}],"wp:term":[{"taxonomy":"product_brand","embeddable":true,"href":"https:\/\/keweicorten.com\/et\/wp-json\/wp\/v2\/product_brand?post=2972"},{"taxonomy":"product_cat","embeddable":true,"href":"https:\/\/keweicorten.com\/et\/wp-json\/wp\/v2\/product_cat?post=2972"},{"taxonomy":"product_tag","embeddable":true,"href":"https:\/\/keweicorten.com\/et\/wp-json\/wp\/v2\/product_tag?post=2972"}],"curies":[{"name":"wp","href":"https:\/\/api.w.org\/{rel}","templated":true}]}}