{"id":2999,"date":"2024-12-25T07:01:12","date_gmt":"2024-12-25T07:01:12","guid":{"rendered":"https:\/\/keweicorten.com\/?post_type=product&#038;p=2999"},"modified":"2025-01-15T06:12:44","modified_gmt":"2025-01-15T06:12:44","slug":"grillimise-corten","status":"publish","type":"product","link":"https:\/\/keweicorten.com\/et\/grillimise-corten\/","title":{"rendered":"grillimise corten"},"content":{"rendered":"<h2 data-pm-slice=\"1 3 []\">Grill Corten terasest: Corten Steel: T\u00e4iuslik valik Outdoor Cooking entusiastide jaoks.<\/h2>\n<p>Kui olete kirglik toiduvalmistamise vastu \u00f5ues ja soovite oma grillimiselamust t\u00f5sta, siis on cortenterasest valmistatud grillimisseadmed m\u00e4ngu muutja. Funktsionaalsust, vastupidavust ja esteetilist atraktiivsust \u00fchendavad cortenterasest grillid on muutunud \u00fcha populaarsemaks \u00f5ues kokandushuviliste seas. See materjal on suurep\u00e4rane valik teie j\u00e4rgmise grillimisseadme jaoks.<\/p>\n<h4>Mis on Corten teras?<\/h4>\n<p>Corten-teras, mida tuntakse ka ilmastikukindla terase nime all, on teatud t\u00fc\u00fcpi terasesulam, mis on loodud selleks, et p\u00e4rast ilmastikuoludele kokkupuudet tekiks stabiilne roostesarnane v\u00e4ljan\u00e4gemine. See ainulaadne omadus muudab selle visuaalselt silmatorkavaks ja v\u00e4ga korrosioonikindlaks. Erinevalt traditsioonilisest terasest tekib cortenterasest aja jooksul kaitsev patiin, mis kaitseb materjali edasiste kahjustuste eest, tagades pikaajalise toimivuse.<\/p>\n<h4>Corten terasest grilli eelised<\/h4>\n<ol start=\"1\" data-spread=\"true\">\n<li><strong>Vastupidavus ja pikaealisus<\/strong> Corten teras on loodud taluma karmi ilmastikutingimusi, mist\u00f5ttu on see ideaalne v\u00e4litingimustes kasutamiseks. Selle korrosioonikindlad omadused t\u00e4hendavad, et teie grill j\u00e4\u00e4b funktsionaalseks ja ilusaks aastateks.<\/li>\n<li><strong>Madal hooldus<\/strong> Cortenterase looduslik patina v\u00e4listab vajaduse sagedase hoolduse j\u00e4rele. Erinevalt teistest materjalidest, mis vajavad v\u00e4rvimist v\u00f5i tihendamist, on cortenterasest grillid praktiliselt muretut.<\/li>\n<li><strong>Esteetiline atraktiivsus<\/strong> Cortenterase rikkalikud, mahedad toonid lisavad igale v\u00e4lisruumile kaasaegse ja rafineeritud puudutuse. Olenemata sellest, kas eelistate minimalistlikku disaini v\u00f5i maal\u00e4hedasemat v\u00e4limust, sobib corten teras erinevate v\u00e4litingimustes kasutatavate stiilide juurde.<\/li>\n<li><strong>Soojuse s\u00e4ilitamine ja jaotamine<\/strong> Corten teras on suurep\u00e4rane soojusjuht, mis tagab \u00fchtlase toiduvalmistamise temperatuuri. See omadus parandab teie grillitud toidu kvaliteeti, andes iga kord t\u00e4iusliku tulemuse.<\/li>\n<\/ol>\n<p><a href=\"https:\/\/keweicorten.com\/et\"><img fetchpriority=\"high\" decoding=\"async\" class=\"alignnone wp-image-3004 size-medium\" title=\"corten bbq grill\u00a0\" src=\"https:\/\/keweicorten.com\/wp-content\/uploads\/2024\/12\/IMG20220916175214-300x300.jpg\" alt=\"osta allahindlus corten bbq grill tasuta proovi -keweicorten\" width=\"300\" height=\"300\" srcset=\"https:\/\/keweicorten.com\/wp-content\/uploads\/2024\/12\/IMG20220916175214-300x300.jpg 300w, https:\/\/keweicorten.com\/wp-content\/uploads\/2024\/12\/IMG20220916175214-150x150.jpg 150w, https:\/\/keweicorten.com\/wp-content\/uploads\/2024\/12\/IMG20220916175214-12x12.jpg 12w, https:\/\/keweicorten.com\/wp-content\/uploads\/2024\/12\/IMG20220916175214-600x600.jpg 600w, https:\/\/keweicorten.com\/wp-content\/uploads\/2024\/12\/IMG20220916175214-100x100.jpg 100w, https:\/\/keweicorten.com\/wp-content\/uploads\/2024\/12\/IMG20220916175214.jpg 750w\" sizes=\"(max-width: 300px) 100vw, 300px\" \/><\/a><a href=\"https:\/\/keweicorten.com\/et\/votke-meiega-uhendust\/\"><img decoding=\"async\" class=\"alignnone wp-image-3001 size-medium\" title=\"corten bbq grill\u00a0\" src=\"https:\/\/keweicorten.com\/wp-content\/uploads\/2024\/12\/IMG20220916161902-300x300.jpg\" alt=\"osta allahindlus corten bbq grill tasuta proovi -keweicorten\" width=\"300\" height=\"300\" srcset=\"https:\/\/keweicorten.com\/wp-content\/uploads\/2024\/12\/IMG20220916161902-300x300.jpg 300w, https:\/\/keweicorten.com\/wp-content\/uploads\/2024\/12\/IMG20220916161902-150x150.jpg 150w, https:\/\/keweicorten.com\/wp-content\/uploads\/2024\/12\/IMG20220916161902-12x12.jpg 12w, https:\/\/keweicorten.com\/wp-content\/uploads\/2024\/12\/IMG20220916161902-600x600.jpg 600w, https:\/\/keweicorten.com\/wp-content\/uploads\/2024\/12\/IMG20220916161902-100x100.jpg 100w, https:\/\/keweicorten.com\/wp-content\/uploads\/2024\/12\/IMG20220916161902.jpg 750w\" sizes=\"(max-width: 300px) 100vw, 300px\" \/><\/a> <a href=\"https:\/\/keweicorten.com\/et\/product-category\/lokkeplats\/\"><img decoding=\"async\" class=\"alignnone wp-image-3002 size-medium\" title=\"corten bbq grill\" src=\"https:\/\/keweicorten.com\/wp-content\/uploads\/2024\/12\/IMG20220916161905-300x300.jpg\" alt=\"osta allahindlus corten bbq grill tasuta proovi -keweicorten\" width=\"300\" height=\"300\" srcset=\"https:\/\/keweicorten.com\/wp-content\/uploads\/2024\/12\/IMG20220916161905-300x300.jpg 300w, https:\/\/keweicorten.com\/wp-content\/uploads\/2024\/12\/IMG20220916161905-150x150.jpg 150w, https:\/\/keweicorten.com\/wp-content\/uploads\/2024\/12\/IMG20220916161905-12x12.jpg 12w, https:\/\/keweicorten.com\/wp-content\/uploads\/2024\/12\/IMG20220916161905-600x600.jpg 600w, https:\/\/keweicorten.com\/wp-content\/uploads\/2024\/12\/IMG20220916161905-100x100.jpg 100w, https:\/\/keweicorten.com\/wp-content\/uploads\/2024\/12\/IMG20220916161905.jpg 750w\" sizes=\"(max-width: 300px) 100vw, 300px\" \/><\/a><\/p>\n<h4>Corten terasest grillide populaarsed mudelid<\/h4>\n<ol start=\"1\" data-spread=\"true\">\n<li><strong>Iseseisvad grillid<\/strong> Need sobivad ideaalselt neile, kes soovivad mitmek\u00fclgset ja kaasaskantavat valikut. Neid on erineva kuju ja suurusega, et need sobiksid erinevatele toiduvalmistamise vajadustele.<\/li>\n<li><strong>BBQ tulekahjuplatsid<\/strong> Kombineerides grilli funktsionaalsuse ja l\u00f5kkeplatsi atmosf\u00e4\u00e4ri, sobivad need disainilahendused suurep\u00e4raselt k\u00fclaliste meelelahutuseks ja hubase atmosf\u00e4\u00e4ri loomiseks.<\/li>\n<li><strong>Sisseehitatud grillimisjaamad<\/strong> P\u00fcsivama \u00fclesehituse jaoks on suurep\u00e4raseks valikuks cortenterasest sisseehitatud grillid. Neid saab kohandada, et need sobiksid sujuvalt teie \u00f5uek\u00f6\u00f6giga.<\/li>\n<\/ol>\n<p><a href=\"https:\/\/keweicorten.com\/et\"><img loading=\"lazy\" decoding=\"async\" class=\"alignnone wp-image-2981 size-full\" title=\"corten grill\" src=\"https:\/\/keweicorten.com\/wp-content\/uploads\/2024\/12\/\u672a\u547d\u540d.jpg\" alt=\"osta allahindlust corten grill \" width=\"750\" height=\"750\" srcset=\"https:\/\/keweicorten.com\/wp-content\/uploads\/2024\/12\/\u672a\u547d\u540d.jpg 750w, https:\/\/keweicorten.com\/wp-content\/uploads\/2024\/12\/\u672a\u547d\u540d-300x300.jpg 300w, https:\/\/keweicorten.com\/wp-content\/uploads\/2024\/12\/\u672a\u547d\u540d-150x150.jpg 150w, https:\/\/keweicorten.com\/wp-content\/uploads\/2024\/12\/\u672a\u547d\u540d-12x12.jpg 12w, https:\/\/keweicorten.com\/wp-content\/uploads\/2024\/12\/\u672a\u547d\u540d-600x600.jpg 600w, https:\/\/keweicorten.com\/wp-content\/uploads\/2024\/12\/\u672a\u547d\u540d-100x100.jpg 100w\" sizes=\"(max-width: 750px) 100vw, 750px\" \/><\/a><\/p>\n<h4>Miks valida oma grilli jaoks Corten teras?<\/h4>\n<ul data-spread=\"false\">\n<li><strong>Keskkonnas\u00f5bralik:<\/strong> Corten teras on taaskasutatav, mist\u00f5ttu on see keskkonnateadlike tarbijate jaoks j\u00e4tkusuutlik valik.<\/li>\n<li><strong>Unikaalne vananemisprotsess:<\/strong> Aja jooksul paraneb terase v\u00e4limus, mis lisab teie v\u00e4lisruumile iseloomu.<\/li>\n<li><strong>Ilmastikukindlus:<\/strong> Selle v\u00f5ime taluda ekstreemseid tingimusi tagab, et see j\u00e4\u00e4b aastaringselt funktsionaalseks ja visuaalselt atraktiivseks.<\/li>\n<\/ul>\n<p><a href=\"https:\/\/keweicorten.com\/et\"><img loading=\"lazy\" decoding=\"async\" class=\"alignnone wp-image-2979 size-full\" title=\"corten terasest BBQ-grill \" src=\"https:\/\/keweicorten.com\/wp-content\/uploads\/2024\/12\/photobank-3.png\" alt=\"osta allahindlust corten terasest BBQ grill -keweicorten\" width=\"437\" height=\"195\" srcset=\"https:\/\/keweicorten.com\/wp-content\/uploads\/2024\/12\/photobank-3.png 437w, https:\/\/keweicorten.com\/wp-content\/uploads\/2024\/12\/photobank-3-300x134.png 300w, https:\/\/keweicorten.com\/wp-content\/uploads\/2024\/12\/photobank-3-18x8.png 18w\" sizes=\"(max-width: 437px) 100vw, 437px\" \/><\/a><\/p>\n<h4>N\u00e4pun\u00e4iteid Corten terasest grillide hooldamiseks<\/h4>\n<ul data-spread=\"false\">\n<li>V\u00e4ltige selle paigutamist piirkondadesse, kus on pidev niiskus, et v\u00e4ltida liigset roostetamist.<\/li>\n<li>Puhastage grillpinda regulaarselt, et eemaldada toiduj\u00e4\u00e4gid.<\/li>\n<li>Kasutage kaitsekatet, kui elate piirkondades, kus sajab palju vihma v\u00f5i lund.<\/li>\n<\/ul>","protected":false},"excerpt":{"rendered":"<p data-pm-slice=\"1 1 []\">Corten terasest grill ei t\u00e4henda ainult funktsionaalsust, vaid ka teie \u00f5ueala kaunistamist vastupidava, hooldusvaba ja visuaalselt uimastava keskse elemendi abil.<\/p>","protected":false},"featured_media":3005,"comment_status":"open","ping_status":"closed","template":"","meta":{"_eb_attr":"","_monsterinsights_skip_tracking":false,"_monsterinsights_sitenote_active":false,"_monsterinsights_sitenote_note":"","_monsterinsights_sitenote_category":0,"_uf_show_specific_survey":0,"_uf_disable_surveys":false},"product_brand":[],"product_cat":[63],"product_tag":[],"class_list":{"0":"post-2999","1":"product","2":"type-product","3":"status-publish","4":"has-post-thumbnail","6":"product_cat-steel-bbq-grill","8":"first","9":"instock","10":"shipping-taxable","11":"product-type-simple"},"_links":{"self":[{"href":"https:\/\/keweicorten.com\/et\/wp-json\/wp\/v2\/product\/2999"}],"collection":[{"href":"https:\/\/keweicorten.com\/et\/wp-json\/wp\/v2\/product"}],"about":[{"href":"https:\/\/keweicorten.com\/et\/wp-json\/wp\/v2\/types\/product"}],"replies":[{"embeddable":true,"href":"https:\/\/keweicorten.com\/et\/wp-json\/wp\/v2\/comments?post=2999"}],"version-history":[{"count":1,"href":"https:\/\/keweicorten.com\/et\/wp-json\/wp\/v2\/product\/2999\/revisions"}],"predecessor-version":[{"id":3007,"href":"https:\/\/keweicorten.com\/et\/wp-json\/wp\/v2\/product\/2999\/revisions\/3007"}],"wp:featuredmedia":[{"embeddable":true,"href":"https:\/\/keweicorten.com\/et\/wp-json\/wp\/v2\/media\/3005"}],"wp:attachment":[{"href":"https:\/\/keweicorten.com\/et\/wp-json\/wp\/v2\/media?parent=2999"}],"wp:term":[{"taxonomy":"product_brand","embeddable":true,"href":"https:\/\/keweicorten.com\/et\/wp-json\/wp\/v2\/product_brand?post=2999"},{"taxonomy":"product_cat","embeddable":true,"href":"https:\/\/keweicorten.com\/et\/wp-json\/wp\/v2\/product_cat?post=2999"},{"taxonomy":"product_tag","embeddable":true,"href":"https:\/\/keweicorten.com\/et\/wp-json\/wp\/v2\/product_tag?post=2999"}],"curies":[{"name":"wp","href":"https:\/\/api.w.org\/{rel}","templated":true}]}}