{"id":3008,"date":"2024-12-25T07:15:21","date_gmt":"2024-12-25T07:15:21","guid":{"rendered":"https:\/\/keweicorten.com\/?post_type=product&#038;p=3008"},"modified":"2025-01-15T06:12:33","modified_gmt":"2025-01-15T06:12:33","slug":"grill-corten","status":"publish","type":"product","link":"https:\/\/keweicorten.com\/et\/grill-corten\/","title":{"rendered":"grill corten"},"content":{"rendered":"<h2>Corten terasest v\u00f5rede omadused:<\/h2>\n<ol>\n<li><strong>Vastupidavus<\/strong>: Vastupidavad ilmastiku- ja k\u00f5rgetele temperatuuridele, mist\u00f5ttu on need ideaalsed v\u00e4litingimustes kasutamiseks.<\/li>\n<li><strong>Esteetiline atraktiivsus<\/strong>: Roostesarnane viimistlus sobib h\u00e4sti looduslike ja kaasaegsete aiakujundustega.<\/li>\n<li><strong>Madal hooldus<\/strong>: Kaitsekiht v\u00e4hendab v\u00e4rvimise v\u00f5i tihendamise vajadust.<\/li>\n<li><strong>Mitmek\u00fclgsus<\/strong>: Paljud kortenterterasest grillid toimivad ka l\u00f5kkeplatsina, \u00fchendades toiduvalmistamise ja meeleolu.<\/li>\n<\/ol>\n<div style=\"width: 800px;\" class=\"wp-video\"><!--[if lt IE 9]><script>document.createElement('video');<\/script><![endif]-->\n<video class=\"wp-video-shortcode\" id=\"video-3008-1\" width=\"800\" height=\"450\" preload=\"metadata\" controls=\"controls\"><source type=\"video\/mp4\" src=\"https:\/\/keweicorten.com\/wp-content\/uploads\/2024\/12\/3.mp4?_=1\" \/><a href=\"https:\/\/keweicorten.com\/wp-content\/uploads\/2024\/12\/3.mp4\">https:\/\/keweicorten.com\/wp-content\/uploads\/2024\/12\/3.mp4<\/a><\/video><\/div>\n<h3>Corten terasrestide t\u00fc\u00fcbid:<\/h3>\n<ul>\n<li><strong>Grilli tulekahju kausid<\/strong>: \u00dcmmargused kujundused, millel on lame \u00e4\u00e4r keetmiseks.<\/li>\n<li><strong>BBQ suitsutajad<\/strong>: Suletud grillid liha aeglaseks k\u00fcpsetamiseks ja suitsutamiseks.<\/li>\n<li><strong>Iseseisvad grillid<\/strong>: Klassikalised grillistiilis grillid reguleeritavate restidega.<\/li>\n<li><strong>Multifunktsionaalsed seadmed<\/strong>: Grillid, mis on integreeritud puiduhoidla v\u00f5i t\u00e4iendavate toiduvalmistamispindadega.<\/li>\n<\/ul>\n<p><a href=\"https:\/\/keweicorten.com\/et\/products\/\"><img fetchpriority=\"high\" decoding=\"async\" class=\"alignnone wp-image-3010 size-medium\" title=\"parim bbq grill\" src=\"https:\/\/keweicorten.com\/wp-content\/uploads\/2024\/12\/\u5fae\u4fe1\u56fe\u7247_20240611173535-300x300.png\" alt=\"parim bbq grill stock-keweicortenis\" width=\"300\" height=\"300\" srcset=\"https:\/\/keweicorten.com\/wp-content\/uploads\/2024\/12\/\u5fae\u4fe1\u56fe\u7247_20240611173535-300x300.png 300w, https:\/\/keweicorten.com\/wp-content\/uploads\/2024\/12\/\u5fae\u4fe1\u56fe\u7247_20240611173535-150x150.png 150w, https:\/\/keweicorten.com\/wp-content\/uploads\/2024\/12\/\u5fae\u4fe1\u56fe\u7247_20240611173535-12x12.png 12w, https:\/\/keweicorten.com\/wp-content\/uploads\/2024\/12\/\u5fae\u4fe1\u56fe\u7247_20240611173535-600x600.png 600w, https:\/\/keweicorten.com\/wp-content\/uploads\/2024\/12\/\u5fae\u4fe1\u56fe\u7247_20240611173535-100x100.png 100w, https:\/\/keweicorten.com\/wp-content\/uploads\/2024\/12\/\u5fae\u4fe1\u56fe\u7247_20240611173535.png 736w\" sizes=\"(max-width: 300px) 100vw, 300px\" \/><\/a> <a href=\"https:\/\/keweicorten.com\/et\"><img decoding=\"async\" class=\"alignnone wp-image-3009\" title=\"v\u00e4litingimustes grill\" src=\"https:\/\/keweicorten.com\/wp-content\/uploads\/2024\/12\/\u5fae\u4fe1\u56fe\u7247_20230627150317-300x225.jpg\" alt=\"osta v\u00e4ljas bbq grill laos-keweicorten\" width=\"396\" height=\"297\" srcset=\"https:\/\/keweicorten.com\/wp-content\/uploads\/2024\/12\/\u5fae\u4fe1\u56fe\u7247_20230627150317-300x225.jpg 300w, https:\/\/keweicorten.com\/wp-content\/uploads\/2024\/12\/\u5fae\u4fe1\u56fe\u7247_20230627150317-1024x768.jpg 1024w, https:\/\/keweicorten.com\/wp-content\/uploads\/2024\/12\/\u5fae\u4fe1\u56fe\u7247_20230627150317-768x576.jpg 768w, https:\/\/keweicorten.com\/wp-content\/uploads\/2024\/12\/\u5fae\u4fe1\u56fe\u7247_20230627150317-1536x1152.jpg 1536w, https:\/\/keweicorten.com\/wp-content\/uploads\/2024\/12\/\u5fae\u4fe1\u56fe\u7247_20230627150317-2048x1536.jpg 2048w, https:\/\/keweicorten.com\/wp-content\/uploads\/2024\/12\/\u5fae\u4fe1\u56fe\u7247_20230627150317-16x12.jpg 16w, https:\/\/keweicorten.com\/wp-content\/uploads\/2024\/12\/\u5fae\u4fe1\u56fe\u7247_20230627150317-600x450.jpg 600w\" sizes=\"(max-width: 396px) 100vw, 396px\" \/><\/a> <a href=\"https:\/\/keweicorten.com\/et\/product-category\/lokkeplats\/\"><img decoding=\"async\" class=\"alignnone wp-image-3012 size-medium\" title=\"v\u00e4litingimustes grill \" src=\"https:\/\/keweicorten.com\/wp-content\/uploads\/2024\/12\/IMG20220630193533-300x300.jpg\" alt=\"osta v\u00e4ljas bbq grill laos-keweicorten\" width=\"300\" height=\"300\" srcset=\"https:\/\/keweicorten.com\/wp-content\/uploads\/2024\/12\/IMG20220630193533-300x300.jpg 300w, https:\/\/keweicorten.com\/wp-content\/uploads\/2024\/12\/IMG20220630193533-1024x1024.jpg 1024w, https:\/\/keweicorten.com\/wp-content\/uploads\/2024\/12\/IMG20220630193533-150x150.jpg 150w, https:\/\/keweicorten.com\/wp-content\/uploads\/2024\/12\/IMG20220630193533-768x768.jpg 768w, https:\/\/keweicorten.com\/wp-content\/uploads\/2024\/12\/IMG20220630193533-1536x1536.jpg 1536w, https:\/\/keweicorten.com\/wp-content\/uploads\/2024\/12\/IMG20220630193533-2048x2048.jpg 2048w, https:\/\/keweicorten.com\/wp-content\/uploads\/2024\/12\/IMG20220630193533-12x12.jpg 12w, https:\/\/keweicorten.com\/wp-content\/uploads\/2024\/12\/IMG20220630193533-600x600.jpg 600w, https:\/\/keweicorten.com\/wp-content\/uploads\/2024\/12\/IMG20220630193533-100x100.jpg 100w\" sizes=\"(max-width: 300px) 100vw, 300px\" \/><\/a> <a href=\"https:\/\/keweicorten.com\/et\/products\/\"><img loading=\"lazy\" decoding=\"async\" class=\"alignnone wp-image-3013 size-medium\" title=\"s\u00f6egrillid \" src=\"https:\/\/keweicorten.com\/wp-content\/uploads\/2024\/12\/IMG20220630193536-300x300.jpg\" alt=\"s\u00f6e grillid Factory, Hiina, hind, tootjad, tarnijad, kohandatud, hulgim\u00fc\u00fck, odav, m\u00fc\u00fcgiks, laos.-keweicorten\" width=\"300\" height=\"300\" srcset=\"https:\/\/keweicorten.com\/wp-content\/uploads\/2024\/12\/IMG20220630193536-300x300.jpg 300w, https:\/\/keweicorten.com\/wp-content\/uploads\/2024\/12\/IMG20220630193536-1024x1024.jpg 1024w, https:\/\/keweicorten.com\/wp-content\/uploads\/2024\/12\/IMG20220630193536-150x150.jpg 150w, https:\/\/keweicorten.com\/wp-content\/uploads\/2024\/12\/IMG20220630193536-768x768.jpg 768w, https:\/\/keweicorten.com\/wp-content\/uploads\/2024\/12\/IMG20220630193536-1536x1536.jpg 1536w, https:\/\/keweicorten.com\/wp-content\/uploads\/2024\/12\/IMG20220630193536-2048x2048.jpg 2048w, https:\/\/keweicorten.com\/wp-content\/uploads\/2024\/12\/IMG20220630193536-12x12.jpg 12w, https:\/\/keweicorten.com\/wp-content\/uploads\/2024\/12\/IMG20220630193536-600x600.jpg 600w, https:\/\/keweicorten.com\/wp-content\/uploads\/2024\/12\/IMG20220630193536-100x100.jpg 100w\" sizes=\"(max-width: 300px) 100vw, 300px\" \/><\/a><\/p>\n<p><img loading=\"lazy\" decoding=\"async\" class=\"alignnone size-medium wp-image-2506\" src=\"https:\/\/keweicorten.com\/wp-content\/uploads\/2024\/11\/BBQ19-300x300.jpg\" alt=\"\" width=\"300\" height=\"300\" srcset=\"https:\/\/keweicorten.com\/wp-content\/uploads\/2024\/11\/BBQ19-300x300.jpg 300w, https:\/\/keweicorten.com\/wp-content\/uploads\/2024\/11\/BBQ19-150x150.jpg 150w, https:\/\/keweicorten.com\/wp-content\/uploads\/2024\/11\/BBQ19-12x12.jpg 12w, https:\/\/keweicorten.com\/wp-content\/uploads\/2024\/11\/BBQ19-600x600.jpg 600w, https:\/\/keweicorten.com\/wp-content\/uploads\/2024\/11\/BBQ19-100x100.jpg 100w, https:\/\/keweicorten.com\/wp-content\/uploads\/2024\/11\/BBQ19.jpg 750w\" sizes=\"(max-width: 300px) 100vw, 300px\" \/> <img loading=\"lazy\" decoding=\"async\" class=\"alignnone size-medium wp-image-1733\" src=\"https:\/\/keweicorten.com\/wp-content\/uploads\/2024\/10\/BBQ73-300x300.jpg\" alt=\"\" width=\"300\" height=\"300\" srcset=\"https:\/\/keweicorten.com\/wp-content\/uploads\/2024\/10\/BBQ73-300x300.jpg 300w, https:\/\/keweicorten.com\/wp-content\/uploads\/2024\/10\/BBQ73-150x150.jpg 150w, https:\/\/keweicorten.com\/wp-content\/uploads\/2024\/10\/BBQ73-12x12.jpg 12w, https:\/\/keweicorten.com\/wp-content\/uploads\/2024\/10\/BBQ73-600x600.jpg 600w, https:\/\/keweicorten.com\/wp-content\/uploads\/2024\/10\/BBQ73-100x100.jpg 100w, https:\/\/keweicorten.com\/wp-content\/uploads\/2024\/10\/BBQ73.jpg 750w\" sizes=\"(max-width: 300px) 100vw, 300px\" \/><\/p>","protected":false},"excerpt":{"rendered":"<p>Corten terasest grillid on populaarne valik v\u00e4litingimustes toiduvalmistamiseks t\u00e4nu nende vastupidavusele, ilmastikukindlusele ja stiilsele roostesarnasele v\u00e4ljan\u00e4gemisele. Need grillid on tavaliselt valmistatud cortenterasest, millel tekib aja jooksul kaitsev oksiidikiht, mis takistab edasist korrosiooni ja annab neile ainulaadse, loomuliku patina.<\/p>","protected":false},"featured_media":3012,"comment_status":"open","ping_status":"closed","template":"","meta":{"_eb_attr":"","_monsterinsights_skip_tracking":false,"_monsterinsights_sitenote_active":false,"_monsterinsights_sitenote_note":"","_monsterinsights_sitenote_category":0,"_uf_show_specific_survey":0,"_uf_disable_surveys":false},"product_brand":[],"product_cat":[63],"product_tag":[],"class_list":{"0":"post-3008","1":"product","2":"type-product","3":"status-publish","4":"has-post-thumbnail","6":"product_cat-steel-bbq-grill","8":"first","9":"instock","10":"shipping-taxable","11":"product-type-simple"},"_links":{"self":[{"href":"https:\/\/keweicorten.com\/et\/wp-json\/wp\/v2\/product\/3008"}],"collection":[{"href":"https:\/\/keweicorten.com\/et\/wp-json\/wp\/v2\/product"}],"about":[{"href":"https:\/\/keweicorten.com\/et\/wp-json\/wp\/v2\/types\/product"}],"replies":[{"embeddable":true,"href":"https:\/\/keweicorten.com\/et\/wp-json\/wp\/v2\/comments?post=3008"}],"version-history":[{"count":2,"href":"https:\/\/keweicorten.com\/et\/wp-json\/wp\/v2\/product\/3008\/revisions"}],"predecessor-version":[{"id":3015,"href":"https:\/\/keweicorten.com\/et\/wp-json\/wp\/v2\/product\/3008\/revisions\/3015"}],"wp:featuredmedia":[{"embeddable":true,"href":"https:\/\/keweicorten.com\/et\/wp-json\/wp\/v2\/media\/3012"}],"wp:attachment":[{"href":"https:\/\/keweicorten.com\/et\/wp-json\/wp\/v2\/media?parent=3008"}],"wp:term":[{"taxonomy":"product_brand","embeddable":true,"href":"https:\/\/keweicorten.com\/et\/wp-json\/wp\/v2\/product_brand?post=3008"},{"taxonomy":"product_cat","embeddable":true,"href":"https:\/\/keweicorten.com\/et\/wp-json\/wp\/v2\/product_cat?post=3008"},{"taxonomy":"product_tag","embeddable":true,"href":"https:\/\/keweicorten.com\/et\/wp-json\/wp\/v2\/product_tag?post=3008"}],"curies":[{"name":"wp","href":"https:\/\/api.w.org\/{rel}","templated":true}]}}