{"id":3057,"date":"2024-12-30T07:11:54","date_gmt":"2024-12-30T07:11:54","guid":{"rendered":"https:\/\/keweicorten.com\/?post_type=product&#038;p=3057"},"modified":"2025-01-15T06:08:48","modified_gmt":"2025-01-15T06:08:48","slug":"pollarite-maastikuvalgustus","status":"publish","type":"product","link":"https:\/\/keweicorten.com\/et\/pollarite-maastikuvalgustus\/","title":{"rendered":"pollarite maastikuvalgustus"},"content":{"rendered":"<p><a href=\"https:\/\/keweicorten.com\/et\/product\/paikesepaneelide-aiatuled-dekoratiivsed\/\">Pollarite maastikuvalgustus<\/a> on suurep\u00e4rane v\u00f5imalus parandada v\u00e4lisruumide esteetilisust ja funktsionaalsust. Need valgustid pakuvad madalat, \u00fcmbritsevat valgustust, mis toob esile teed, aiad ja sisses\u00f5iduteed, lisades samal ajal maastikukujundusele kaasaegse n\u00fcansi.<\/p>\n<p><img fetchpriority=\"high\" decoding=\"async\" class=\"alignnone  wp-image-3063\" src=\"https:\/\/keweicorten.com\/wp-content\/uploads\/2024\/12\/H0f063b61be3a421db180f62d434bd931U.jpg_960x960-300x300.webp\" alt=\"\" width=\"315\" height=\"315\" srcset=\"https:\/\/keweicorten.com\/wp-content\/uploads\/2024\/12\/H0f063b61be3a421db180f62d434bd931U.jpg_960x960-300x300.webp 300w, https:\/\/keweicorten.com\/wp-content\/uploads\/2024\/12\/H0f063b61be3a421db180f62d434bd931U.jpg_960x960-150x150.webp 150w, https:\/\/keweicorten.com\/wp-content\/uploads\/2024\/12\/H0f063b61be3a421db180f62d434bd931U.jpg_960x960-768x768.webp 768w, https:\/\/keweicorten.com\/wp-content\/uploads\/2024\/12\/H0f063b61be3a421db180f62d434bd931U.jpg_960x960-12x12.webp 12w, https:\/\/keweicorten.com\/wp-content\/uploads\/2024\/12\/H0f063b61be3a421db180f62d434bd931U.jpg_960x960-600x600.webp 600w, https:\/\/keweicorten.com\/wp-content\/uploads\/2024\/12\/H0f063b61be3a421db180f62d434bd931U.jpg_960x960-100x100.webp 100w, https:\/\/keweicorten.com\/wp-content\/uploads\/2024\/12\/H0f063b61be3a421db180f62d434bd931U.jpg_960x960.webp 960w\" sizes=\"(max-width: 315px) 100vw, 315px\" \/> <img decoding=\"async\" class=\"alignnone  wp-image-3064\" src=\"https:\/\/keweicorten.com\/wp-content\/uploads\/2024\/12\/Camping-Lantern-LED-Light-1-293x300.webp\" alt=\"\" width=\"307\" height=\"314\" srcset=\"https:\/\/keweicorten.com\/wp-content\/uploads\/2024\/12\/Camping-Lantern-LED-Light-1-293x300.webp 293w, https:\/\/keweicorten.com\/wp-content\/uploads\/2024\/12\/Camping-Lantern-LED-Light-1-768x785.webp 768w, https:\/\/keweicorten.com\/wp-content\/uploads\/2024\/12\/Camping-Lantern-LED-Light-1-12x12.webp 12w, https:\/\/keweicorten.com\/wp-content\/uploads\/2024\/12\/Camping-Lantern-LED-Light-1-600x614.webp 600w, https:\/\/keweicorten.com\/wp-content\/uploads\/2024\/12\/Camping-Lantern-LED-Light-1.webp 790w\" sizes=\"(max-width: 307px) 100vw, 307px\" \/><\/p>\n<p><a href=\"https:\/\/keweicorten.com\/et\"><img decoding=\"async\" class=\"alignnone wp-image-3066 size-full\" title=\"v\u00e4litingimustes kasutatavad pollarid\" src=\"https:\/\/keweicorten.com\/wp-content\/uploads\/2024\/12\/Decoration-Metal-Hanging-Lantern-Light-6.jpg\" alt=\"Hiina, hind, tootjad, tarnijad, kohandatud, hulgim\u00fc\u00fck, odav, m\u00fc\u00fcgiks, laos.\" width=\"500\" height=\"500\" srcset=\"https:\/\/keweicorten.com\/wp-content\/uploads\/2024\/12\/Decoration-Metal-Hanging-Lantern-Light-6.jpg 500w, https:\/\/keweicorten.com\/wp-content\/uploads\/2024\/12\/Decoration-Metal-Hanging-Lantern-Light-6-300x300.jpg 300w, https:\/\/keweicorten.com\/wp-content\/uploads\/2024\/12\/Decoration-Metal-Hanging-Lantern-Light-6-150x150.jpg 150w, https:\/\/keweicorten.com\/wp-content\/uploads\/2024\/12\/Decoration-Metal-Hanging-Lantern-Light-6-12x12.jpg 12w, https:\/\/keweicorten.com\/wp-content\/uploads\/2024\/12\/Decoration-Metal-Hanging-Lantern-Light-6-100x100.jpg 100w\" sizes=\"(max-width: 500px) 100vw, 500px\" \/><\/a><\/p>\n<h3><strong>Peamised omadused <a href=\"https:\/\/keweicorten.com\/et\/product\/paikeseenergia-tuled-tagahoovis\/\">Pollarite maastikuvalgustus<\/a>\uff1a<\/strong><\/h3>\n<ol>\n<li><strong>Suunatud valgustus<\/strong>\n<ul>\n<li>M\u00f5ned konstruktsioonid v\u00f5imaldavad reguleeritavaid valgusvihke, et suunata valgust sinna, kuhu vaja.<\/li>\n<\/ul>\n<\/li>\n<li><strong>Hajutatud v\u00f5i fokuseeritud valgustus<\/strong>\n<ul>\n<li>Pehme ja \u00fchtlane valgustus on tagatud mattl\u00e4\u00e4tsedega, samas kui l\u00e4bipaistvad l\u00e4\u00e4tsed fokuseerivad valguse konkreetsetele piirkondadele.<\/li>\n<\/ul>\n<\/li>\n<li><strong>Materjalide valikud<\/strong>\n<ul>\n<li><strong>Corten terasest:<\/strong> Tekitab loomuliku roostesarnase patina, mis sobib ideaalselt maastike v\u00f5i moodsate maastike jaoks.<\/li>\n<li><strong>Roostevaba teras:<\/strong> Stiilne, vastupidav ja korrosioonikindel.<\/li>\n<li><strong>Pulbriga kaetud alumiinium:<\/strong> Kerge ja saadaval erinevates v\u00e4rvides.<\/li>\n<\/ul>\n<\/li>\n<li><strong>Valgustustehnoloogia<\/strong>\n<ul>\n<li>LED: Energiat\u00f5hus ja kauakestev.<\/li>\n<li>Solar: Isemajandav, keskkonnas\u00f5bralik ja ei vaja juhtmestikku.<\/li>\n<li>Madalpinge: Ohutu ja t\u00f5hus juhtmega s\u00fcsteemide puhul.<\/li>\n<\/ul>\n<\/li>\n<li><strong>Disainid ja stiilid<\/strong>\n<ul>\n<li>Kaasaegsed geomeetrilised kujundid, traditsioonilised laternat\u00fc\u00fcpi pollarid v\u00f5i dekoratiivsed v\u00e4ljal\u00f5igatud kujundid.<\/li>\n<\/ul>\n<\/li>\n<li><strong>K\u00f5rguse varieerumine<\/strong>\n<ul>\n<li>L\u00fchikesed pollarid (12-24 tolli): ideaalsed aedade v\u00f5i madalate akendevalgustuste jaoks.<\/li>\n<li>K\u00f5rged pollarid (24-48 tolli): Paremad teede ja suuremate alade valgustamiseks.<\/li>\n<\/ul>\n<\/li>\n<\/ol>\n<p><a href=\"https:\/\/keweicorten.com\/et\"><img loading=\"lazy\" decoding=\"async\" class=\"alignnone wp-image-3061 size-full\" title=\"kaasaegsed pollarituled\" src=\"https:\/\/keweicorten.com\/wp-content\/uploads\/2024\/12\/Decoration-Metal-Hanging-Lantern-Light-5.jpg\" alt=\"kaasaegsed pollarivalgustid Factory, Hiina, hind, tootjad, tarnijad, kohandatud, hulgim\u00fc\u00fck, odav, m\u00fc\u00fcgiks, laos.-keweicorten\" width=\"500\" height=\"482\" srcset=\"https:\/\/keweicorten.com\/wp-content\/uploads\/2024\/12\/Decoration-Metal-Hanging-Lantern-Light-5.jpg 500w, https:\/\/keweicorten.com\/wp-content\/uploads\/2024\/12\/Decoration-Metal-Hanging-Lantern-Light-5-300x289.jpg 300w, https:\/\/keweicorten.com\/wp-content\/uploads\/2024\/12\/Decoration-Metal-Hanging-Lantern-Light-5-12x12.jpg 12w\" sizes=\"(max-width: 500px) 100vw, 500px\" \/><\/a><\/p>\n<hr \/>\n<h3><strong>Kasu <a href=\"https:\/\/keweicorten.com\/et\/product\/viinud-pollarituled-valjas\/\">Pollarite valgustus maastikukujunduses<\/a>\uff1a<\/strong><\/h3>\n<ol>\n<li><strong>T\u00f5hustatud ohutus<\/strong>\n<ul>\n<li>Valgustab teed, v\u00e4hendades komistamisohtu ja tagades n\u00e4htavuse.<\/li>\n<\/ul>\n<\/li>\n<li><strong>Parem esteetika<\/strong>\n<ul>\n<li>T\u00f5stab esile selliseid p\u00f5hijooni nagu aiapeenrad, puud v\u00f5i skulptuurid.<\/li>\n<\/ul>\n<\/li>\n<li><strong>Energiat\u00f5husus<\/strong>\n<ul>\n<li>LED- ja p\u00e4ikeseenergiavalikud v\u00e4hendavad elektrienergia kasutamist ja hooldust.<\/li>\n<\/ul>\n<\/li>\n<li><strong>Madal hooldus<\/strong>\n<ul>\n<li>Ilmastikukindlad materjalid ja t\u00e4iustatud valgustustehnoloogia n\u00f5uavad minimaalset hooldust.<\/li>\n<\/ul>\n<\/li>\n<\/ol>\n<p><a href=\"https:\/\/keweicorten.com\/et\"><img loading=\"lazy\" decoding=\"async\" class=\"alignnone wp-image-3058 size-full\" title=\"v\u00e4litingimustes kasutatavad pollarid\" src=\"https:\/\/keweicorten.com\/wp-content\/uploads\/2024\/12\/Courtyard-Antique-Hanging-Metal-Lantern-1.jpg\" alt=\"v\u00e4ljas pollarid Factory, Hiina, hind, tootjad, tarnijad, kohandatud, hulgim\u00fc\u00fck, odav, m\u00fc\u00fcgiks, laos.-keweicorten\" width=\"498\" height=\"500\" srcset=\"https:\/\/keweicorten.com\/wp-content\/uploads\/2024\/12\/Courtyard-Antique-Hanging-Metal-Lantern-1.jpg 498w, https:\/\/keweicorten.com\/wp-content\/uploads\/2024\/12\/Courtyard-Antique-Hanging-Metal-Lantern-1-300x300.jpg 300w, https:\/\/keweicorten.com\/wp-content\/uploads\/2024\/12\/Courtyard-Antique-Hanging-Metal-Lantern-1-150x150.jpg 150w, https:\/\/keweicorten.com\/wp-content\/uploads\/2024\/12\/Courtyard-Antique-Hanging-Metal-Lantern-1-12x12.jpg 12w, https:\/\/keweicorten.com\/wp-content\/uploads\/2024\/12\/Courtyard-Antique-Hanging-Metal-Lantern-1-100x100.jpg 100w\" sizes=\"(max-width: 498px) 100vw, 498px\" \/><\/a><\/p>\n<hr \/>\n<h3><strong>Rakendused <a href=\"https:\/\/keweicorten.com\/et\/product\/corten-lamp\/\">Pollarivalgustus<\/a>\uff1a<\/strong><\/h3>\n<ol>\n<li><strong>Teed ja k\u00f5nniteed<\/strong>\n<ul>\n<li>Juhtige jalak\u00e4ijaid \u00fchtlaselt paigutatud pollaritega, et tagada \u00fchtlane s\u00e4ra.<\/li>\n<\/ul>\n<\/li>\n<li><strong>Driveways<\/strong>\n<ul>\n<li>M\u00e4rgistage servad s\u00f5iduki ohutuks navigeerimiseks.<\/li>\n<\/ul>\n<\/li>\n<li><strong>Aedade ja haljastuse omadused<\/strong>\n<ul>\n<li>R\u00f5hutage lillepeenraid, p\u00f5\u00f5said v\u00f5i veeelemendid.<\/li>\n<\/ul>\n<\/li>\n<li><strong>Kommertsruumid<\/strong>\n<ul>\n<li>Sobib ideaalselt kuurortidesse, parkidesse v\u00f5i avalikele k\u00f5nniteedele.<\/li>\n<\/ul>\n<\/li>\n<\/ol>","protected":false},"excerpt":{"rendered":"<p>Bollard Landscape Lighting pakub moodsaid ja elegantseid v\u00e4lisvalgustuse lahendusi radadele, aedadele ja sisses\u00f5iduteedele, mis \u00fchendavad endas funktsionaalsuse ja ilu, et suurendada ohutust ja \u00f6ist maastikukujundust.<\/p>","protected":false},"featured_media":3058,"comment_status":"open","ping_status":"closed","template":"","meta":{"_eb_attr":"","_monsterinsights_skip_tracking":false,"_monsterinsights_sitenote_active":false,"_monsterinsights_sitenote_note":"","_monsterinsights_sitenote_category":0,"_uf_show_specific_survey":0,"_uf_disable_surveys":false},"product_brand":[],"product_cat":[61],"product_tag":[],"class_list":{"0":"post-3057","1":"product","2":"type-product","3":"status-publish","4":"has-post-thumbnail","6":"product_cat-light-post","8":"first","9":"instock","10":"shipping-taxable","11":"product-type-simple"},"_links":{"self":[{"href":"https:\/\/keweicorten.com\/et\/wp-json\/wp\/v2\/product\/3057"}],"collection":[{"href":"https:\/\/keweicorten.com\/et\/wp-json\/wp\/v2\/product"}],"about":[{"href":"https:\/\/keweicorten.com\/et\/wp-json\/wp\/v2\/types\/product"}],"replies":[{"embeddable":true,"href":"https:\/\/keweicorten.com\/et\/wp-json\/wp\/v2\/comments?post=3057"}],"version-history":[{"count":1,"href":"https:\/\/keweicorten.com\/et\/wp-json\/wp\/v2\/product\/3057\/revisions"}],"predecessor-version":[{"id":3067,"href":"https:\/\/keweicorten.com\/et\/wp-json\/wp\/v2\/product\/3057\/revisions\/3067"}],"wp:featuredmedia":[{"embeddable":true,"href":"https:\/\/keweicorten.com\/et\/wp-json\/wp\/v2\/media\/3058"}],"wp:attachment":[{"href":"https:\/\/keweicorten.com\/et\/wp-json\/wp\/v2\/media?parent=3057"}],"wp:term":[{"taxonomy":"product_brand","embeddable":true,"href":"https:\/\/keweicorten.com\/et\/wp-json\/wp\/v2\/product_brand?post=3057"},{"taxonomy":"product_cat","embeddable":true,"href":"https:\/\/keweicorten.com\/et\/wp-json\/wp\/v2\/product_cat?post=3057"},{"taxonomy":"product_tag","embeddable":true,"href":"https:\/\/keweicorten.com\/et\/wp-json\/wp\/v2\/product_tag?post=3057"}],"curies":[{"name":"wp","href":"https:\/\/api.w.org\/{rel}","templated":true}]}}