{"id":3093,"date":"2025-01-07T07:43:43","date_gmt":"2025-01-07T07:43:43","guid":{"rendered":"https:\/\/keweicorten.com\/?post_type=product&#038;p=3093"},"modified":"2025-01-15T06:08:30","modified_gmt":"2025-01-15T06:08:30","slug":"h-pruun-maastiku-serva-panipaik","status":"publish","type":"product","link":"https:\/\/keweicorten.com\/et\/h-pruun-maastiku-serva-panipaik\/","title":{"rendered":"H pruun maastiku serva panipaik"},"content":{"rendered":"<p>The <strong>H pruun maastiku serva panipaik<\/strong> kasutatakse tavaliselt maastiku servade kinnitamiseks ja stabiliseerimiseks. Need vaiad on tavaliselt valmistatud vastupidavast materjalist, n\u00e4iteks terasest, mis on m\u00f5eldud pikaajaliseks v\u00e4litingimustes kasutamiseks.<\/p>\n<h3>Omadused<\/h3>\n<ol>\n<li><strong>Materjal<\/strong>: Tavaliselt valmistatud terasest, millel on ilmastikukindel pruun kate, et v\u00e4ltida roostet ja sulanduda maastikuga.<\/li>\n<li><strong>Disain<\/strong>: Koonilised otsad, mis v\u00f5imaldavad h\u00f5lpsasti maapinnale asetada.<\/li>\n<li><strong>\u00dchilduvus<\/strong>: Sobib enamiku maastikukattematerjalide, n\u00e4iteks plastik-, metalli- v\u00f5i komposiitmaterjalidega.<\/li>\n<li><strong>Vastupidavus<\/strong>: Piisavalt tugev, et hoida serva kindlalt, isegi aladel, kus on suur jalgsiliiklus v\u00f5i muru hooldamine.<\/li>\n<\/ol>\n<p><a href=\"https:\/\/keweicorten.com\/et\"><img fetchpriority=\"high\" decoding=\"async\" class=\"alignnone\" title=\"Corten Stakes maastiku servamine\" src=\"https:\/\/i.pinimg.com\/736x\/3b\/73\/b8\/3b73b8534444f9329565e210aaff22f0.jpg\" alt=\"Corten Stakes Landscape Edging Factory, Hiina, hind, tootjad, tarnijad, kohandatud, hulgim\u00fc\u00fck, odav, m\u00fc\u00fcgiks, laos.-keweicorten\" width=\"736\" height=\"736\" \/><\/a><\/p>\n<h3>Eelised<\/h3>\n<ul>\n<li><strong>Stabiilsus<\/strong>: V\u00e4ltib maastiku serva nihkumist v\u00f5i paindumist aja jooksul.<\/li>\n<li><strong>Esteetiline<\/strong>: Pruun kate sobib h\u00e4sti mulla, mul\u0161i v\u00f5i kruusaga.<\/li>\n<li><strong>Paigaldamise lihtsus<\/strong>: Teravad otsad ja tugev konstruktsioon muudavad paigaldamise kiireks ja t\u00f5husaks.<\/li>\n<\/ul>\n<h3>Rakendused<\/h3>\n<ul>\n<li>Teede v\u00f5i aiapeenarde piirid.<\/li>\n<li>S\u00e4ilitusmuld, kruus v\u00f5i muld.<\/li>\n<li>Puude v\u00f5i lillepeenarde \u00e4\u00e4ristamine.<\/li>\n<\/ul>\n<p><a href=\"https:\/\/keweicorten.com\/et\"><img decoding=\"async\" class=\"alignnone\" title=\"Corten Stakes maastiku servamine\" src=\"https:\/\/i.pinimg.com\/736x\/f1\/70\/ce\/f170cee0c26b90209595bb9fe110bbe3.jpg\" alt=\"Corten Stakes Landscape Edging Factory, Hiina, hind, tootjad, tarnijad, kohandatud, hulgim\u00fc\u00fck, odav, m\u00fc\u00fcgiks, laos.-keweicorten\" width=\"736\" height=\"736\" \/><\/a><\/p>","protected":false},"excerpt":{"rendered":"<p>Vastupidavad pruunid maastikupiirde naelad piirete kinnitamiseks ja maastiku puhtana ja ilusana hoidmiseks, sobivad mitmesuguste \u00f5ue- ja aiaprojektide jaoks.<\/p>","protected":false},"featured_media":3094,"comment_status":"open","ping_status":"closed","template":"","meta":{"_eb_attr":"","_monsterinsights_skip_tracking":false,"_monsterinsights_sitenote_active":false,"_monsterinsights_sitenote_note":"","_monsterinsights_sitenote_category":0,"_uf_show_specific_survey":0,"_uf_disable_surveys":false},"product_brand":[],"product_cat":[58],"product_tag":[],"class_list":{"0":"post-3093","1":"product","2":"type-product","3":"status-publish","4":"has-post-thumbnail","6":"product_cat-garden-edging","8":"first","9":"instock","10":"shipping-taxable","11":"product-type-simple"},"_links":{"self":[{"href":"https:\/\/keweicorten.com\/et\/wp-json\/wp\/v2\/product\/3093"}],"collection":[{"href":"https:\/\/keweicorten.com\/et\/wp-json\/wp\/v2\/product"}],"about":[{"href":"https:\/\/keweicorten.com\/et\/wp-json\/wp\/v2\/types\/product"}],"replies":[{"embeddable":true,"href":"https:\/\/keweicorten.com\/et\/wp-json\/wp\/v2\/comments?post=3093"}],"version-history":[{"count":1,"href":"https:\/\/keweicorten.com\/et\/wp-json\/wp\/v2\/product\/3093\/revisions"}],"predecessor-version":[{"id":3095,"href":"https:\/\/keweicorten.com\/et\/wp-json\/wp\/v2\/product\/3093\/revisions\/3095"}],"wp:featuredmedia":[{"embeddable":true,"href":"https:\/\/keweicorten.com\/et\/wp-json\/wp\/v2\/media\/3094"}],"wp:attachment":[{"href":"https:\/\/keweicorten.com\/et\/wp-json\/wp\/v2\/media?parent=3093"}],"wp:term":[{"taxonomy":"product_brand","embeddable":true,"href":"https:\/\/keweicorten.com\/et\/wp-json\/wp\/v2\/product_brand?post=3093"},{"taxonomy":"product_cat","embeddable":true,"href":"https:\/\/keweicorten.com\/et\/wp-json\/wp\/v2\/product_cat?post=3093"},{"taxonomy":"product_tag","embeddable":true,"href":"https:\/\/keweicorten.com\/et\/wp-json\/wp\/v2\/product_tag?post=3093"}],"curies":[{"name":"wp","href":"https:\/\/api.w.org\/{rel}","templated":true}]}}