{"id":3412,"date":"2025-02-07T01:55:21","date_gmt":"2025-02-07T01:55:21","guid":{"rendered":"https:\/\/keweicorten.com\/?post_type=product&#038;p=3412"},"modified":"2025-02-07T01:55:22","modified_gmt":"2025-02-07T01:55:22","slug":"ohukesed-kuuskantmutrid","status":"publish","type":"product","link":"https:\/\/keweicorten.com\/et\/ohukesed-kuuskantmutrid\/","title":{"rendered":"\u00d5hukesed kuuskantmutrid"},"content":{"rendered":"<p>Tooteklasside A ja B kuusnurkseid \u00f5hukesi mutreid kasutatakse tavaliselt piiratud ruumiga rakendustes v\u00f5i lukustusmutritena koos standardsete kuuskantmutritega. J\u00e4rgnevalt on esitatud spetsifikatsioonide jaotus:<\/p>\n<h3><strong>Toote spetsifikatsioonid<\/strong><\/h3>\n<ul>\n<li><strong>Standardid:<\/strong> Tavaliselt vastab <strong>ISO 4035<\/strong>, <strong>DIN 439<\/strong>, v\u00f5i <strong>GB\/T 6172<\/strong><\/li>\n<li><strong>Keermete suurused:<\/strong>\n<ul>\n<li><strong>Standardne metriline keermestus:<\/strong> M8 kuni M52<\/li>\n<li><strong>Peenikeelega keermed:<\/strong> M8\u00d71 kuni M52\u00d73<\/li>\n<\/ul>\n<\/li>\n<li><strong>Materjalide valikud:<\/strong>\n<ul>\n<li>S\u00fcsinikteras (klass 4, 6, 8, 10)<\/li>\n<li>Roostevaba teras (A2-70, A4-70)<\/li>\n<li>Messing, legeeritud teras v\u00f5i muud materjalid soovi korral<\/li>\n<\/ul>\n<\/li>\n<li><strong>Pinna viimistlus:<\/strong>\n<ul>\n<li>Lihtne<\/li>\n<li>Tsingitud (sinine\/valge, kollane, must)<\/li>\n<li>Kuumtsingitud (HDG)<\/li>\n<li>Must oksiid<\/li>\n<li>Nikeldatud<\/li>\n<\/ul>\n<\/li>\n<\/ul>\n<p><a href=\"https:\/\/keweicorten.com\/et\"><img fetchpriority=\"high\" decoding=\"async\" class=\"alignnone wp-image-3416\" title=\"Metrilised kuuskantmutrid\" src=\"https:\/\/keweicorten.com\/wp-content\/uploads\/2025\/02\/\u5fae\u4fe1\u56fe\u7247_20250207094859.png\" alt=\"Metrilised kuuskantmutrid Factory, Hiina, hind, tootjad, tarnijad, kohandatud, hulgim\u00fc\u00fck, odav, m\u00fc\u00fcgiks, laos.\" width=\"578\" height=\"578\" srcset=\"https:\/\/keweicorten.com\/wp-content\/uploads\/2025\/02\/\u5fae\u4fe1\u56fe\u7247_20250207094859.png 1000w, https:\/\/keweicorten.com\/wp-content\/uploads\/2025\/02\/\u5fae\u4fe1\u56fe\u7247_20250207094859-300x300.png 300w, https:\/\/keweicorten.com\/wp-content\/uploads\/2025\/02\/\u5fae\u4fe1\u56fe\u7247_20250207094859-150x150.png 150w, https:\/\/keweicorten.com\/wp-content\/uploads\/2025\/02\/\u5fae\u4fe1\u56fe\u7247_20250207094859-768x768.png 768w, https:\/\/keweicorten.com\/wp-content\/uploads\/2025\/02\/\u5fae\u4fe1\u56fe\u7247_20250207094859-12x12.png 12w, https:\/\/keweicorten.com\/wp-content\/uploads\/2025\/02\/\u5fae\u4fe1\u56fe\u7247_20250207094859-600x600.png 600w, https:\/\/keweicorten.com\/wp-content\/uploads\/2025\/02\/\u5fae\u4fe1\u56fe\u7247_20250207094859-100x100.png 100w\" sizes=\"(max-width: 578px) 100vw, 578px\" \/><\/a><\/p>\n<p><a href=\"https:\/\/keweicorten.com\/et\"><img decoding=\"async\" class=\"alignnone wp-image-3415\" title=\"M8-M52 mutrid \" src=\"https:\/\/keweicorten.com\/wp-content\/uploads\/2025\/02\/\u5fae\u4fe1\u56fe\u7247_20250207094846.png\" alt=\"M8-M52 mutrid Factory, Hiina, hind, tootjad, tarnijad, kohandatud, hulgim\u00fc\u00fck, odav, m\u00fc\u00fcgiks, laos.\" width=\"653\" height=\"653\" srcset=\"https:\/\/keweicorten.com\/wp-content\/uploads\/2025\/02\/\u5fae\u4fe1\u56fe\u7247_20250207094846.png 800w, https:\/\/keweicorten.com\/wp-content\/uploads\/2025\/02\/\u5fae\u4fe1\u56fe\u7247_20250207094846-300x300.png 300w, https:\/\/keweicorten.com\/wp-content\/uploads\/2025\/02\/\u5fae\u4fe1\u56fe\u7247_20250207094846-150x150.png 150w, https:\/\/keweicorten.com\/wp-content\/uploads\/2025\/02\/\u5fae\u4fe1\u56fe\u7247_20250207094846-768x768.png 768w, https:\/\/keweicorten.com\/wp-content\/uploads\/2025\/02\/\u5fae\u4fe1\u56fe\u7247_20250207094846-12x12.png 12w, https:\/\/keweicorten.com\/wp-content\/uploads\/2025\/02\/\u5fae\u4fe1\u56fe\u7247_20250207094846-600x600.png 600w, https:\/\/keweicorten.com\/wp-content\/uploads\/2025\/02\/\u5fae\u4fe1\u56fe\u7247_20250207094846-100x100.png 100w\" sizes=\"(max-width: 653px) 100vw, 653px\" \/><\/a><\/p>\n<p><a href=\"https:\/\/keweicorten.com\/et\"><img decoding=\"async\" class=\"alignnone wp-image-3413 size-full\" title=\"\u00d5hukesed kuuskantmutrid \" src=\"https:\/\/keweicorten.com\/wp-content\/uploads\/2025\/02\/\u5fae\u4fe1\u56fe\u7247_20250207094137.png\" alt=\"Kuuekandilised \u00f5hukesed mutrid Factory, Hiina, hind, tootjad, tarnijad, kohandatud, hulgim\u00fc\u00fck, odav, m\u00fc\u00fcgiks, laos.\" width=\"500\" height=\"345\" srcset=\"https:\/\/keweicorten.com\/wp-content\/uploads\/2025\/02\/\u5fae\u4fe1\u56fe\u7247_20250207094137.png 500w, https:\/\/keweicorten.com\/wp-content\/uploads\/2025\/02\/\u5fae\u4fe1\u56fe\u7247_20250207094137-300x207.png 300w, https:\/\/keweicorten.com\/wp-content\/uploads\/2025\/02\/\u5fae\u4fe1\u56fe\u7247_20250207094137-18x12.png 18w\" sizes=\"(max-width: 500px) 100vw, 500px\" \/><\/a><a href=\"https:\/\/keweicorten.com\/et\"><img loading=\"lazy\" decoding=\"async\" class=\"alignnone wp-image-3414\" title=\"\u00d5hukesed kuuskantmutrid\" src=\"https:\/\/keweicorten.com\/wp-content\/uploads\/2025\/02\/\u5fae\u4fe1\u56fe\u7247_20250207094218.png\" alt=\"Kuuekandilised \u00f5hukesed mutrid Factory, Hiina, hind, tootjad, tarnijad, kohandatud, hulgim\u00fc\u00fck, odav, m\u00fc\u00fcgiks, laos.\" width=\"343\" height=\"343\" srcset=\"https:\/\/keweicorten.com\/wp-content\/uploads\/2025\/02\/\u5fae\u4fe1\u56fe\u7247_20250207094218.png 150w, https:\/\/keweicorten.com\/wp-content\/uploads\/2025\/02\/\u5fae\u4fe1\u56fe\u7247_20250207094218-12x12.png 12w, https:\/\/keweicorten.com\/wp-content\/uploads\/2025\/02\/\u5fae\u4fe1\u56fe\u7247_20250207094218-100x100.png 100w\" sizes=\"(max-width: 343px) 100vw, 343px\" \/><\/a><\/p>","protected":false},"excerpt":{"rendered":"<p>\u00d5hukesed kuuskantmutrid (A&amp;B klass), spetsifikatsioonid M8-M52 ja M8\u00d71-M52\u00d73, sobivad kompaktsete ruumide ja lukustusrakenduste jaoks, saadaval s\u00fcsinikterasest, roostevabast terasest ja muudest materjalidest, erinevad pinnat\u00f6\u00f6tlusv\u00f5imalused.<\/p>","protected":false},"featured_media":3416,"comment_status":"open","ping_status":"closed","template":"","meta":{"_eb_attr":"","_monsterinsights_skip_tracking":false,"_monsterinsights_sitenote_active":false,"_monsterinsights_sitenote_note":"","_monsterinsights_sitenote_category":0,"_uf_show_specific_survey":0,"_uf_disable_surveys":false},"product_brand":[],"product_cat":[21],"product_tag":[],"class_list":{"0":"post-3412","1":"product","2":"type-product","3":"status-publish","4":"has-post-thumbnail","6":"product_cat-weather-resistant-steel-plate","8":"first","9":"instock","10":"shipping-taxable","11":"product-type-simple"},"_links":{"self":[{"href":"https:\/\/keweicorten.com\/et\/wp-json\/wp\/v2\/product\/3412"}],"collection":[{"href":"https:\/\/keweicorten.com\/et\/wp-json\/wp\/v2\/product"}],"about":[{"href":"https:\/\/keweicorten.com\/et\/wp-json\/wp\/v2\/types\/product"}],"replies":[{"embeddable":true,"href":"https:\/\/keweicorten.com\/et\/wp-json\/wp\/v2\/comments?post=3412"}],"version-history":[{"count":1,"href":"https:\/\/keweicorten.com\/et\/wp-json\/wp\/v2\/product\/3412\/revisions"}],"predecessor-version":[{"id":3419,"href":"https:\/\/keweicorten.com\/et\/wp-json\/wp\/v2\/product\/3412\/revisions\/3419"}],"wp:featuredmedia":[{"embeddable":true,"href":"https:\/\/keweicorten.com\/et\/wp-json\/wp\/v2\/media\/3416"}],"wp:attachment":[{"href":"https:\/\/keweicorten.com\/et\/wp-json\/wp\/v2\/media?parent=3412"}],"wp:term":[{"taxonomy":"product_brand","embeddable":true,"href":"https:\/\/keweicorten.com\/et\/wp-json\/wp\/v2\/product_brand?post=3412"},{"taxonomy":"product_cat","embeddable":true,"href":"https:\/\/keweicorten.com\/et\/wp-json\/wp\/v2\/product_cat?post=3412"},{"taxonomy":"product_tag","embeddable":true,"href":"https:\/\/keweicorten.com\/et\/wp-json\/wp\/v2\/product_tag?post=3412"}],"curies":[{"name":"wp","href":"https:\/\/api.w.org\/{rel}","templated":true}]}}