{"id":3594,"date":"2025-02-18T06:11:30","date_gmt":"2025-02-18T06:11:30","guid":{"rendered":"https:\/\/keweicorten.com\/?post_type=product&#038;p=3594"},"modified":"2025-02-18T06:11:31","modified_gmt":"2025-02-18T06:11:31","slug":"aia-lillepotid","status":"publish","type":"product","link":"https:\/\/keweicorten.com\/et\/aia-lillepotid\/","title":{"rendered":"aia lillepotid"},"content":{"rendered":"<p>Aia lillepotid on \u00f5ues elamise oluline osa, pakkudes erinevaid kujundeid, suurusi ja materjale, et luua kutsuvaid kohti lilledele, taimedele ja isegi lemmikloomadele. Traditsioonilistest aiapeenardest kuni moodsate v\u00f5restiktahvliteni on neid potte mitmesuguse disainiga, alates dekoratiivsest kuni funktsionaalseteni. \u00dcksk\u00f5ik, kas istutate sibulaid, roose v\u00f5i maitsetaimi, \u00f5ige lillepott v\u00f5ib teie maastikku kaunistada nii esteetiliselt kui ka veemajanduslikult.<\/p>\n<hr \/>\n<h3><strong>Aia lillepotid<\/strong><\/h3>\n<ol>\n<li><strong>Traditsioonilised aiavoodid<\/strong>\n<ul>\n<li>Need on k\u00f5ige levinumad aiapeenrad, mis on tavaliselt valmistatud puidust, metallist v\u00f5i plastist.<\/li>\n<li>Neid on eri suuruses, alates v\u00e4ikestest potitaimedest kuni suurte v\u00e4lipeenradeni.<\/li>\n<li>N\u00e4iteks on tavaline potiplats sageli 30 cm s\u00fcgav ja lai.<\/li>\n<\/ul>\n<\/li>\n<li><strong>Corten terasest potid<\/strong>\n<ul>\n<li>Corten teras on populaarne valik t\u00e4nu oma tugevusele ja vastupidavusele ilmastikutingimustele.<\/li>\n<li>Need potid on ideaalsed sibulate ja maitsetaimede istutamiseks \u00e4\u00e4rmuslikes tingimustes.<\/li>\n<li>Kortenterterasest poti s\u00fcgavus ja laius v\u00f5ib olla 40 cm (15,7 tolli).<\/li>\n<\/ul>\n<\/li>\n<li><strong>Ehitustooted<\/strong>\n<ul>\n<li>Lisaks aialillepottidele pakub Corten Steel ka mitmesuguseid ehitustooteid, nagu tarad, v\u00f5restikud ja metalltalad.<\/li>\n<li>Need on m\u00f5eldud vastupidavuse ja praktilisuse tagamiseks nii sise- kui ka v\u00e4litingimustes.<\/li>\n<\/ul>\n<\/li>\n<\/ol>\n<p><a href=\"https:\/\/keweicorten.com\/et\/products\/\"><img fetchpriority=\"high\" decoding=\"async\" class=\"alignnone wp-image-3600 size-full\" title=\"kortenist istutuskast\" src=\"https:\/\/keweicorten.com\/wp-content\/uploads\/2025\/02\/corten-bench-planter1.jpg\" alt=\"kortenist istutuskast\" width=\"700\" height=\"700\" srcset=\"https:\/\/keweicorten.com\/wp-content\/uploads\/2025\/02\/corten-bench-planter1.jpg 700w, https:\/\/keweicorten.com\/wp-content\/uploads\/2025\/02\/corten-bench-planter1-300x300.jpg 300w, https:\/\/keweicorten.com\/wp-content\/uploads\/2025\/02\/corten-bench-planter1-150x150.jpg 150w, https:\/\/keweicorten.com\/wp-content\/uploads\/2025\/02\/corten-bench-planter1-12x12.jpg 12w, https:\/\/keweicorten.com\/wp-content\/uploads\/2025\/02\/corten-bench-planter1-600x600.jpg 600w, https:\/\/keweicorten.com\/wp-content\/uploads\/2025\/02\/corten-bench-planter1-100x100.jpg 100w\" sizes=\"(max-width: 700px) 100vw, 700px\" \/><\/a><\/p>\n<p><a href=\"https:\/\/keweicorten.com\/et\/products\/\"><img decoding=\"async\" class=\"alignnone wp-image-3599\" title=\"&quot;Corten terasest lillepott\" src=\"https:\/\/keweicorten.com\/wp-content\/uploads\/2025\/02\/62e9e6527b11d43bfe9df1b2366549c2.jpg\" alt=\"corten terasest lillepott\" width=\"698\" height=\"799\" srcset=\"https:\/\/keweicorten.com\/wp-content\/uploads\/2025\/02\/62e9e6527b11d43bfe9df1b2366549c2.jpg 393w, https:\/\/keweicorten.com\/wp-content\/uploads\/2025\/02\/62e9e6527b11d43bfe9df1b2366549c2-262x300.jpg 262w, https:\/\/keweicorten.com\/wp-content\/uploads\/2025\/02\/62e9e6527b11d43bfe9df1b2366549c2-10x12.jpg 10w\" sizes=\"(max-width: 698px) 100vw, 698px\" \/><\/a><\/p>\n<hr \/>\n<h3><strong>\u00d5ige aia lillepotti valimine<\/strong><\/h3>\n<p>Aia lillepotti valides v\u00f5tke arvesse j\u00e4rgmisi tegureid:<\/p>\n<ol>\n<li><strong>Suurus ja kuju<\/strong>\n<ul>\n<li>Valige potid, mis sobivad teie ruumi v\u00f5i kujundusega.<\/li>\n<li>V\u00e4ltige suurte aedade puhul v\u00e4ikesi potte; valige keskmise suurusega potid, et mahutada suuremaid taimi.<\/li>\n<\/ul>\n<\/li>\n<li><strong>Materjal ja vastupidavus<\/strong>\n<ul>\n<li>Corten terasest potid on vastupidavad ja kergesti hooldatavad, mist\u00f5ttu sobivad need ideaalselt sibulate istutamiseks rasketes tingimustes.<\/li>\n<li>Ruutplaadist potid on t\u00e4nu oma struktuurile samuti v\u00e4ga vastupidavad, kuid v\u00f5ivad vajada rohkem t\u00e4helepanu hooldusele.<\/li>\n<\/ul>\n<\/li>\n<li><strong>Esteetiline atraktiivsus<\/strong>\n<ul>\n<li>Valige potid, mis t\u00e4iendavad teie aiakujundust; paljudel on sageli kaasas dekoratiivsed elemendid, n\u00e4iteks lilled v\u00f5i taimed.<\/li>\n<li>M\u00f5ned kaasaegsed potid on varustatud interaktiivsete elementidega, nagu LED-tuled v\u00f5i andurid, mis lisavad lisafunktsionaalsust ja stiili.<\/li>\n<\/ul>\n<\/li>\n<li><strong>Veevajadus<\/strong>\n<ul>\n<li>Kontrollige alati istutatavate lillede veevajadust, et v\u00e4ltida \u00fcle- v\u00f5i alakastmist.<\/li>\n<li>M\u00f5ned lillesibulad v\u00f5ivad vajada pidevat kastmist, kui nad on \u00f5rnad v\u00f5i vajavad sagedast p\u00fcgamist.<\/li>\n<\/ul>\n<\/li>\n<li><strong>Hooldusn\u00f5uanded<\/strong>\n<ul>\n<li>Hoidke oma potid puhtana, tampides neid tugevalt vastu pinda ja kasutades pehmet lappi, et eemaldada mustus ja prahi.<\/li>\n<li>Kasutage regulaarseks hoolduseks taimetoitu, eriti v\u00e4iksemate taimede puhul, mis v\u00f5ivad olla kahjurite suhtes tundlikumad.<\/li>\n<li>Suuremate taimede, n\u00e4iteks rooside v\u00f5i maitsetaimede puhul kaaluge istutamist potti koos mullaga, et parandada kasvu.<\/li>\n<\/ul>\n<\/li>\n<\/ol>\n<hr \/>\n<h3><strong>N\u00e4pun\u00e4iteid pikaajalise edu saavutamiseks<\/strong><\/h3>\n<ul>\n<li><strong>Regulaarne kastmine:<\/strong>\u00a0Veenduge, et teie potid saavad pidevalt ja piisavalt vett. Liiga v\u00e4he v\u00f5ib p\u00f5hjustada n\u00e4rbumist, samas kui liiga palju v\u00f5ib kahjustada \u00f5rnu taimi.<\/li>\n<li><strong>Viljastamine:<\/strong>\u00a0Kasutage sobivaid v\u00e4etisi, et s\u00e4ilitada terved taimed, eriti varjulistel aladel.<\/li>\n<li><strong>Seemnete paigutamine:<\/strong>\u00a0Asetage seemned \u00fchtlaselt \u00fcle poti pinna, et soodustada tervislikku kasvu. M\u00f5ned lillesibulad eelistavad avatud kohti v\u00f5i v\u00e4ikeste aukudega potte.<\/li>\n<\/ul>\n<hr \/>\n<h3><strong>Kokkuv\u00f5te<\/strong><\/h3>\n<p>Aia lillepotid on oluline vahend kutsuvate ja funktsionaalsete v\u00e4lisruumide loomiseks. Traditsioonilistest aiapeenardest kuni moodsate v\u00f5restiktahvliteni - neid potte on erinevatest materjalidest ja kujundusega, et rahuldada erinevaid vajadusi. \u00dcksk\u00f5ik, kas istutate sibulaid, maitsetaimi v\u00f5i lilli, \u00f5ige pott v\u00f5ib teie maastikule olulist m\u00f5ju avaldada. V\u00f5ttes arvesse suurust, materjali, esteetikat ja hooldust, saate valida poti, mis suurendab nii teie ilu kui ka veet\u00f5husust.<\/p>","protected":false},"excerpt":{"rendered":"<div class=\"msg-content MuiBox-root css-0\">\n<div class=\"break-words\">\n<p>Aia lillepott on mitmek\u00fclgne ese, mida kasutatakse erinevates v\u00e4lisruumides. See v\u00f5ib olla teie aiapeenra pikendus v\u00f5i isegi iseseisev ruum teie \u00f5ues. Valige pott, mis sobib teie n\u00e4gemusega piirkonnast, olgu see siis lihtne ja dekoratiivne v\u00f5i t\u00e4isfunktsionaalne koos sisseehitatud funktsioonidega.<\/p>\n<\/div>\n<\/div>","protected":false},"featured_media":3595,"comment_status":"open","ping_status":"closed","template":"","meta":{"_eb_attr":"","_monsterinsights_skip_tracking":false,"_monsterinsights_sitenote_active":false,"_monsterinsights_sitenote_note":"","_monsterinsights_sitenote_category":0,"_uf_show_specific_survey":0,"_uf_disable_surveys":false},"product_brand":[],"product_cat":[59],"product_tag":[],"class_list":{"0":"post-3594","1":"product","2":"type-product","3":"status-publish","4":"has-post-thumbnail","6":"product_cat-flower-pot","8":"first","9":"instock","10":"shipping-taxable","11":"product-type-simple"},"_links":{"self":[{"href":"https:\/\/keweicorten.com\/et\/wp-json\/wp\/v2\/product\/3594"}],"collection":[{"href":"https:\/\/keweicorten.com\/et\/wp-json\/wp\/v2\/product"}],"about":[{"href":"https:\/\/keweicorten.com\/et\/wp-json\/wp\/v2\/types\/product"}],"replies":[{"embeddable":true,"href":"https:\/\/keweicorten.com\/et\/wp-json\/wp\/v2\/comments?post=3594"}],"version-history":[{"count":1,"href":"https:\/\/keweicorten.com\/et\/wp-json\/wp\/v2\/product\/3594\/revisions"}],"predecessor-version":[{"id":3601,"href":"https:\/\/keweicorten.com\/et\/wp-json\/wp\/v2\/product\/3594\/revisions\/3601"}],"wp:featuredmedia":[{"embeddable":true,"href":"https:\/\/keweicorten.com\/et\/wp-json\/wp\/v2\/media\/3595"}],"wp:attachment":[{"href":"https:\/\/keweicorten.com\/et\/wp-json\/wp\/v2\/media?parent=3594"}],"wp:term":[{"taxonomy":"product_brand","embeddable":true,"href":"https:\/\/keweicorten.com\/et\/wp-json\/wp\/v2\/product_brand?post=3594"},{"taxonomy":"product_cat","embeddable":true,"href":"https:\/\/keweicorten.com\/et\/wp-json\/wp\/v2\/product_cat?post=3594"},{"taxonomy":"product_tag","embeddable":true,"href":"https:\/\/keweicorten.com\/et\/wp-json\/wp\/v2\/product_tag?post=3594"}],"curies":[{"name":"wp","href":"https:\/\/api.w.org\/{rel}","templated":true}]}}