{"id":847,"date":"2024-07-19T02:28:12","date_gmt":"2024-07-19T02:28:12","guid":{"rendered":"https:\/\/keweicorten.com\/?post_type=product&#038;p=847"},"modified":"2025-01-15T06:28:40","modified_gmt":"2025-01-15T06:28:40","slug":"tsingitud-terasest-murukant","status":"publish","type":"product","link":"https:\/\/keweicorten.com\/et\/tsingitud-terasest-murukant\/","title":{"rendered":"tsingitud terasest murukant"},"content":{"rendered":"<h2>Tsingitud terasest aiaservade paigaldamise sammud on j\u00e4rgmised:<\/h2>\n<p>1. Valmistage paigaldusala ette, eemaldades umbrohu, mustuse ja prahi.<br \/>\n2. M\u00e4rgistage serva asukoht, mis p\u00f5hineb aianduslike kujundusvajadustel.<br \/>\n3. Paigaldage aiaserva, asetades selle piki t\u00e4histatud joont v\u00f5i serva asukohta ja koputades seda labidaga.<br \/>\n4. Fikseeritud serv: Kasutage serva k\u00fclge kinnitatud fikseeritud osi v\u00f5i maapinna naelu, et serva kindlalt maapinnale kinnitada, et see ei oleks lahti.<\/p>\n<h2>Hooldage tsingitud terasest servi j\u00e4rgmiselt:<\/h2>\n<p>1. Puhastage regulaarselt: Puhastage aiaserva pinda pehme lapiga v\u00f5i harjaga, et v\u00e4ltida tolmu ja mustuse kogunemist.<br \/>\n2. V\u00e4ltige m\u00f5ju: V\u00e4ltige k\u00f5vade esemete kasutamist, et m\u00f5jutada aia serva, v\u00e4ltida kriimustusi v\u00f5i deformatsioone, mis m\u00f5jutavad v\u00e4limust.<br \/>\n3. Kontrollige rooste olemasolu: Kontrollige regulaarselt aiaserva pinda rooste suhtes, vajadusel v\u00f5ite kasutada hooldusv\u00e4rvi pihustamiseks.<br \/>\n4. Tegelege veevooluga: Kui avastate, et aia servas on veevool, parandage v\u00f5i asendage see \u00f5igeaegselt, et s\u00e4ilitada serva roll ja ilu.<\/p>\n<h2>Tsingitud terasest serval on j\u00e4rgmised eelised ja kasutusviisid:<\/h2>\n<p>Eelised:<br \/>\n1. K\u00f5rge vastupidavus: Tsingitud teras on rooste- ja korrosioonikindel, pika t\u00f6\u00f6eaga ja talub karmi v\u00e4litingimusi.<br \/>\n2. Suur tugevus: Teras on piisavalt tugev, et t\u00f5husalt kaitsta aia serva kahjustuste eest, taludes samal ajal ka survet ja kokkup\u00f5rkeid.<br \/>\n3. atraktiivne ja praktiline: Tsingitud terasest aiaservad on atraktiivse v\u00e4limuse ja erinevate mustritega, mis v\u00f5ivad t\u00f5husalt parandada aia \u00fcldist ilu, eraldades samal ajal ruumi ja kinnitades pinnast.<\/p>\n<h2>Kuidas kasutada:<\/h2>\n<p>1. Paigaldusmeetod: J\u00e4rgige eespool nimetatud paigaldusetappe, et tagada aiaserva kindel paigaldus ja vastavus konstruktsioonin\u00f5uetele.<br \/>\n2. Rakendusstsenaarium: Sobib igat liiki aedade, \u00f5uealade, maastiku ja muude kohtade jaoks, saab kasutada aia serva, murupiiride, lillepeenarde ja lillepeenarde ja muude kohtade kinnitamiseks.<br \/>\n3. Hooldusmeetod: Regulaarne puhastamine, kontrollimine ja t\u00f6\u00f6tlemine vastavalt eespool nimetatud hooldusmeetodile, et tagada aia serva pikaajaline hea seisukord.<\/p>\n<div style=\"width: 800px;\" class=\"wp-video\"><!--[if lt IE 9]><script>document.createElement('video');<\/script><![endif]-->\n<video class=\"wp-video-shortcode\" id=\"video-847-1\" width=\"800\" height=\"450\" poster=\"https:\/\/keweicorten.com\/wp-content\/uploads\/2024\/07\/IMG20211202155822-scaled.jpg\" preload=\"metadata\" controls=\"controls\"><source type=\"video\/mp4\" src=\"https:\/\/keweicorten.com\/wp-content\/uploads\/2024\/07\/DJI_20211202_160445_497_video.mp4?_=1\" \/><a href=\"https:\/\/keweicorten.com\/wp-content\/uploads\/2024\/07\/DJI_20211202_160445_497_video.mp4\">https:\/\/keweicorten.com\/wp-content\/uploads\/2024\/07\/DJI_20211202_160445_497_video.mp4<\/a><\/video><\/div>","protected":false},"excerpt":{"rendered":"<p>Valige Corteni aia serva, et luua isikup\u00e4rane, ainulaadse maitse ja stiiliga v\u00e4liruum.<br \/>\nIlmastikukindlad terasest aiaservad lisavad teie terrassile v\u00f5i aiale kaasaegset ja esteetilist v\u00e4\u00e4rtust.<\/p>","protected":false},"featured_media":849,"comment_status":"open","ping_status":"closed","template":"","meta":{"_eb_attr":"","_monsterinsights_skip_tracking":false,"_monsterinsights_sitenote_active":false,"_monsterinsights_sitenote_note":"","_monsterinsights_sitenote_category":0,"_uf_show_specific_survey":0,"_uf_disable_surveys":false},"product_brand":[],"product_cat":[58],"product_tag":[],"class_list":{"0":"post-847","1":"product","2":"type-product","3":"status-publish","4":"has-post-thumbnail","6":"product_cat-garden-edging","8":"first","9":"instock","10":"shipping-taxable","11":"product-type-simple"},"_links":{"self":[{"href":"https:\/\/keweicorten.com\/et\/wp-json\/wp\/v2\/product\/847"}],"collection":[{"href":"https:\/\/keweicorten.com\/et\/wp-json\/wp\/v2\/product"}],"about":[{"href":"https:\/\/keweicorten.com\/et\/wp-json\/wp\/v2\/types\/product"}],"replies":[{"embeddable":true,"href":"https:\/\/keweicorten.com\/et\/wp-json\/wp\/v2\/comments?post=847"}],"version-history":[{"count":1,"href":"https:\/\/keweicorten.com\/et\/wp-json\/wp\/v2\/product\/847\/revisions"}],"predecessor-version":[{"id":3235,"href":"https:\/\/keweicorten.com\/et\/wp-json\/wp\/v2\/product\/847\/revisions\/3235"}],"wp:featuredmedia":[{"embeddable":true,"href":"https:\/\/keweicorten.com\/et\/wp-json\/wp\/v2\/media\/849"}],"wp:attachment":[{"href":"https:\/\/keweicorten.com\/et\/wp-json\/wp\/v2\/media?parent=847"}],"wp:term":[{"taxonomy":"product_brand","embeddable":true,"href":"https:\/\/keweicorten.com\/et\/wp-json\/wp\/v2\/product_brand?post=847"},{"taxonomy":"product_cat","embeddable":true,"href":"https:\/\/keweicorten.com\/et\/wp-json\/wp\/v2\/product_cat?post=847"},{"taxonomy":"product_tag","embeddable":true,"href":"https:\/\/keweicorten.com\/et\/wp-json\/wp\/v2\/product_tag?post=847"}],"curies":[{"name":"wp","href":"https:\/\/api.w.org\/{rel}","templated":true}]}}