{"id":958,"date":"2024-09-09T09:07:24","date_gmt":"2024-09-09T09:07:24","guid":{"rendered":"https:\/\/keweicorten.com\/?post_type=product&#038;p=958"},"modified":"2024-09-09T09:07:24","modified_gmt":"2024-09-09T09:07:24","slug":"corten-lehe-hind","status":"publish","type":"product","link":"https:\/\/keweicorten.com\/et\/corten-lehe-hind\/","title":{"rendered":"corten lehe hind"},"content":{"rendered":"<h2>Kortenpleki kasutamine<\/h2>\n<p>Corten-plekki kasutatakse peamiselt raudtee-, s\u00f5idukite, sildade, tornide, fotogalvaaniliste, kiirtehnika ja muude teraskonstruktsioonide kasutamise pikaajalise kokkupuute korral atmosf\u00e4\u00e4riga. Seda saab kasutada ka konteinerite, raudteeveeremi, naftaplatvormide, sadamahoonete, naftaplatvormide ja v\u00e4\u00e4vlit sisaldavate korrosiivsete keskkondade konteinerite valmistamisel keemia- ja naftaseadmetes. Lisaks sellele kasutatakse cortenpleki ainulaadse v\u00e4limuse t\u00f5ttu seda sageli ka avaliku kunsti, v\u00e4lisskulptuuri ja hoonete v\u00e4lisseinte kaunistamiseks.<\/p>\n<p>Materjal: Q235\/ Q255\/ Q275\/ SS400\/ A36\/ SA283Gr\/ S235JR\/ S235J2: Q235\/ Q255\/ Q275\/ SS400\/ A36\/ SA283Gr\/ S235JR\/ S235J2<br \/>\nPaksus: 0.2-500mm<br \/>\nLaius: 1000-4000mm<br \/>\nPikkus: 2000\/ 2438\/ 3000\/ 3500\/ 6000\/ 12000mm<br \/>\nStandard: ASTM\/ AISI\/ JIS\/ GB\/ DIN\/ EN<\/p>\n<figure style=\"width: 806px\" class=\"wp-caption alignnone\"><a href=\"https:\/\/img01.71360.com\/w3\/k108mj\/20240626\/4080acf91332f29de99814cfd6593fc4.jpg?ct=webp\" rel=\"nofollow noopener\" target=\"_blank\"><img fetchpriority=\"high\" decoding=\"async\" title=\"corten\" src=\"https:\/\/img01.71360.com\/w3\/k108mj\/20240626\/4080acf91332f29de99814cfd6593fc4.jpg?ct=webp\" alt=\"corten terasest plaat\" width=\"806\" height=\"464\" \/><\/a><figcaption class=\"wp-caption-text\">corten terasest plaat<\/figcaption><\/figure>\n<h2>eelis<\/h2>\n<p>1.Green ja keskkonnakaitse<\/p>\n<p>2. K\u00f5rge visuaalne j\u00f5udlus<\/p>\n<p>3. Tugev keha kujundamise v\u00f5ime<\/p>\n<p>4. Hea ruumiline m\u00e4\u00e4ratlus<\/p>\n<table cellspacing=\"0\" cellpadding=\"0\">\n<tbody>\n<tr class=\"firstRow\" data-rows=\"1\" data-type=\"even\">\n<td colspan=\"1\" rowspan=\"1\" data-col=\"1\">Toote nimi<\/td>\n<td colspan=\"3\" rowspan=\"1\">K\u00fclmvaltsitud \/ kuumvaltsitud s\u00fcsinikterasest leht\/plekk<\/td>\n<\/tr>\n<tr data-type=\"odd\">\n<td colspan=\"1\" rowspan=\"1\" data-col=\"1\">Standard<\/td>\n<td colspan=\"3\" rowspan=\"1\">AISI, ASTM, DIN, JIS, GB, JIS, SUS, EN jne.<\/td>\n<\/tr>\n<tr data-type=\"even\">\n<td colspan=\"1\" rowspan=\"1\" data-col=\"1\">Materjal<\/td>\n<td colspan=\"3\" rowspan=\"1\">Q195, Q215, Q235, Q345, ST37, A36, 45# ,16Mn, SPHC, SGCC, CGCC<\/td>\n<\/tr>\n<tr data-type=\"odd\">\n<td colspan=\"1\" rowspan=\"1\" data-col=\"1\">Paksus (mm)<\/td>\n<td colspan=\"3\" rowspan=\"1\">Kuumvaltsitud paksus: 2.75mm-100mm<\/p>\n<p>K\u00fclmvaltsitud paksus: 0.2mm-3mm<\/td>\n<\/tr>\n<tr data-type=\"even\">\n<td colspan=\"1\" rowspan=\"1\" data-col=\"1\">Laius (mm)<\/td>\n<td colspan=\"3\" rowspan=\"1\">45mm-2200mm, vastavalt teie soovile<\/td>\n<\/tr>\n<tr data-type=\"odd\">\n<td colspan=\"1\" rowspan=\"1\" data-col=\"1\">Pikkus<\/td>\n<td colspan=\"3\" rowspan=\"1\">1-12m, vastavalt teie soovile<\/td>\n<\/tr>\n<tr data-type=\"even\">\n<td colspan=\"1\" rowspan=\"1\" data-col=\"1\">Tehnika<\/td>\n<td colspan=\"3\" rowspan=\"1\">Kuumvaltsitud \/ k\u00fclmvaltsitud<\/td>\n<\/tr>\n<tr data-type=\"odd\">\n<td colspan=\"1\" rowspan=\"1\" data-col=\"1\">Pind<\/td>\n<td colspan=\"3\" rowspan=\"1\">Paljas, must, \u00f5litatud, tulistatud, pihustatud, v\u00e4rvitud, kaetud, tsingitud v\u00f5i vastavalt teie soovile<\/td>\n<\/tr>\n<tr data-type=\"even\">\n<td colspan=\"1\" rowspan=\"1\" data-col=\"1\">M\u00e4hise ID<\/td>\n<td colspan=\"3\" rowspan=\"1\">508-610mm v\u00f5i vastavalt teie soovile<\/td>\n<\/tr>\n<tr data-type=\"odd\">\n<td colspan=\"1\" rowspan=\"1\" data-col=\"1\">M\u00e4hise kaal<\/td>\n<td colspan=\"3\" rowspan=\"1\">3~5 tonni vastavalt teie soovile<\/td>\n<\/tr>\n<\/tbody>\n<\/table>","protected":false},"excerpt":{"rendered":"<p>Corten terasplekk on populaarne valik paljude projektide puhul t\u00e4nu oma ainulaadsele ilmastikukujundusele ja vastupidavusele. Kui soovite oma koju lisada maal\u00e4hedast tooni v\u00f5i luua moodsat t\u00f6\u00f6stuslikku v\u00e4limust, v\u00f5ib corten-plekk olla suurep\u00e4rane valik.<\/p>","protected":false},"featured_media":857,"comment_status":"open","ping_status":"closed","template":"","meta":{"_eb_attr":"","_monsterinsights_skip_tracking":false,"_monsterinsights_sitenote_active":false,"_monsterinsights_sitenote_note":"","_monsterinsights_sitenote_category":0,"_uf_show_specific_survey":0,"_uf_disable_surveys":false},"product_brand":[],"product_cat":[21],"product_tag":[],"class_list":{"0":"post-958","1":"product","2":"type-product","3":"status-publish","4":"has-post-thumbnail","6":"product_cat-weather-resistant-steel-plate","8":"first","9":"instock","10":"shipping-taxable","11":"product-type-simple"},"_links":{"self":[{"href":"https:\/\/keweicorten.com\/et\/wp-json\/wp\/v2\/product\/958"}],"collection":[{"href":"https:\/\/keweicorten.com\/et\/wp-json\/wp\/v2\/product"}],"about":[{"href":"https:\/\/keweicorten.com\/et\/wp-json\/wp\/v2\/types\/product"}],"replies":[{"embeddable":true,"href":"https:\/\/keweicorten.com\/et\/wp-json\/wp\/v2\/comments?post=958"}],"version-history":[{"count":1,"href":"https:\/\/keweicorten.com\/et\/wp-json\/wp\/v2\/product\/958\/revisions"}],"predecessor-version":[{"id":959,"href":"https:\/\/keweicorten.com\/et\/wp-json\/wp\/v2\/product\/958\/revisions\/959"}],"wp:featuredmedia":[{"embeddable":true,"href":"https:\/\/keweicorten.com\/et\/wp-json\/wp\/v2\/media\/857"}],"wp:attachment":[{"href":"https:\/\/keweicorten.com\/et\/wp-json\/wp\/v2\/media?parent=958"}],"wp:term":[{"taxonomy":"product_brand","embeddable":true,"href":"https:\/\/keweicorten.com\/et\/wp-json\/wp\/v2\/product_brand?post=958"},{"taxonomy":"product_cat","embeddable":true,"href":"https:\/\/keweicorten.com\/et\/wp-json\/wp\/v2\/product_cat?post=958"},{"taxonomy":"product_tag","embeddable":true,"href":"https:\/\/keweicorten.com\/et\/wp-json\/wp\/v2\/product_tag?post=958"}],"curies":[{"name":"wp","href":"https:\/\/api.w.org\/{rel}","templated":true}]}}