{"id":1006,"date":"2024-09-10T06:29:40","date_gmt":"2024-09-10T06:29:40","guid":{"rendered":"https:\/\/keweicorten.com\/?post_type=product&#038;p=1006"},"modified":"2025-01-15T06:28:19","modified_gmt":"2025-01-15T06:28:19","slug":"lumiere-corten","status":"publish","type":"product","link":"https:\/\/keweicorten.com\/fr\/lumiere-corten\/","title":{"rendered":"lumi\u00e8re corten"},"content":{"rendered":"<h3>Conception et application de la lumi\u00e8re corten :<\/h3>\n<h4>conception<\/h4>\n<p>1. Caract\u00e9ristiques des mat\u00e9riaux :<br \/>\nR\u00e9sistance aux intemp\u00e9ries : l'acier r\u00e9sistant aux intemp\u00e9ries pr\u00e9sente une excellente r\u00e9sistance \u00e0 la corrosion et \u00e0 l'oxydation, et peut \u00eatre utilis\u00e9 dans des environnements ext\u00e9rieurs pendant une longue p\u00e9riode sans entretien fr\u00e9quent.<br \/>\nChangement de couleur : lorsque l'acier est expos\u00e9 \u00e0 l'environnement naturel, il forme progressivement une couche de rouille protectrice, ce qui lui donne une couleur brun-rouge unique, avec un bon effet esth\u00e9tique.<\/p>\n<p>2. Forme et structure :<br \/>\n- Ils peuvent \u00eatre con\u00e7us dans une vari\u00e9t\u00e9 de formes et de tailles pour s'adapter \u00e0 diff\u00e9rents environnements et besoins. Les formes les plus courantes sont rectangulaires, circulaires et irr\u00e9guli\u00e8res.<br \/>\n- En ce qui concerne l'affichage du contenu du caisson lumineux, il peut \u00eatre con\u00e7u en trois dimensions, plat, r\u00e9tro\u00e9clair\u00e9 et sous d'autres formes.<\/p>\n<p>3.  Effet d'\u00e9clairage :<br \/>\n- L'int\u00e9rieur de la lampe en corten peut \u00eatre \u00e9quip\u00e9 de lampes LED pour fournir un \u00e9clairage efficace et respectueux de l'environnement, tout en obtenant diff\u00e9rents effets de luminosit\u00e9 et de couleur pour am\u00e9liorer l'attrait visuel.<\/p>\n<p>4.  Conception fonctionnelle :<br \/>\n- Compte tenu des conditions m\u00e9t\u00e9orologiques, la conception doit veiller \u00e0 ce que le caisson lumineux pr\u00e9sente de bonnes caract\u00e9ristiques d'\u00e9tanch\u00e9it\u00e9 et de r\u00e9sistance au vent afin de garantir la s\u00e9curit\u00e9 des composants \u00e9lectriques.<\/p>\n<h4>Application<\/h4>\n<p>1. Vue de la ville :<br \/>\nLes caissons lumineux en acier r\u00e9sistant aux intemp\u00e9ries sont largement utilis\u00e9s dans l'art public urbain et l'am\u00e9nagement paysager pour am\u00e9liorer l'atmosph\u00e8re culturelle et la beaut\u00e9 de la ville.<\/p>\n<p>2. Commercial :<br \/>\nEn raison de l'aspect unique de l'acier patinable, il est souvent utilis\u00e9 comme bo\u00eete \u00e0 lumi\u00e8re commerciale pour attirer l'attention des passants.<\/p>\n<p>3. Instructions de circulation :<br \/>\nUtilis\u00e9 pour les panneaux de signalisation, les panneaux d'affichage d'informations et d'autres endroits, \u00e0 la fois beau et pratique.<\/p>\n<p>4. \u00c9quipements collectifs :<br \/>\nL'installation de caissons lumineux en acier inoxydable dans les espaces publics tels que les parcs et les places peut \u00e0 la fois fournir des effets d'\u00e9clairage et servir de support pour l'information, l'orientation et la publicit\u00e9.<\/p>\n<table class=\"table\" border=\"1\" cellspacing=\"1\" cellpadding=\"1\">\n<tbody>\n<tr>\n<td colspan=\"1\" rowspan=\"1\">Nom du produit<\/td>\n<td colspan=\"1\" rowspan=\"1\">Lampes pour all\u00e9es de jardin<\/td>\n<\/tr>\n<tr>\n<td colspan=\"1\" rowspan=\"1\">Mat\u00e9riau<\/td>\n<td colspan=\"1\" rowspan=\"1\">Acier corten<\/td>\n<\/tr>\n<tr>\n<td colspan=\"1\" rowspan=\"1\">Utilisation<\/td>\n<td colspan=\"1\" rowspan=\"1\">Ext\u00e9rieurs Patio All\u00e9e Jardin paysager<\/td>\n<\/tr>\n<tr>\n<td colspan=\"1\" rowspan=\"1\">Hauteur hors sol (mm)<\/td>\n<td colspan=\"1\" rowspan=\"1\">800 mm, 600 mm<\/td>\n<\/tr>\n<tr>\n<td colspan=\"1\" rowspan=\"1\">Diam\u00e8tre \/ largeur (mm)<\/td>\n<td colspan=\"1\" rowspan=\"1\">120 mm, 150 mm<\/td>\n<\/tr>\n<tr>\n<td colspan=\"1\" rowspan=\"1\">Fixation<\/td>\n<td colspan=\"1\" rowspan=\"1\">Fixation de la surface \/ de la plaque de base<\/td>\n<\/tr>\n<tr>\n<td colspan=\"1\" rowspan=\"1\">Style<\/td>\n<td colspan=\"1\" rowspan=\"1\">Moderne - Lampe d'ext\u00e9rieur pour pelouse<\/td>\n<\/tr>\n<tr>\n<td colspan=\"1\" rowspan=\"1\">Traitement de surface<\/td>\n<td colspan=\"1\" rowspan=\"1\">Rouille corten<\/td>\n<\/tr>\n<tr>\n<td colspan=\"1\" rowspan=\"1\">Conception<\/td>\n<td colspan=\"1\" rowspan=\"1\">\u0152uvres d'art<\/td>\n<\/tr>\n<tr>\n<td colspan=\"1\" rowspan=\"1\">\u00c9chantillon<\/td>\n<td colspan=\"1\" rowspan=\"1\">7 jours<\/td>\n<\/tr>\n<\/tbody>\n<\/table>\n<div class=\"kche-t104-item\">\n<div class=\"kche-t104-item-img\"><img fetchpriority=\"high\" decoding=\"async\" title=\"Borne lumineuse solaire de jardin paysager\" src=\"https:\/\/www.keweistove.com\/uploads\/39684\/products\/202403291605106e6cb.jpg?size=750x0\" alt=\"Borne lumineuse solaire de jardin paysager\" width=\"750\" height=\"750\" \/><\/div>\n<\/div>\n<div class=\"kche-t104-item\">\n<div class=\"kche-t104-item-img\"><img decoding=\"async\" title=\"Lampes pour all\u00e9es de jardin\" src=\"https:\/\/www.keweistove.com\/uploads\/39684\/products\/2024032916052398d2c.jpg?size=750x0\" alt=\"Lampes pour all\u00e9es de jardin\" width=\"750\" height=\"750\" \/><\/div>\n<\/div>\n<div class=\"kche-t104-item\">\n<div class=\"kche-t104-item-img\"><img decoding=\"async\" class=\"alignnone\" title=\"Meilleur \u00e9clairage ext\u00e9rieur r\u00e9sistant aux intemp\u00e9ries\" src=\"https:\/\/www.keweistove.com\/uploads\/39684\/products\/20240329160540ec715.jpg?size=600x0\" alt=\"Meilleur \u00e9clairage ext\u00e9rieur r\u00e9sistant aux intemp\u00e9ries\" width=\"751\" height=\"751\" \/><\/div>\n<div class=\"kche-t104-item-text\">\n<p class=\"kche-t94-tit\">FAQ<\/p>\n<div class=\"kche-t94-bottom\">\n<div class=\"kche-t94-bottom-r\">\n<div id=\"kchet94Accordion\">\n<div class=\"kche-t94-bottom-item\">\n<p class=\"kche-t94-item-tit\">Question : Comment les lampes d'ext\u00e9rieur peuvent-elles \u00eatre imperm\u00e9ables ?<\/p>\n<div class=\"kche-t94-bottom-item\">\n<div class=\"kche-t94-item-box\">R\u00e9ponse : Les \u00e9clairages d'ext\u00e9rieur sont g\u00e9n\u00e9ralement \u00e9tanches, par exemple selon la norme IP65, afin de garantir qu'ils ne seront pas affect\u00e9s par la pluie.<\/div>\n<\/div>\n<div class=\"kche-t94-bottom-item\"><\/div>\n<\/div>\n<div class=\"kche-t94-bottom-item\">\n<p class=\"kche-t94-item-tit\">Question : Quelle source lumineuse est utilis\u00e9e pour les \u00e9clairages ext\u00e9rieurs afin d'\u00e9conomiser de l'\u00e9nergie ?<\/p>\n<div class=\"kche-t94-bottom-item\">\n<div class=\"kche-t94-item-box\">R\u00e9ponse : Les lampes LED sont un choix plus \u00e9conome en \u00e9nergie, elles consomment peu d'\u00e9nergie, ont une longue dur\u00e9e de vie et une grande luminosit\u00e9.<\/div>\n<\/div>\n<div class=\"kche-t94-bottom-item\"><\/div>\n<\/div>\n<div class=\"kche-t94-bottom-item\">\n<p class=\"kche-t94-item-tit\">Question : Comment nettoyer les \u00e9clairages ext\u00e9rieurs ?<\/p>\n<div class=\"kche-t94-bottom-item\">\n<div class=\"kche-t94-item-box\">R\u00e9ponse : Utilisez un chiffon propre et doux pour essuyer la surface, et assurez-vous que la lampe est \u00e9teinte et qu'elle a refroidi avant d'\u00eatre nettoy\u00e9e.<\/div>\n<\/div>\n<div class=\"kche-t94-bottom-item\"><\/div>\n<\/div>\n<div class=\"kche-t94-bottom-item\">\n<p class=\"kche-t94-item-tit\">Question : Quelle est la raison du clignotement fr\u00e9quent des lampes ext\u00e9rieures ?<\/p>\n<div class=\"kche-wrap-width\">\n<div class=\"kche-t94\">\n<div class=\"kche-t94-content\">\n<div class=\"kche-t94-bottom\">\n<div class=\"kche-t94-bottom-r\">\n<div id=\"kchet94Accordion\">\n<div class=\"kche-t94-bottom-item\">\n<div class=\"kche-t94-item-box\">R\u00e9ponse : Il peut \u00eatre d\u00fb \u00e0 un mauvais contact, \u00e0 une d\u00e9faillance de la ligne, au vieillissement de la source lumineuse et \u00e0 d'autres raisons, et doit \u00eatre r\u00e9par\u00e9 \u00e0 temps.<\/div>\n<\/div>\n<\/div>\n<\/div>\n<\/div>\n<\/div>\n<\/div>\n<\/div>\n<\/div>\n<\/div>\n<\/div>\n<\/div>\n<\/div>\n<\/div>","protected":false},"excerpt":{"rendered":"<p>Les caissons lumineux en acier r\u00e9sistant aux intemp\u00e9ries sont progressivement devenus un choix populaire dans l'am\u00e9nagement urbain et la publicit\u00e9 en raison de leur durabilit\u00e9, de leur aspect unique et de leurs divers sc\u00e9narios d'application. Lors de la conception et de l'application, il convient de tenir compte de la r\u00e9sistance aux intemp\u00e9ries, de l'esth\u00e9tique et de la praticabilit\u00e9, afin de mieux r\u00e9pondre \u00e0 la demande du march\u00e9.<\/p>","protected":false},"featured_media":1007,"comment_status":"open","ping_status":"closed","template":"","meta":{"_eb_attr":"","_monsterinsights_skip_tracking":false,"_monsterinsights_sitenote_active":false,"_monsterinsights_sitenote_note":"","_monsterinsights_sitenote_category":0,"_uf_show_specific_survey":0,"_uf_disable_surveys":false},"product_brand":[],"product_cat":[61],"product_tag":[],"class_list":{"0":"post-1006","1":"product","2":"type-product","3":"status-publish","4":"has-post-thumbnail","6":"product_cat-light-post","8":"first","9":"instock","10":"shipping-taxable","11":"product-type-simple"},"_links":{"self":[{"href":"https:\/\/keweicorten.com\/fr\/wp-json\/wp\/v2\/product\/1006"}],"collection":[{"href":"https:\/\/keweicorten.com\/fr\/wp-json\/wp\/v2\/product"}],"about":[{"href":"https:\/\/keweicorten.com\/fr\/wp-json\/wp\/v2\/types\/product"}],"replies":[{"embeddable":true,"href":"https:\/\/keweicorten.com\/fr\/wp-json\/wp\/v2\/comments?post=1006"}],"version-history":[{"count":2,"href":"https:\/\/keweicorten.com\/fr\/wp-json\/wp\/v2\/product\/1006\/revisions"}],"predecessor-version":[{"id":1013,"href":"https:\/\/keweicorten.com\/fr\/wp-json\/wp\/v2\/product\/1006\/revisions\/1013"}],"wp:featuredmedia":[{"embeddable":true,"href":"https:\/\/keweicorten.com\/fr\/wp-json\/wp\/v2\/media\/1007"}],"wp:attachment":[{"href":"https:\/\/keweicorten.com\/fr\/wp-json\/wp\/v2\/media?parent=1006"}],"wp:term":[{"taxonomy":"product_brand","embeddable":true,"href":"https:\/\/keweicorten.com\/fr\/wp-json\/wp\/v2\/product_brand?post=1006"},{"taxonomy":"product_cat","embeddable":true,"href":"https:\/\/keweicorten.com\/fr\/wp-json\/wp\/v2\/product_cat?post=1006"},{"taxonomy":"product_tag","embeddable":true,"href":"https:\/\/keweicorten.com\/fr\/wp-json\/wp\/v2\/product_tag?post=1006"}],"curies":[{"name":"wp","href":"https:\/\/api.w.org\/{rel}","templated":true}]}}