{"id":1017,"date":"2024-09-11T02:32:17","date_gmt":"2024-09-11T02:32:17","guid":{"rendered":"https:\/\/keweicorten.com\/?post_type=product&#038;p=1017"},"modified":"2025-01-15T06:28:01","modified_gmt":"2025-01-15T06:28:01","slug":"lumieres-en-acier-corten","status":"publish","type":"product","link":"https:\/\/keweicorten.com\/fr\/lumieres-en-acier-corten\/","title":{"rendered":"lumi\u00e8res en acier corten"},"content":{"rendered":"<h2>Application des lampes en acier corten dans les maisons modernes<\/h2>\n<ol>\n<li>\u00c9clairage d'int\u00e9rieur : les luminaires en acier Corten peuvent \u00eatre utilis\u00e9s dans le cadre de la d\u00e9coration int\u00e9rieure pour donner un style industriel unique. Ils conviennent au salon, \u00e0 la cuisine, \u00e0 la salle \u00e0 manger et \u00e0 d'autres espaces. Sa texture m\u00e9tallique unique ajoute une touche de mode aux maisons modernes.<\/li>\n<li>\u00c9clairage ext\u00e9rieur : L'acier inoxydable ayant une bonne r\u00e9sistance \u00e0 la corrosion, les lampes en acier inoxydable conviennent parfaitement aux environnements ext\u00e9rieurs, tels que l'\u00e9clairage des cours, des balcons et des terrasses. Elles peuvent r\u00e9sister \u00e0 toutes les conditions m\u00e9t\u00e9orologiques et conserver une longue dur\u00e9e de vie.<\/li>\n<li>Installation artistique : De nombreux designers utilisent les luminaires en acier corten comme installations artistiques pour am\u00e9liorer l'effet visuel de l'espace gr\u00e2ce \u00e0 des formes uniques et \u00e0 des effets d'ombre et de lumi\u00e8re. Ce design, qui est encastr\u00e9 dans le mur ou le plafond, devient souvent le point central de l'int\u00e9rieur.<\/li>\n<li>\u00c9clairage de travail fonctionnel : Dans l'espace de travail domestique, les lampes en acier corten peuvent \u00e9galement \u00eatre utilis\u00e9es comme \u00e9clairage fonctionnel, fournissant une luminosit\u00e9 suffisante pour r\u00e9pondre aux besoins du travail. Son design simple peut s'int\u00e9grer \u00e0 une vari\u00e9t\u00e9 de styles de meubles.<\/li>\n<li>\u00a0Protection de l'environnement et conception durable.<\/li>\n<\/ol>\n<figure style=\"width: 750px\" class=\"wp-caption alignnone\"><a href=\"https:\/\/keweicorten.com\/fr\/nous-contacter\/\"><img fetchpriority=\"high\" decoding=\"async\" title=\"lumi\u00e8re corten\" src=\"https:\/\/sc04.alicdn.com\/kf\/A4a230982885047639f8ccbda507af4993\/276435419\/A4a230982885047639f8ccbda507af4993.jpg\" alt=\"\" width=\"750\" height=\"454\" \/><\/a><figcaption class=\"wp-caption-text\">lumi\u00e8re corten<\/figcaption><\/figure>\n<table class=\"has-title all magic-7\" style=\"height: 293px;\" width=\"668\">\n<tbody>\n<tr>\n<td colspan=\"1\" rowspan=\"1\">\n<div class=\"magic-8\" data-spm-anchor-id=\"a2700.details.0.i42.4bb41cbbhIX01D\">article<\/div>\n<\/td>\n<td colspan=\"1\" rowspan=\"1\">\n<div class=\"magic-9\">valeur<\/div>\n<\/td>\n<\/tr>\n<tr>\n<td colspan=\"1\" rowspan=\"1\">\n<div class=\"magic-8\">Type<\/div>\n<\/td>\n<td colspan=\"1\" rowspan=\"1\">\n<div class=\"magic-9\">Lumi\u00e8re du jardin<\/div>\n<\/td>\n<\/tr>\n<tr>\n<td colspan=\"1\" rowspan=\"1\">\n<div class=\"magic-8\">Lieu d'origine<\/div>\n<\/td>\n<td colspan=\"1\" rowspan=\"1\">\n<div class=\"magic-9\">Henan, Chine<\/div>\n<\/td>\n<\/tr>\n<tr>\n<td colspan=\"1\" rowspan=\"1\">\n<div class=\"magic-8\">Nom de la marque<\/div>\n<\/td>\n<td colspan=\"1\" rowspan=\"1\">\n<div class=\"magic-9\">shkw<\/div>\n<\/td>\n<\/tr>\n<tr>\n<td colspan=\"1\" rowspan=\"1\">\n<div class=\"magic-8\">Num\u00e9ro de mod\u00e8le<\/div>\n<\/td>\n<td colspan=\"1\" rowspan=\"1\">\n<div class=\"magic-9\">shkw-CL-111<\/div>\n<\/td>\n<\/tr>\n<tr>\n<td colspan=\"1\" rowspan=\"1\">\n<div class=\"magic-8\">Mat\u00e9riau<\/div>\n<\/td>\n<td colspan=\"1\" rowspan=\"1\">\n<div class=\"magic-9\">Acier Corten<\/div>\n<\/td>\n<\/tr>\n<tr>\n<td colspan=\"1\" rowspan=\"1\">\n<div class=\"magic-8\">Utilisation<\/div>\n<\/td>\n<td colspan=\"1\" rowspan=\"1\">\n<div class=\"magic-9\">D\u00e9coration ext\u00e9rieure<\/div>\n<\/td>\n<\/tr>\n<tr>\n<td colspan=\"1\" rowspan=\"1\">\n<div class=\"magic-8\">Couleur<\/div>\n<\/td>\n<td colspan=\"1\" rowspan=\"1\">\n<div class=\"magic-9\">Rouge rouille<\/div>\n<\/td>\n<\/tr>\n<tr>\n<td colspan=\"1\" rowspan=\"1\">\n<div class=\"magic-8\">Utilisation<\/div>\n<\/td>\n<td colspan=\"1\" rowspan=\"1\">\n<div class=\"magic-9\">Home Garden Decoration Light<\/div>\n<\/td>\n<\/tr>\n<tr>\n<td colspan=\"1\" rowspan=\"1\">\n<div class=\"magic-8\">Taille<\/div>\n<\/td>\n<td colspan=\"1\" rowspan=\"1\">\n<div class=\"magic-9\">150 mm, 300 mm, etc.<\/div>\n<\/td>\n<\/tr>\n<tr>\n<td colspan=\"1\" rowspan=\"1\">\n<div class=\"magic-8\">Forme<\/div>\n<\/td>\n<td colspan=\"1\" rowspan=\"1\">\n<div class=\"magic-9\">Carr\u00e9<\/div>\n<\/td>\n<\/tr>\n<tr>\n<td colspan=\"1\" rowspan=\"1\">\n<div class=\"magic-8\">Convient \u00e0 (environnement)<\/div>\n<\/td>\n<td colspan=\"1\" rowspan=\"1\">\n<div class=\"magic-9\">Jardin ext\u00e9rieur<\/div>\n<\/td>\n<\/tr>\n<\/tbody>\n<\/table>\n<h2>Pourquoi choisir des lampes en acier Corten de haute qualit\u00e9 ?<\/h2>\n<ul>\n<li>R\u00e9sistance aux intemp\u00e9ries : l'acier Corten, ou acier r\u00e9sistant aux intemp\u00e9ries, pr\u00e9sente un degr\u00e9 \u00e9lev\u00e9 de r\u00e9sistance \u00e0 la corrosion et aux intemp\u00e9ries. Une fois sa surface expos\u00e9e \u00e0 l'air et \u00e0 l'eau, une couche d'oxyde protectrice se forme pour emp\u00eacher toute corrosion ult\u00e9rieure, ce qui permet d'utiliser la lampe pendant longtemps dans des conditions climatiques vari\u00e9es.<\/li>\n<li>Esth\u00e9tique unique : la couleur d'oxydation naturelle de l'acier Corten (rouge rouille) est unique, ce qui peut ajouter un sens de l'art et un style industriel \u00e0 une maison moderne ou \u00e0 un espace de jardin, ce qui en fait un choix \u00e0 la fois d\u00e9coratif et pratique.<\/li>\n<li>Faible co\u00fbt d'entretien : Gr\u00e2ce aux caract\u00e9ristiques de son mat\u00e9riau, les lampes en acier Corten n\u00e9cessitent peu d'entretien, par rapport aux lampes en m\u00e9tal traditionnelles. Elles ne n\u00e9cessitent pas de peinture r\u00e9guli\u00e8re ni de traitement antirouille, ce qui r\u00e9duit les co\u00fbts d'entretien pour une utilisation \u00e0 long terme.<\/li>\n<li>Protection de l'environnement : l'acier Corten est un mat\u00e9riau renouvelable et recyclable, conforme aux exigences de la soci\u00e9t\u00e9 actuelle en mati\u00e8re de protection de l'environnement et de d\u00e9veloppement durable, et constitue un choix id\u00e9al pour les consommateurs respectueux de l'environnement.<\/li>\n<li>Polyvalence : les lampes en acier Corten conviennent \u00e0 diverses sc\u00e8nes, telles que l'int\u00e9rieur, la cour ou les lieux publics. Elles peuvent \u00eatre utilis\u00e9es comme \u00e9clairage fonctionnel ou comme installations artistiques, offrant ainsi de nombreuses possibilit\u00e9s de conception.<\/li>\n<li>Solidit\u00e9 et durabilit\u00e9 : les lampes en acier Corten de haute qualit\u00e9 ne sont pas seulement excellentes d'un point de vue esth\u00e9tique ; leurs solides propri\u00e9t\u00e9s physiques leur permettent de r\u00e9sister \u00e0 des environnements difficiles et \u00e0 des chocs, ce qui garantit une utilisation stable \u00e0 long terme.<\/li>\n<\/ul>\n<figure style=\"width: 571px\" class=\"wp-caption alignleft\"><a href=\"https:\/\/keweicorten.com\/fr\/nous-contacter\/\"><img decoding=\"async\" class=\"\" title=\"lumi\u00e8re corten\" src=\"https:\/\/sc04.alicdn.com\/kf\/Hf1c5940816064e23ad3e6f0628593234c\/276435419\/Hf1c5940816064e23ad3e6f0628593234c.jpg\" alt=\"\" width=\"571\" height=\"571\" \/><\/a><figcaption class=\"wp-caption-text\">acier corten l\u00e9ger<\/figcaption><\/figure>\n<ul>\n<li><span data-spm-anchor-id=\"a2700.details.0.i39.746b59567TvLlT\">Le Bollard Lights a un aspect rouill\u00e9 et donne \u00e0 l'espace ext\u00e9rieur une signification particuli\u00e8re.<\/span><\/li>\n<\/ul>\n<p>L'aspect chaud et rouill\u00e9 est obtenu par un traitement chimique sp\u00e9cial de l'acier CORTEN utilis\u00e9.<\/p>\n<p>&nbsp;<\/p>\n<ul>\n<li><span data-spm-anchor-id=\"a2700.details.0.i41.746b59567TvLlT\">La d\u00e9coration ext\u00e9rieure en acier corten adopte les nouvelles technologies pour un d\u00e9veloppement durable et l'innovation,<\/span>Elle fera des bornes de jardin des pi\u00e8ces uniques et un \u00e9l\u00e9ment sp\u00e9cial, quel que soit l'endroit o\u00f9 elles sont install\u00e9es.<\/li>\n<\/ul>","protected":false},"excerpt":{"rendered":"<p>En g\u00e9n\u00e9ral, les lampes en acier r\u00e9sistant aux intemp\u00e9ries sont non seulement durables et esth\u00e9tiques, mais elles peuvent \u00e9galement \u00eatre combin\u00e9es avec le concept de design des maisons modernes pour devenir un \u00e9l\u00e9ment important de l'environnement domestique.<\/p>","protected":false},"featured_media":1087,"comment_status":"open","ping_status":"closed","template":"","meta":{"_eb_attr":"","_monsterinsights_skip_tracking":false,"_monsterinsights_sitenote_active":false,"_monsterinsights_sitenote_note":"","_monsterinsights_sitenote_category":0,"_uf_show_specific_survey":0,"_uf_disable_surveys":false},"product_brand":[],"product_cat":[61],"product_tag":[],"class_list":{"0":"post-1017","1":"product","2":"type-product","3":"status-publish","4":"has-post-thumbnail","6":"product_cat-light-post","8":"first","9":"instock","10":"shipping-taxable","11":"product-type-simple"},"_links":{"self":[{"href":"https:\/\/keweicorten.com\/fr\/wp-json\/wp\/v2\/product\/1017"}],"collection":[{"href":"https:\/\/keweicorten.com\/fr\/wp-json\/wp\/v2\/product"}],"about":[{"href":"https:\/\/keweicorten.com\/fr\/wp-json\/wp\/v2\/types\/product"}],"replies":[{"embeddable":true,"href":"https:\/\/keweicorten.com\/fr\/wp-json\/wp\/v2\/comments?post=1017"}],"version-history":[{"count":2,"href":"https:\/\/keweicorten.com\/fr\/wp-json\/wp\/v2\/product\/1017\/revisions"}],"predecessor-version":[{"id":1089,"href":"https:\/\/keweicorten.com\/fr\/wp-json\/wp\/v2\/product\/1017\/revisions\/1089"}],"wp:featuredmedia":[{"embeddable":true,"href":"https:\/\/keweicorten.com\/fr\/wp-json\/wp\/v2\/media\/1087"}],"wp:attachment":[{"href":"https:\/\/keweicorten.com\/fr\/wp-json\/wp\/v2\/media?parent=1017"}],"wp:term":[{"taxonomy":"product_brand","embeddable":true,"href":"https:\/\/keweicorten.com\/fr\/wp-json\/wp\/v2\/product_brand?post=1017"},{"taxonomy":"product_cat","embeddable":true,"href":"https:\/\/keweicorten.com\/fr\/wp-json\/wp\/v2\/product_cat?post=1017"},{"taxonomy":"product_tag","embeddable":true,"href":"https:\/\/keweicorten.com\/fr\/wp-json\/wp\/v2\/product_tag?post=1017"}],"curies":[{"name":"wp","href":"https:\/\/api.w.org\/{rel}","templated":true}]}}