{"id":1019,"date":"2024-09-10T07:54:50","date_gmt":"2024-09-10T07:54:50","guid":{"rendered":"https:\/\/keweicorten.com\/?post_type=product&#038;p=1019"},"modified":"2025-01-15T06:28:11","modified_gmt":"2025-01-15T06:28:11","slug":"borne-en-corten","status":"publish","type":"product","link":"https:\/\/keweicorten.com\/fr\/borne-en-corten\/","title":{"rendered":"borne en corten"},"content":{"rendered":"<h2>Avantages des applications des bornes en corten\uff1a<\/h2>\n<ol>\n<li>Forte r\u00e9sistance \u00e0 la corrosion : Chaque fois que l'acier m\u00e9t\u00e9orique est expos\u00e9 \u00e0 un environnement atmosph\u00e9rique, la surface forme une peinture d'oxyde substantielle, qui emp\u00eache efficacement la corrosion plus importante et prolonge la dur\u00e9e de vie du mat\u00e9riau.L'acier m\u00e9t\u00e9orique n\u00e9cessite moins de rev\u00eatement et d'entretien en cours d'exploitation que l'acier classique gr\u00e2ce \u00e0 sa r\u00e9sistance exceptionnelle \u00e0 la corrosion, ce qui permet de r\u00e9duire les frais d'entretien.<\/li>\n<li>Bonnes propri\u00e9t\u00e9s m\u00e9caniques.<\/li>\n<li>Esth\u00e9tique : l'acier r\u00e9sistant aux intemp\u00e9ries est utilis\u00e9 pendant un certain temps, la surface prend une couleur rouille unique, ce qui a un bon effet esth\u00e9tique. Il convient aux b\u00e2timents, aux ponts et \u00e0 d'autres occasions qui n\u00e9cessitent des effets visuels.<\/li>\n<li>\u00a0Respect de l'environnement : l'acier r\u00e9sistant aux intemp\u00e9ries peut \u00eatre recycl\u00e9, conform\u00e9ment aux exigences du d\u00e9veloppement durable et aux concepts modernes de protection de l'environnement.<\/li>\n<li>Large \u00e9ventail d'applications : Largement utilis\u00e9 dans les ponts, les b\u00e2timents, les gares, les conteneurs, les tours d'\u00e9nergie \u00e9olienne et d'autres domaines, adapt\u00e9 \u00e0 toutes sortes de conditions m\u00e9t\u00e9orologiques difficiles.<\/li>\n<\/ol>\n<table border=\"1\">\n<tbody>\n<tr>\n<td><span data-spm-anchor-id=\"a2700.details.0.i39.110e3b73M5Suk8\">Nom du produit<\/span><\/td>\n<td>Bollard Lawn Garden Light Moderne Bollard en acier Corten Light<\/td>\n<\/tr>\n<tr>\n<td>Corps principal Mati\u00e8re premi\u00e8re<\/td>\n<td>Acier corten<\/td>\n<\/tr>\n<tr>\n<td>Puissance de la LED<\/td>\n<td>10W, 12W<\/td>\n<\/tr>\n<tr>\n<td>IP Grdae<\/td>\n<td>IP65, IP66<\/td>\n<\/tr>\n<tr>\n<td>Couleur de la surface<\/td>\n<td>Rouill\u00e9 ou personnalis\u00e9<\/td>\n<\/tr>\n<\/tbody>\n<\/table>\n<h2>L'application de la lampe CORTEN dans la conception :<\/h2>\n<p>1. Esth\u00e9tique et caract\u00e8re unique : l'acier r\u00e9sistant aux intemp\u00e9ries prend une couleur rouille unique apr\u00e8s oxydation, qui peut \u00eatre int\u00e9gr\u00e9e \u00e0 l'environnement naturel pour cr\u00e9er un paysage urbain harmonieux, ajoutant un sens de l'art et de l'histoire.<\/p>\n<p>2. Durabilit\u00e9 et faible co\u00fbt d'entretien : l'acier r\u00e9sistant aux intemp\u00e9ries pr\u00e9sente une excellente r\u00e9sistance \u00e0 la corrosion et peut \u00eatre utilis\u00e9 dans diverses conditions climatiques, ce qui r\u00e9duit les besoins d'entretien et de remplacement dus \u00e0 la rouille et \u00e0 la corrosion, ce qui constitue un avantage \u00e9conomique important pour la gestion urbaine.<\/p>\n<p>3. Forte capacit\u00e9 portante : les lampadaires en acier r\u00e9sistant aux intemp\u00e9ries ont de bonnes propri\u00e9t\u00e9s m\u00e9caniques et peuvent supporter divers types d'\u00e9quipements et de dispositifs d'\u00e9clairage pour r\u00e9pondre aux besoins des diff\u00e9rentes fonctions de la ville.<\/p>\n<p>4. Conception flexible : L'acier r\u00e9sistant aux intemp\u00e9ries pr\u00e9sente de bonnes performances de traitement et peut \u00eatre personnalis\u00e9 en fonction des besoins globaux en mati\u00e8re d'urbanisme et de conception de diff\u00e9rentes formes et hauteurs de lampadaires, ce qui accro\u00eet la diversit\u00e9 et la flexibilit\u00e9 de la conception.<\/p>\n<p>5. Compatible avec d'autres mat\u00e9riaux : l'acier r\u00e9sistant aux intemp\u00e9ries peut \u00eatre associ\u00e9 au bois, au verre, au b\u00e9ton et \u00e0 d'autres mat\u00e9riaux de construction pour cr\u00e9er une vari\u00e9t\u00e9 de styles de lampadaires qui enrichissent la stratification et la diversit\u00e9 des paysages urbains.<\/p>\n<p>6) Effet d'\u00e9clairage nocturne : les lampadaires en acier r\u00e9sistant aux intemp\u00e9ries peuvent coop\u00e9rer avec des lampes LED pour fournir des effets d'\u00e9clairage lumineux et \u00e9conomes en \u00e9nergie, et am\u00e9liorer la s\u00e9curit\u00e9 et la beaut\u00e9 du paysage urbain nocturne.<\/p>\n<p><img fetchpriority=\"high\" decoding=\"async\" class=\"\" src=\"https:\/\/sc04.alicdn.com\/kf\/H2b2d3df904e24b97815012213c5f0d04m\/268101461\/H2b2d3df904e24b97815012213c5f0d04m.jpg\" width=\"893\" height=\"670\" \/><\/p>\n<table class=\"all magic-14\" style=\"height: 253px;\" width=\"892\">\n<tbody>\n<tr>\n<td colspan=\"1\" rowspan=\"1\">\n<div class=\"magic-15\" data-spm-anchor-id=\"a2700.details.0.i40.46752983hcnmIO\"><b data-spm-anchor-id=\"a2700.pc-decorate.0.i12.a91e3333LxMsYh\">Nom du produit<\/b><\/div>\n<\/td>\n<td colspan=\"1\" rowspan=\"1\">\n<div class=\"magic-16\">Corten Steel Lights Outdoor Garden Yard Led Bollard Light Boxes (Caissons lumineux en acier corten pour l'ext\u00e9rieur)<\/div>\n<\/td>\n<\/tr>\n<tr>\n<td colspan=\"1\" rowspan=\"1\">\n<div class=\"magic-15\"><b>Mat\u00e9riau<\/b><\/div>\n<\/td>\n<td colspan=\"1\" rowspan=\"1\">\n<div class=\"magic-16\">Acier Corten \/ acier r\u00e9sistant aux intemp\u00e9ries, etc.<\/div>\n<\/td>\n<\/tr>\n<tr>\n<td colspan=\"1\" rowspan=\"1\">\n<div class=\"magic-15\"><b>Taille<\/b><\/div>\n<\/td>\n<td colspan=\"1\" rowspan=\"1\">\n<div class=\"magic-16\">\n<p>Hauteur (mm) : 800 mm, 600 mm ;<\/p>\n<div data-spm-anchor-id=\"a2700.pc-decorate.0.i28.2edb3333TKEWqO\">Diam\u00e8tre \/ Largeur (mm) : 120mm, 150mm ;<\/div>\n<div data-spm-anchor-id=\"a2700.pc-decorate.0.i28.2edb3333TKEWqO\">ou comme exigence<\/div>\n<\/div>\n<\/td>\n<\/tr>\n<tr>\n<td colspan=\"1\" rowspan=\"1\">\n<div class=\"magic-15\"><b>Couleur<\/b><\/div>\n<\/td>\n<td colspan=\"1\" rowspan=\"1\">\n<div class=\"magic-16\">Rouge rouille ou sur mesure<\/div>\n<\/td>\n<\/tr>\n<tr>\n<td colspan=\"1\" rowspan=\"1\">\n<div class=\"magic-17\"><b>Tension d'entr\u00e9e (V)<\/b><\/div>\n<\/td>\n<td colspan=\"1\" rowspan=\"1\">\n<div class=\"magic-18\">AC 220V( \u00b1 10%)<\/div>\n<\/td>\n<\/tr>\n<tr>\n<td colspan=\"1\" rowspan=\"1\">\n<div class=\"magic-19\"><b data-spm-anchor-id=\"a2700.pc-decorate.0.i6.2edb3333TKEWqO\">Traitement de surface<\/b><\/div>\n<\/td>\n<td colspan=\"1\" rowspan=\"1\">\n<div class=\"magic-20\">Pr\u00e9-rouill\u00e9, personnalis\u00e9<\/div>\n<\/td>\n<\/tr>\n<tr>\n<td colspan=\"1\" rowspan=\"1\">\n<div class=\"magic-15\"><b>Service suppl\u00e9mentaire<\/b><\/div>\n<\/td>\n<td colspan=\"1\" rowspan=\"1\">\n<div class=\"magic-16\">Nous pouvons produire une vari\u00e9t\u00e9 de bornes lumineuses \u00e0 Led pour le jardin selon les conceptions, les dessins, les \u00e9chantillons et les exigences d\u00e9taill\u00e9es des clients :<\/div>\n<\/td>\n<\/tr>\n<\/tbody>\n<\/table>\n<div class=\"J_module\">\n<div class=\"detail-decorate-json-renderer-container\">\n<div class=\"magic-10\">\n<div class=\"magic-11\">\n<div class=\"magic-12\">\n<div class=\"magic-13\"><b>Service du fabricant :<br \/>\n<\/b>Selon le dessin ou l'\u00e9chantillon du client, nous fournissons une vari\u00e9t\u00e9 de produits de bornes l\u00e9g\u00e8res : conception, traitement, traitement de surface et technologie.<br \/>\n<b>Service OEM : <\/b><\/p>\n<div>\n<p>Les ing\u00e9nieurs de SHKW CORTEN r\u00e9alisent des dessins CAO ou des fichiers 3D pour les projets de produits.<\/p>\n<p><b>Service en ligne :<br \/>\n<\/b>R\u00e9ponse rapide en ligne par Trademanager, e-mail ou whatsapp\/Wechat. Restez en contact par e-mail ou par t\u00e9l\u00e9phone. L'assistance en ligne est assur\u00e9e 7*24 heures !<b><u><a href=\"https:\/\/keweicorten.com\/fr\/nous-contacter\/\" target=\"_blank\" rel=\"noopener\">Veuillez nous contacter en cas de probl\u00e8me.<\/a><\/u><\/b><br \/>\n<b><br \/>\n<\/b><\/p>\n<div><b>Service de vente :<br \/>\n<\/b>\u00a0Nous fournissons un service avant et apr\u00e8s-vente attentionn\u00e9.<\/div>\n<\/div>\n<\/div>\n<\/div>\n<\/div>\n<\/div>\n<\/div>\n<\/div>","protected":false},"excerpt":{"rendered":"<p>L'acier r\u00e9sistant aux intemp\u00e9ries devient de plus en plus populaire dans le domaine de la construction et de l'infrastructure en raison de ses performances sup\u00e9rieures et de son caract\u00e8re \u00e9conomique.<\/p>","protected":false},"featured_media":1011,"comment_status":"open","ping_status":"closed","template":"","meta":{"_eb_attr":"","_monsterinsights_skip_tracking":false,"_monsterinsights_sitenote_active":false,"_monsterinsights_sitenote_note":"","_monsterinsights_sitenote_category":0,"_uf_show_specific_survey":0,"_uf_disable_surveys":false},"product_brand":[],"product_cat":[61],"product_tag":[],"class_list":{"0":"post-1019","1":"product","2":"type-product","3":"status-publish","4":"has-post-thumbnail","6":"product_cat-light-post","8":"first","9":"instock","10":"shipping-taxable","11":"product-type-simple"},"_links":{"self":[{"href":"https:\/\/keweicorten.com\/fr\/wp-json\/wp\/v2\/product\/1019"}],"collection":[{"href":"https:\/\/keweicorten.com\/fr\/wp-json\/wp\/v2\/product"}],"about":[{"href":"https:\/\/keweicorten.com\/fr\/wp-json\/wp\/v2\/types\/product"}],"replies":[{"embeddable":true,"href":"https:\/\/keweicorten.com\/fr\/wp-json\/wp\/v2\/comments?post=1019"}],"version-history":[{"count":2,"href":"https:\/\/keweicorten.com\/fr\/wp-json\/wp\/v2\/product\/1019\/revisions"}],"predecessor-version":[{"id":1021,"href":"https:\/\/keweicorten.com\/fr\/wp-json\/wp\/v2\/product\/1019\/revisions\/1021"}],"wp:featuredmedia":[{"embeddable":true,"href":"https:\/\/keweicorten.com\/fr\/wp-json\/wp\/v2\/media\/1011"}],"wp:attachment":[{"href":"https:\/\/keweicorten.com\/fr\/wp-json\/wp\/v2\/media?parent=1019"}],"wp:term":[{"taxonomy":"product_brand","embeddable":true,"href":"https:\/\/keweicorten.com\/fr\/wp-json\/wp\/v2\/product_brand?post=1019"},{"taxonomy":"product_cat","embeddable":true,"href":"https:\/\/keweicorten.com\/fr\/wp-json\/wp\/v2\/product_cat?post=1019"},{"taxonomy":"product_tag","embeddable":true,"href":"https:\/\/keweicorten.com\/fr\/wp-json\/wp\/v2\/product_tag?post=1019"}],"curies":[{"name":"wp","href":"https:\/\/api.w.org\/{rel}","templated":true}]}}