{"id":1121,"date":"2024-09-11T09:07:08","date_gmt":"2024-09-11T09:07:08","guid":{"rendered":"https:\/\/keweicorten.com\/?post_type=product&#038;p=1121"},"modified":"2025-01-15T06:15:52","modified_gmt":"2025-01-15T06:15:52","slug":"foyer-en-acier","status":"publish","type":"product","link":"https:\/\/keweicorten.com\/fr\/foyer-en-acier\/","title":{"rendered":"foyer en acier"},"content":{"rendered":"<h2>Avantages d'un foyer en acier :<\/h2>\n<p>Durabilit\u00e9 : l'acier est tr\u00e8s solide et peut r\u00e9sister \u00e0 des temp\u00e9ratures \u00e9lev\u00e9es et \u00e0 une utilisation prolong\u00e9e. Il n'est pas aussi facile \u00e0 endommager ou \u00e0 d\u00e9former que d'autres mat\u00e9riaux.<\/p>\n<p>Chauffage rapide : la conductivit\u00e9 thermique de l'acier est bonne, et le foyer peut rapidement atteindre une temp\u00e9rature \u00e9lev\u00e9e, ce qui permet d'obtenir un effet de chauffage plus efficace.<\/p>\n<p>Peu d'entretien : la surface d'un foyer en acier est g\u00e9n\u00e9ralement plus facile \u00e0 nettoyer et n'accumule pas facilement les cendres ou les salet\u00e9s.<\/p>\n<p>R\u00e9sistance aux intemp\u00e9ries : l'acier de haute qualit\u00e9 pr\u00e9sente g\u00e9n\u00e9ralement une bonne r\u00e9sistance \u00e0 la corrosion, en particulier l'acier rev\u00eatu ou trait\u00e9, qui peut r\u00e9sister \u00e0 l'impact des changements climatiques.<\/p>\n<p>Flexibilit\u00e9 de conception : les foyers en acier peuvent \u00eatre con\u00e7us dans une vari\u00e9t\u00e9 de formes et de styles pour r\u00e9pondre aux diff\u00e9rents besoins d\u00e9coratifs et aux pr\u00e9f\u00e9rences personnelles.<\/p>\n<p>S\u00e9curit\u00e9 : La solidit\u00e9 et la stabilit\u00e9 de l'acier rendent le foyer moins susceptible d'\u00eatre renvers\u00e9 ou cass\u00e9 pendant l'utilisation, ce qui am\u00e9liore la s\u00e9curit\u00e9 d'utilisation.<\/p>\n<p>\u00c9conomie : Compar\u00e9 \u00e0 d'autres mat\u00e9riaux, l'acier est g\u00e9n\u00e9ralement moins co\u00fbteux, de sorte que les foyers en acier sont souvent plus rentables.<\/p>\n<table style=\"height: 286px;\" width=\"943\">\n<tbody>\n<tr>\n<td colspan=\"1\" rowspan=\"1\">\n<div><span data-spm-anchor-id=\"a2700.details.0.i40.21cc481046iNBp\">Nom du produit<\/span><\/div>\n<\/td>\n<td colspan=\"1\" rowspan=\"1\">\n<div>Boule \u00e0 feu ronde pour l'ext\u00e9rieur Bois Acier Corten Foyer pour l'ext\u00e9rieur<\/div>\n<\/td>\n<\/tr>\n<tr>\n<td colspan=\"1\" rowspan=\"1\">\n<div>Nom de la marque<\/div>\n<\/td>\n<td colspan=\"1\" rowspan=\"1\">\n<div>SHKW<\/div>\n<\/td>\n<\/tr>\n<tr>\n<td colspan=\"1\" rowspan=\"1\">\n<div>Num\u00e9ro de mod\u00e8le<\/div>\n<\/td>\n<td colspan=\"1\" rowspan=\"1\">\n<div>SHKW-FP-1<\/div>\n<\/td>\n<\/tr>\n<tr>\n<td colspan=\"1\" rowspan=\"1\">\n<div>Mat\u00e9riau<\/div>\n<\/td>\n<td colspan=\"1\" rowspan=\"1\">\n<div>Acier Corten \/ Acier r\u00e9sistant aux intemp\u00e9ries<\/div>\n<\/td>\n<\/tr>\n<tr>\n<td colspan=\"1\" rowspan=\"1\">\n<div>Taille<\/div>\n<\/td>\n<td colspan=\"1\" rowspan=\"1\">\n<div>Diam\u00e8tre : 600mm\/800mm<\/div>\n<\/td>\n<\/tr>\n<tr>\n<td colspan=\"1\" rowspan=\"1\">\n<div>\u00c9paisseur<\/div>\n<\/td>\n<td colspan=\"1\" rowspan=\"1\">\n<div>2mm, 3mm<\/div>\n<\/td>\n<\/tr>\n<tr>\n<td colspan=\"1\" rowspan=\"1\">\n<div>Paquet<\/div>\n<\/td>\n<td colspan=\"1\" rowspan=\"1\">\n<div>Int\u00e9rieur : Papier mousse anti-usure Ext\u00e9rieur : bo\u00eete en contreplaqu\u00e9<\/div>\n<\/td>\n<\/tr>\n<tr>\n<td colspan=\"1\" rowspan=\"1\">\n<div>Traitement de surface<\/div>\n<\/td>\n<td colspan=\"1\" rowspan=\"1\">\n<div>Pr\u00e9-rouill\u00e9, peut \u00eatre personnalis\u00e9<\/div>\n<\/td>\n<\/tr>\n<tr>\n<td colspan=\"1\" rowspan=\"1\">\n<div>MOQ<\/div>\n<\/td>\n<td colspan=\"1\" rowspan=\"1\">\n<div>10 pi\u00e8ces<\/div>\n<\/td>\n<\/tr>\n<\/tbody>\n<\/table>\n<figure style=\"width: 525px\" class=\"wp-caption alignnone\"><a href=\"https:\/\/keweicorten.com\/fr\/nous-contacter\/\"><img fetchpriority=\"high\" decoding=\"async\" class=\"\" title=\"frrepits\" src=\"https:\/\/sc04.alicdn.com\/kf\/H227635724f8b49b9bcb03865b8a626a2Q\/238887437\/H227635724f8b49b9bcb03865b8a626a2Q.png\" alt=\"frrepits\" width=\"525\" height=\"492\" \/><\/a><figcaption class=\"wp-caption-text\">frrepits<\/figcaption><\/figure>\n<figure style=\"width: 524px\" class=\"wp-caption alignnone\"><a href=\"https:\/\/keweicorten.com\/fr\"><img decoding=\"async\" class=\"\" title=\"frrepits\" src=\"https:\/\/sc04.alicdn.com\/kf\/H02bda928a986446fbb5638e5ae0f5b89u\/238887437\/H02bda928a986446fbb5638e5ae0f5b89u.png\" alt=\"frrepits\" width=\"524\" height=\"524\" \/><\/a><figcaption class=\"wp-caption-text\">frrepits<\/figcaption><\/figure>\n<p>Nous offrons des avantages :<\/p>\n<p><span data-spm-anchor-id=\"a2700.details.0.i38.d01b235dvPHBfu\">1. <\/span><strong>Mat\u00e9riau :<\/strong>\u00a0Fonte, acier au carbone, acier doux, acier Corten, acier inoxydable ;<\/p>\n<p>2. <strong>Processus :<\/strong>\u00a0Emboutissage - Soudage - Peinture - Inspection - Emballage; ;<\/p>\n<p>3.\u00a0<strong>Finition :<\/strong>\u00a0Rev\u00eatement par poudre, peinture \u00e0 haute temp\u00e9rature, etc... ;<\/p>\n<p>4.\u00a0<strong>Taille :<\/strong>\u00a0600mm - 1500mm ;<\/p>\n<p>5. Ann\u00e9es d'exp\u00e9rience en\u00a0<strong>la fabrication et l'exportation<\/strong>.<\/p>\n<p>6. Toutes sortes de foyers peuvent \u00eatre fabriqu\u00e9s\u00a0<strong>selon les exigences du client<\/strong>, des dessins, des mod\u00e8les ou des \u00e9chantillons ;<\/p>\n<p>7. Le service coordonn\u00e9 (dessin, soudage et traitement de surface) permet d'am\u00e9liorer la qualit\u00e9 des produits.\u00a0<strong>prix inf\u00e9rieur\u00a0<\/strong>possible ;<\/p>\n<p>8.\u00a0<strong>Une solide \u00e9quipe d'ing\u00e9nieurs\u00a0<\/strong>est de haute qualit\u00e9 ;<\/p>\n<p>9. Processus complet d'essai des mat\u00e9riaux et\u00a0<strong>le contr\u00f4le de la qualit\u00e9\u00a0<\/strong>syst\u00e8me ;<\/p>\n<p>10.\u00a0<strong>A l'heure\u00a0<\/strong>livraison ;<\/p>\n<p>11. <strong>OEM\u00a0<\/strong>;<\/p>\n<figure id=\"attachment_1125\" aria-describedby=\"caption-attachment-1125\" style=\"width: 471px\" class=\"wp-caption alignnone\"><a href=\"https:\/\/keweicorten.com\/fr\/nous-contacter\/\"><img decoding=\"async\" class=\"wp-image-1125\" title=\"foyer en corten\" src=\"https:\/\/keweicorten.com\/wp-content\/uploads\/2024\/09\/23-300x300.jpg\" alt=\"foyer en corten\" width=\"471\" height=\"471\" srcset=\"https:\/\/keweicorten.com\/wp-content\/uploads\/2024\/09\/23-300x300.jpg 300w, https:\/\/keweicorten.com\/wp-content\/uploads\/2024\/09\/23-150x150.jpg 150w, https:\/\/keweicorten.com\/wp-content\/uploads\/2024\/09\/23-12x12.jpg 12w, https:\/\/keweicorten.com\/wp-content\/uploads\/2024\/09\/23-600x600.jpg 600w, https:\/\/keweicorten.com\/wp-content\/uploads\/2024\/09\/23-100x100.jpg 100w, https:\/\/keweicorten.com\/wp-content\/uploads\/2024\/09\/23.jpg 750w\" sizes=\"(max-width: 471px) 100vw, 471px\" \/><\/a><figcaption id=\"caption-attachment-1125\" class=\"wp-caption-text\">foyer en corten<\/figcaption><\/figure>\n<h3><span style=\"color: #000000;\">FAQ<\/span><\/h3>\n<p>Q:\u00cates-vous une soci\u00e9t\u00e9 commerciale ou un fabricant ?<\/p>\n<p>A:Nous sommes une usine.<\/p>\n<p>&nbsp;<\/p>\n<p>Q:Quel est le d\u00e9lai de livraison ?<br \/>\nR : En g\u00e9n\u00e9ral, le d\u00e9lai est de 5 \u00e0 10 jours, en fonction de la quantit\u00e9.<\/p>\n<p>&nbsp;<\/p>\n<p>Q:Fournissez-vous des \u00e9chantillons ? Est-ce gratuit ou en suppl\u00e9ment ?<\/p>\n<p>R:Oui, nous pouvons vous proposer un \u00e9chantillon.<\/p>\n<p>&nbsp;<\/p>\n<p>Q:Quelles sont vos conditions de paiement ?<br \/>\nA:Paiement=1000USD,30% T\/T in advance .balance before shippment.<\/p>\n<p>Si vous avez d'autres questions, n'h\u00e9sitez pas \u00e0 les poser ici, nous sommes s\u00fbrs qu'elles recevront une r\u00e9ponse rapide !<\/p>","protected":false},"excerpt":{"rendered":"<p>Nos foyers en acier allient durabilit\u00e9 et beaut\u00e9 pour toutes les occasions en plein air. Rendez votre soir\u00e9e plus chaleureuse et profitez du charme du feu.<\/p>","protected":false},"featured_media":1128,"comment_status":"open","ping_status":"closed","template":"","meta":{"_eb_attr":"","_monsterinsights_skip_tracking":false,"_monsterinsights_sitenote_active":false,"_monsterinsights_sitenote_note":"","_monsterinsights_sitenote_category":0,"_uf_show_specific_survey":0,"_uf_disable_surveys":false},"product_brand":[],"product_cat":[54],"product_tag":[],"class_list":{"0":"post-1121","1":"product","2":"type-product","3":"status-publish","4":"has-post-thumbnail","6":"product_cat-wood-fire-pit","8":"first","9":"instock","10":"shipping-taxable","11":"product-type-simple"},"_links":{"self":[{"href":"https:\/\/keweicorten.com\/fr\/wp-json\/wp\/v2\/product\/1121"}],"collection":[{"href":"https:\/\/keweicorten.com\/fr\/wp-json\/wp\/v2\/product"}],"about":[{"href":"https:\/\/keweicorten.com\/fr\/wp-json\/wp\/v2\/types\/product"}],"replies":[{"embeddable":true,"href":"https:\/\/keweicorten.com\/fr\/wp-json\/wp\/v2\/comments?post=1121"}],"version-history":[{"count":1,"href":"https:\/\/keweicorten.com\/fr\/wp-json\/wp\/v2\/product\/1121\/revisions"}],"predecessor-version":[{"id":1127,"href":"https:\/\/keweicorten.com\/fr\/wp-json\/wp\/v2\/product\/1121\/revisions\/1127"}],"wp:featuredmedia":[{"embeddable":true,"href":"https:\/\/keweicorten.com\/fr\/wp-json\/wp\/v2\/media\/1128"}],"wp:attachment":[{"href":"https:\/\/keweicorten.com\/fr\/wp-json\/wp\/v2\/media?parent=1121"}],"wp:term":[{"taxonomy":"product_brand","embeddable":true,"href":"https:\/\/keweicorten.com\/fr\/wp-json\/wp\/v2\/product_brand?post=1121"},{"taxonomy":"product_cat","embeddable":true,"href":"https:\/\/keweicorten.com\/fr\/wp-json\/wp\/v2\/product_cat?post=1121"},{"taxonomy":"product_tag","embeddable":true,"href":"https:\/\/keweicorten.com\/fr\/wp-json\/wp\/v2\/product_tag?post=1121"}],"curies":[{"name":"wp","href":"https:\/\/api.w.org\/{rel}","templated":true}]}}