{"id":1129,"date":"2024-09-11T09:25:31","date_gmt":"2024-09-11T09:25:31","guid":{"rendered":"https:\/\/keweicorten.com\/?post_type=product&#038;p=1129"},"modified":"2025-01-15T06:15:41","modified_gmt":"2025-01-15T06:15:41","slug":"barbecue-corten","status":"publish","type":"product","link":"https:\/\/keweicorten.com\/fr\/barbecue-corten\/","title":{"rendered":"Barbecue au corten"},"content":{"rendered":"<h2>Caract\u00e9ristiques du produit Corten Barbecue\uff1a<\/h2>\n<p>Mat\u00e9riau : Acier Corten<br \/>\n- La grille de barbecue est fabriqu\u00e9e en acier Corten, ce qui lui conf\u00e8re non seulement une esth\u00e9tique robuste et industrielle, mais aussi une excellente r\u00e9sistance aux intemp\u00e9ries, gage de long\u00e9vit\u00e9.<\/p>\n<p>Aspect rustique :<br \/>\n- L'acier Corten se patine avec le temps, donnant \u00e0 la grille de barbecue un aspect rustique et us\u00e9 par les intemp\u00e9ries. Cette esth\u00e9tique en fait un \u00e9l\u00e9ment remarquable de votre jardin ou de votre terrasse.<\/p>\n<p>Durabilit\u00e9 :<br \/>\nLa grille de barbecue est donc adapt\u00e9e \u00e0 une utilisation en ext\u00e9rieur et peut r\u00e9sister \u00e0 diverses conditions m\u00e9t\u00e9orologiques.<\/p>\n<p>Surface de cuisson :<br \/>\n- Le gril est dot\u00e9 d'une grande surface de cuisson qui permet de pr\u00e9parer une grande vari\u00e9t\u00e9 de plats. Il peut s'agir d'une zone de cuisson principale pour les viandes et les l\u00e9gumes et \u00e9ventuellement de surfaces suppl\u00e9mentaires pour les plats d'accompagnement.<\/p>\n<p>Grilles r\u00e9glables :<br \/>\n- Certains barbecues sont \u00e9quip\u00e9s de grilles r\u00e9glables, ce qui vous permet de contr\u00f4ler la distance entre la source de chaleur et vos aliments. Cette fonction est utile pour obtenir diff\u00e9rents niveaux de cuisson, de la saisie au r\u00f4tissage lent.<\/p>\n<p>Stockage et \u00e9tag\u00e8res :<br \/>\n- Pour am\u00e9liorer la fonctionnalit\u00e9, la grille de barbecue peut comporter des \u00e9tag\u00e8res ou des crochets de rangement pour les ustensiles, les condiments et d'autres accessoires de barbecue.<\/p>\n<p>Facile \u00e0 nettoyer :<br \/>\n- Le design peut int\u00e9grer des caract\u00e9ristiques qui facilitent le nettoyage, telles que des grilles et des cendriers amovibles. L'entretien est ainsi facilit\u00e9 et le gril reste en bon \u00e9tat.<\/p>\n<p>Portabilit\u00e9 :<br \/>\n- En fonction de sa conception, la grille de barbecue peut \u00eatre portable, ce qui vous permet de la d\u00e9placer sur votre terrasse ou dans votre jardin en fonction de vos besoins. Cela peut s'av\u00e9rer particuli\u00e8rement pratique pour r\u00e9am\u00e9nager votre espace ext\u00e9rieur.<\/p>\n<p>Ventilation et contr\u00f4le de la temp\u00e9rature :<br \/>\n- Certains mod\u00e8les peuvent \u00eatre \u00e9quip\u00e9s d'\u00e9vents ou de registres int\u00e9gr\u00e9s pour contr\u00f4ler le flux d'air et la temp\u00e9rature. Cette fonction est tr\u00e8s utile pour obtenir des conditions de cuisson optimales et assurer une r\u00e9partition uniforme de la chaleur.<\/p>\n<p>Assemblage et installation :<br \/>\n- Le produit peut \u00eatre con\u00e7u pour un assemblage et une installation faciles, avec des instructions claires. Il est ainsi accessible \u00e0 des utilisateurs ayant diff\u00e9rents niveaux d'expertise en mati\u00e8re de bricolage.<\/p>\n<table class=\"has-title all magic-17\">\n<tbody>\n<tr>\n<td colspan=\"1\" rowspan=\"1\">\n<div class=\"magic-21\"><span class=\"magic-22\" style=\"color: #000000;\" data-spm-anchor-id=\"a2700.details.0.i40.49d75047wtersS\">Objet<\/span><\/div>\n<\/td>\n<td colspan=\"1\" rowspan=\"1\">\n<div class=\"magic-23\"><span class=\"magic-22\" style=\"color: #000000;\">Grilles m\u00e9talliques robustes BBQ Europe New Design Garden Kitchens Fire Pit Barbeque Corten Steel Outdoor Charcoal BBQ Grill<\/span><\/div>\n<\/td>\n<\/tr>\n<tr>\n<td colspan=\"1\" rowspan=\"1\">\n<div class=\"magic-21\"><span class=\"magic-22\" style=\"color: #000000;\">Marque<\/span><\/div>\n<\/td>\n<td colspan=\"1\" rowspan=\"1\">\n<div class=\"magic-23\"><span class=\"magic-22\" style=\"color: #000000;\"> shkw Garden<\/span><\/div>\n<\/td>\n<\/tr>\n<tr>\n<td colspan=\"1\" rowspan=\"1\">\n<div class=\"magic-21\"><span class=\"magic-22\" style=\"color: #000000;\">Num\u00e9ro de mod\u00e8le<\/span><\/div>\n<\/td>\n<td colspan=\"1\" rowspan=\"1\">\n<div class=\"magic-23\"><span class=\"magic-22\" style=\"color: #000000;\">shkw-BBQ-01<\/span><\/div>\n<\/td>\n<\/tr>\n<tr>\n<td colspan=\"1\" rowspan=\"1\">\n<div class=\"magic-21\"><span class=\"magic-22\" style=\"color: #000000;\">Mat\u00e9riau<\/span><\/div>\n<\/td>\n<td colspan=\"1\" rowspan=\"1\">\n<div class=\"magic-23\"><span class=\"magic-22\" style=\"color: #000000;\">Acier Corten \/ Acier r\u00e9sistant aux intemp\u00e9ries<\/span><\/div>\n<\/td>\n<\/tr>\n<tr>\n<td colspan=\"1\" rowspan=\"1\">\n<div class=\"magic-21\"><span class=\"magic-22\" style=\"color: #000000;\">\u00c9paisseur<\/span><\/div>\n<\/td>\n<td colspan=\"1\" rowspan=\"1\">\n<div class=\"magic-23\"><span class=\"magic-22\" style=\"color: #000000;\">2mm, plaque de grillage : 10mm<\/span><\/div>\n<\/td>\n<\/tr>\n<tr>\n<td colspan=\"1\" rowspan=\"1\">\n<div class=\"magic-21\"><span style=\"color: #000000;\">Paquet<\/span><\/div>\n<\/td>\n<td colspan=\"1\" rowspan=\"1\">\n<div class=\"magic-23\"><span style=\"color: #000000;\">Int\u00e9rieur : Papier mousse anti-usure, Ext\u00e9rieur : Bo\u00eete en carton<\/span><\/div>\n<\/td>\n<\/tr>\n<tr>\n<td colspan=\"1\" rowspan=\"1\">\n<div class=\"magic-21\"><span class=\"magic-22\" style=\"color: #000000;\">Surface<\/span><\/div>\n<\/td>\n<td colspan=\"1\" rowspan=\"1\">\n<div class=\"magic-23\"><span class=\"magic-22\" style=\"color: #000000;\">Pr\u00e9-rouill\u00e9, peut \u00eatre personnalis\u00e9<\/span><\/div>\n<\/td>\n<\/tr>\n<tr>\n<td colspan=\"1\" rowspan=\"1\">\n<div class=\"magic-21\"><span class=\"magic-22\" style=\"color: #000000;\">MOQ<\/span><\/div>\n<\/td>\n<td colspan=\"1\" rowspan=\"1\">\n<div class=\"magic-23\"><span class=\"magic-22\" style=\"color: #000000;\">1 pi\u00e8ce<\/span><\/div>\n<\/td>\n<\/tr>\n<\/tbody>\n<\/table>\n<figure style=\"width: 551px\" class=\"wp-caption alignnone\"><a href=\"https:\/\/keweicorten.com\/fr\"><img fetchpriority=\"high\" decoding=\"async\" title=\"gril bbq corten\" src=\"https:\/\/sc04.alicdn.com\/kf\/H6c6a51c7ff444d619a69eb33ef044679C\/235950374\/H6c6a51c7ff444d619a69eb33ef044679C.jpg\" alt=\"\" width=\"551\" height=\"551\" \/><\/a><figcaption class=\"wp-caption-text\">gril bbq<\/figcaption><\/figure>\n<h2 class=\"magic-29\"><span data-spm-anchor-id=\"a2700.details.0.i41.49d75047wtersS\">Pourquoi choisir notre barbecue ext\u00e9rieur ?<\/span><\/h2>\n<div class=\"magic-30\">\n<div class=\"magic-8\">\n<div class=\"magic-9\">\n<p>Un design unique<\/p>\n<p>Peut \u00eatre utilis\u00e9 comme barbecue et bol \u00e0 feu<\/p>\n<div>Conception modulaire en trois parties facile \u00e0 transporter<\/div>\n<div>La base dispose d'un espace pratique pour le stockage du bois.<\/div>\n<\/div>\n<\/div>\n<\/div>\n<div class=\"magic-30\">\n<div class=\"magic-8\">\n<div class=\"magic-31\">\n<p>Fabriqu\u00e9 en acier Corten durable : Le barbecue peut rester \u00e0 l'ext\u00e9rieur en toute saison.<\/p>\n<p>Disponible en diff\u00e9rentes tailles (diam\u00e8tre du c\u00f4ne)<\/p>\n<p>Particuli\u00e8rement adapt\u00e9 \u00e0 la restauration<\/p>\n<p>Facile \u00e0 utiliser et \u00e0 nettoyer<\/p>\n<\/div>\n<div>\n<figure style=\"width: 566px\" class=\"wp-caption alignnone\"><a href=\"https:\/\/keweicorten.com\/fr\/nous-contacter\/\"><img decoding=\"async\" title=\"gril bbq\" src=\"https:\/\/sc04.alicdn.com\/kf\/Hb2a9ecba4bb64ff4a92047898488428a9\/227652262\/Hb2a9ecba4bb64ff4a92047898488428a9.jpg\" alt=\"\" width=\"566\" height=\"755\" \/><\/a><figcaption class=\"wp-caption-text\">gril bbq<\/figcaption><\/figure>\n<\/div>\n<div>\n<div class=\"text-title\">\n<p><span class=\"magic-18\"><span class=\"magic-12\" style=\"font-family: Arial;\" data-spm-anchor-id=\"a2700.details.0.i40.5f147cabQPR2Ms\">D\u00e9tails Param\u00e8tres techniques :<\/span><\/span><\/p>\n<\/div>\n<div class=\"text-content\">\n<p><span class=\"magic-19\" style=\"font-family: Arial;\">1. anneau sup\u00e9rieur avec 3 types diff\u00e9rents : 10 mm d'\u00e9paisseur d'acier CR\u00a0<\/span><\/p>\n<p><span class=\"magic-19\" style=\"font-family: Arial;\">2.t\u00f4le grillag\u00e9e :t\u00f4le d'acier 10mm lamin\u00e9e \u00e0 froid Diam\u00e8tre 1000mm<br \/>\n3. chambre de combustion : acier Corten de 2 mm d'\u00e9paisseur\u00a0<\/span><\/p>\n<p><span class=\"magic-19\" style=\"font-family: Arial;\">4. tr\u00e9mie \u00e0 cendres : acier Corten de 2 mm<br \/>\n5.corps du bas:acier Corten \u00e9paisseur:2mm Taille:600*450*450mm<\/span><\/p>\n<div>\n<figure style=\"width: 590px\" class=\"wp-caption alignnone\"><a href=\"https:\/\/keweicorten.com\/fr\"><img decoding=\"async\" title=\"corten bbq\" src=\"https:\/\/sc02.alicdn.com\/kf\/H6b2e4eaa05fa4a65b89befdc51756f79B\/227652262\/H6b2e4eaa05fa4a65b89befdc51756f79B.jpg\" alt=\"corten bbq\" width=\"590\" height=\"384\" \/><\/a><figcaption class=\"wp-caption-text\">corten bbq<\/figcaption><\/figure>\n<\/div>\n<\/div>\n<\/div>\n<\/div>\n<\/div>","protected":false},"excerpt":{"rendered":"<p>Lorsque vous envisagez d'acheter un barbecue Garden Corten, il est essentiel de v\u00e9rifier les caract\u00e9ristiques du produit, les commentaires des utilisateurs et toutes les fonctions suppl\u00e9mentaires qui pourraient am\u00e9liorer votre exp\u00e9rience de la cuisine en plein air. Respectez toujours les consignes de s\u00e9curit\u00e9 et les bonnes pratiques d'entretien pour garantir la long\u00e9vit\u00e9 de votre barbecue.<\/p>","protected":false},"featured_media":997,"comment_status":"open","ping_status":"closed","template":"","meta":{"_eb_attr":"","_monsterinsights_skip_tracking":false,"_monsterinsights_sitenote_active":false,"_monsterinsights_sitenote_note":"","_monsterinsights_sitenote_category":0,"_uf_show_specific_survey":0,"_uf_disable_surveys":false},"product_brand":[],"product_cat":[63],"product_tag":[],"class_list":{"0":"post-1129","1":"product","2":"type-product","3":"status-publish","4":"has-post-thumbnail","6":"product_cat-steel-bbq-grill","8":"first","9":"instock","10":"shipping-taxable","11":"product-type-simple"},"_links":{"self":[{"href":"https:\/\/keweicorten.com\/fr\/wp-json\/wp\/v2\/product\/1129"}],"collection":[{"href":"https:\/\/keweicorten.com\/fr\/wp-json\/wp\/v2\/product"}],"about":[{"href":"https:\/\/keweicorten.com\/fr\/wp-json\/wp\/v2\/types\/product"}],"replies":[{"embeddable":true,"href":"https:\/\/keweicorten.com\/fr\/wp-json\/wp\/v2\/comments?post=1129"}],"version-history":[{"count":1,"href":"https:\/\/keweicorten.com\/fr\/wp-json\/wp\/v2\/product\/1129\/revisions"}],"predecessor-version":[{"id":1130,"href":"https:\/\/keweicorten.com\/fr\/wp-json\/wp\/v2\/product\/1129\/revisions\/1130"}],"wp:featuredmedia":[{"embeddable":true,"href":"https:\/\/keweicorten.com\/fr\/wp-json\/wp\/v2\/media\/997"}],"wp:attachment":[{"href":"https:\/\/keweicorten.com\/fr\/wp-json\/wp\/v2\/media?parent=1129"}],"wp:term":[{"taxonomy":"product_brand","embeddable":true,"href":"https:\/\/keweicorten.com\/fr\/wp-json\/wp\/v2\/product_brand?post=1129"},{"taxonomy":"product_cat","embeddable":true,"href":"https:\/\/keweicorten.com\/fr\/wp-json\/wp\/v2\/product_cat?post=1129"},{"taxonomy":"product_tag","embeddable":true,"href":"https:\/\/keweicorten.com\/fr\/wp-json\/wp\/v2\/product_tag?post=1129"}],"curies":[{"name":"wp","href":"https:\/\/api.w.org\/{rel}","templated":true}]}}