{"id":1143,"date":"2024-09-12T03:32:05","date_gmt":"2024-09-12T03:32:05","guid":{"rendered":"https:\/\/keweicorten.com\/?post_type=product&#038;p=1143"},"modified":"2025-01-15T06:15:15","modified_gmt":"2025-01-15T06:15:15","slug":"bordures-de-jardin","status":"publish","type":"product","link":"https:\/\/keweicorten.com\/fr\/bordures-de-jardin\/","title":{"rendered":"bordures en corten"},"content":{"rendered":"<div class=\"text-title\">\n<figure style=\"width: 750px\" class=\"wp-caption alignnone\"><a href=\"https:\/\/keweicorten.com\/fr\/nous-contacter\/\"><img fetchpriority=\"high\" decoding=\"async\" title=\"bordures en corten\" src=\"https:\/\/sc04.alicdn.com\/kf\/A4a230982885047639f8ccbda507af4993\/276435419\/A4a230982885047639f8ccbda507af4993.jpg\" alt=\"bordures en corten\" width=\"750\" height=\"454\" \/><\/a><figcaption class=\"wp-caption-text\">bordures en corten<\/figcaption><\/figure>\n<h2 class=\"magic-9\"><b class=\"magic-22\"><span class=\"magic-10\" style=\"color: #000000;\" data-spm-anchor-id=\"a2700.details.0.i40.6227b6fedKS63A\">Acier Corten Application :<\/span><\/b><\/h2>\n<\/div>\n<div class=\"text-content\">\n<p><span class=\"magic-15\" style=\"color: #000000;\" data-spm-anchor-id=\"a2700.details.0.i49.6227b6fedKS63A\">L'acier Corten est un acier r\u00e9sistant aux intemp\u00e9ries, \u00e0 la corrosion, qui, s'il n'est pas rev\u00eatu, d\u00e9veloppe une couche ext\u00e9rieure de patine.\u00a0<\/span><\/p>\n<div><span style=\"color: #000000;\"><br \/>\n<\/span><\/p>\n<div><span style=\"color: #000000;\">Il s'agit d'un alliage d'acier \u00e0 haute r\u00e9sistance et il est utilis\u00e9 lorsqu'une plus grande r\u00e9sistance et un cycle de vie plus long sont souhait\u00e9s.<\/span><\/div>\n<div>\n<table style=\"height: 212px;\" width=\"746\">\n<tbody>\n<tr>\n<td colspan=\"1\" rowspan=\"1\">\n<div data-spm-anchor-id=\"a2700.details.0.i42.448a13b5E0l0Oz\">Nom du produit<\/div>\n<\/td>\n<td colspan=\"1\" rowspan=\"1\">\n<div>Acier galvanis\u00e9&amp;CORTEN Acier peint par poudrage noir Bordure de paysage en acier<\/div>\n<\/td>\n<\/tr>\n<tr>\n<td colspan=\"1\" rowspan=\"1\">\n<div>Mat\u00e9riau<\/div>\n<\/td>\n<td colspan=\"1\" rowspan=\"1\">\n<div>Acier Corten, acier galvanis\u00e9, etc.<\/div>\n<\/td>\n<\/tr>\n<tr>\n<td colspan=\"1\" rowspan=\"1\">\n<div data-spm-anchor-id=\"a2700.details.0.i41.448a13b5E0l0Oz\">Taille<\/div>\n<\/td>\n<td colspan=\"1\" rowspan=\"1\">\n<div>100mm, 150mm ou sur mesure<\/div>\n<\/td>\n<\/tr>\n<tr>\n<td colspan=\"1\" rowspan=\"1\">\n<div>Pointes<\/div>\n<\/td>\n<td colspan=\"1\" rowspan=\"1\">\n<div>Avec ou sans<\/div>\n<\/td>\n<\/tr>\n<tr>\n<td colspan=\"1\" rowspan=\"1\">\n<div>Couleur<\/div>\n<\/td>\n<td colspan=\"1\" rowspan=\"1\">\n<div>Acier naturel, diff\u00e9rentes couleurs<\/div>\n<\/td>\n<\/tr>\n<tr>\n<td colspan=\"1\" rowspan=\"1\">\n<div>Plantes<\/div>\n<\/td>\n<td colspan=\"1\" rowspan=\"1\">\n<div>Plantes vertes, plantes artificielles<\/div>\n<\/td>\n<\/tr>\n<\/tbody>\n<\/table>\n<\/div>\n<div>\n<figure style=\"width: 750px\" class=\"wp-caption alignnone\"><a href=\"https:\/\/keweicorten.com\/fr\/nous-contacter\/\"><img decoding=\"async\" title=\"bordures de jardin en acier corten\" src=\"https:\/\/sc02.alicdn.com\/kf\/H650f0e63dacb4e35bd6d646fd2d0975cK\/235950374\/H650f0e63dacb4e35bd6d646fd2d0975cK.jpg\" alt=\"bordures de jardin en acier corten\" width=\"750\" height=\"404\" \/><\/a><figcaption class=\"wp-caption-text\">bordures de jardin en acier corten<\/figcaption><\/figure>\n<\/div>\n<h2>COMMENT L'INSTALLER<\/h2>\n<p>Les pointes des bordures paysag\u00e8res en corten tranchent la terre avec facilit\u00e9. Chaque bande peut \u00eatre install\u00e9e en moins d'une minute et se maintient fermement en place. Elle est incroyablement facile \u00e0 installer - en fait, les seuls outils dont vous aurez besoin sont un bloc de bois de 4\u2033 x 2\u2033 et un maillet.<\/p>\n<figure style=\"width: 635px\" class=\"wp-caption alignnone\"><a href=\"https:\/\/keweicorten.com\/fr\/nous-contacter\/\"><img decoding=\"async\" title=\"bordures de pelouse en corten\" src=\"https:\/\/sc04.alicdn.com\/kf\/HTB1kC8LQFXXXXcTXFXXq6xXFXXX5\/223026859\/HTB1kC8LQFXXXXcTXFXXq6xXFXXX5.jpg\" alt=\"bordures de pelouse en corten\" width=\"635\" height=\"477\" \/><\/a><figcaption class=\"wp-caption-text\">bordures de pelouse en corten<\/figcaption><\/figure>\n<p>L'ensemble de bordures d'ext\u00e9rieur en corten cr\u00e9e un point focal accueillant pour votre espace de vie ext\u00e9rieur. Fabriqu\u00e9es en acier durable avec une finition oxyd\u00e9e, ces bordures pr\u00e9sentent un design simple avec des pointes. Les bordures diffusent une ambiance rustique moderne qui rehaussera l'aspect de votre patio et de votre terrasse. Utilisez ces bordures et ces jardini\u00e8res pour abriter vos arbustes ou vos fleurs. Parfaites en tant qu'ensemble, elles sont encore meilleures lorsqu'elles sont utilis\u00e9es en plusieurs exemplaires.<\/p>\n<h2>Quelques avantages <span class=\"keyword _ngcontent-dwf-109\" aria-hidden=\"false\">bordures en acier corten <\/span>dans l'horticulture :<\/h2>\n<p>R\u00e9sistance \u00e0 la corrosion<br \/>\nL'acier Corten pr\u00e9sente une bonne r\u00e9sistance \u00e0 la corrosion et forme un film protecteur contre la corrosion \u00e0 sa surface, ce qui permet de pr\u00e9venir efficacement toute corrosion ult\u00e9rieure et de garantir sa stabilit\u00e9 \u00e0 long terme, y compris dans des environnements humides et en pr\u00e9sence de produits chimiques dans le sol.<\/p>\n<p>Esth\u00e9tique<\/p>\n<p>Stabilit\u00e9 structurelle<br \/>\nGr\u00e2ce \u00e0 leur r\u00e9sistance et \u00e0 leur rigidit\u00e9 \u00e9lev\u00e9es, les planches de sout\u00e8nement en Corten soutiennent efficacement le sol, emp\u00eachent l'\u00e9rosion du sol et garantissent la stabilit\u00e9 \u00e0 long terme des projets horticoles.<\/p>\n<p>Faible co\u00fbt d'entretien<br \/>\nL'acier Corten n\u00e9cessite moins d'entretien que d'autres mat\u00e9riaux.<\/p>\n<p>Protection de l'environnement<\/p>\n<p>polyvalence<br \/>\nLimites et divisions ou zones paysag\u00e8res.<br \/>\nAm\u00e9lioration de l'all\u00e8gement<br \/>\nParterres de fleurs ou jardins potagers<\/p>\n<p>Facile \u00e0 installer<br \/>\nL'acier corten peut \u00eatre d\u00e9coup\u00e9 en diff\u00e9rentes formes et dimensions selon les besoins.<\/p>\n<\/div>\n<\/div>","protected":false},"excerpt":{"rendered":"<p>D\u00e9couvrez nos produits en Corten pour des solutions de jardinage durables et esth\u00e9tiques. Am\u00e9liorez votre espace ext\u00e9rieur et profitez d'une qualit\u00e9 durable avec un design unique.<\/p>","protected":false},"featured_media":1144,"comment_status":"open","ping_status":"closed","template":"","meta":{"_eb_attr":"","_monsterinsights_skip_tracking":false,"_monsterinsights_sitenote_active":false,"_monsterinsights_sitenote_note":"","_monsterinsights_sitenote_category":0,"_uf_show_specific_survey":0,"_uf_disable_surveys":false},"product_brand":[],"product_cat":[58],"product_tag":[],"class_list":{"0":"post-1143","1":"product","2":"type-product","3":"status-publish","4":"has-post-thumbnail","6":"product_cat-garden-edging","8":"first","9":"instock","10":"shipping-taxable","11":"product-type-simple"},"_links":{"self":[{"href":"https:\/\/keweicorten.com\/fr\/wp-json\/wp\/v2\/product\/1143"}],"collection":[{"href":"https:\/\/keweicorten.com\/fr\/wp-json\/wp\/v2\/product"}],"about":[{"href":"https:\/\/keweicorten.com\/fr\/wp-json\/wp\/v2\/types\/product"}],"replies":[{"embeddable":true,"href":"https:\/\/keweicorten.com\/fr\/wp-json\/wp\/v2\/comments?post=1143"}],"version-history":[{"count":2,"href":"https:\/\/keweicorten.com\/fr\/wp-json\/wp\/v2\/product\/1143\/revisions"}],"predecessor-version":[{"id":1878,"href":"https:\/\/keweicorten.com\/fr\/wp-json\/wp\/v2\/product\/1143\/revisions\/1878"}],"wp:featuredmedia":[{"embeddable":true,"href":"https:\/\/keweicorten.com\/fr\/wp-json\/wp\/v2\/media\/1144"}],"wp:attachment":[{"href":"https:\/\/keweicorten.com\/fr\/wp-json\/wp\/v2\/media?parent=1143"}],"wp:term":[{"taxonomy":"product_brand","embeddable":true,"href":"https:\/\/keweicorten.com\/fr\/wp-json\/wp\/v2\/product_brand?post=1143"},{"taxonomy":"product_cat","embeddable":true,"href":"https:\/\/keweicorten.com\/fr\/wp-json\/wp\/v2\/product_cat?post=1143"},{"taxonomy":"product_tag","embeddable":true,"href":"https:\/\/keweicorten.com\/fr\/wp-json\/wp\/v2\/product_tag?post=1143"}],"curies":[{"name":"wp","href":"https:\/\/api.w.org\/{rel}","templated":true}]}}