{"id":1159,"date":"2024-09-12T08:59:48","date_gmt":"2024-09-12T08:59:48","guid":{"rendered":"https:\/\/keweicorten.com\/?post_type=product&#038;p=1159"},"modified":"2025-01-15T06:27:40","modified_gmt":"2025-01-15T06:27:40","slug":"bol-a-feu-en-acier-corten","status":"publish","type":"product","link":"https:\/\/keweicorten.com\/fr\/bol-a-feu-en-acier-corten\/","title":{"rendered":"bol \u00e0 feu en acier corten"},"content":{"rendered":"<h2><strong>Avantages d'un bol \u00e0 feu en acier Corten<\/strong><\/h2>\n<ol>\n<li><strong>Durabilit\u00e9<\/strong>: L'acier Corten est tr\u00e8s durable et r\u00e9sistant \u00e0 la corrosion gr\u00e2ce \u00e0 sa capacit\u00e9 \u00e0 d\u00e9velopper une couche de rouille protectrice. Cette patine prot\u00e8ge l'acier des dommages caus\u00e9s par les intemp\u00e9ries, ce qui permet \u00e0 la vasque de r\u00e9sister aux conditions climatiques difficiles sans se d\u00e9t\u00e9riorer.<\/li>\n<li><strong>L'attrait esth\u00e9tique<\/strong>: Les tons riches et terreux de la surface rouill\u00e9e cr\u00e9ent un aspect chaud et rustique qui s'int\u00e8gre bien dans un environnement naturel. Avec le temps, le bol \u00e0 feu prend une apparence plus mature et textur\u00e9e, ce qui en fait un point focal dans les jardins, les patios ou les terrasses.<\/li>\n<li><strong>Faible entretien<\/strong>: Contrairement aux b\u00fbchers en acier ordinaire qui n\u00e9cessitent de fr\u00e9quents travaux de peinture ou des traitements anticorrosion, les b\u00fbchers en Corten ne n\u00e9cessitent pratiquement aucun entretien. La couche de rouille sert de protection, ce qui r\u00e9duit le besoin d'entretien.<\/li>\n<li><strong>R\u00e9sistance \u00e0 la chaleur<\/strong>: L'acier corten pr\u00e9sente une excellente r\u00e9sistance \u00e0 la chaleur, ce qui en fait un mat\u00e9riau id\u00e9al pour les foyers. Il peut supporter des temp\u00e9ratures \u00e9lev\u00e9es sans se d\u00e9former ni se fissurer, ce qui garantit une utilisation \u00e0 long terme.<\/li>\n<li><strong>Durabilit\u00e9<\/strong>: Les bols \u00e0 feu en corten sont \u00e9cologiques car ils sont fabriqu\u00e9s \u00e0 partir d'acier recyclable et ont une longue dur\u00e9e de vie, ce qui r\u00e9duit les d\u00e9chets et la n\u00e9cessit\u00e9 de les remplacer.<\/li>\n<\/ol>\n<figure style=\"width: 750px\" class=\"wp-caption alignnone\"><a href=\"https:\/\/keweicorten.com\/fr\/nous-contacter\/\"><img fetchpriority=\"high\" decoding=\"async\" title=\"foyer en corten\" src=\"http:\/\/sc04.alicdn.com\/kf\/H77c1eb0f864d442bafb1efb104310746P\/252624420\/H77c1eb0f864d442bafb1efb104310746P.jpg\" alt=\"foyer en corten\" width=\"750\" height=\"321\" \/><\/a><figcaption class=\"wp-caption-text\">foyer en corten<\/figcaption><\/figure>\n<h2><strong>Applications d'un bol \u00e0 feu en Corten<\/strong><\/h2>\n<ol>\n<li><strong>Foyers d'ext\u00e9rieur<\/strong>: Les bols de feu en corten sont parfaits pour les espaces de vie ext\u00e9rieurs, car ils apportent de la chaleur et constituent un point de rassemblement pour les amis et la famille. Leur design intemporel s'harmonise avec les paysages modernes, rustiques et industriels.<\/li>\n<li><strong>D\u00e9coration de jardin ou de patio<\/strong>: Ces bols \u00e0 feu peuvent \u00eatre utilis\u00e9s comme \u00e9l\u00e9ments d\u00e9coratifs m\u00eame lorsqu'ils ne sont pas utilis\u00e9s. Leur aspect rouill\u00e9 naturel ajoute du caract\u00e8re aux jardins, aux patios ou aux cours, servant \u00e0 la fois d'\u00e9l\u00e9ments fonctionnels et esth\u00e9tiques.<\/li>\n<li><strong>Espaces commerciaux<\/strong>: Les bols de feu en Corten sont \u00e9galement utilis\u00e9s dans les espaces commerciaux tels que les restaurants, les h\u00f4tels et les parcs publics. Gr\u00e2ce \u00e0 leur attrait visuel et \u00e0 leur durabilit\u00e9, ils conviennent \u00e0 la cr\u00e9ation de feux d'ambiance \u00e0 l'ext\u00e9rieur.<\/li>\n<\/ol>\n<figure style=\"width: 743px\" class=\"wp-caption alignnone\"><a href=\"https:\/\/keweicorten.com\/fr\"><img decoding=\"async\" title=\"cuvette de foyer en acier corten\" src=\"https:\/\/sc04.alicdn.com\/kf\/H14ba7ae6c2fc4278a692757a35209734O\/268101461\/H14ba7ae6c2fc4278a692757a35209734O.jpg\" alt=\"cuvette de foyer en acier corten\" width=\"743\" height=\"507\" \/><\/a><figcaption class=\"wp-caption-text\">cuvette de foyer en acier corten<\/figcaption><\/figure>\n<h2><strong>Entretien et maintenance<\/strong><\/h2>\n<p>Bien que les bols \u00e0 feu en Corten ne n\u00e9cessitent que peu d'entretien, il est important d'en tenir compte :<\/p>\n<ul>\n<li>Placez-les dans un endroit bien ventil\u00e9 pour permettre un d\u00e9veloppement r\u00e9gulier de la patine.<\/li>\n<li>\u00c9vitez d'utiliser des produits chimiques agressifs pour nettoyer la cuvette, car cela pourrait endommager la couche de rouille protectrice.<\/li>\n<li>Enlever r\u00e9guli\u00e8rement les cendres et les d\u00e9bris pour \u00e9viter l'accumulation et am\u00e9liorer la circulation de l'air pendant l'utilisation.<\/li>\n<\/ul>","protected":false},"excerpt":{"rendered":"<p>Un foyer est un moyen s\u00fbr et efficace d'apporter la sensation rustique d'un feu de camp dans votre cour, sur votre terrasse ou dans votre patio.<\/p>","protected":false},"featured_media":1160,"comment_status":"open","ping_status":"closed","template":"","meta":{"_eb_attr":"","_monsterinsights_skip_tracking":false,"_monsterinsights_sitenote_active":false,"_monsterinsights_sitenote_note":"","_monsterinsights_sitenote_category":0,"_uf_show_specific_survey":0,"_uf_disable_surveys":false},"product_brand":[],"product_cat":[54],"product_tag":[],"class_list":{"0":"post-1159","1":"product","2":"type-product","3":"status-publish","4":"has-post-thumbnail","6":"product_cat-wood-fire-pit","8":"first","9":"instock","10":"shipping-taxable","11":"product-type-simple"},"_links":{"self":[{"href":"https:\/\/keweicorten.com\/fr\/wp-json\/wp\/v2\/product\/1159"}],"collection":[{"href":"https:\/\/keweicorten.com\/fr\/wp-json\/wp\/v2\/product"}],"about":[{"href":"https:\/\/keweicorten.com\/fr\/wp-json\/wp\/v2\/types\/product"}],"replies":[{"embeddable":true,"href":"https:\/\/keweicorten.com\/fr\/wp-json\/wp\/v2\/comments?post=1159"}],"version-history":[{"count":1,"href":"https:\/\/keweicorten.com\/fr\/wp-json\/wp\/v2\/product\/1159\/revisions"}],"predecessor-version":[{"id":1161,"href":"https:\/\/keweicorten.com\/fr\/wp-json\/wp\/v2\/product\/1159\/revisions\/1161"}],"wp:featuredmedia":[{"embeddable":true,"href":"https:\/\/keweicorten.com\/fr\/wp-json\/wp\/v2\/media\/1160"}],"wp:attachment":[{"href":"https:\/\/keweicorten.com\/fr\/wp-json\/wp\/v2\/media?parent=1159"}],"wp:term":[{"taxonomy":"product_brand","embeddable":true,"href":"https:\/\/keweicorten.com\/fr\/wp-json\/wp\/v2\/product_brand?post=1159"},{"taxonomy":"product_cat","embeddable":true,"href":"https:\/\/keweicorten.com\/fr\/wp-json\/wp\/v2\/product_cat?post=1159"},{"taxonomy":"product_tag","embeddable":true,"href":"https:\/\/keweicorten.com\/fr\/wp-json\/wp\/v2\/product_tag?post=1159"}],"curies":[{"name":"wp","href":"https:\/\/api.w.org\/{rel}","templated":true}]}}